{"id":8217,"date":"2022-01-12T15:35:58","date_gmt":"2022-01-12T13:35:58","guid":{"rendered":"https:\/\/veenus.ee\/?post_type=product&#038;p=8217"},"modified":"2024-01-02T19:59:12","modified_gmt":"2024-01-02T17:59:12","slug":"eropharm-die-spanische-liebescreme-spezial-the-spanish-lovecream-40-ml-2","status":"publish","type":"product","link":"https:\/\/veenus.ee\/ru\/toode\/eropharm-die-spanische-liebescreme-spezial-the-spanish-lovecream-40-ml-2\/","title":{"rendered":"EROpharm &#8212; The Spanish LoveCream, 40 ml"},"content":{"rendered":"<p>ERO Pharm &#8212; Spanish Love Cream Special 40ml on m\u00f5lemat sugupoolt erutav libestus kreem, mis on rikastatud ja sisaldab endas komponente, mis t\u00f5stab m\u00f5lema sugupoole seksuaalset tundlikust ning vajaduste rahuldamist. Lubrikant on veebaasil, kergesti eemalduv. V\u00f5imalik kasutada k\u00f5ikide seksleludega. V\u00e4ga \u00f6konoomiline &#8212; kasutades pigistage vaid v\u00e4ike kogus otse peenisele v\u00f5i vagiinale, h\u00f5\u00f5ruge piisavalt sisse ja nautige.<\/p>\n","protected":false},"excerpt":{"rendered":"<p>Spanish Love Cream Special 40ml tundlikust lisav kreem m\u00f5lemale.<\/p>\n","protected":false},"featured_media":11403,"comment_status":"open","ping_status":"closed","template":"","meta":[],"product_brand":[],"product_cat":[110,104,75,220,219,203],"product_tag":[],"class_list":{"0":"post-8217","1":"product","2":"type-product","3":"status-publish","4":"has-post-thumbnail","6":"product_cat-gels-creams","7":"product_cat-lubricants","8":"product_cat-drugstore","9":"product_cat-stimuleerivad-geelid-meestele-geelid-kreemid","10":"product_cat-stimuleerivad-geelid-naistele-geelid-kreemid","11":"product_cat-stimulating-lubricants","12":"pa_brand-joy-division","14":"first","15":"instock","16":"taxable","17":"shipping-taxable","18":"purchasable","19":"product-type-simple"},"yoast_head":"<!-- This site is optimized with the Yoast SEO Premium plugin v26.0 (Yoast SEO v27.3) - https:\/\/yoast.com\/product\/yoast-seo-premium-wordpress\/ -->\n<title>EROpharm - The Spanish LoveCream, 40 ml | Veenus<\/title>\n<meta name=\"description\" content=\"EROpharm - The Spanish LoveCream, 40 ml\" \/>\n<meta name=\"robots\" content=\"index, follow, max-snippet:-1, max-image-preview:large, max-video-preview:-1\" \/>\n<link rel=\"canonical\" href=\"https:\/\/veenus.ee\/ru\/toode\/eropharm-die-spanische-liebescreme-spezial-the-spanish-lovecream-40-ml-2\/\" \/>\n<meta property=\"og:locale\" content=\"ru_RU\" \/>\n<meta property=\"og:type\" content=\"article\" \/>\n<meta property=\"og:title\" content=\"EROpharm - The Spanish LoveCream, 40 ml\" \/>\n<meta property=\"og:description\" content=\"EROpharm - The Spanish LoveCream, 40 ml\" \/>\n<meta property=\"og:url\" content=\"https:\/\/veenus.ee\/en\/toode\/eropharm-die-spanische-liebescreme-spezial-the-spanish-lovecream-40-ml-2\/\" \/>\n<meta property=\"og:site_name\" content=\"Veenus\" \/>\n<meta property=\"article:modified_time\" content=\"2024-01-02T17:59:12+00:00\" \/>\n<meta property=\"og:image\" content=\"https:\/\/veenus.ee\/wp-content\/uploads\/2022\/01\/eropharm-die-spanische-liebescreme-spezial-the-spanish-lovecream-40-ml_1__1.jpg\" \/>\n\t<meta property=\"og:image:width\" content=\"800\" \/>\n\t<meta property=\"og:image:height\" content=\"800\" \/>\n\t<meta property=\"og:image:type\" content=\"image\/jpeg\" \/>\n<meta name=\"twitter:card\" content=\"summary_large_image\" \/>\n<meta name=\"twitter:label1\" content=\"\u0426\u0435\u043d\u0430\" \/>\n\t<meta name=\"twitter:data1\" content=\"17.95&euro;\" \/>\n\t<meta name=\"twitter:label2\" content=\"\u0414\u043e\u0441\u0442\u0443\u043f\u043d\u043e\u0441\u0442\u044c\" \/>\n\t<meta name=\"twitter:data2\" content=\"\u0412 \u043d\u0430\u043b\u0438\u0447\u0438\u0438\" \/>\n<script type=\"application\/ld+json\" class=\"yoast-schema-graph\">{\"@context\":\"https:\\\/\\\/schema.org\",\"@graph\":[{\"@type\":\"WebPage\",\"@id\":\"https:\\\/\\\/veenus.ee\\\/en\\\/toode\\\/eropharm-die-spanische-liebescreme-spezial-the-spanish-lovecream-40-ml-2\\\/\",\"url\":\"https:\\\/\\\/veenus.ee\\\/en\\\/toode\\\/eropharm-die-spanische-liebescreme-spezial-the-spanish-lovecream-40-ml-2\\\/\",\"name\":\"EROpharm - The Spanish LoveCream, 40 ml | Veenus\",\"isPartOf\":{\"@id\":\"https:\\\/\\\/veenus.ee\\\/#website\"},\"primaryImageOfPage\":{\"@id\":\"https:\\\/\\\/veenus.ee\\\/en\\\/toode\\\/eropharm-die-spanische-liebescreme-spezial-the-spanish-lovecream-40-ml-2\\\/#primaryimage\"},\"image\":{\"@id\":\"https:\\\/\\\/veenus.ee\\\/en\\\/toode\\\/eropharm-die-spanische-liebescreme-spezial-the-spanish-lovecream-40-ml-2\\\/#primaryimage\"},\"thumbnailUrl\":\"https:\\\/\\\/veenus.ee\\\/wp-content\\\/uploads\\\/2022\\\/01\\\/eropharm-die-spanische-liebescreme-spezial-the-spanish-lovecream-40-ml_1__1.jpg\",\"datePublished\":\"2022-01-12T13:35:58+00:00\",\"dateModified\":\"2024-01-02T17:59:12+00:00\",\"description\":\"EROpharm - The Spanish LoveCream, 40 ml\",\"breadcrumb\":{\"@id\":\"https:\\\/\\\/veenus.ee\\\/en\\\/toode\\\/eropharm-die-spanische-liebescreme-spezial-the-spanish-lovecream-40-ml-2\\\/#breadcrumb\"},\"inLanguage\":\"ru-RU\",\"potentialAction\":[{\"@type\":\"ReadAction\",\"target\":[\"https:\\\/\\\/veenus.ee\\\/en\\\/toode\\\/eropharm-die-spanische-liebescreme-spezial-the-spanish-lovecream-40-ml-2\\\/\"]}]},{\"@type\":\"ImageObject\",\"inLanguage\":\"ru-RU\",\"@id\":\"https:\\\/\\\/veenus.ee\\\/en\\\/toode\\\/eropharm-die-spanische-liebescreme-spezial-the-spanish-lovecream-40-ml-2\\\/#primaryimage\",\"url\":\"https:\\\/\\\/veenus.ee\\\/wp-content\\\/uploads\\\/2022\\\/01\\\/eropharm-die-spanische-liebescreme-spezial-the-spanish-lovecream-40-ml_1__1.jpg\",\"contentUrl\":\"https:\\\/\\\/veenus.ee\\\/wp-content\\\/uploads\\\/2022\\\/01\\\/eropharm-die-spanische-liebescreme-spezial-the-spanish-lovecream-40-ml_1__1.jpg\",\"width\":800,\"height\":800},{\"@type\":\"BreadcrumbList\",\"@id\":\"https:\\\/\\\/veenus.ee\\\/en\\\/toode\\\/eropharm-die-spanische-liebescreme-spezial-the-spanish-lovecream-40-ml-2\\\/#breadcrumb\",\"itemListElement\":[{\"@type\":\"ListItem\",\"position\":1,\"name\":\"Home\",\"item\":\"https:\\\/\\\/veenus.ee\\\/\"},{\"@type\":\"ListItem\",\"position\":2,\"name\":\"pood\",\"item\":\"https:\\\/\\\/veenus.ee\\\/pood\\\/\"},{\"@type\":\"ListItem\",\"position\":3,\"name\":\"EROpharm &#8211; The Spanish LoveCream, 40 ml\"}]},{\"@type\":\"WebSite\",\"@id\":\"https:\\\/\\\/veenus.ee\\\/#website\",\"url\":\"https:\\\/\\\/veenus.ee\\\/\",\"name\":\"Veenus\",\"description\":\"(Eesti) Veenus, erootikakaubad, sekstooted\",\"publisher\":{\"@id\":\"https:\\\/\\\/veenus.ee\\\/#organization\"},\"potentialAction\":[{\"@type\":\"SearchAction\",\"target\":{\"@type\":\"EntryPoint\",\"urlTemplate\":\"https:\\\/\\\/veenus.ee\\\/?s={search_term_string}\"},\"query-input\":{\"@type\":\"PropertyValueSpecification\",\"valueRequired\":true,\"valueName\":\"search_term_string\"}}],\"inLanguage\":\"ru-RU\"},{\"@type\":\"Organization\",\"@id\":\"https:\\\/\\\/veenus.ee\\\/#organization\",\"name\":\"Veenus\",\"url\":\"https:\\\/\\\/veenus.ee\\\/\",\"logo\":{\"@type\":\"ImageObject\",\"inLanguage\":\"ru-RU\",\"@id\":\"https:\\\/\\\/veenus.ee\\\/#\\\/schema\\\/logo\\\/image\\\/\",\"url\":\"https:\\\/\\\/veenus.ee\\\/wp-content\\\/uploads\\\/2021\\\/12\\\/logo.png\",\"contentUrl\":\"https:\\\/\\\/veenus.ee\\\/wp-content\\\/uploads\\\/2021\\\/12\\\/logo.png\",\"width\":119,\"height\":70,\"caption\":\"Veenus\"},\"image\":{\"@id\":\"https:\\\/\\\/veenus.ee\\\/#\\\/schema\\\/logo\\\/image\\\/\"}}]}<\/script>\n<meta property=\"product:price:amount\" content=\"17.95\" \/>\n<meta property=\"product:price:currency\" content=\"EUR\" \/>\n<meta property=\"og:availability\" content=\"instock\" \/>\n<meta property=\"product:availability\" content=\"instock\" \/>\n<meta property=\"product:retailer_item_id\" content=\"4028403148217\" \/>\n<meta property=\"product:condition\" content=\"new\" \/>\n<!-- \/ Yoast SEO Premium plugin. -->","yoast_head_json":{"title":"EROpharm - The Spanish LoveCream, 40 ml | Veenus","description":"EROpharm - The Spanish LoveCream, 40 ml","robots":{"index":"index","follow":"follow","max-snippet":"max-snippet:-1","max-image-preview":"max-image-preview:large","max-video-preview":"max-video-preview:-1"},"canonical":"https:\/\/veenus.ee\/ru\/toode\/eropharm-die-spanische-liebescreme-spezial-the-spanish-lovecream-40-ml-2\/","og_locale":"ru_RU","og_type":"article","og_title":"EROpharm - The Spanish LoveCream, 40 ml","og_description":"EROpharm - The Spanish LoveCream, 40 ml","og_url":"https:\/\/veenus.ee\/en\/toode\/eropharm-die-spanische-liebescreme-spezial-the-spanish-lovecream-40-ml-2\/","og_site_name":"Veenus","article_modified_time":"2024-01-02T17:59:12+00:00","og_image":[{"width":800,"height":800,"url":"https:\/\/veenus.ee\/wp-content\/uploads\/2022\/01\/eropharm-die-spanische-liebescreme-spezial-the-spanish-lovecream-40-ml_1__1.jpg","type":"image\/jpeg"}],"twitter_card":"summary_large_image","twitter_misc":{"\u0426\u0435\u043d\u0430":"17.95&euro;","\u0414\u043e\u0441\u0442\u0443\u043f\u043d\u043e\u0441\u0442\u044c":"\u0412 \u043d\u0430\u043b\u0438\u0447\u0438\u0438"},"schema":{"@context":"https:\/\/schema.org","@graph":[{"@type":"WebPage","@id":"https:\/\/veenus.ee\/en\/toode\/eropharm-die-spanische-liebescreme-spezial-the-spanish-lovecream-40-ml-2\/","url":"https:\/\/veenus.ee\/en\/toode\/eropharm-die-spanische-liebescreme-spezial-the-spanish-lovecream-40-ml-2\/","name":"EROpharm - The Spanish LoveCream, 40 ml | Veenus","isPartOf":{"@id":"https:\/\/veenus.ee\/#website"},"primaryImageOfPage":{"@id":"https:\/\/veenus.ee\/en\/toode\/eropharm-die-spanische-liebescreme-spezial-the-spanish-lovecream-40-ml-2\/#primaryimage"},"image":{"@id":"https:\/\/veenus.ee\/en\/toode\/eropharm-die-spanische-liebescreme-spezial-the-spanish-lovecream-40-ml-2\/#primaryimage"},"thumbnailUrl":"https:\/\/veenus.ee\/wp-content\/uploads\/2022\/01\/eropharm-die-spanische-liebescreme-spezial-the-spanish-lovecream-40-ml_1__1.jpg","datePublished":"2022-01-12T13:35:58+00:00","dateModified":"2024-01-02T17:59:12+00:00","description":"EROpharm - The Spanish LoveCream, 40 ml","breadcrumb":{"@id":"https:\/\/veenus.ee\/en\/toode\/eropharm-die-spanische-liebescreme-spezial-the-spanish-lovecream-40-ml-2\/#breadcrumb"},"inLanguage":"ru-RU","potentialAction":[{"@type":"ReadAction","target":["https:\/\/veenus.ee\/en\/toode\/eropharm-die-spanische-liebescreme-spezial-the-spanish-lovecream-40-ml-2\/"]}]},{"@type":"ImageObject","inLanguage":"ru-RU","@id":"https:\/\/veenus.ee\/en\/toode\/eropharm-die-spanische-liebescreme-spezial-the-spanish-lovecream-40-ml-2\/#primaryimage","url":"https:\/\/veenus.ee\/wp-content\/uploads\/2022\/01\/eropharm-die-spanische-liebescreme-spezial-the-spanish-lovecream-40-ml_1__1.jpg","contentUrl":"https:\/\/veenus.ee\/wp-content\/uploads\/2022\/01\/eropharm-die-spanische-liebescreme-spezial-the-spanish-lovecream-40-ml_1__1.jpg","width":800,"height":800},{"@type":"BreadcrumbList","@id":"https:\/\/veenus.ee\/en\/toode\/eropharm-die-spanische-liebescreme-spezial-the-spanish-lovecream-40-ml-2\/#breadcrumb","itemListElement":[{"@type":"ListItem","position":1,"name":"Home","item":"https:\/\/veenus.ee\/"},{"@type":"ListItem","position":2,"name":"pood","item":"https:\/\/veenus.ee\/pood\/"},{"@type":"ListItem","position":3,"name":"EROpharm &#8211; The Spanish LoveCream, 40 ml"}]},{"@type":"WebSite","@id":"https:\/\/veenus.ee\/#website","url":"https:\/\/veenus.ee\/","name":"Veenus","description":"(Eesti) Veenus, erootikakaubad, sekstooted","publisher":{"@id":"https:\/\/veenus.ee\/#organization"},"potentialAction":[{"@type":"SearchAction","target":{"@type":"EntryPoint","urlTemplate":"https:\/\/veenus.ee\/?s={search_term_string}"},"query-input":{"@type":"PropertyValueSpecification","valueRequired":true,"valueName":"search_term_string"}}],"inLanguage":"ru-RU"},{"@type":"Organization","@id":"https:\/\/veenus.ee\/#organization","name":"Veenus","url":"https:\/\/veenus.ee\/","logo":{"@type":"ImageObject","inLanguage":"ru-RU","@id":"https:\/\/veenus.ee\/#\/schema\/logo\/image\/","url":"https:\/\/veenus.ee\/wp-content\/uploads\/2021\/12\/logo.png","contentUrl":"https:\/\/veenus.ee\/wp-content\/uploads\/2021\/12\/logo.png","width":119,"height":70,"caption":"Veenus"},"image":{"@id":"https:\/\/veenus.ee\/#\/schema\/logo\/image\/"}}]},"product_price_amount":"17.95","product_price_currency":"EUR","og_availability":"instock","product_availability":"instock","product_retailer_item_id":"4028403148217","product_condition":"new"},"_links":{"self":[{"href":"https:\/\/veenus.ee\/ru\/wp-json\/wp\/v2\/product\/8217","targetHints":{"allow":["GET"]}}],"collection":[{"href":"https:\/\/veenus.ee\/ru\/wp-json\/wp\/v2\/product"}],"about":[{"href":"https:\/\/veenus.ee\/ru\/wp-json\/wp\/v2\/types\/product"}],"replies":[{"embeddable":true,"href":"https:\/\/veenus.ee\/ru\/wp-json\/wp\/v2\/comments?post=8217"}],"wp:featuredmedia":[{"embeddable":true,"href":"https:\/\/veenus.ee\/ru\/wp-json\/wp\/v2\/media\/11403"}],"wp:attachment":[{"href":"https:\/\/veenus.ee\/ru\/wp-json\/wp\/v2\/media?parent=8217"}],"wp:term":[{"taxonomy":"product_brand","embeddable":true,"href":"https:\/\/veenus.ee\/ru\/wp-json\/wp\/v2\/product_brand?post=8217"},{"taxonomy":"product_cat","embeddable":true,"href":"https:\/\/veenus.ee\/ru\/wp-json\/wp\/v2\/product_cat?post=8217"},{"taxonomy":"product_tag","embeddable":true,"href":"https:\/\/veenus.ee\/ru\/wp-json\/wp\/v2\/product_tag?post=8217"}],"curies":[{"name":"wp","href":"https:\/\/api.w.org\/{rel}","templated":true}]}}