{"id":8181,"date":"2022-01-12T15:35:51","date_gmt":"2022-01-12T13:35:51","guid":{"rendered":"https:\/\/veenus.ee\/?post_type=product&#038;p=8181"},"modified":"2024-05-03T21:33:07","modified_gmt":"2024-05-03T18:33:07","slug":"yesforlov-couples-elixir","status":"publish","type":"product","link":"https:\/\/veenus.ee\/ru\/toode\/yesforlov-couples-elixir\/","title":{"rendered":"YESforLOV Couples Elixir paaridele"},"content":{"rendered":"<p>YESforLOV on loonud esimese armatsejate kreemi, mis on p\u00fchendatud k\u00f5ikidele paaridele, kes soovivad omavahel \u00fchendada naise naudingut ja mehe sooritusv\u00f5imet.<\/p>\n<p>Naudi kuuma ja k\u00fclma tunde kombineeritud sensatsioone. Kergelt tuimestav meespartneri seksuaalsoorituste t\u00f5stmiseks ning v\u00e4rskendav ja pinguldav tunnetus naispartneri naudinguks. \u00dcllatav efekt \u00e4ratab su uinuva meespartneri igal hetkel. Pehme ja soe efekt naisukese jaoks.<\/p>\n<p>Vasodilatoorsed efektid suunavad orgasmi saamiseni. Keele peal on tunda metsmaasika ja mentooli maitset.<\/p>\n<p>Tilguta v\u00e4ike tilk peenise pea peale ning masseeri sisse. Seej\u00e4rel hellita naispartneri alumisi huuli ja kliitorit.<\/p>\n<p>Tervita see 30-milliliitrine pudel oma magamistuppa, sest see, mida sina kutsud orgasmiks, muutub Couples Elixiriga s\u00fcmfooniaks.<\/p>\n","protected":false},"excerpt":{"rendered":"<p>YESforLOV Couples Elixir on kondoomis\u00f5bralik ning sobib kasutamiseks seksleludega.<br \/>\n30 milliliitrist jagub 30 armastust t\u00e4is \u00f5htuks<br \/>\nG\u00fcnekoloogide poolt testitud: h\u00fcpoallergeeniline, parabeenidevaba, allergeenivaba, ei ole \u00fchtegi mineraal\u00f5li ega silikooni.<\/p>\n","protected":false},"featured_media":11256,"comment_status":"open","ping_status":"closed","template":"","meta":[],"product_brand":[],"product_cat":[110,104,75,220,219],"product_tag":[],"class_list":{"0":"post-8181","1":"product","2":"type-product","3":"status-publish","4":"has-post-thumbnail","6":"product_cat-gels-creams","7":"product_cat-lubricants","8":"product_cat-drugstore","9":"product_cat-stimuleerivad-geelid-meestele-geelid-kreemid","10":"product_cat-stimuleerivad-geelid-naistele-geelid-kreemid","11":"pa_brand-yesforlove","13":"first","14":"instock","15":"taxable","16":"shipping-taxable","17":"purchasable","18":"product-type-simple"},"yoast_head":"<!-- This site is optimized with the Yoast SEO Premium plugin v26.0 (Yoast SEO v27.3) - https:\/\/yoast.com\/product\/yoast-seo-premium-wordpress\/ -->\n<title>YESforLOV Couples Elixir paaridele | Veenus<\/title>\n<meta name=\"robots\" content=\"index, follow, max-snippet:-1, max-image-preview:large, max-video-preview:-1\" \/>\n<link rel=\"canonical\" href=\"https:\/\/veenus.ee\/ru\/toode\/yesforlov-couples-elixir\/\" \/>\n<meta property=\"og:locale\" content=\"ru_RU\" \/>\n<meta property=\"og:type\" content=\"article\" \/>\n<meta property=\"og:title\" content=\"YESforLOV Couples Elixir paaridele\" \/>\n<meta property=\"og:description\" content=\"YESforLOV Couples Elixir on kondoomis\u00f5bralik ning sobib kasutamiseks seksleludega. 30 milliliitrist jagub 30 armastust t\u00e4is \u00f5htuks G\u00fcnekoloogide poolt testitud: h\u00fcpoallergeeniline, parabeenidevaba, allergeenivaba, ei ole \u00fchtegi mineraal\u00f5li ega silikooni.\" \/>\n<meta property=\"og:url\" content=\"https:\/\/veenus.ee\/en\/toode\/yesforlov-couples-elixir\/\" \/>\n<meta property=\"og:site_name\" content=\"Veenus\" \/>\n<meta property=\"article:modified_time\" content=\"2024-05-03T18:33:07+00:00\" \/>\n<meta property=\"og:image\" content=\"https:\/\/veenus.ee\/wp-content\/uploads\/2022\/01\/y4l_couples_elixir_01.jpg\" \/>\n\t<meta property=\"og:image:width\" content=\"1000\" \/>\n\t<meta property=\"og:image:height\" content=\"1000\" \/>\n\t<meta property=\"og:image:type\" content=\"image\/jpeg\" \/>\n<meta name=\"twitter:card\" content=\"summary_large_image\" \/>\n<meta name=\"twitter:label1\" content=\"\u0426\u0435\u043d\u0430\" \/>\n\t<meta name=\"twitter:data1\" content=\"34.00&euro;\" \/>\n\t<meta name=\"twitter:label2\" content=\"\u0414\u043e\u0441\u0442\u0443\u043f\u043d\u043e\u0441\u0442\u044c\" \/>\n\t<meta name=\"twitter:data2\" content=\"\u0412 \u043d\u0430\u043b\u0438\u0447\u0438\u0438\" \/>\n<script type=\"application\/ld+json\" class=\"yoast-schema-graph\">{\"@context\":\"https:\\\/\\\/schema.org\",\"@graph\":[{\"@type\":\"WebPage\",\"@id\":\"https:\\\/\\\/veenus.ee\\\/en\\\/toode\\\/yesforlov-couples-elixir\\\/\",\"url\":\"https:\\\/\\\/veenus.ee\\\/en\\\/toode\\\/yesforlov-couples-elixir\\\/\",\"name\":\"YESforLOV Couples Elixir paaridele | Veenus\",\"isPartOf\":{\"@id\":\"https:\\\/\\\/veenus.ee\\\/#website\"},\"primaryImageOfPage\":{\"@id\":\"https:\\\/\\\/veenus.ee\\\/en\\\/toode\\\/yesforlov-couples-elixir\\\/#primaryimage\"},\"image\":{\"@id\":\"https:\\\/\\\/veenus.ee\\\/en\\\/toode\\\/yesforlov-couples-elixir\\\/#primaryimage\"},\"thumbnailUrl\":\"https:\\\/\\\/veenus.ee\\\/wp-content\\\/uploads\\\/2022\\\/01\\\/y4l_couples_elixir_01.jpg\",\"datePublished\":\"2022-01-12T13:35:51+00:00\",\"dateModified\":\"2024-05-03T18:33:07+00:00\",\"breadcrumb\":{\"@id\":\"https:\\\/\\\/veenus.ee\\\/en\\\/toode\\\/yesforlov-couples-elixir\\\/#breadcrumb\"},\"inLanguage\":\"ru-RU\",\"potentialAction\":[{\"@type\":\"ReadAction\",\"target\":[\"https:\\\/\\\/veenus.ee\\\/en\\\/toode\\\/yesforlov-couples-elixir\\\/\"]}]},{\"@type\":\"ImageObject\",\"inLanguage\":\"ru-RU\",\"@id\":\"https:\\\/\\\/veenus.ee\\\/en\\\/toode\\\/yesforlov-couples-elixir\\\/#primaryimage\",\"url\":\"https:\\\/\\\/veenus.ee\\\/wp-content\\\/uploads\\\/2022\\\/01\\\/y4l_couples_elixir_01.jpg\",\"contentUrl\":\"https:\\\/\\\/veenus.ee\\\/wp-content\\\/uploads\\\/2022\\\/01\\\/y4l_couples_elixir_01.jpg\",\"width\":1000,\"height\":1000},{\"@type\":\"BreadcrumbList\",\"@id\":\"https:\\\/\\\/veenus.ee\\\/en\\\/toode\\\/yesforlov-couples-elixir\\\/#breadcrumb\",\"itemListElement\":[{\"@type\":\"ListItem\",\"position\":1,\"name\":\"Home\",\"item\":\"https:\\\/\\\/veenus.ee\\\/\"},{\"@type\":\"ListItem\",\"position\":2,\"name\":\"pood\",\"item\":\"https:\\\/\\\/veenus.ee\\\/pood\\\/\"},{\"@type\":\"ListItem\",\"position\":3,\"name\":\"YESforLOV Couples Elixir paaridele\"}]},{\"@type\":\"WebSite\",\"@id\":\"https:\\\/\\\/veenus.ee\\\/#website\",\"url\":\"https:\\\/\\\/veenus.ee\\\/\",\"name\":\"Veenus\",\"description\":\"(Eesti) Veenus, erootikakaubad, sekstooted\",\"publisher\":{\"@id\":\"https:\\\/\\\/veenus.ee\\\/#organization\"},\"potentialAction\":[{\"@type\":\"SearchAction\",\"target\":{\"@type\":\"EntryPoint\",\"urlTemplate\":\"https:\\\/\\\/veenus.ee\\\/?s={search_term_string}\"},\"query-input\":{\"@type\":\"PropertyValueSpecification\",\"valueRequired\":true,\"valueName\":\"search_term_string\"}}],\"inLanguage\":\"ru-RU\"},{\"@type\":\"Organization\",\"@id\":\"https:\\\/\\\/veenus.ee\\\/#organization\",\"name\":\"Veenus\",\"url\":\"https:\\\/\\\/veenus.ee\\\/\",\"logo\":{\"@type\":\"ImageObject\",\"inLanguage\":\"ru-RU\",\"@id\":\"https:\\\/\\\/veenus.ee\\\/#\\\/schema\\\/logo\\\/image\\\/\",\"url\":\"https:\\\/\\\/veenus.ee\\\/wp-content\\\/uploads\\\/2021\\\/12\\\/logo.png\",\"contentUrl\":\"https:\\\/\\\/veenus.ee\\\/wp-content\\\/uploads\\\/2021\\\/12\\\/logo.png\",\"width\":119,\"height\":70,\"caption\":\"Veenus\"},\"image\":{\"@id\":\"https:\\\/\\\/veenus.ee\\\/#\\\/schema\\\/logo\\\/image\\\/\"}}]}<\/script>\n<meta property=\"product:price:amount\" content=\"34.00\" \/>\n<meta property=\"product:price:currency\" content=\"EUR\" \/>\n<meta property=\"og:availability\" content=\"instock\" \/>\n<meta property=\"product:availability\" content=\"instock\" \/>\n<meta property=\"product:retailer_item_id\" content=\"3700444604617\" \/>\n<meta property=\"product:condition\" content=\"new\" \/>\n<!-- \/ Yoast SEO Premium plugin. -->","yoast_head_json":{"title":"YESforLOV Couples Elixir paaridele | Veenus","robots":{"index":"index","follow":"follow","max-snippet":"max-snippet:-1","max-image-preview":"max-image-preview:large","max-video-preview":"max-video-preview:-1"},"canonical":"https:\/\/veenus.ee\/ru\/toode\/yesforlov-couples-elixir\/","og_locale":"ru_RU","og_type":"article","og_title":"YESforLOV Couples Elixir paaridele","og_description":"YESforLOV Couples Elixir on kondoomis\u00f5bralik ning sobib kasutamiseks seksleludega. 30 milliliitrist jagub 30 armastust t\u00e4is \u00f5htuks G\u00fcnekoloogide poolt testitud: h\u00fcpoallergeeniline, parabeenidevaba, allergeenivaba, ei ole \u00fchtegi mineraal\u00f5li ega silikooni.","og_url":"https:\/\/veenus.ee\/en\/toode\/yesforlov-couples-elixir\/","og_site_name":"Veenus","article_modified_time":"2024-05-03T18:33:07+00:00","og_image":[{"width":1000,"height":1000,"url":"https:\/\/veenus.ee\/wp-content\/uploads\/2022\/01\/y4l_couples_elixir_01.jpg","type":"image\/jpeg"}],"twitter_card":"summary_large_image","twitter_misc":{"\u0426\u0435\u043d\u0430":"34.00&euro;","\u0414\u043e\u0441\u0442\u0443\u043f\u043d\u043e\u0441\u0442\u044c":"\u0412 \u043d\u0430\u043b\u0438\u0447\u0438\u0438"},"schema":{"@context":"https:\/\/schema.org","@graph":[{"@type":"WebPage","@id":"https:\/\/veenus.ee\/en\/toode\/yesforlov-couples-elixir\/","url":"https:\/\/veenus.ee\/en\/toode\/yesforlov-couples-elixir\/","name":"YESforLOV Couples Elixir paaridele | Veenus","isPartOf":{"@id":"https:\/\/veenus.ee\/#website"},"primaryImageOfPage":{"@id":"https:\/\/veenus.ee\/en\/toode\/yesforlov-couples-elixir\/#primaryimage"},"image":{"@id":"https:\/\/veenus.ee\/en\/toode\/yesforlov-couples-elixir\/#primaryimage"},"thumbnailUrl":"https:\/\/veenus.ee\/wp-content\/uploads\/2022\/01\/y4l_couples_elixir_01.jpg","datePublished":"2022-01-12T13:35:51+00:00","dateModified":"2024-05-03T18:33:07+00:00","breadcrumb":{"@id":"https:\/\/veenus.ee\/en\/toode\/yesforlov-couples-elixir\/#breadcrumb"},"inLanguage":"ru-RU","potentialAction":[{"@type":"ReadAction","target":["https:\/\/veenus.ee\/en\/toode\/yesforlov-couples-elixir\/"]}]},{"@type":"ImageObject","inLanguage":"ru-RU","@id":"https:\/\/veenus.ee\/en\/toode\/yesforlov-couples-elixir\/#primaryimage","url":"https:\/\/veenus.ee\/wp-content\/uploads\/2022\/01\/y4l_couples_elixir_01.jpg","contentUrl":"https:\/\/veenus.ee\/wp-content\/uploads\/2022\/01\/y4l_couples_elixir_01.jpg","width":1000,"height":1000},{"@type":"BreadcrumbList","@id":"https:\/\/veenus.ee\/en\/toode\/yesforlov-couples-elixir\/#breadcrumb","itemListElement":[{"@type":"ListItem","position":1,"name":"Home","item":"https:\/\/veenus.ee\/"},{"@type":"ListItem","position":2,"name":"pood","item":"https:\/\/veenus.ee\/pood\/"},{"@type":"ListItem","position":3,"name":"YESforLOV Couples Elixir paaridele"}]},{"@type":"WebSite","@id":"https:\/\/veenus.ee\/#website","url":"https:\/\/veenus.ee\/","name":"Veenus","description":"(Eesti) Veenus, erootikakaubad, sekstooted","publisher":{"@id":"https:\/\/veenus.ee\/#organization"},"potentialAction":[{"@type":"SearchAction","target":{"@type":"EntryPoint","urlTemplate":"https:\/\/veenus.ee\/?s={search_term_string}"},"query-input":{"@type":"PropertyValueSpecification","valueRequired":true,"valueName":"search_term_string"}}],"inLanguage":"ru-RU"},{"@type":"Organization","@id":"https:\/\/veenus.ee\/#organization","name":"Veenus","url":"https:\/\/veenus.ee\/","logo":{"@type":"ImageObject","inLanguage":"ru-RU","@id":"https:\/\/veenus.ee\/#\/schema\/logo\/image\/","url":"https:\/\/veenus.ee\/wp-content\/uploads\/2021\/12\/logo.png","contentUrl":"https:\/\/veenus.ee\/wp-content\/uploads\/2021\/12\/logo.png","width":119,"height":70,"caption":"Veenus"},"image":{"@id":"https:\/\/veenus.ee\/#\/schema\/logo\/image\/"}}]},"product_price_amount":"34.00","product_price_currency":"EUR","og_availability":"instock","product_availability":"instock","product_retailer_item_id":"3700444604617","product_condition":"new"},"_links":{"self":[{"href":"https:\/\/veenus.ee\/ru\/wp-json\/wp\/v2\/product\/8181","targetHints":{"allow":["GET"]}}],"collection":[{"href":"https:\/\/veenus.ee\/ru\/wp-json\/wp\/v2\/product"}],"about":[{"href":"https:\/\/veenus.ee\/ru\/wp-json\/wp\/v2\/types\/product"}],"replies":[{"embeddable":true,"href":"https:\/\/veenus.ee\/ru\/wp-json\/wp\/v2\/comments?post=8181"}],"wp:featuredmedia":[{"embeddable":true,"href":"https:\/\/veenus.ee\/ru\/wp-json\/wp\/v2\/media\/11256"}],"wp:attachment":[{"href":"https:\/\/veenus.ee\/ru\/wp-json\/wp\/v2\/media?parent=8181"}],"wp:term":[{"taxonomy":"product_brand","embeddable":true,"href":"https:\/\/veenus.ee\/ru\/wp-json\/wp\/v2\/product_brand?post=8181"},{"taxonomy":"product_cat","embeddable":true,"href":"https:\/\/veenus.ee\/ru\/wp-json\/wp\/v2\/product_cat?post=8181"},{"taxonomy":"product_tag","embeddable":true,"href":"https:\/\/veenus.ee\/ru\/wp-json\/wp\/v2\/product_tag?post=8181"}],"curies":[{"name":"wp","href":"https:\/\/api.w.org\/{rel}","templated":true}]}}