{"id":7880,"date":"2022-01-12T15:35:07","date_gmt":"2022-01-12T13:35:07","guid":{"rendered":"https:\/\/veenus.ee\/?post_type=product&#038;p=7880"},"modified":"2025-11-20T13:37:34","modified_gmt":"2025-11-20T11:37:34","slug":"tenga-hole-lotion-real-170ml","status":"publish","type":"product","link":"https:\/\/veenus.ee\/ru\/toode\/tenga-hole-lotion-real-170ml\/","title":{"rendered":"Tenga &#8212; Hole Lotion REAL 170ml"},"content":{"rendered":"<div class=\"std\">\n<p>T\u00f5elistele Tenga f\u00e4nnidele m\u00f5eldud vee baasil libesti tagab t\u00e4iesti uutmoodi libisemise masturbeerimise ajal. Tihke vee baasil libesti lisab t\u00e4iendavaid naudinguid sinu lemmiku lelu kasutamisele.<\/p>\n<p>REAL libesti sai oma nime selle j\u00e4rgi, et see tundub t\u00e4pselt nagu p\u00e4ris \u00f5ige asi!<\/p>\n<p>REAL tagab niisutatuse, mis ei kleepuvaks. See on tehtud kehas\u00f5bralikest koostisainetest ning testitud, et toode oleks kehale turvaline.<\/p>\n<p>Koostisained:\u00a0Vesi, gl\u00fctseriin, naatriumpol\u00fcakr\u00fclaat, etanool, h\u00fcdroks\u00fcet\u00fc\u00fcltselluloos, fenoks\u00fcetanool, met\u00fc\u00fclparabeen, EDTA-2Na, pol\u00fcsorbaat 80, sorbitaankookoaat, parf\u00fc\u00fcm<\/p>\n<p>Libesti on tehtud kehas\u00f5bralikest ning v\u00e4ga turvalistest koostisosadest aga see pole m\u00f5eldud kasutamiseks seksi ajal.<\/p>\n<p>Hoia toode toatemperatuuril ja eemal otsesest p\u00e4ikesevalgusest. V\u00e4ltida toote hoiustamist k\u00f5rgetel temperatuuridel, niisketes kohtades.<\/p>\n<\/div>\n","protected":false},"excerpt":{"rendered":"<p>Tihke veebaasil libesti.<br \/>\nMasturbaatoritele!<br \/>\nLeludele!<br \/>\nKehas\u00f5bralik.<br \/>\nEi kleepu.<br \/>\nPole m\u00f5eldud kasutamiseks p\u00e4ris seksi ajal.<\/p>\n","protected":false},"featured_media":11254,"comment_status":"open","ping_status":"closed","template":"","meta":[],"product_brand":[],"product_cat":[104,205,75],"product_tag":[],"class_list":{"0":"post-7880","1":"product","2":"type-product","3":"status-publish","4":"has-post-thumbnail","6":"product_cat-lubricants","7":"product_cat-mastrubator-lubricants","8":"product_cat-drugstore","9":"pa_brand-tenga","11":"first","12":"instock","13":"taxable","14":"shipping-taxable","15":"purchasable","16":"product-type-simple"},"yoast_head":"<!-- This site is optimized with the Yoast SEO Premium plugin v26.0 (Yoast SEO v27.3) - https:\/\/yoast.com\/product\/yoast-seo-premium-wordpress\/ -->\n<title>Tenga - Hole Lotion REAL 170ml | Veenus<\/title>\n<meta name=\"robots\" content=\"index, follow, max-snippet:-1, max-image-preview:large, max-video-preview:-1\" \/>\n<link rel=\"canonical\" href=\"https:\/\/veenus.ee\/ru\/toode\/tenga-hole-lotion-real-170ml\/\" \/>\n<meta property=\"og:locale\" content=\"ru_RU\" \/>\n<meta property=\"og:type\" content=\"article\" \/>\n<meta property=\"og:title\" content=\"Tenga - Hole Lotion REAL 170ml\" \/>\n<meta property=\"og:description\" content=\"Tihke veebaasil libesti. Masturbaatoritele! Leludele! Kehas\u00f5bralik. Ei kleepu. Pole m\u00f5eldud kasutamiseks p\u00e4ris seksi ajal.\" \/>\n<meta property=\"og:url\" content=\"https:\/\/veenus.ee\/toode\/tenga-hole-lotion-real-170ml\/\" \/>\n<meta property=\"og:site_name\" content=\"Veenus\" \/>\n<meta property=\"article:modified_time\" content=\"2025-11-20T11:37:34+00:00\" \/>\n<meta property=\"og:image\" content=\"https:\/\/veenus.ee\/wp-content\/uploads\/2022\/01\/hole-lotion-real-02.jpg\" \/>\n\t<meta property=\"og:image:width\" content=\"1000\" \/>\n\t<meta property=\"og:image:height\" content=\"1000\" \/>\n\t<meta property=\"og:image:type\" content=\"image\/jpeg\" \/>\n<meta name=\"twitter:card\" content=\"summary_large_image\" \/>\n<meta name=\"twitter:label1\" content=\"\u0426\u0435\u043d\u0430\" \/>\n\t<meta name=\"twitter:data1\" content=\"18.00&euro;\" \/>\n\t<meta name=\"twitter:label2\" content=\"\u0414\u043e\u0441\u0442\u0443\u043f\u043d\u043e\u0441\u0442\u044c\" \/>\n\t<meta name=\"twitter:data2\" content=\"\u0412 \u043d\u0430\u043b\u0438\u0447\u0438\u0438\" \/>\n<script type=\"application\/ld+json\" class=\"yoast-schema-graph\">{\"@context\":\"https:\\\/\\\/schema.org\",\"@graph\":[{\"@type\":\"WebPage\",\"@id\":\"https:\\\/\\\/veenus.ee\\\/toode\\\/tenga-hole-lotion-real-170ml\\\/\",\"url\":\"https:\\\/\\\/veenus.ee\\\/toode\\\/tenga-hole-lotion-real-170ml\\\/\",\"name\":\"Tenga - Hole Lotion REAL 170ml | Veenus\",\"isPartOf\":{\"@id\":\"https:\\\/\\\/veenus.ee\\\/#website\"},\"primaryImageOfPage\":{\"@id\":\"https:\\\/\\\/veenus.ee\\\/toode\\\/tenga-hole-lotion-real-170ml\\\/#primaryimage\"},\"image\":{\"@id\":\"https:\\\/\\\/veenus.ee\\\/toode\\\/tenga-hole-lotion-real-170ml\\\/#primaryimage\"},\"thumbnailUrl\":\"https:\\\/\\\/veenus.ee\\\/wp-content\\\/uploads\\\/2022\\\/01\\\/hole-lotion-real-02.jpg\",\"datePublished\":\"2022-01-12T13:35:07+00:00\",\"dateModified\":\"2025-11-20T11:37:34+00:00\",\"breadcrumb\":{\"@id\":\"https:\\\/\\\/veenus.ee\\\/toode\\\/tenga-hole-lotion-real-170ml\\\/#breadcrumb\"},\"inLanguage\":\"ru-RU\",\"potentialAction\":[{\"@type\":\"ReadAction\",\"target\":[\"https:\\\/\\\/veenus.ee\\\/toode\\\/tenga-hole-lotion-real-170ml\\\/\"]}]},{\"@type\":\"ImageObject\",\"inLanguage\":\"ru-RU\",\"@id\":\"https:\\\/\\\/veenus.ee\\\/toode\\\/tenga-hole-lotion-real-170ml\\\/#primaryimage\",\"url\":\"https:\\\/\\\/veenus.ee\\\/wp-content\\\/uploads\\\/2022\\\/01\\\/hole-lotion-real-02.jpg\",\"contentUrl\":\"https:\\\/\\\/veenus.ee\\\/wp-content\\\/uploads\\\/2022\\\/01\\\/hole-lotion-real-02.jpg\",\"width\":1000,\"height\":1000},{\"@type\":\"BreadcrumbList\",\"@id\":\"https:\\\/\\\/veenus.ee\\\/toode\\\/tenga-hole-lotion-real-170ml\\\/#breadcrumb\",\"itemListElement\":[{\"@type\":\"ListItem\",\"position\":1,\"name\":\"Home\",\"item\":\"https:\\\/\\\/veenus.ee\\\/\"},{\"@type\":\"ListItem\",\"position\":2,\"name\":\"pood\",\"item\":\"https:\\\/\\\/veenus.ee\\\/pood\\\/\"},{\"@type\":\"ListItem\",\"position\":3,\"name\":\"Tenga &#8211; Hole Lotion REAL 170ml\"}]},{\"@type\":\"WebSite\",\"@id\":\"https:\\\/\\\/veenus.ee\\\/#website\",\"url\":\"https:\\\/\\\/veenus.ee\\\/\",\"name\":\"Veenus\",\"description\":\"(Eesti) Veenus, erootikakaubad, sekstooted\",\"publisher\":{\"@id\":\"https:\\\/\\\/veenus.ee\\\/#organization\"},\"potentialAction\":[{\"@type\":\"SearchAction\",\"target\":{\"@type\":\"EntryPoint\",\"urlTemplate\":\"https:\\\/\\\/veenus.ee\\\/?s={search_term_string}\"},\"query-input\":{\"@type\":\"PropertyValueSpecification\",\"valueRequired\":true,\"valueName\":\"search_term_string\"}}],\"inLanguage\":\"ru-RU\"},{\"@type\":\"Organization\",\"@id\":\"https:\\\/\\\/veenus.ee\\\/#organization\",\"name\":\"Veenus\",\"url\":\"https:\\\/\\\/veenus.ee\\\/\",\"logo\":{\"@type\":\"ImageObject\",\"inLanguage\":\"ru-RU\",\"@id\":\"https:\\\/\\\/veenus.ee\\\/#\\\/schema\\\/logo\\\/image\\\/\",\"url\":\"https:\\\/\\\/veenus.ee\\\/wp-content\\\/uploads\\\/2021\\\/12\\\/logo.png\",\"contentUrl\":\"https:\\\/\\\/veenus.ee\\\/wp-content\\\/uploads\\\/2021\\\/12\\\/logo.png\",\"width\":119,\"height\":70,\"caption\":\"Veenus\"},\"image\":{\"@id\":\"https:\\\/\\\/veenus.ee\\\/#\\\/schema\\\/logo\\\/image\\\/\"}}]}<\/script>\n<meta property=\"product:price:amount\" content=\"18.00\" \/>\n<meta property=\"product:price:currency\" content=\"EUR\" \/>\n<meta property=\"og:availability\" content=\"instock\" \/>\n<meta property=\"product:availability\" content=\"instock\" \/>\n<meta property=\"product:retailer_item_id\" content=\"4560220550298\" \/>\n<meta property=\"product:condition\" content=\"new\" \/>\n<!-- \/ Yoast SEO Premium plugin. -->","yoast_head_json":{"title":"Tenga - Hole Lotion REAL 170ml | Veenus","robots":{"index":"index","follow":"follow","max-snippet":"max-snippet:-1","max-image-preview":"max-image-preview:large","max-video-preview":"max-video-preview:-1"},"canonical":"https:\/\/veenus.ee\/ru\/toode\/tenga-hole-lotion-real-170ml\/","og_locale":"ru_RU","og_type":"article","og_title":"Tenga - Hole Lotion REAL 170ml","og_description":"Tihke veebaasil libesti. Masturbaatoritele! Leludele! Kehas\u00f5bralik. Ei kleepu. Pole m\u00f5eldud kasutamiseks p\u00e4ris seksi ajal.","og_url":"https:\/\/veenus.ee\/toode\/tenga-hole-lotion-real-170ml\/","og_site_name":"Veenus","article_modified_time":"2025-11-20T11:37:34+00:00","og_image":[{"width":1000,"height":1000,"url":"https:\/\/veenus.ee\/wp-content\/uploads\/2022\/01\/hole-lotion-real-02.jpg","type":"image\/jpeg"}],"twitter_card":"summary_large_image","twitter_misc":{"\u0426\u0435\u043d\u0430":"18.00&euro;","\u0414\u043e\u0441\u0442\u0443\u043f\u043d\u043e\u0441\u0442\u044c":"\u0412 \u043d\u0430\u043b\u0438\u0447\u0438\u0438"},"schema":{"@context":"https:\/\/schema.org","@graph":[{"@type":"WebPage","@id":"https:\/\/veenus.ee\/toode\/tenga-hole-lotion-real-170ml\/","url":"https:\/\/veenus.ee\/toode\/tenga-hole-lotion-real-170ml\/","name":"Tenga - Hole Lotion REAL 170ml | Veenus","isPartOf":{"@id":"https:\/\/veenus.ee\/#website"},"primaryImageOfPage":{"@id":"https:\/\/veenus.ee\/toode\/tenga-hole-lotion-real-170ml\/#primaryimage"},"image":{"@id":"https:\/\/veenus.ee\/toode\/tenga-hole-lotion-real-170ml\/#primaryimage"},"thumbnailUrl":"https:\/\/veenus.ee\/wp-content\/uploads\/2022\/01\/hole-lotion-real-02.jpg","datePublished":"2022-01-12T13:35:07+00:00","dateModified":"2025-11-20T11:37:34+00:00","breadcrumb":{"@id":"https:\/\/veenus.ee\/toode\/tenga-hole-lotion-real-170ml\/#breadcrumb"},"inLanguage":"ru-RU","potentialAction":[{"@type":"ReadAction","target":["https:\/\/veenus.ee\/toode\/tenga-hole-lotion-real-170ml\/"]}]},{"@type":"ImageObject","inLanguage":"ru-RU","@id":"https:\/\/veenus.ee\/toode\/tenga-hole-lotion-real-170ml\/#primaryimage","url":"https:\/\/veenus.ee\/wp-content\/uploads\/2022\/01\/hole-lotion-real-02.jpg","contentUrl":"https:\/\/veenus.ee\/wp-content\/uploads\/2022\/01\/hole-lotion-real-02.jpg","width":1000,"height":1000},{"@type":"BreadcrumbList","@id":"https:\/\/veenus.ee\/toode\/tenga-hole-lotion-real-170ml\/#breadcrumb","itemListElement":[{"@type":"ListItem","position":1,"name":"Home","item":"https:\/\/veenus.ee\/"},{"@type":"ListItem","position":2,"name":"pood","item":"https:\/\/veenus.ee\/pood\/"},{"@type":"ListItem","position":3,"name":"Tenga &#8211; Hole Lotion REAL 170ml"}]},{"@type":"WebSite","@id":"https:\/\/veenus.ee\/#website","url":"https:\/\/veenus.ee\/","name":"Veenus","description":"(Eesti) Veenus, erootikakaubad, sekstooted","publisher":{"@id":"https:\/\/veenus.ee\/#organization"},"potentialAction":[{"@type":"SearchAction","target":{"@type":"EntryPoint","urlTemplate":"https:\/\/veenus.ee\/?s={search_term_string}"},"query-input":{"@type":"PropertyValueSpecification","valueRequired":true,"valueName":"search_term_string"}}],"inLanguage":"ru-RU"},{"@type":"Organization","@id":"https:\/\/veenus.ee\/#organization","name":"Veenus","url":"https:\/\/veenus.ee\/","logo":{"@type":"ImageObject","inLanguage":"ru-RU","@id":"https:\/\/veenus.ee\/#\/schema\/logo\/image\/","url":"https:\/\/veenus.ee\/wp-content\/uploads\/2021\/12\/logo.png","contentUrl":"https:\/\/veenus.ee\/wp-content\/uploads\/2021\/12\/logo.png","width":119,"height":70,"caption":"Veenus"},"image":{"@id":"https:\/\/veenus.ee\/#\/schema\/logo\/image\/"}}]},"product_price_amount":"18.00","product_price_currency":"EUR","og_availability":"instock","product_availability":"instock","product_retailer_item_id":"4560220550298","product_condition":"new"},"_links":{"self":[{"href":"https:\/\/veenus.ee\/ru\/wp-json\/wp\/v2\/product\/7880","targetHints":{"allow":["GET"]}}],"collection":[{"href":"https:\/\/veenus.ee\/ru\/wp-json\/wp\/v2\/product"}],"about":[{"href":"https:\/\/veenus.ee\/ru\/wp-json\/wp\/v2\/types\/product"}],"replies":[{"embeddable":true,"href":"https:\/\/veenus.ee\/ru\/wp-json\/wp\/v2\/comments?post=7880"}],"wp:featuredmedia":[{"embeddable":true,"href":"https:\/\/veenus.ee\/ru\/wp-json\/wp\/v2\/media\/11254"}],"wp:attachment":[{"href":"https:\/\/veenus.ee\/ru\/wp-json\/wp\/v2\/media?parent=7880"}],"wp:term":[{"taxonomy":"product_brand","embeddable":true,"href":"https:\/\/veenus.ee\/ru\/wp-json\/wp\/v2\/product_brand?post=7880"},{"taxonomy":"product_cat","embeddable":true,"href":"https:\/\/veenus.ee\/ru\/wp-json\/wp\/v2\/product_cat?post=7880"},{"taxonomy":"product_tag","embeddable":true,"href":"https:\/\/veenus.ee\/ru\/wp-json\/wp\/v2\/product_tag?post=7880"}],"curies":[{"name":"wp","href":"https:\/\/api.w.org\/{rel}","templated":true}]}}