{"id":7781,"date":"2022-01-12T15:34:50","date_gmt":"2022-01-12T13:34:50","guid":{"rendered":"https:\/\/veenus.ee\/?post_type=product&#038;p=7781"},"modified":"2022-09-13T18:15:04","modified_gmt":"2022-09-13T15:15:04","slug":"spanische-liebescreme-26gr","status":"publish","type":"product","link":"https:\/\/veenus.ee\/ru\/toode\/spanische-liebescreme-26gr\/","title":{"rendered":"SPANISCHE LIEBESCREME Hispaania Armastuskreem 26GR"},"content":{"rendered":"<p>HISPAANIA ARMASTUSKREEMI koostisosad v\u00f5ivad avaldada mitmesuguseid toitvaid, elustavaid ja v\u00e4rskendavaid toimeid enamusele naistele ja meestele. Meeste jaoks v\u00f5ivad koostisosad muuhulgas kaasa aidata kogu meeste suguelundite piirkonnas jahutavale ja v\u00e4rskendavale toimele ning seega koos massaa\u017ei endaga avaldada positiivset m\u00f5ju meeste suguelundite piirkonna elastsusele. Naiste jaoks v\u00f5ib HISPAANIA ARMASTUSKREEM koos oma koostisosadega genitaal- ja kubemepiirkonnas meeldiva tunde tekitada. Enamikule naistest pakub see toitev kogemus ka eluj\u00f5udu ja v\u00e4rskendustunnet.<\/p>\n<p>Koostososad: PETROLATUM, PARAFFINUM LIQUIDUM, CINNAMOMUM ZEYLANI-CUM, MENTHA PIPERITA, OCINUM BASILICUM, ROSMARINUS OFFICINALIS, BENZYL ALCOHOL*, BENZYL BENZOATE*, CINNAMAL*, LINALOOL*, LIMONENE*, EUGENOL*. *from natural essential oils<\/p>\n","protected":false},"excerpt":{"rendered":"<p>Stimuleeriv kreem m\u00f5lemale. Tugevdab naise ja meeste orgasmi<br \/>\nMuudab vahekorra nauditavamaks<\/p>\n","protected":false},"featured_media":11408,"comment_status":"open","ping_status":"closed","template":"","meta":[],"product_brand":[],"product_cat":[110,104,75,220,219],"product_tag":[],"class_list":{"0":"post-7781","1":"product","2":"type-product","3":"status-publish","4":"has-post-thumbnail","6":"product_cat-gels-creams","7":"product_cat-lubricants","8":"product_cat-drugstore","9":"product_cat-stimuleerivad-geelid-meestele-geelid-kreemid","10":"product_cat-stimuleerivad-geelid-naistele-geelid-kreemid","12":"first","13":"instock","14":"taxable","15":"shipping-taxable","16":"purchasable","17":"product-type-simple"},"yoast_head":"<!-- This site is optimized with the Yoast SEO Premium plugin v26.0 (Yoast SEO v27.3) - https:\/\/yoast.com\/product\/yoast-seo-premium-wordpress\/ -->\n<title>SPANISCHE LIEBESCREME Hispaania Armastuskreem 26GR | Veenus<\/title>\n<meta name=\"robots\" content=\"index, follow, max-snippet:-1, max-image-preview:large, max-video-preview:-1\" \/>\n<link rel=\"canonical\" href=\"https:\/\/veenus.ee\/ru\/toode\/spanische-liebescreme-26gr\/\" \/>\n<meta property=\"og:locale\" content=\"ru_RU\" \/>\n<meta property=\"og:type\" content=\"article\" \/>\n<meta property=\"og:title\" content=\"SPANISCHE LIEBESCREME Hispaania Armastuskreem 26GR\" \/>\n<meta property=\"og:description\" content=\"Stimuleeriv kreem m\u00f5lemale. Tugevdab naise ja meeste orgasmi Muudab vahekorra nauditavamaks\" \/>\n<meta property=\"og:url\" content=\"https:\/\/veenus.ee\/en\/toode\/spanische-liebescreme-26gr\/\" \/>\n<meta property=\"og:site_name\" content=\"Veenus\" \/>\n<meta property=\"article:modified_time\" content=\"2022-09-13T15:15:04+00:00\" \/>\n<meta property=\"og:image\" content=\"https:\/\/veenus.ee\/wp-content\/uploads\/2022\/01\/spanische-liebescreme-26gr.jpg\" \/>\n\t<meta property=\"og:image:width\" content=\"800\" \/>\n\t<meta property=\"og:image:height\" content=\"800\" \/>\n\t<meta property=\"og:image:type\" content=\"image\/jpeg\" \/>\n<meta name=\"twitter:card\" content=\"summary_large_image\" \/>\n<meta name=\"twitter:label1\" content=\"\u0426\u0435\u043d\u0430\" \/>\n\t<meta name=\"twitter:data1\" content=\"25.95&euro;\" \/>\n\t<meta name=\"twitter:label2\" content=\"\u0414\u043e\u0441\u0442\u0443\u043f\u043d\u043e\u0441\u0442\u044c\" \/>\n\t<meta name=\"twitter:data2\" content=\"\u0412 \u043d\u0430\u043b\u0438\u0447\u0438\u0438\" \/>\n<script type=\"application\/ld+json\" class=\"yoast-schema-graph\">{\"@context\":\"https:\\\/\\\/schema.org\",\"@graph\":[{\"@type\":\"WebPage\",\"@id\":\"https:\\\/\\\/veenus.ee\\\/en\\\/toode\\\/spanische-liebescreme-26gr\\\/\",\"url\":\"https:\\\/\\\/veenus.ee\\\/en\\\/toode\\\/spanische-liebescreme-26gr\\\/\",\"name\":\"SPANISCHE LIEBESCREME Hispaania Armastuskreem 26GR | Veenus\",\"isPartOf\":{\"@id\":\"https:\\\/\\\/veenus.ee\\\/#website\"},\"primaryImageOfPage\":{\"@id\":\"https:\\\/\\\/veenus.ee\\\/en\\\/toode\\\/spanische-liebescreme-26gr\\\/#primaryimage\"},\"image\":{\"@id\":\"https:\\\/\\\/veenus.ee\\\/en\\\/toode\\\/spanische-liebescreme-26gr\\\/#primaryimage\"},\"thumbnailUrl\":\"https:\\\/\\\/veenus.ee\\\/wp-content\\\/uploads\\\/2022\\\/01\\\/spanische-liebescreme-26gr.jpg\",\"datePublished\":\"2022-01-12T13:34:50+00:00\",\"dateModified\":\"2022-09-13T15:15:04+00:00\",\"breadcrumb\":{\"@id\":\"https:\\\/\\\/veenus.ee\\\/en\\\/toode\\\/spanische-liebescreme-26gr\\\/#breadcrumb\"},\"inLanguage\":\"ru-RU\",\"potentialAction\":[{\"@type\":\"ReadAction\",\"target\":[\"https:\\\/\\\/veenus.ee\\\/en\\\/toode\\\/spanische-liebescreme-26gr\\\/\"]}]},{\"@type\":\"ImageObject\",\"inLanguage\":\"ru-RU\",\"@id\":\"https:\\\/\\\/veenus.ee\\\/en\\\/toode\\\/spanische-liebescreme-26gr\\\/#primaryimage\",\"url\":\"https:\\\/\\\/veenus.ee\\\/wp-content\\\/uploads\\\/2022\\\/01\\\/spanische-liebescreme-26gr.jpg\",\"contentUrl\":\"https:\\\/\\\/veenus.ee\\\/wp-content\\\/uploads\\\/2022\\\/01\\\/spanische-liebescreme-26gr.jpg\",\"width\":800,\"height\":800},{\"@type\":\"BreadcrumbList\",\"@id\":\"https:\\\/\\\/veenus.ee\\\/en\\\/toode\\\/spanische-liebescreme-26gr\\\/#breadcrumb\",\"itemListElement\":[{\"@type\":\"ListItem\",\"position\":1,\"name\":\"Home\",\"item\":\"https:\\\/\\\/veenus.ee\\\/\"},{\"@type\":\"ListItem\",\"position\":2,\"name\":\"pood\",\"item\":\"https:\\\/\\\/veenus.ee\\\/pood\\\/\"},{\"@type\":\"ListItem\",\"position\":3,\"name\":\"SPANISCHE LIEBESCREME Hispaania Armastuskreem 26GR\"}]},{\"@type\":\"WebSite\",\"@id\":\"https:\\\/\\\/veenus.ee\\\/#website\",\"url\":\"https:\\\/\\\/veenus.ee\\\/\",\"name\":\"Veenus\",\"description\":\"(Eesti) Veenus, erootikakaubad, sekstooted\",\"publisher\":{\"@id\":\"https:\\\/\\\/veenus.ee\\\/#organization\"},\"potentialAction\":[{\"@type\":\"SearchAction\",\"target\":{\"@type\":\"EntryPoint\",\"urlTemplate\":\"https:\\\/\\\/veenus.ee\\\/?s={search_term_string}\"},\"query-input\":{\"@type\":\"PropertyValueSpecification\",\"valueRequired\":true,\"valueName\":\"search_term_string\"}}],\"inLanguage\":\"ru-RU\"},{\"@type\":\"Organization\",\"@id\":\"https:\\\/\\\/veenus.ee\\\/#organization\",\"name\":\"Veenus\",\"url\":\"https:\\\/\\\/veenus.ee\\\/\",\"logo\":{\"@type\":\"ImageObject\",\"inLanguage\":\"ru-RU\",\"@id\":\"https:\\\/\\\/veenus.ee\\\/#\\\/schema\\\/logo\\\/image\\\/\",\"url\":\"https:\\\/\\\/veenus.ee\\\/wp-content\\\/uploads\\\/2021\\\/12\\\/logo.png\",\"contentUrl\":\"https:\\\/\\\/veenus.ee\\\/wp-content\\\/uploads\\\/2021\\\/12\\\/logo.png\",\"width\":119,\"height\":70,\"caption\":\"Veenus\"},\"image\":{\"@id\":\"https:\\\/\\\/veenus.ee\\\/#\\\/schema\\\/logo\\\/image\\\/\"}}]}<\/script>\n<meta property=\"product:price:amount\" content=\"25.95\" \/>\n<meta property=\"product:price:currency\" content=\"EUR\" \/>\n<meta property=\"og:availability\" content=\"instock\" \/>\n<meta property=\"product:availability\" content=\"instock\" \/>\n<meta property=\"product:retailer_item_id\" content=\"4032982004505\" \/>\n<meta property=\"product:condition\" content=\"new\" \/>\n<!-- \/ Yoast SEO Premium plugin. -->","yoast_head_json":{"title":"SPANISCHE LIEBESCREME Hispaania Armastuskreem 26GR | Veenus","robots":{"index":"index","follow":"follow","max-snippet":"max-snippet:-1","max-image-preview":"max-image-preview:large","max-video-preview":"max-video-preview:-1"},"canonical":"https:\/\/veenus.ee\/ru\/toode\/spanische-liebescreme-26gr\/","og_locale":"ru_RU","og_type":"article","og_title":"SPANISCHE LIEBESCREME Hispaania Armastuskreem 26GR","og_description":"Stimuleeriv kreem m\u00f5lemale. Tugevdab naise ja meeste orgasmi Muudab vahekorra nauditavamaks","og_url":"https:\/\/veenus.ee\/en\/toode\/spanische-liebescreme-26gr\/","og_site_name":"Veenus","article_modified_time":"2022-09-13T15:15:04+00:00","og_image":[{"width":800,"height":800,"url":"https:\/\/veenus.ee\/wp-content\/uploads\/2022\/01\/spanische-liebescreme-26gr.jpg","type":"image\/jpeg"}],"twitter_card":"summary_large_image","twitter_misc":{"\u0426\u0435\u043d\u0430":"25.95&euro;","\u0414\u043e\u0441\u0442\u0443\u043f\u043d\u043e\u0441\u0442\u044c":"\u0412 \u043d\u0430\u043b\u0438\u0447\u0438\u0438"},"schema":{"@context":"https:\/\/schema.org","@graph":[{"@type":"WebPage","@id":"https:\/\/veenus.ee\/en\/toode\/spanische-liebescreme-26gr\/","url":"https:\/\/veenus.ee\/en\/toode\/spanische-liebescreme-26gr\/","name":"SPANISCHE LIEBESCREME Hispaania Armastuskreem 26GR | Veenus","isPartOf":{"@id":"https:\/\/veenus.ee\/#website"},"primaryImageOfPage":{"@id":"https:\/\/veenus.ee\/en\/toode\/spanische-liebescreme-26gr\/#primaryimage"},"image":{"@id":"https:\/\/veenus.ee\/en\/toode\/spanische-liebescreme-26gr\/#primaryimage"},"thumbnailUrl":"https:\/\/veenus.ee\/wp-content\/uploads\/2022\/01\/spanische-liebescreme-26gr.jpg","datePublished":"2022-01-12T13:34:50+00:00","dateModified":"2022-09-13T15:15:04+00:00","breadcrumb":{"@id":"https:\/\/veenus.ee\/en\/toode\/spanische-liebescreme-26gr\/#breadcrumb"},"inLanguage":"ru-RU","potentialAction":[{"@type":"ReadAction","target":["https:\/\/veenus.ee\/en\/toode\/spanische-liebescreme-26gr\/"]}]},{"@type":"ImageObject","inLanguage":"ru-RU","@id":"https:\/\/veenus.ee\/en\/toode\/spanische-liebescreme-26gr\/#primaryimage","url":"https:\/\/veenus.ee\/wp-content\/uploads\/2022\/01\/spanische-liebescreme-26gr.jpg","contentUrl":"https:\/\/veenus.ee\/wp-content\/uploads\/2022\/01\/spanische-liebescreme-26gr.jpg","width":800,"height":800},{"@type":"BreadcrumbList","@id":"https:\/\/veenus.ee\/en\/toode\/spanische-liebescreme-26gr\/#breadcrumb","itemListElement":[{"@type":"ListItem","position":1,"name":"Home","item":"https:\/\/veenus.ee\/"},{"@type":"ListItem","position":2,"name":"pood","item":"https:\/\/veenus.ee\/pood\/"},{"@type":"ListItem","position":3,"name":"SPANISCHE LIEBESCREME Hispaania Armastuskreem 26GR"}]},{"@type":"WebSite","@id":"https:\/\/veenus.ee\/#website","url":"https:\/\/veenus.ee\/","name":"Veenus","description":"(Eesti) Veenus, erootikakaubad, sekstooted","publisher":{"@id":"https:\/\/veenus.ee\/#organization"},"potentialAction":[{"@type":"SearchAction","target":{"@type":"EntryPoint","urlTemplate":"https:\/\/veenus.ee\/?s={search_term_string}"},"query-input":{"@type":"PropertyValueSpecification","valueRequired":true,"valueName":"search_term_string"}}],"inLanguage":"ru-RU"},{"@type":"Organization","@id":"https:\/\/veenus.ee\/#organization","name":"Veenus","url":"https:\/\/veenus.ee\/","logo":{"@type":"ImageObject","inLanguage":"ru-RU","@id":"https:\/\/veenus.ee\/#\/schema\/logo\/image\/","url":"https:\/\/veenus.ee\/wp-content\/uploads\/2021\/12\/logo.png","contentUrl":"https:\/\/veenus.ee\/wp-content\/uploads\/2021\/12\/logo.png","width":119,"height":70,"caption":"Veenus"},"image":{"@id":"https:\/\/veenus.ee\/#\/schema\/logo\/image\/"}}]},"product_price_amount":"25.95","product_price_currency":"EUR","og_availability":"instock","product_availability":"instock","product_retailer_item_id":"4032982004505","product_condition":"new"},"_links":{"self":[{"href":"https:\/\/veenus.ee\/ru\/wp-json\/wp\/v2\/product\/7781","targetHints":{"allow":["GET"]}}],"collection":[{"href":"https:\/\/veenus.ee\/ru\/wp-json\/wp\/v2\/product"}],"about":[{"href":"https:\/\/veenus.ee\/ru\/wp-json\/wp\/v2\/types\/product"}],"replies":[{"embeddable":true,"href":"https:\/\/veenus.ee\/ru\/wp-json\/wp\/v2\/comments?post=7781"}],"wp:featuredmedia":[{"embeddable":true,"href":"https:\/\/veenus.ee\/ru\/wp-json\/wp\/v2\/media\/11408"}],"wp:attachment":[{"href":"https:\/\/veenus.ee\/ru\/wp-json\/wp\/v2\/media?parent=7781"}],"wp:term":[{"taxonomy":"product_brand","embeddable":true,"href":"https:\/\/veenus.ee\/ru\/wp-json\/wp\/v2\/product_brand?post=7781"},{"taxonomy":"product_cat","embeddable":true,"href":"https:\/\/veenus.ee\/ru\/wp-json\/wp\/v2\/product_cat?post=7781"},{"taxonomy":"product_tag","embeddable":true,"href":"https:\/\/veenus.ee\/ru\/wp-json\/wp\/v2\/product_tag?post=7781"}],"curies":[{"name":"wp","href":"https:\/\/api.w.org\/{rel}","templated":true}]}}