{"id":7778,"date":"2022-01-12T15:34:50","date_gmt":"2022-01-12T13:34:50","guid":{"rendered":"https:\/\/veenus.ee\/?post_type=product&#038;p=7778"},"modified":"2022-11-29T22:12:43","modified_gmt":"2022-11-29T20:12:43","slug":"pretty-love-royal-pleasure-doreen","status":"publish","type":"product","link":"https:\/\/veenus.ee\/ru\/toode\/pretty-love-royal-pleasure-doreen\/","title":{"rendered":"Pretty Love Royal Pleasure Doreen"},"content":{"rendered":"<p>Selle pehme silikoonist kaugjuhtimispuldiga vibreeriva armumunaga olete vaid \u00fche hiirekl\u00f5psu kaugusel orgasmist. Traadita kaugjuhtimispuldiga on see vibraator ideaalne \u00fcksikute p\u00f5nevuste ja paarim\u00e4ngude jaoks. Andke see oma partnerile ja laske neil m\u00e4\u00e4rata, millised 12 vibreerivast seadest saate kallimale saata. Andke endale \u00fchtlast kiirust ja stimuleerivaid mustreid, kui j\u00f5uate v\u00f5imsa orgasmini. Nii veealuste seikluste jaoks kui ka kuival maal on see vibreeriv armumuna ka t\u00e4ielikult veekindel.<\/p>\n","protected":false},"excerpt":{"rendered":"<p>Pehme silikoonist kaugjuhtimispuldiga vibraator. Tugev vibratsioon! Kaetud pehmete mummudega Vibreeriv kuul on taaslaetav Pult t\u00f6\u00f6tab 1 AAA patareiga 12 programmi<\/p>\n","protected":false},"featured_media":11424,"comment_status":"open","ping_status":"closed","template":"","meta":[],"product_brand":[],"product_cat":[128,71,73,79,95],"product_tag":[],"class_list":{"0":"post-7778","1":"product","2":"type-product","3":"status-publish","4":"has-post-thumbnail","6":"product_cat-remote-controlled-vibrators","7":"product_cat-for-women","8":"product_cat-for-couples","9":"product_cat-vaginal-balls-for-women","10":"product_cat-vibrators-for-couples","11":"pa_brand-pretty-love","13":"first","14":"outofstock","15":"taxable","16":"shipping-taxable","17":"purchasable","18":"product-type-simple"},"yoast_head":"<!-- This site is optimized with the Yoast SEO Premium plugin v26.0 (Yoast SEO v27.4) - https:\/\/yoast.com\/product\/yoast-seo-premium-wordpress\/ -->\n<title>Pretty Love Royal Pleasure Doreen | Veenus<\/title>\n<meta name=\"robots\" content=\"index, follow, max-snippet:-1, max-image-preview:large, max-video-preview:-1\" \/>\n<link rel=\"canonical\" href=\"https:\/\/veenus.ee\/ru\/toode\/pretty-love-royal-pleasure-doreen\/\" \/>\n<meta property=\"og:locale\" content=\"ru_RU\" \/>\n<meta property=\"og:type\" content=\"article\" \/>\n<meta property=\"og:title\" content=\"Pretty Love Royal Pleasure Doreen\" \/>\n<meta property=\"og:description\" content=\"Pehme silikoonist kaugjuhtimispuldiga vibraator. Tugev vibratsioon! Kaetud pehmete mummudega Vibreeriv kuul on taaslaetav Pult t\u00f6\u00f6tab 1 AAA patareiga 12 programmi\" \/>\n<meta property=\"og:url\" content=\"https:\/\/veenus.ee\/en\/toode\/pretty-love-royal-pleasure-doreen\/\" \/>\n<meta property=\"og:site_name\" content=\"Veenus\" \/>\n<meta property=\"article:modified_time\" content=\"2022-11-29T20:12:43+00:00\" \/>\n<meta property=\"og:image\" content=\"https:\/\/veenus.ee\/wp-content\/uploads\/2022\/01\/pretty-love-royal-pleasure-doreen.jpg\" \/>\n\t<meta property=\"og:image:width\" content=\"800\" \/>\n\t<meta property=\"og:image:height\" content=\"800\" \/>\n\t<meta property=\"og:image:type\" content=\"image\/jpeg\" \/>\n<meta name=\"twitter:card\" content=\"summary_large_image\" \/>\n<meta name=\"twitter:label1\" content=\"\u0426\u0435\u043d\u0430\" \/>\n\t<meta name=\"twitter:data1\" content=\"89.95&euro;\" \/>\n\t<meta name=\"twitter:label2\" content=\"\u0414\u043e\u0441\u0442\u0443\u043f\u043d\u043e\u0441\u0442\u044c\" \/>\n\t<meta name=\"twitter:data2\" content=\"\u0420\u0430\u0441\u043f\u0440\u043e\u0434\u0430\u043d\u043e\" \/>\n<script type=\"application\/ld+json\" class=\"yoast-schema-graph\">{\"@context\":\"https:\\\/\\\/schema.org\",\"@graph\":[{\"@type\":\"WebPage\",\"@id\":\"https:\\\/\\\/veenus.ee\\\/en\\\/toode\\\/pretty-love-royal-pleasure-doreen\\\/\",\"url\":\"https:\\\/\\\/veenus.ee\\\/en\\\/toode\\\/pretty-love-royal-pleasure-doreen\\\/\",\"name\":\"Pretty Love Royal Pleasure Doreen | Veenus\",\"isPartOf\":{\"@id\":\"https:\\\/\\\/veenus.ee\\\/#website\"},\"primaryImageOfPage\":{\"@id\":\"https:\\\/\\\/veenus.ee\\\/en\\\/toode\\\/pretty-love-royal-pleasure-doreen\\\/#primaryimage\"},\"image\":{\"@id\":\"https:\\\/\\\/veenus.ee\\\/en\\\/toode\\\/pretty-love-royal-pleasure-doreen\\\/#primaryimage\"},\"thumbnailUrl\":\"https:\\\/\\\/veenus.ee\\\/wp-content\\\/uploads\\\/2022\\\/01\\\/pretty-love-royal-pleasure-doreen.jpg\",\"datePublished\":\"2022-01-12T13:34:50+00:00\",\"dateModified\":\"2022-11-29T20:12:43+00:00\",\"breadcrumb\":{\"@id\":\"https:\\\/\\\/veenus.ee\\\/en\\\/toode\\\/pretty-love-royal-pleasure-doreen\\\/#breadcrumb\"},\"inLanguage\":\"ru-RU\",\"potentialAction\":[{\"@type\":\"ReadAction\",\"target\":[\"https:\\\/\\\/veenus.ee\\\/en\\\/toode\\\/pretty-love-royal-pleasure-doreen\\\/\"]}]},{\"@type\":\"ImageObject\",\"inLanguage\":\"ru-RU\",\"@id\":\"https:\\\/\\\/veenus.ee\\\/en\\\/toode\\\/pretty-love-royal-pleasure-doreen\\\/#primaryimage\",\"url\":\"https:\\\/\\\/veenus.ee\\\/wp-content\\\/uploads\\\/2022\\\/01\\\/pretty-love-royal-pleasure-doreen.jpg\",\"contentUrl\":\"https:\\\/\\\/veenus.ee\\\/wp-content\\\/uploads\\\/2022\\\/01\\\/pretty-love-royal-pleasure-doreen.jpg\",\"width\":800,\"height\":800},{\"@type\":\"BreadcrumbList\",\"@id\":\"https:\\\/\\\/veenus.ee\\\/en\\\/toode\\\/pretty-love-royal-pleasure-doreen\\\/#breadcrumb\",\"itemListElement\":[{\"@type\":\"ListItem\",\"position\":1,\"name\":\"Home\",\"item\":\"https:\\\/\\\/veenus.ee\\\/\"},{\"@type\":\"ListItem\",\"position\":2,\"name\":\"pood\",\"item\":\"https:\\\/\\\/veenus.ee\\\/pood\\\/\"},{\"@type\":\"ListItem\",\"position\":3,\"name\":\"Pretty Love Royal Pleasure Doreen\"}]},{\"@type\":\"WebSite\",\"@id\":\"https:\\\/\\\/veenus.ee\\\/#website\",\"url\":\"https:\\\/\\\/veenus.ee\\\/\",\"name\":\"Veenus\",\"description\":\"(Eesti) Veenus, erootikakaubad, sekstooted\",\"publisher\":{\"@id\":\"https:\\\/\\\/veenus.ee\\\/#organization\"},\"potentialAction\":[{\"@type\":\"SearchAction\",\"target\":{\"@type\":\"EntryPoint\",\"urlTemplate\":\"https:\\\/\\\/veenus.ee\\\/?s={search_term_string}\"},\"query-input\":{\"@type\":\"PropertyValueSpecification\",\"valueRequired\":true,\"valueName\":\"search_term_string\"}}],\"inLanguage\":\"ru-RU\"},{\"@type\":\"Organization\",\"@id\":\"https:\\\/\\\/veenus.ee\\\/#organization\",\"name\":\"Veenus\",\"url\":\"https:\\\/\\\/veenus.ee\\\/\",\"logo\":{\"@type\":\"ImageObject\",\"inLanguage\":\"ru-RU\",\"@id\":\"https:\\\/\\\/veenus.ee\\\/#\\\/schema\\\/logo\\\/image\\\/\",\"url\":\"https:\\\/\\\/veenus.ee\\\/wp-content\\\/uploads\\\/2021\\\/12\\\/logo.png\",\"contentUrl\":\"https:\\\/\\\/veenus.ee\\\/wp-content\\\/uploads\\\/2021\\\/12\\\/logo.png\",\"width\":119,\"height\":70,\"caption\":\"Veenus\"},\"image\":{\"@id\":\"https:\\\/\\\/veenus.ee\\\/#\\\/schema\\\/logo\\\/image\\\/\"}}]}<\/script>\n<meta property=\"product:price:amount\" content=\"89.95\" \/>\n<meta property=\"product:price:currency\" content=\"EUR\" \/>\n<meta property=\"og:availability\" content=\"out of stock\" \/>\n<meta property=\"product:availability\" content=\"out of stock\" \/>\n<meta property=\"product:retailer_item_id\" content=\"6959532324372\" \/>\n<meta property=\"product:condition\" content=\"new\" \/>\n<!-- \/ Yoast SEO Premium plugin. -->","yoast_head_json":{"title":"Pretty Love Royal Pleasure Doreen | Veenus","robots":{"index":"index","follow":"follow","max-snippet":"max-snippet:-1","max-image-preview":"max-image-preview:large","max-video-preview":"max-video-preview:-1"},"canonical":"https:\/\/veenus.ee\/ru\/toode\/pretty-love-royal-pleasure-doreen\/","og_locale":"ru_RU","og_type":"article","og_title":"Pretty Love Royal Pleasure Doreen","og_description":"Pehme silikoonist kaugjuhtimispuldiga vibraator. Tugev vibratsioon! Kaetud pehmete mummudega Vibreeriv kuul on taaslaetav Pult t\u00f6\u00f6tab 1 AAA patareiga 12 programmi","og_url":"https:\/\/veenus.ee\/en\/toode\/pretty-love-royal-pleasure-doreen\/","og_site_name":"Veenus","article_modified_time":"2022-11-29T20:12:43+00:00","og_image":[{"width":800,"height":800,"url":"https:\/\/veenus.ee\/wp-content\/uploads\/2022\/01\/pretty-love-royal-pleasure-doreen.jpg","type":"image\/jpeg"}],"twitter_card":"summary_large_image","twitter_misc":{"\u0426\u0435\u043d\u0430":"89.95&euro;","\u0414\u043e\u0441\u0442\u0443\u043f\u043d\u043e\u0441\u0442\u044c":"\u0420\u0430\u0441\u043f\u0440\u043e\u0434\u0430\u043d\u043e"},"schema":{"@context":"https:\/\/schema.org","@graph":[{"@type":"WebPage","@id":"https:\/\/veenus.ee\/en\/toode\/pretty-love-royal-pleasure-doreen\/","url":"https:\/\/veenus.ee\/en\/toode\/pretty-love-royal-pleasure-doreen\/","name":"Pretty Love Royal Pleasure Doreen | Veenus","isPartOf":{"@id":"https:\/\/veenus.ee\/#website"},"primaryImageOfPage":{"@id":"https:\/\/veenus.ee\/en\/toode\/pretty-love-royal-pleasure-doreen\/#primaryimage"},"image":{"@id":"https:\/\/veenus.ee\/en\/toode\/pretty-love-royal-pleasure-doreen\/#primaryimage"},"thumbnailUrl":"https:\/\/veenus.ee\/wp-content\/uploads\/2022\/01\/pretty-love-royal-pleasure-doreen.jpg","datePublished":"2022-01-12T13:34:50+00:00","dateModified":"2022-11-29T20:12:43+00:00","breadcrumb":{"@id":"https:\/\/veenus.ee\/en\/toode\/pretty-love-royal-pleasure-doreen\/#breadcrumb"},"inLanguage":"ru-RU","potentialAction":[{"@type":"ReadAction","target":["https:\/\/veenus.ee\/en\/toode\/pretty-love-royal-pleasure-doreen\/"]}]},{"@type":"ImageObject","inLanguage":"ru-RU","@id":"https:\/\/veenus.ee\/en\/toode\/pretty-love-royal-pleasure-doreen\/#primaryimage","url":"https:\/\/veenus.ee\/wp-content\/uploads\/2022\/01\/pretty-love-royal-pleasure-doreen.jpg","contentUrl":"https:\/\/veenus.ee\/wp-content\/uploads\/2022\/01\/pretty-love-royal-pleasure-doreen.jpg","width":800,"height":800},{"@type":"BreadcrumbList","@id":"https:\/\/veenus.ee\/en\/toode\/pretty-love-royal-pleasure-doreen\/#breadcrumb","itemListElement":[{"@type":"ListItem","position":1,"name":"Home","item":"https:\/\/veenus.ee\/"},{"@type":"ListItem","position":2,"name":"pood","item":"https:\/\/veenus.ee\/pood\/"},{"@type":"ListItem","position":3,"name":"Pretty Love Royal Pleasure Doreen"}]},{"@type":"WebSite","@id":"https:\/\/veenus.ee\/#website","url":"https:\/\/veenus.ee\/","name":"Veenus","description":"(Eesti) Veenus, erootikakaubad, sekstooted","publisher":{"@id":"https:\/\/veenus.ee\/#organization"},"potentialAction":[{"@type":"SearchAction","target":{"@type":"EntryPoint","urlTemplate":"https:\/\/veenus.ee\/?s={search_term_string}"},"query-input":{"@type":"PropertyValueSpecification","valueRequired":true,"valueName":"search_term_string"}}],"inLanguage":"ru-RU"},{"@type":"Organization","@id":"https:\/\/veenus.ee\/#organization","name":"Veenus","url":"https:\/\/veenus.ee\/","logo":{"@type":"ImageObject","inLanguage":"ru-RU","@id":"https:\/\/veenus.ee\/#\/schema\/logo\/image\/","url":"https:\/\/veenus.ee\/wp-content\/uploads\/2021\/12\/logo.png","contentUrl":"https:\/\/veenus.ee\/wp-content\/uploads\/2021\/12\/logo.png","width":119,"height":70,"caption":"Veenus"},"image":{"@id":"https:\/\/veenus.ee\/#\/schema\/logo\/image\/"}}]},"product_price_amount":"89.95","product_price_currency":"EUR","og_availability":"out of stock","product_availability":"out of stock","product_retailer_item_id":"6959532324372","product_condition":"new"},"_links":{"self":[{"href":"https:\/\/veenus.ee\/ru\/wp-json\/wp\/v2\/product\/7778","targetHints":{"allow":["GET"]}}],"collection":[{"href":"https:\/\/veenus.ee\/ru\/wp-json\/wp\/v2\/product"}],"about":[{"href":"https:\/\/veenus.ee\/ru\/wp-json\/wp\/v2\/types\/product"}],"replies":[{"embeddable":true,"href":"https:\/\/veenus.ee\/ru\/wp-json\/wp\/v2\/comments?post=7778"}],"wp:featuredmedia":[{"embeddable":true,"href":"https:\/\/veenus.ee\/ru\/wp-json\/wp\/v2\/media\/11424"}],"wp:attachment":[{"href":"https:\/\/veenus.ee\/ru\/wp-json\/wp\/v2\/media?parent=7778"}],"wp:term":[{"taxonomy":"product_brand","embeddable":true,"href":"https:\/\/veenus.ee\/ru\/wp-json\/wp\/v2\/product_brand?post=7778"},{"taxonomy":"product_cat","embeddable":true,"href":"https:\/\/veenus.ee\/ru\/wp-json\/wp\/v2\/product_cat?post=7778"},{"taxonomy":"product_tag","embeddable":true,"href":"https:\/\/veenus.ee\/ru\/wp-json\/wp\/v2\/product_tag?post=7778"}],"curies":[{"name":"wp","href":"https:\/\/api.w.org\/{rel}","templated":true}]}}