{"id":7710,"date":"2022-01-09T00:34:23","date_gmt":"2022-01-08T22:34:23","guid":{"rendered":"https:\/\/veenus.ee\/?post_type=product&#038;p=7710"},"modified":"2024-02-03T18:57:12","modified_gmt":"2024-02-03T16:57:12","slug":"pretty-love-crazy-ii-soojeneva-varrega-vibraator","status":"publish","type":"product","link":"https:\/\/veenus.ee\/ru\/toode\/pretty-love-crazy-ii-soojeneva-varrega-vibraator\/","title":{"rendered":"Pretty Love &#8212; Crazy II soojeneva varrega vibraator"},"content":{"rendered":"<p>Erakordsed muusikalised r\u00fctmid v\u00f5luvad iga kasutaja.\u00a03 astmeliselt tugevnevat vibratsiooni intensiivsust ja 7 stimulatsiooni re\u017eiimi, mis keskenduvad vaheldumisi kas kliitorile, vagiinale v\u00f5i m\u00f5lemale korraga ja mida saab omakorda muuta vastavalt soovile kas tugevamaks v\u00f5i n\u00f5rgemaks. Omap\u00e4raseks teeb lelu nn. kajaefekt, ehk vibratsioon liigub \u00fchest mootorist teise, mis sel hetkel t\u00f6\u00f6tavad s\u00fcnkroonist v\u00e4ljas. K\u00f5ike seda l\u00f5bu saab kontrollida nelja nupu abil &#8212; kaks parempoolset vibratsiooni re\u017eiimide jaoks, kaks vasakpoolset vibraatori ja temperatuuri sisse-v\u00e4ljal\u00fclitamiseks.\u00a0T\u00f6\u00f6tavana s\u00e4ravad vibraatori nupud kirkalt, muutes kasutamise isegi pimedas v\u00e4ga mugavaks ja romantiliseks.<\/p>\n<p>Sisestatava osa pikkus 13 cm, kogupikkus 22,5 cm, maksimaalne l\u00e4bim\u00f5\u00f5t 3,5 cm, kliitori stimulaatori pikkus 5 cm, kaalub 127 g. Vibraator on taaslaetav ja ei vaja t\u00f6\u00f6tamiseks patareisid. 120 minutit laadimist garanteerib 90 minutit katkematut t\u00f6\u00f6aega. Pakendatud k\u00f5vasse ja esinduslikku kinkekarpi.\u00a0Kaasas USB laadija koos seinapistiku adaptoriga, muutes laadimise lihtsaks isegi v\u00f5\u00f5ral maal reisil olles.<\/p>\n<p>&nbsp;<\/p>\n","protected":false},"excerpt":{"rendered":"<p>Crazy II\u00a0on \u00fcliv\u00f5imekas j\u00e4nkuvibraator kvaliteetsete ja soodsate Pretty Love vibraatorite sarjast. See sametiselt pehme pealispinnaga armsa v\u00e4limusega vibraator kombineerib endas ootamatult intensiivseid vibratsioone ja\u00a0lainelist vart, mis soojeneb 45\u00baC, kui vajutada spetsiaalsele nupule!<\/p>\n","protected":false},"featured_media":7712,"comment_status":"closed","ping_status":"closed","template":"","meta":[],"product_brand":[],"product_cat":[114,71,77],"product_tag":[],"class_list":{"0":"post-7710","1":"product","2":"type-product","3":"status-publish","4":"has-post-thumbnail","6":"product_cat-rabbit-vibrators","7":"product_cat-for-women","8":"product_cat-vibrators-for-women","9":"pa_brand-pretty-love","11":"first","12":"instock","13":"taxable","14":"shipping-taxable","15":"purchasable","16":"product-type-simple"},"yoast_head":"<!-- This site is optimized with the Yoast SEO Premium plugin v26.0 (Yoast SEO v27.3) - https:\/\/yoast.com\/product\/yoast-seo-premium-wordpress\/ -->\n<title>Pretty Love - Crazy II soojeneva varrega vibraator | Veenus<\/title>\n<meta name=\"description\" content=\"Pretty Love - Crazy\" \/>\n<meta name=\"robots\" content=\"index, follow, max-snippet:-1, max-image-preview:large, max-video-preview:-1\" \/>\n<link rel=\"canonical\" href=\"https:\/\/veenus.ee\/ru\/toode\/pretty-love-crazy-ii-soojeneva-varrega-vibraator\/\" \/>\n<meta property=\"og:locale\" content=\"ru_RU\" \/>\n<meta property=\"og:type\" content=\"article\" \/>\n<meta property=\"og:title\" content=\"Pretty Love - Crazy II soojeneva varrega vibraator\" \/>\n<meta property=\"og:description\" content=\"Pretty Love - Crazy\" \/>\n<meta property=\"og:url\" content=\"https:\/\/veenus.ee\/ru\/toode\/pretty-love-crazy-ii-soojeneva-varrega-vibraator\/\" \/>\n<meta property=\"og:site_name\" content=\"Veenus\" \/>\n<meta property=\"article:modified_time\" content=\"2024-02-03T16:57:12+00:00\" \/>\n<meta property=\"og:image\" content=\"https:\/\/veenus.ee\/wp-content\/uploads\/2022\/01\/pl_crazy_02.jpg\" \/>\n\t<meta property=\"og:image:width\" content=\"1000\" \/>\n\t<meta property=\"og:image:height\" content=\"1000\" \/>\n\t<meta property=\"og:image:type\" content=\"image\/jpeg\" \/>\n<meta name=\"twitter:card\" content=\"summary_large_image\" \/>\n<meta name=\"twitter:label1\" content=\"\u0426\u0435\u043d\u0430\" \/>\n\t<meta name=\"twitter:data1\" content=\"89.95&euro;\" \/>\n\t<meta name=\"twitter:label2\" content=\"\u0414\u043e\u0441\u0442\u0443\u043f\u043d\u043e\u0441\u0442\u044c\" \/>\n\t<meta name=\"twitter:data2\" content=\"\u0412 \u043d\u0430\u043b\u0438\u0447\u0438\u0438\" \/>\n<script type=\"application\/ld+json\" class=\"yoast-schema-graph\">{\"@context\":\"https:\\\/\\\/schema.org\",\"@graph\":[{\"@type\":\"WebPage\",\"@id\":\"https:\\\/\\\/veenus.ee\\\/ru\\\/toode\\\/pretty-love-crazy-ii-soojeneva-varrega-vibraator\\\/\",\"url\":\"https:\\\/\\\/veenus.ee\\\/ru\\\/toode\\\/pretty-love-crazy-ii-soojeneva-varrega-vibraator\\\/\",\"name\":\"Pretty Love - Crazy II soojeneva varrega vibraator | Veenus\",\"isPartOf\":{\"@id\":\"https:\\\/\\\/veenus.ee\\\/#website\"},\"primaryImageOfPage\":{\"@id\":\"https:\\\/\\\/veenus.ee\\\/ru\\\/toode\\\/pretty-love-crazy-ii-soojeneva-varrega-vibraator\\\/#primaryimage\"},\"image\":{\"@id\":\"https:\\\/\\\/veenus.ee\\\/ru\\\/toode\\\/pretty-love-crazy-ii-soojeneva-varrega-vibraator\\\/#primaryimage\"},\"thumbnailUrl\":\"https:\\\/\\\/veenus.ee\\\/wp-content\\\/uploads\\\/2022\\\/01\\\/pl_crazy_02.jpg\",\"datePublished\":\"2022-01-08T22:34:23+00:00\",\"dateModified\":\"2024-02-03T16:57:12+00:00\",\"description\":\"Pretty Love - Crazy\",\"breadcrumb\":{\"@id\":\"https:\\\/\\\/veenus.ee\\\/ru\\\/toode\\\/pretty-love-crazy-ii-soojeneva-varrega-vibraator\\\/#breadcrumb\"},\"inLanguage\":\"ru-RU\",\"potentialAction\":[{\"@type\":\"ReadAction\",\"target\":[\"https:\\\/\\\/veenus.ee\\\/ru\\\/toode\\\/pretty-love-crazy-ii-soojeneva-varrega-vibraator\\\/\"]}]},{\"@type\":\"ImageObject\",\"inLanguage\":\"ru-RU\",\"@id\":\"https:\\\/\\\/veenus.ee\\\/ru\\\/toode\\\/pretty-love-crazy-ii-soojeneva-varrega-vibraator\\\/#primaryimage\",\"url\":\"https:\\\/\\\/veenus.ee\\\/wp-content\\\/uploads\\\/2022\\\/01\\\/pl_crazy_02.jpg\",\"contentUrl\":\"https:\\\/\\\/veenus.ee\\\/wp-content\\\/uploads\\\/2022\\\/01\\\/pl_crazy_02.jpg\",\"width\":1000,\"height\":1000},{\"@type\":\"BreadcrumbList\",\"@id\":\"https:\\\/\\\/veenus.ee\\\/ru\\\/toode\\\/pretty-love-crazy-ii-soojeneva-varrega-vibraator\\\/#breadcrumb\",\"itemListElement\":[{\"@type\":\"ListItem\",\"position\":1,\"name\":\"Home\",\"item\":\"https:\\\/\\\/veenus.ee\\\/\"},{\"@type\":\"ListItem\",\"position\":2,\"name\":\"pood\",\"item\":\"https:\\\/\\\/veenus.ee\\\/pood\\\/\"},{\"@type\":\"ListItem\",\"position\":3,\"name\":\"Pretty Love &#8212; Crazy II soojeneva varrega vibraator\"}]},{\"@type\":\"WebSite\",\"@id\":\"https:\\\/\\\/veenus.ee\\\/#website\",\"url\":\"https:\\\/\\\/veenus.ee\\\/\",\"name\":\"Veenus\",\"description\":\"(Eesti) Veenus, erootikakaubad, sekstooted\",\"publisher\":{\"@id\":\"https:\\\/\\\/veenus.ee\\\/#organization\"},\"potentialAction\":[{\"@type\":\"SearchAction\",\"target\":{\"@type\":\"EntryPoint\",\"urlTemplate\":\"https:\\\/\\\/veenus.ee\\\/?s={search_term_string}\"},\"query-input\":{\"@type\":\"PropertyValueSpecification\",\"valueRequired\":true,\"valueName\":\"search_term_string\"}}],\"inLanguage\":\"ru-RU\"},{\"@type\":\"Organization\",\"@id\":\"https:\\\/\\\/veenus.ee\\\/#organization\",\"name\":\"Veenus\",\"url\":\"https:\\\/\\\/veenus.ee\\\/\",\"logo\":{\"@type\":\"ImageObject\",\"inLanguage\":\"ru-RU\",\"@id\":\"https:\\\/\\\/veenus.ee\\\/#\\\/schema\\\/logo\\\/image\\\/\",\"url\":\"https:\\\/\\\/veenus.ee\\\/wp-content\\\/uploads\\\/2021\\\/12\\\/logo.png\",\"contentUrl\":\"https:\\\/\\\/veenus.ee\\\/wp-content\\\/uploads\\\/2021\\\/12\\\/logo.png\",\"width\":119,\"height\":70,\"caption\":\"Veenus\"},\"image\":{\"@id\":\"https:\\\/\\\/veenus.ee\\\/#\\\/schema\\\/logo\\\/image\\\/\"}}]}<\/script>\n<meta property=\"product:price:amount\" content=\"89.95\" \/>\n<meta property=\"product:price:currency\" content=\"EUR\" \/>\n<meta property=\"og:availability\" content=\"instock\" \/>\n<meta property=\"product:availability\" content=\"instock\" \/>\n<meta property=\"product:retailer_item_id\" content=\"6959532309638\" \/>\n<meta property=\"product:condition\" content=\"new\" \/>\n<!-- \/ Yoast SEO Premium plugin. -->","yoast_head_json":{"title":"Pretty Love - Crazy II soojeneva varrega vibraator | Veenus","description":"Pretty Love - Crazy","robots":{"index":"index","follow":"follow","max-snippet":"max-snippet:-1","max-image-preview":"max-image-preview:large","max-video-preview":"max-video-preview:-1"},"canonical":"https:\/\/veenus.ee\/ru\/toode\/pretty-love-crazy-ii-soojeneva-varrega-vibraator\/","og_locale":"ru_RU","og_type":"article","og_title":"Pretty Love - Crazy II soojeneva varrega vibraator","og_description":"Pretty Love - Crazy","og_url":"https:\/\/veenus.ee\/ru\/toode\/pretty-love-crazy-ii-soojeneva-varrega-vibraator\/","og_site_name":"Veenus","article_modified_time":"2024-02-03T16:57:12+00:00","og_image":[{"width":1000,"height":1000,"url":"https:\/\/veenus.ee\/wp-content\/uploads\/2022\/01\/pl_crazy_02.jpg","type":"image\/jpeg"}],"twitter_card":"summary_large_image","twitter_misc":{"\u0426\u0435\u043d\u0430":"89.95&euro;","\u0414\u043e\u0441\u0442\u0443\u043f\u043d\u043e\u0441\u0442\u044c":"\u0412 \u043d\u0430\u043b\u0438\u0447\u0438\u0438"},"schema":{"@context":"https:\/\/schema.org","@graph":[{"@type":"WebPage","@id":"https:\/\/veenus.ee\/ru\/toode\/pretty-love-crazy-ii-soojeneva-varrega-vibraator\/","url":"https:\/\/veenus.ee\/ru\/toode\/pretty-love-crazy-ii-soojeneva-varrega-vibraator\/","name":"Pretty Love - Crazy II soojeneva varrega vibraator | Veenus","isPartOf":{"@id":"https:\/\/veenus.ee\/#website"},"primaryImageOfPage":{"@id":"https:\/\/veenus.ee\/ru\/toode\/pretty-love-crazy-ii-soojeneva-varrega-vibraator\/#primaryimage"},"image":{"@id":"https:\/\/veenus.ee\/ru\/toode\/pretty-love-crazy-ii-soojeneva-varrega-vibraator\/#primaryimage"},"thumbnailUrl":"https:\/\/veenus.ee\/wp-content\/uploads\/2022\/01\/pl_crazy_02.jpg","datePublished":"2022-01-08T22:34:23+00:00","dateModified":"2024-02-03T16:57:12+00:00","description":"Pretty Love - Crazy","breadcrumb":{"@id":"https:\/\/veenus.ee\/ru\/toode\/pretty-love-crazy-ii-soojeneva-varrega-vibraator\/#breadcrumb"},"inLanguage":"ru-RU","potentialAction":[{"@type":"ReadAction","target":["https:\/\/veenus.ee\/ru\/toode\/pretty-love-crazy-ii-soojeneva-varrega-vibraator\/"]}]},{"@type":"ImageObject","inLanguage":"ru-RU","@id":"https:\/\/veenus.ee\/ru\/toode\/pretty-love-crazy-ii-soojeneva-varrega-vibraator\/#primaryimage","url":"https:\/\/veenus.ee\/wp-content\/uploads\/2022\/01\/pl_crazy_02.jpg","contentUrl":"https:\/\/veenus.ee\/wp-content\/uploads\/2022\/01\/pl_crazy_02.jpg","width":1000,"height":1000},{"@type":"BreadcrumbList","@id":"https:\/\/veenus.ee\/ru\/toode\/pretty-love-crazy-ii-soojeneva-varrega-vibraator\/#breadcrumb","itemListElement":[{"@type":"ListItem","position":1,"name":"Home","item":"https:\/\/veenus.ee\/"},{"@type":"ListItem","position":2,"name":"pood","item":"https:\/\/veenus.ee\/pood\/"},{"@type":"ListItem","position":3,"name":"Pretty Love &#8212; Crazy II soojeneva varrega vibraator"}]},{"@type":"WebSite","@id":"https:\/\/veenus.ee\/#website","url":"https:\/\/veenus.ee\/","name":"Veenus","description":"(Eesti) Veenus, erootikakaubad, sekstooted","publisher":{"@id":"https:\/\/veenus.ee\/#organization"},"potentialAction":[{"@type":"SearchAction","target":{"@type":"EntryPoint","urlTemplate":"https:\/\/veenus.ee\/?s={search_term_string}"},"query-input":{"@type":"PropertyValueSpecification","valueRequired":true,"valueName":"search_term_string"}}],"inLanguage":"ru-RU"},{"@type":"Organization","@id":"https:\/\/veenus.ee\/#organization","name":"Veenus","url":"https:\/\/veenus.ee\/","logo":{"@type":"ImageObject","inLanguage":"ru-RU","@id":"https:\/\/veenus.ee\/#\/schema\/logo\/image\/","url":"https:\/\/veenus.ee\/wp-content\/uploads\/2021\/12\/logo.png","contentUrl":"https:\/\/veenus.ee\/wp-content\/uploads\/2021\/12\/logo.png","width":119,"height":70,"caption":"Veenus"},"image":{"@id":"https:\/\/veenus.ee\/#\/schema\/logo\/image\/"}}]},"product_price_amount":"89.95","product_price_currency":"EUR","og_availability":"instock","product_availability":"instock","product_retailer_item_id":"6959532309638","product_condition":"new"},"_links":{"self":[{"href":"https:\/\/veenus.ee\/ru\/wp-json\/wp\/v2\/product\/7710","targetHints":{"allow":["GET"]}}],"collection":[{"href":"https:\/\/veenus.ee\/ru\/wp-json\/wp\/v2\/product"}],"about":[{"href":"https:\/\/veenus.ee\/ru\/wp-json\/wp\/v2\/types\/product"}],"replies":[{"embeddable":true,"href":"https:\/\/veenus.ee\/ru\/wp-json\/wp\/v2\/comments?post=7710"}],"wp:featuredmedia":[{"embeddable":true,"href":"https:\/\/veenus.ee\/ru\/wp-json\/wp\/v2\/media\/7712"}],"wp:attachment":[{"href":"https:\/\/veenus.ee\/ru\/wp-json\/wp\/v2\/media?parent=7710"}],"wp:term":[{"taxonomy":"product_brand","embeddable":true,"href":"https:\/\/veenus.ee\/ru\/wp-json\/wp\/v2\/product_brand?post=7710"},{"taxonomy":"product_cat","embeddable":true,"href":"https:\/\/veenus.ee\/ru\/wp-json\/wp\/v2\/product_cat?post=7710"},{"taxonomy":"product_tag","embeddable":true,"href":"https:\/\/veenus.ee\/ru\/wp-json\/wp\/v2\/product_tag?post=7710"}],"curies":[{"name":"wp","href":"https:\/\/api.w.org\/{rel}","templated":true}]}}