{"id":7586,"date":"2022-01-04T12:52:06","date_gmt":"2022-01-04T10:52:06","guid":{"rendered":"https:\/\/veenus.ee\/?post_type=product&#038;p=7586"},"modified":"2022-01-07T11:23:57","modified_gmt":"2022-01-07T09:23:57","slug":"lelo-ina-wave-liikuv-supervibraator","status":"publish","type":"product","link":"https:\/\/veenus.ee\/ru\/toode\/lelo-ina-wave-liikuv-supervibraator\/","title":{"rendered":"LELO Ina Wave liikuv supervibraator"},"content":{"rendered":"<p>Ina Wave on oma eelk\u00e4ijate j\u00e4lgedes truult p\u00fcsiv supervibraator \u00fclikvaliteetsete sekslelude tootjalt LELO, millele on lisatud unikaalne Wave tehnoloogia, mis liigutab pikemat sabakest edasi-tagasi. Pakub kliitori ja G-punkti \u00fcheaegset stimulatsiooni. Detailidele r\u00f5huv, v\u00e4ga elegantne vibraator naistele, kes teavad, mida voodis soovivad ja ootavad. Vibraatori kaarjas siidise pinnaga vars v\u00f5imaldab ligip\u00e4\u00e4su k\u00f5ige paremini peidetud n\u00e4rvipunktide juurde, mis pahatihti just parimat naudingut pakuvad, samas kui tema terav tipp keskendub v\u00e4ga kitsale piirkonnale, maksimeerides sealt saadava naudingu ja painduv sabake vajutab sobiliku survega kliitorile.<\/p>\n<p>10 astmeliselt tugevnevat vibratsiooni intensiivsust ja 10 stimulatsiooni re\u017eiimi, mis keskenduvad vaheldumisi kas kliitorile, vagiinale v\u00f5i m\u00f5lemale korraga ja mida saab omakorda muuta vastavalt soovile kas tugevamaks v\u00f5i n\u00f5rgemaks. Omap\u00e4raseks teeb lelu nn. kajaefekt, ehk vibratsioon liigub \u00fchest mootorist teise, mis sel hetkel t\u00f6\u00f6tavad s\u00fcnkroonist v\u00e4ljas. Wave tehnoloogia liigutab lelukese pikka vart edasi-tagasi ja kaks mootorit panevad rappuma kogu vibraatori kere. K\u00f5ike seda l\u00f5bu saab kontrollida viie nupu abil &#8212; kaks horisontaaset vibratsiooni tugevuse, kaks vertikaalset re\u017eiimi jaoks ja keskmine sisse-v\u00e4lja l\u00fclitamiseks.<\/p>\n<p>Vibraatori ots ja k\u00e4epide on m\u00f5lemad kaetud meditsiinilise silikooniga. Vars on endiselt j\u00e4ik, vaid kliitori sabake on kergesti v\u00e4\u00e4natav. See teeb toote steriilselt l\u00f5hnavabaks, mida v\u00f5ib hinnata iga puhtusest lugupidav kasutaja. Toode on t\u00e4iesti veekindel ja seda v\u00f5ib kasutada isegi vannis.<\/p>\n<p>K\u00e4ep\u00e4rane kasutada, ei vaja patareisid, vaid on vooluv\u00f5rgust laetav. Peale 2 tunnist laadimist v\u00f5imaldab kuni 2 tundi kasutamisaega, p\u00fcsides 90 p\u00e4eva ooterezhiimil. Sisestatava osa pikkus 10,5 cm, kogupikkus 19,5 cm, kliitori stimulaatori pikkus 5 cm, varre l\u00e4bim\u00f5\u00f5t 2,5 &#8212; 3,5 cm. Pakendatud elegantsesse kinkekarpi. Kaasas laadija, siidine hoiukott ja kasutus\u00f5petus. K\u00f5rge kvaliteet! LELO annab tootele omapoolse aastase garantii.<\/p>\n","protected":false},"excerpt":{"rendered":"<p>Uuema generatsiooni vibraator<br \/>\nLiikuva varrega<br \/>\nK\u00fcmme vibratsiooni taset<br \/>\nTaaslaetava akuga<br \/>\nAbsoluutselt veekindel<br \/>\nNuppude lukustamine<br \/>\nNahas\u00f5bralik silikoon<\/p>\n","protected":false},"featured_media":7587,"comment_status":"closed","ping_status":"closed","template":"","meta":[],"product_brand":[],"product_cat":[114],"product_tag":[],"class_list":{"0":"post-7586","1":"product","2":"type-product","3":"status-publish","4":"has-post-thumbnail","6":"product_cat-rabbit-vibrators","7":"pa_brand-lelo","9":"first","10":"instock","11":"featured","12":"taxable","13":"shipping-taxable","14":"purchasable","15":"product-type-variable"},"yoast_head":"<!-- This site is optimized with the Yoast SEO Premium plugin v26.0 (Yoast SEO v27.4) - https:\/\/yoast.com\/product\/yoast-seo-premium-wordpress\/ -->\n<title>LELO Ina Wave liikuv supervibraator | Veenus<\/title>\n<meta name=\"robots\" content=\"index, follow, max-snippet:-1, max-image-preview:large, max-video-preview:-1\" \/>\n<link rel=\"canonical\" href=\"https:\/\/veenus.ee\/ru\/toode\/lelo-ina-wave-liikuv-supervibraator\/\" \/>\n<meta property=\"og:locale\" content=\"ru_RU\" \/>\n<meta property=\"og:type\" content=\"article\" \/>\n<meta property=\"og:title\" content=\"LELO Ina Wave liikuv supervibraator\" \/>\n<meta property=\"og:description\" content=\"Uuema generatsiooni vibraator Liikuva varrega K\u00fcmme vibratsiooni taset Taaslaetava akuga Absoluutselt veekindel Nuppude lukustamine Nahas\u00f5bralik silikoon\" \/>\n<meta property=\"og:url\" content=\"https:\/\/veenus.ee\/en\/toode\/lelo-ina-wave-liikuv-supervibraator\/\" \/>\n<meta property=\"og:site_name\" content=\"Veenus\" \/>\n<meta property=\"article:modified_time\" content=\"2022-01-07T09:23:57+00:00\" \/>\n<meta property=\"og:image\" content=\"https:\/\/veenus.ee\/wp-content\/uploads\/2022\/01\/lelo_ida_vibrator_09.jpg\" \/>\n\t<meta property=\"og:image:width\" content=\"1000\" \/>\n\t<meta property=\"og:image:height\" content=\"1000\" \/>\n\t<meta property=\"og:image:type\" content=\"image\/jpeg\" \/>\n<meta name=\"twitter:card\" content=\"summary_large_image\" \/>\n<meta name=\"twitter:label1\" content=\"\u0414\u043e\u0441\u0442\u0443\u043f\u043d\u043e\u0441\u0442\u044c\" \/>\n\t<meta name=\"twitter:data1\" content=\"\u0412 \u043d\u0430\u043b\u0438\u0447\u0438\u0438\" \/>\n<script type=\"application\/ld+json\" class=\"yoast-schema-graph\">{\"@context\":\"https:\\\/\\\/schema.org\",\"@graph\":[{\"@type\":\"WebPage\",\"@id\":\"https:\\\/\\\/veenus.ee\\\/en\\\/toode\\\/lelo-ina-wave-liikuv-supervibraator\\\/\",\"url\":\"https:\\\/\\\/veenus.ee\\\/en\\\/toode\\\/lelo-ina-wave-liikuv-supervibraator\\\/\",\"name\":\"LELO Ina Wave liikuv supervibraator | Veenus\",\"isPartOf\":{\"@id\":\"https:\\\/\\\/veenus.ee\\\/#website\"},\"primaryImageOfPage\":{\"@id\":\"https:\\\/\\\/veenus.ee\\\/en\\\/toode\\\/lelo-ina-wave-liikuv-supervibraator\\\/#primaryimage\"},\"image\":{\"@id\":\"https:\\\/\\\/veenus.ee\\\/en\\\/toode\\\/lelo-ina-wave-liikuv-supervibraator\\\/#primaryimage\"},\"thumbnailUrl\":\"https:\\\/\\\/veenus.ee\\\/wp-content\\\/uploads\\\/2022\\\/01\\\/lelo_ida_vibrator_09.jpg\",\"datePublished\":\"2022-01-04T10:52:06+00:00\",\"dateModified\":\"2022-01-07T09:23:57+00:00\",\"breadcrumb\":{\"@id\":\"https:\\\/\\\/veenus.ee\\\/en\\\/toode\\\/lelo-ina-wave-liikuv-supervibraator\\\/#breadcrumb\"},\"inLanguage\":\"ru-RU\",\"potentialAction\":[{\"@type\":\"ReadAction\",\"target\":[\"https:\\\/\\\/veenus.ee\\\/en\\\/toode\\\/lelo-ina-wave-liikuv-supervibraator\\\/\"]}]},{\"@type\":\"ImageObject\",\"inLanguage\":\"ru-RU\",\"@id\":\"https:\\\/\\\/veenus.ee\\\/en\\\/toode\\\/lelo-ina-wave-liikuv-supervibraator\\\/#primaryimage\",\"url\":\"https:\\\/\\\/veenus.ee\\\/wp-content\\\/uploads\\\/2022\\\/01\\\/lelo_ida_vibrator_09.jpg\",\"contentUrl\":\"https:\\\/\\\/veenus.ee\\\/wp-content\\\/uploads\\\/2022\\\/01\\\/lelo_ida_vibrator_09.jpg\",\"width\":1000,\"height\":1000},{\"@type\":\"BreadcrumbList\",\"@id\":\"https:\\\/\\\/veenus.ee\\\/en\\\/toode\\\/lelo-ina-wave-liikuv-supervibraator\\\/#breadcrumb\",\"itemListElement\":[{\"@type\":\"ListItem\",\"position\":1,\"name\":\"Home\",\"item\":\"https:\\\/\\\/veenus.ee\\\/\"},{\"@type\":\"ListItem\",\"position\":2,\"name\":\"pood\",\"item\":\"https:\\\/\\\/veenus.ee\\\/pood\\\/\"},{\"@type\":\"ListItem\",\"position\":3,\"name\":\"LELO Ina Wave liikuv supervibraator\"}]},{\"@type\":\"WebSite\",\"@id\":\"https:\\\/\\\/veenus.ee\\\/#website\",\"url\":\"https:\\\/\\\/veenus.ee\\\/\",\"name\":\"Veenus\",\"description\":\"(Eesti) Veenus, erootikakaubad, sekstooted\",\"publisher\":{\"@id\":\"https:\\\/\\\/veenus.ee\\\/#organization\"},\"potentialAction\":[{\"@type\":\"SearchAction\",\"target\":{\"@type\":\"EntryPoint\",\"urlTemplate\":\"https:\\\/\\\/veenus.ee\\\/?s={search_term_string}\"},\"query-input\":{\"@type\":\"PropertyValueSpecification\",\"valueRequired\":true,\"valueName\":\"search_term_string\"}}],\"inLanguage\":\"ru-RU\"},{\"@type\":\"Organization\",\"@id\":\"https:\\\/\\\/veenus.ee\\\/#organization\",\"name\":\"Veenus\",\"url\":\"https:\\\/\\\/veenus.ee\\\/\",\"logo\":{\"@type\":\"ImageObject\",\"inLanguage\":\"ru-RU\",\"@id\":\"https:\\\/\\\/veenus.ee\\\/#\\\/schema\\\/logo\\\/image\\\/\",\"url\":\"https:\\\/\\\/veenus.ee\\\/wp-content\\\/uploads\\\/2021\\\/12\\\/logo.png\",\"contentUrl\":\"https:\\\/\\\/veenus.ee\\\/wp-content\\\/uploads\\\/2021\\\/12\\\/logo.png\",\"width\":119,\"height\":70,\"caption\":\"Veenus\"},\"image\":{\"@id\":\"https:\\\/\\\/veenus.ee\\\/#\\\/schema\\\/logo\\\/image\\\/\"}}]}<\/script>\n<meta property=\"og:availability\" content=\"instock\" \/>\n<meta property=\"product:availability\" content=\"instock\" \/>\n<meta property=\"product:retailer_item_id\" content=\"1279\" \/>\n<meta property=\"product:condition\" content=\"new\" \/>\n<!-- \/ Yoast SEO Premium plugin. -->","yoast_head_json":{"title":"LELO Ina Wave liikuv supervibraator | Veenus","robots":{"index":"index","follow":"follow","max-snippet":"max-snippet:-1","max-image-preview":"max-image-preview:large","max-video-preview":"max-video-preview:-1"},"canonical":"https:\/\/veenus.ee\/ru\/toode\/lelo-ina-wave-liikuv-supervibraator\/","og_locale":"ru_RU","og_type":"article","og_title":"LELO Ina Wave liikuv supervibraator","og_description":"Uuema generatsiooni vibraator Liikuva varrega K\u00fcmme vibratsiooni taset Taaslaetava akuga Absoluutselt veekindel Nuppude lukustamine Nahas\u00f5bralik silikoon","og_url":"https:\/\/veenus.ee\/en\/toode\/lelo-ina-wave-liikuv-supervibraator\/","og_site_name":"Veenus","article_modified_time":"2022-01-07T09:23:57+00:00","og_image":[{"width":1000,"height":1000,"url":"https:\/\/veenus.ee\/wp-content\/uploads\/2022\/01\/lelo_ida_vibrator_09.jpg","type":"image\/jpeg"}],"twitter_card":"summary_large_image","twitter_misc":{"\u0414\u043e\u0441\u0442\u0443\u043f\u043d\u043e\u0441\u0442\u044c":"\u0412 \u043d\u0430\u043b\u0438\u0447\u0438\u0438"},"schema":{"@context":"https:\/\/schema.org","@graph":[{"@type":"WebPage","@id":"https:\/\/veenus.ee\/en\/toode\/lelo-ina-wave-liikuv-supervibraator\/","url":"https:\/\/veenus.ee\/en\/toode\/lelo-ina-wave-liikuv-supervibraator\/","name":"LELO Ina Wave liikuv supervibraator | Veenus","isPartOf":{"@id":"https:\/\/veenus.ee\/#website"},"primaryImageOfPage":{"@id":"https:\/\/veenus.ee\/en\/toode\/lelo-ina-wave-liikuv-supervibraator\/#primaryimage"},"image":{"@id":"https:\/\/veenus.ee\/en\/toode\/lelo-ina-wave-liikuv-supervibraator\/#primaryimage"},"thumbnailUrl":"https:\/\/veenus.ee\/wp-content\/uploads\/2022\/01\/lelo_ida_vibrator_09.jpg","datePublished":"2022-01-04T10:52:06+00:00","dateModified":"2022-01-07T09:23:57+00:00","breadcrumb":{"@id":"https:\/\/veenus.ee\/en\/toode\/lelo-ina-wave-liikuv-supervibraator\/#breadcrumb"},"inLanguage":"ru-RU","potentialAction":[{"@type":"ReadAction","target":["https:\/\/veenus.ee\/en\/toode\/lelo-ina-wave-liikuv-supervibraator\/"]}]},{"@type":"ImageObject","inLanguage":"ru-RU","@id":"https:\/\/veenus.ee\/en\/toode\/lelo-ina-wave-liikuv-supervibraator\/#primaryimage","url":"https:\/\/veenus.ee\/wp-content\/uploads\/2022\/01\/lelo_ida_vibrator_09.jpg","contentUrl":"https:\/\/veenus.ee\/wp-content\/uploads\/2022\/01\/lelo_ida_vibrator_09.jpg","width":1000,"height":1000},{"@type":"BreadcrumbList","@id":"https:\/\/veenus.ee\/en\/toode\/lelo-ina-wave-liikuv-supervibraator\/#breadcrumb","itemListElement":[{"@type":"ListItem","position":1,"name":"Home","item":"https:\/\/veenus.ee\/"},{"@type":"ListItem","position":2,"name":"pood","item":"https:\/\/veenus.ee\/pood\/"},{"@type":"ListItem","position":3,"name":"LELO Ina Wave liikuv supervibraator"}]},{"@type":"WebSite","@id":"https:\/\/veenus.ee\/#website","url":"https:\/\/veenus.ee\/","name":"Veenus","description":"(Eesti) Veenus, erootikakaubad, sekstooted","publisher":{"@id":"https:\/\/veenus.ee\/#organization"},"potentialAction":[{"@type":"SearchAction","target":{"@type":"EntryPoint","urlTemplate":"https:\/\/veenus.ee\/?s={search_term_string}"},"query-input":{"@type":"PropertyValueSpecification","valueRequired":true,"valueName":"search_term_string"}}],"inLanguage":"ru-RU"},{"@type":"Organization","@id":"https:\/\/veenus.ee\/#organization","name":"Veenus","url":"https:\/\/veenus.ee\/","logo":{"@type":"ImageObject","inLanguage":"ru-RU","@id":"https:\/\/veenus.ee\/#\/schema\/logo\/image\/","url":"https:\/\/veenus.ee\/wp-content\/uploads\/2021\/12\/logo.png","contentUrl":"https:\/\/veenus.ee\/wp-content\/uploads\/2021\/12\/logo.png","width":119,"height":70,"caption":"Veenus"},"image":{"@id":"https:\/\/veenus.ee\/#\/schema\/logo\/image\/"}}]},"og_availability":"instock","product_availability":"instock","product_retailer_item_id":"1279","product_condition":"new"},"_links":{"self":[{"href":"https:\/\/veenus.ee\/ru\/wp-json\/wp\/v2\/product\/7586","targetHints":{"allow":["GET"]}}],"collection":[{"href":"https:\/\/veenus.ee\/ru\/wp-json\/wp\/v2\/product"}],"about":[{"href":"https:\/\/veenus.ee\/ru\/wp-json\/wp\/v2\/types\/product"}],"replies":[{"embeddable":true,"href":"https:\/\/veenus.ee\/ru\/wp-json\/wp\/v2\/comments?post=7586"}],"wp:featuredmedia":[{"embeddable":true,"href":"https:\/\/veenus.ee\/ru\/wp-json\/wp\/v2\/media\/7587"}],"wp:attachment":[{"href":"https:\/\/veenus.ee\/ru\/wp-json\/wp\/v2\/media?parent=7586"}],"wp:term":[{"taxonomy":"product_brand","embeddable":true,"href":"https:\/\/veenus.ee\/ru\/wp-json\/wp\/v2\/product_brand?post=7586"},{"taxonomy":"product_cat","embeddable":true,"href":"https:\/\/veenus.ee\/ru\/wp-json\/wp\/v2\/product_cat?post=7586"},{"taxonomy":"product_tag","embeddable":true,"href":"https:\/\/veenus.ee\/ru\/wp-json\/wp\/v2\/product_tag?post=7586"}],"curies":[{"name":"wp","href":"https:\/\/api.w.org\/{rel}","templated":true}]}}