{"id":7564,"date":"2022-01-04T09:20:56","date_gmt":"2022-01-04T07:20:56","guid":{"rendered":"https:\/\/veenus.ee\/?post_type=product&#038;p=7564"},"modified":"2022-01-19T22:01:18","modified_gmt":"2022-01-19T20:01:18","slug":"see-you-in-bloom-duo-balls-29-mm-purple","status":"publish","type":"product","link":"https:\/\/veenus.ee\/ru\/toode\/see-you-in-bloom-duo-balls-29-mm-purple\/","title":{"rendered":"See You In Bloom Duo Balls 29-36 mm"},"content":{"rendered":"<p>&nbsp;<\/p>\n<p>Kasutusviisid<br \/>\n&#8212; Kasutage palle v\u00e4hemalt 15-30 minutit p\u00e4evas.<br \/>\n&#8212; Isegi igap\u00e4evaste toimingute korral, kui teil on pallid sees, treenivad nad ka siis. Meie keha on piisavalt tark, nii et kui pallid on sees, lihased hoiavad palle loomulikult ilma erilise j\u00f5upingutuseta.<br \/>\n&#8212; Suurendage kaalu k\u00f5ige kergemast kuni k\u00f5ige raskemini.<\/p>\n","protected":false},"excerpt":{"rendered":"<p>29-36 mm lillekujulised Kegeli pallid Kaal: 60 g. \/ komplekt. T\u00e4ielik silikoon, mis on kaetud voolava raudkuuliga. Lille kujundus, hea kvaliteet, siidine k\u00e4etunnetus. Stimuleerib ja tugevdab vaagnap\u00f5hja. Pallide sees olevad raskused pakuvad looduslikku massaa\u017ei.<\/p>\n","protected":false},"featured_media":7568,"comment_status":"closed","ping_status":"closed","template":"","meta":[],"product_brand":[],"product_cat":[79],"product_tag":[],"class_list":{"0":"post-7564","1":"product","2":"type-product","3":"status-publish","4":"has-post-thumbnail","6":"product_cat-vaginal-balls-for-women","7":"pa_brand-see-you","9":"first","10":"instock","11":"taxable","12":"shipping-taxable","13":"purchasable","14":"product-type-variable","15":"has-default-attributes"},"yoast_head":"<!-- This site is optimized with the Yoast SEO Premium plugin v26.0 (Yoast SEO v27.4) - https:\/\/yoast.com\/product\/yoast-seo-premium-wordpress\/ -->\n<title>See You In Bloom Duo Balls 29-36 mm | Veenus<\/title>\n<meta name=\"robots\" content=\"index, follow, max-snippet:-1, max-image-preview:large, max-video-preview:-1\" \/>\n<link rel=\"canonical\" href=\"https:\/\/veenus.ee\/ru\/toode\/see-you-in-bloom-duo-balls-29-mm-purple\/\" \/>\n<meta property=\"og:locale\" content=\"ru_RU\" \/>\n<meta property=\"og:type\" content=\"article\" \/>\n<meta property=\"og:title\" content=\"See You In Bloom Duo Balls 29-36 mm\" \/>\n<meta property=\"og:description\" content=\"29-36 mm lillekujulised Kegeli pallid Kaal: 60 g. \/ komplekt. T\u00e4ielik silikoon, mis on kaetud voolava raudkuuliga. Lille kujundus, hea kvaliteet, siidine k\u00e4etunnetus. Stimuleerib ja tugevdab vaagnap\u00f5hja. Pallide sees olevad raskused pakuvad looduslikku massaa\u017ei.\" \/>\n<meta property=\"og:url\" content=\"https:\/\/veenus.ee\/en\/toode\/see-you-in-bloom-duo-balls-29-mm-purple\/\" \/>\n<meta property=\"og:site_name\" content=\"Veenus\" \/>\n<meta property=\"article:modified_time\" content=\"2022-01-19T20:01:18+00:00\" \/>\n<meta property=\"og:image\" content=\"https:\/\/veenus.ee\/wp-content\/uploads\/2022\/01\/see-you-in-bloom-duo-balls-29-mm-purple.jpg\" \/>\n\t<meta property=\"og:image:width\" content=\"800\" \/>\n\t<meta property=\"og:image:height\" content=\"800\" \/>\n\t<meta property=\"og:image:type\" content=\"image\/jpeg\" \/>\n<meta name=\"twitter:card\" content=\"summary_large_image\" \/>\n<meta name=\"twitter:label1\" content=\"\u0414\u043e\u0441\u0442\u0443\u043f\u043d\u043e\u0441\u0442\u044c\" \/>\n\t<meta name=\"twitter:data1\" content=\"\u0412 \u043d\u0430\u043b\u0438\u0447\u0438\u0438\" \/>\n<script type=\"application\/ld+json\" class=\"yoast-schema-graph\">{\"@context\":\"https:\\\/\\\/schema.org\",\"@graph\":[{\"@type\":\"WebPage\",\"@id\":\"https:\\\/\\\/veenus.ee\\\/en\\\/toode\\\/see-you-in-bloom-duo-balls-29-mm-purple\\\/\",\"url\":\"https:\\\/\\\/veenus.ee\\\/en\\\/toode\\\/see-you-in-bloom-duo-balls-29-mm-purple\\\/\",\"name\":\"See You In Bloom Duo Balls 29-36 mm | Veenus\",\"isPartOf\":{\"@id\":\"https:\\\/\\\/veenus.ee\\\/#website\"},\"primaryImageOfPage\":{\"@id\":\"https:\\\/\\\/veenus.ee\\\/en\\\/toode\\\/see-you-in-bloom-duo-balls-29-mm-purple\\\/#primaryimage\"},\"image\":{\"@id\":\"https:\\\/\\\/veenus.ee\\\/en\\\/toode\\\/see-you-in-bloom-duo-balls-29-mm-purple\\\/#primaryimage\"},\"thumbnailUrl\":\"https:\\\/\\\/veenus.ee\\\/wp-content\\\/uploads\\\/2022\\\/01\\\/see-you-in-bloom-duo-balls-29-mm-purple.jpg\",\"datePublished\":\"2022-01-04T07:20:56+00:00\",\"dateModified\":\"2022-01-19T20:01:18+00:00\",\"breadcrumb\":{\"@id\":\"https:\\\/\\\/veenus.ee\\\/en\\\/toode\\\/see-you-in-bloom-duo-balls-29-mm-purple\\\/#breadcrumb\"},\"inLanguage\":\"ru-RU\",\"potentialAction\":[{\"@type\":\"ReadAction\",\"target\":[\"https:\\\/\\\/veenus.ee\\\/en\\\/toode\\\/see-you-in-bloom-duo-balls-29-mm-purple\\\/\"]}]},{\"@type\":\"ImageObject\",\"inLanguage\":\"ru-RU\",\"@id\":\"https:\\\/\\\/veenus.ee\\\/en\\\/toode\\\/see-you-in-bloom-duo-balls-29-mm-purple\\\/#primaryimage\",\"url\":\"https:\\\/\\\/veenus.ee\\\/wp-content\\\/uploads\\\/2022\\\/01\\\/see-you-in-bloom-duo-balls-29-mm-purple.jpg\",\"contentUrl\":\"https:\\\/\\\/veenus.ee\\\/wp-content\\\/uploads\\\/2022\\\/01\\\/see-you-in-bloom-duo-balls-29-mm-purple.jpg\",\"width\":800,\"height\":800},{\"@type\":\"BreadcrumbList\",\"@id\":\"https:\\\/\\\/veenus.ee\\\/en\\\/toode\\\/see-you-in-bloom-duo-balls-29-mm-purple\\\/#breadcrumb\",\"itemListElement\":[{\"@type\":\"ListItem\",\"position\":1,\"name\":\"Home\",\"item\":\"https:\\\/\\\/veenus.ee\\\/\"},{\"@type\":\"ListItem\",\"position\":2,\"name\":\"pood\",\"item\":\"https:\\\/\\\/veenus.ee\\\/pood\\\/\"},{\"@type\":\"ListItem\",\"position\":3,\"name\":\"See You In Bloom Duo Balls 29-36 mm\"}]},{\"@type\":\"WebSite\",\"@id\":\"https:\\\/\\\/veenus.ee\\\/#website\",\"url\":\"https:\\\/\\\/veenus.ee\\\/\",\"name\":\"Veenus\",\"description\":\"(Eesti) Veenus, erootikakaubad, sekstooted\",\"publisher\":{\"@id\":\"https:\\\/\\\/veenus.ee\\\/#organization\"},\"potentialAction\":[{\"@type\":\"SearchAction\",\"target\":{\"@type\":\"EntryPoint\",\"urlTemplate\":\"https:\\\/\\\/veenus.ee\\\/?s={search_term_string}\"},\"query-input\":{\"@type\":\"PropertyValueSpecification\",\"valueRequired\":true,\"valueName\":\"search_term_string\"}}],\"inLanguage\":\"ru-RU\"},{\"@type\":\"Organization\",\"@id\":\"https:\\\/\\\/veenus.ee\\\/#organization\",\"name\":\"Veenus\",\"url\":\"https:\\\/\\\/veenus.ee\\\/\",\"logo\":{\"@type\":\"ImageObject\",\"inLanguage\":\"ru-RU\",\"@id\":\"https:\\\/\\\/veenus.ee\\\/#\\\/schema\\\/logo\\\/image\\\/\",\"url\":\"https:\\\/\\\/veenus.ee\\\/wp-content\\\/uploads\\\/2021\\\/12\\\/logo.png\",\"contentUrl\":\"https:\\\/\\\/veenus.ee\\\/wp-content\\\/uploads\\\/2021\\\/12\\\/logo.png\",\"width\":119,\"height\":70,\"caption\":\"Veenus\"},\"image\":{\"@id\":\"https:\\\/\\\/veenus.ee\\\/#\\\/schema\\\/logo\\\/image\\\/\"}}]}<\/script>\n<meta property=\"og:availability\" content=\"instock\" \/>\n<meta property=\"product:availability\" content=\"instock\" \/>\n<meta property=\"product:condition\" content=\"new\" \/>\n<!-- \/ Yoast SEO Premium plugin. -->","yoast_head_json":{"title":"See You In Bloom Duo Balls 29-36 mm | Veenus","robots":{"index":"index","follow":"follow","max-snippet":"max-snippet:-1","max-image-preview":"max-image-preview:large","max-video-preview":"max-video-preview:-1"},"canonical":"https:\/\/veenus.ee\/ru\/toode\/see-you-in-bloom-duo-balls-29-mm-purple\/","og_locale":"ru_RU","og_type":"article","og_title":"See You In Bloom Duo Balls 29-36 mm","og_description":"29-36 mm lillekujulised Kegeli pallid Kaal: 60 g. \/ komplekt. T\u00e4ielik silikoon, mis on kaetud voolava raudkuuliga. Lille kujundus, hea kvaliteet, siidine k\u00e4etunnetus. Stimuleerib ja tugevdab vaagnap\u00f5hja. Pallide sees olevad raskused pakuvad looduslikku massaa\u017ei.","og_url":"https:\/\/veenus.ee\/en\/toode\/see-you-in-bloom-duo-balls-29-mm-purple\/","og_site_name":"Veenus","article_modified_time":"2022-01-19T20:01:18+00:00","og_image":[{"width":800,"height":800,"url":"https:\/\/veenus.ee\/wp-content\/uploads\/2022\/01\/see-you-in-bloom-duo-balls-29-mm-purple.jpg","type":"image\/jpeg"}],"twitter_card":"summary_large_image","twitter_misc":{"\u0414\u043e\u0441\u0442\u0443\u043f\u043d\u043e\u0441\u0442\u044c":"\u0412 \u043d\u0430\u043b\u0438\u0447\u0438\u0438"},"schema":{"@context":"https:\/\/schema.org","@graph":[{"@type":"WebPage","@id":"https:\/\/veenus.ee\/en\/toode\/see-you-in-bloom-duo-balls-29-mm-purple\/","url":"https:\/\/veenus.ee\/en\/toode\/see-you-in-bloom-duo-balls-29-mm-purple\/","name":"See You In Bloom Duo Balls 29-36 mm | Veenus","isPartOf":{"@id":"https:\/\/veenus.ee\/#website"},"primaryImageOfPage":{"@id":"https:\/\/veenus.ee\/en\/toode\/see-you-in-bloom-duo-balls-29-mm-purple\/#primaryimage"},"image":{"@id":"https:\/\/veenus.ee\/en\/toode\/see-you-in-bloom-duo-balls-29-mm-purple\/#primaryimage"},"thumbnailUrl":"https:\/\/veenus.ee\/wp-content\/uploads\/2022\/01\/see-you-in-bloom-duo-balls-29-mm-purple.jpg","datePublished":"2022-01-04T07:20:56+00:00","dateModified":"2022-01-19T20:01:18+00:00","breadcrumb":{"@id":"https:\/\/veenus.ee\/en\/toode\/see-you-in-bloom-duo-balls-29-mm-purple\/#breadcrumb"},"inLanguage":"ru-RU","potentialAction":[{"@type":"ReadAction","target":["https:\/\/veenus.ee\/en\/toode\/see-you-in-bloom-duo-balls-29-mm-purple\/"]}]},{"@type":"ImageObject","inLanguage":"ru-RU","@id":"https:\/\/veenus.ee\/en\/toode\/see-you-in-bloom-duo-balls-29-mm-purple\/#primaryimage","url":"https:\/\/veenus.ee\/wp-content\/uploads\/2022\/01\/see-you-in-bloom-duo-balls-29-mm-purple.jpg","contentUrl":"https:\/\/veenus.ee\/wp-content\/uploads\/2022\/01\/see-you-in-bloom-duo-balls-29-mm-purple.jpg","width":800,"height":800},{"@type":"BreadcrumbList","@id":"https:\/\/veenus.ee\/en\/toode\/see-you-in-bloom-duo-balls-29-mm-purple\/#breadcrumb","itemListElement":[{"@type":"ListItem","position":1,"name":"Home","item":"https:\/\/veenus.ee\/"},{"@type":"ListItem","position":2,"name":"pood","item":"https:\/\/veenus.ee\/pood\/"},{"@type":"ListItem","position":3,"name":"See You In Bloom Duo Balls 29-36 mm"}]},{"@type":"WebSite","@id":"https:\/\/veenus.ee\/#website","url":"https:\/\/veenus.ee\/","name":"Veenus","description":"(Eesti) Veenus, erootikakaubad, sekstooted","publisher":{"@id":"https:\/\/veenus.ee\/#organization"},"potentialAction":[{"@type":"SearchAction","target":{"@type":"EntryPoint","urlTemplate":"https:\/\/veenus.ee\/?s={search_term_string}"},"query-input":{"@type":"PropertyValueSpecification","valueRequired":true,"valueName":"search_term_string"}}],"inLanguage":"ru-RU"},{"@type":"Organization","@id":"https:\/\/veenus.ee\/#organization","name":"Veenus","url":"https:\/\/veenus.ee\/","logo":{"@type":"ImageObject","inLanguage":"ru-RU","@id":"https:\/\/veenus.ee\/#\/schema\/logo\/image\/","url":"https:\/\/veenus.ee\/wp-content\/uploads\/2021\/12\/logo.png","contentUrl":"https:\/\/veenus.ee\/wp-content\/uploads\/2021\/12\/logo.png","width":119,"height":70,"caption":"Veenus"},"image":{"@id":"https:\/\/veenus.ee\/#\/schema\/logo\/image\/"}}]},"og_availability":"instock","product_availability":"instock","product_condition":"new"},"_links":{"self":[{"href":"https:\/\/veenus.ee\/ru\/wp-json\/wp\/v2\/product\/7564","targetHints":{"allow":["GET"]}}],"collection":[{"href":"https:\/\/veenus.ee\/ru\/wp-json\/wp\/v2\/product"}],"about":[{"href":"https:\/\/veenus.ee\/ru\/wp-json\/wp\/v2\/types\/product"}],"replies":[{"embeddable":true,"href":"https:\/\/veenus.ee\/ru\/wp-json\/wp\/v2\/comments?post=7564"}],"wp:featuredmedia":[{"embeddable":true,"href":"https:\/\/veenus.ee\/ru\/wp-json\/wp\/v2\/media\/7568"}],"wp:attachment":[{"href":"https:\/\/veenus.ee\/ru\/wp-json\/wp\/v2\/media?parent=7564"}],"wp:term":[{"taxonomy":"product_brand","embeddable":true,"href":"https:\/\/veenus.ee\/ru\/wp-json\/wp\/v2\/product_brand?post=7564"},{"taxonomy":"product_cat","embeddable":true,"href":"https:\/\/veenus.ee\/ru\/wp-json\/wp\/v2\/product_cat?post=7564"},{"taxonomy":"product_tag","embeddable":true,"href":"https:\/\/veenus.ee\/ru\/wp-json\/wp\/v2\/product_tag?post=7564"}],"curies":[{"name":"wp","href":"https:\/\/api.w.org\/{rel}","templated":true}]}}