{"id":11373,"date":"2022-01-19T21:27:00","date_gmt":"2022-01-19T19:27:00","guid":{"rendered":"https:\/\/veenus.ee\/?post_type=product&#038;p=11373"},"modified":"2022-06-16T16:04:42","modified_gmt":"2022-06-16T13:04:42","slug":"cloneboy-dildo-komplekt-koopia-vormimiseks-oma-peenisest","status":"publish","type":"product","link":"https:\/\/veenus.ee\/ru\/toode\/cloneboy-dildo-komplekt-koopia-vormimiseks-oma-peenisest\/","title":{"rendered":"Cloneboy &#8212; Dildo komplekt koopia vormimiseks oma peenisest"},"content":{"rendered":"<p>Klooni oma peenisest originaalne koopia! Koopia toob esile k\u00f5ige pisemadki detailid sinu meheuhkusest. Komplektis on k\u00f5ik vajalik, loomaks kodus valmistatud dildot. Selleks on sul vaja segada spetsiaalne pulber veega, sisestada oma erekteerunud peenis vedelasse segusse ja hoida kuni segu tahenemiseni, valada seej\u00e4rel kummisegu tekkinud \u00f5\u00f5nusesse ja 24 tunni p\u00e4rast imetleda isetehtud dildot. Luba oma partneril nautida korraga kahte Sind v\u00f5i usalda see talle \u00fcksikuteks \u00f5htuteks, et meenutada sind, kui sa viibid eemal! Lihtne ja j\u00e4rgitav instruktsioon on tootega kaasas. Samuti kaks kotti segupulbrit, juhuks kui esimene kord l\u00e4heb midagi valesti v\u00f5i soovid kinkida teise koopia veel oma salaarmukesele.<\/p>\n","protected":false},"excerpt":{"rendered":"<p>Loo oma peenisest koopia<br \/>\nK\u00f5ik vajalik komplektis<br \/>\nSuurep\u00e4rane kinkimiseks oma kallimale<\/p>\n","protected":false},"featured_media":11374,"comment_status":"open","ping_status":"closed","template":"","meta":[],"product_brand":[],"product_cat":[78,76,113,131,95],"product_tag":[],"class_list":{"0":"post-11373","1":"product","2":"type-product","3":"status-publish","4":"has-post-thumbnail","6":"product_cat-dongs-dildos","7":"product_cat-gift-idea","8":"product_cat-as-a-gift","9":"product_cat-natural-dongs","10":"product_cat-vibrators-for-couples","11":"pa_brand-cloneboy","13":"first","14":"instock","15":"taxable","16":"shipping-taxable","17":"purchasable","18":"product-type-simple"},"yoast_head":"<!-- This site is optimized with the Yoast SEO Premium plugin v26.0 (Yoast SEO v27.3) - https:\/\/yoast.com\/product\/yoast-seo-premium-wordpress\/ -->\n<title>Cloneboy - Dildo komplekt koopia vormimiseks oma peenisest | Veenus<\/title>\n<meta name=\"robots\" content=\"index, follow, max-snippet:-1, max-image-preview:large, max-video-preview:-1\" \/>\n<link rel=\"canonical\" href=\"https:\/\/veenus.ee\/ru\/toode\/cloneboy-dildo-komplekt-koopia-vormimiseks-oma-peenisest\/\" \/>\n<meta property=\"og:locale\" content=\"ru_RU\" \/>\n<meta property=\"og:type\" content=\"article\" \/>\n<meta property=\"og:title\" content=\"Cloneboy - Dildo komplekt koopia vormimiseks oma peenisest\" \/>\n<meta property=\"og:description\" content=\"Loo oma peenisest koopia K\u00f5ik vajalik komplektis Suurep\u00e4rane kinkimiseks oma kallimale\" \/>\n<meta property=\"og:url\" content=\"https:\/\/veenus.ee\/en\/toode\/cloneboy-dildo-komplekt-koopia-vormimiseks-oma-peenisest\/\" \/>\n<meta property=\"og:site_name\" content=\"Veenus\" \/>\n<meta property=\"article:modified_time\" content=\"2022-06-16T13:04:42+00:00\" \/>\n<meta property=\"og:image\" content=\"https:\/\/veenus.ee\/wp-content\/uploads\/2022\/01\/cloneboy_dildo_01.jpg\" \/>\n\t<meta property=\"og:image:width\" content=\"1000\" \/>\n\t<meta property=\"og:image:height\" content=\"1000\" \/>\n\t<meta property=\"og:image:type\" content=\"image\/jpeg\" \/>\n<meta name=\"twitter:card\" content=\"summary_large_image\" \/>\n<meta name=\"twitter:label1\" content=\"\u0426\u0435\u043d\u0430\" \/>\n\t<meta name=\"twitter:data1\" content=\"30.95&euro;\" \/>\n\t<meta name=\"twitter:label2\" content=\"\u0414\u043e\u0441\u0442\u0443\u043f\u043d\u043e\u0441\u0442\u044c\" \/>\n\t<meta name=\"twitter:data2\" content=\"\u0412 \u043d\u0430\u043b\u0438\u0447\u0438\u0438\" \/>\n<script type=\"application\/ld+json\" class=\"yoast-schema-graph\">{\"@context\":\"https:\\\/\\\/schema.org\",\"@graph\":[{\"@type\":\"WebPage\",\"@id\":\"https:\\\/\\\/veenus.ee\\\/en\\\/toode\\\/cloneboy-dildo-komplekt-koopia-vormimiseks-oma-peenisest\\\/\",\"url\":\"https:\\\/\\\/veenus.ee\\\/en\\\/toode\\\/cloneboy-dildo-komplekt-koopia-vormimiseks-oma-peenisest\\\/\",\"name\":\"Cloneboy - Dildo komplekt koopia vormimiseks oma peenisest | Veenus\",\"isPartOf\":{\"@id\":\"https:\\\/\\\/veenus.ee\\\/#website\"},\"primaryImageOfPage\":{\"@id\":\"https:\\\/\\\/veenus.ee\\\/en\\\/toode\\\/cloneboy-dildo-komplekt-koopia-vormimiseks-oma-peenisest\\\/#primaryimage\"},\"image\":{\"@id\":\"https:\\\/\\\/veenus.ee\\\/en\\\/toode\\\/cloneboy-dildo-komplekt-koopia-vormimiseks-oma-peenisest\\\/#primaryimage\"},\"thumbnailUrl\":\"https:\\\/\\\/veenus.ee\\\/wp-content\\\/uploads\\\/2022\\\/01\\\/cloneboy_dildo_01.jpg\",\"datePublished\":\"2022-01-19T19:27:00+00:00\",\"dateModified\":\"2022-06-16T13:04:42+00:00\",\"breadcrumb\":{\"@id\":\"https:\\\/\\\/veenus.ee\\\/en\\\/toode\\\/cloneboy-dildo-komplekt-koopia-vormimiseks-oma-peenisest\\\/#breadcrumb\"},\"inLanguage\":\"ru-RU\",\"potentialAction\":[{\"@type\":\"ReadAction\",\"target\":[\"https:\\\/\\\/veenus.ee\\\/en\\\/toode\\\/cloneboy-dildo-komplekt-koopia-vormimiseks-oma-peenisest\\\/\"]}]},{\"@type\":\"ImageObject\",\"inLanguage\":\"ru-RU\",\"@id\":\"https:\\\/\\\/veenus.ee\\\/en\\\/toode\\\/cloneboy-dildo-komplekt-koopia-vormimiseks-oma-peenisest\\\/#primaryimage\",\"url\":\"https:\\\/\\\/veenus.ee\\\/wp-content\\\/uploads\\\/2022\\\/01\\\/cloneboy_dildo_01.jpg\",\"contentUrl\":\"https:\\\/\\\/veenus.ee\\\/wp-content\\\/uploads\\\/2022\\\/01\\\/cloneboy_dildo_01.jpg\",\"width\":1000,\"height\":1000},{\"@type\":\"BreadcrumbList\",\"@id\":\"https:\\\/\\\/veenus.ee\\\/en\\\/toode\\\/cloneboy-dildo-komplekt-koopia-vormimiseks-oma-peenisest\\\/#breadcrumb\",\"itemListElement\":[{\"@type\":\"ListItem\",\"position\":1,\"name\":\"Home\",\"item\":\"https:\\\/\\\/veenus.ee\\\/\"},{\"@type\":\"ListItem\",\"position\":2,\"name\":\"pood\",\"item\":\"https:\\\/\\\/veenus.ee\\\/pood\\\/\"},{\"@type\":\"ListItem\",\"position\":3,\"name\":\"Cloneboy &#8211; Dildo komplekt koopia vormimiseks oma peenisest\"}]},{\"@type\":\"WebSite\",\"@id\":\"https:\\\/\\\/veenus.ee\\\/#website\",\"url\":\"https:\\\/\\\/veenus.ee\\\/\",\"name\":\"Veenus\",\"description\":\"(Eesti) Veenus, erootikakaubad, sekstooted\",\"publisher\":{\"@id\":\"https:\\\/\\\/veenus.ee\\\/#organization\"},\"potentialAction\":[{\"@type\":\"SearchAction\",\"target\":{\"@type\":\"EntryPoint\",\"urlTemplate\":\"https:\\\/\\\/veenus.ee\\\/?s={search_term_string}\"},\"query-input\":{\"@type\":\"PropertyValueSpecification\",\"valueRequired\":true,\"valueName\":\"search_term_string\"}}],\"inLanguage\":\"ru-RU\"},{\"@type\":\"Organization\",\"@id\":\"https:\\\/\\\/veenus.ee\\\/#organization\",\"name\":\"Veenus\",\"url\":\"https:\\\/\\\/veenus.ee\\\/\",\"logo\":{\"@type\":\"ImageObject\",\"inLanguage\":\"ru-RU\",\"@id\":\"https:\\\/\\\/veenus.ee\\\/#\\\/schema\\\/logo\\\/image\\\/\",\"url\":\"https:\\\/\\\/veenus.ee\\\/wp-content\\\/uploads\\\/2021\\\/12\\\/logo.png\",\"contentUrl\":\"https:\\\/\\\/veenus.ee\\\/wp-content\\\/uploads\\\/2021\\\/12\\\/logo.png\",\"width\":119,\"height\":70,\"caption\":\"Veenus\"},\"image\":{\"@id\":\"https:\\\/\\\/veenus.ee\\\/#\\\/schema\\\/logo\\\/image\\\/\"}}]}<\/script>\n<meta property=\"product:price:amount\" content=\"30.95\" \/>\n<meta property=\"product:price:currency\" content=\"EUR\" \/>\n<meta property=\"og:availability\" content=\"instock\" \/>\n<meta property=\"product:availability\" content=\"instock\" \/>\n<meta property=\"product:retailer_item_id\" content=\"8717953006301\" \/>\n<meta property=\"product:condition\" content=\"new\" \/>\n<!-- \/ Yoast SEO Premium plugin. -->","yoast_head_json":{"title":"Cloneboy - Dildo komplekt koopia vormimiseks oma peenisest | Veenus","robots":{"index":"index","follow":"follow","max-snippet":"max-snippet:-1","max-image-preview":"max-image-preview:large","max-video-preview":"max-video-preview:-1"},"canonical":"https:\/\/veenus.ee\/ru\/toode\/cloneboy-dildo-komplekt-koopia-vormimiseks-oma-peenisest\/","og_locale":"ru_RU","og_type":"article","og_title":"Cloneboy - Dildo komplekt koopia vormimiseks oma peenisest","og_description":"Loo oma peenisest koopia K\u00f5ik vajalik komplektis Suurep\u00e4rane kinkimiseks oma kallimale","og_url":"https:\/\/veenus.ee\/en\/toode\/cloneboy-dildo-komplekt-koopia-vormimiseks-oma-peenisest\/","og_site_name":"Veenus","article_modified_time":"2022-06-16T13:04:42+00:00","og_image":[{"width":1000,"height":1000,"url":"https:\/\/veenus.ee\/wp-content\/uploads\/2022\/01\/cloneboy_dildo_01.jpg","type":"image\/jpeg"}],"twitter_card":"summary_large_image","twitter_misc":{"\u0426\u0435\u043d\u0430":"30.95&euro;","\u0414\u043e\u0441\u0442\u0443\u043f\u043d\u043e\u0441\u0442\u044c":"\u0412 \u043d\u0430\u043b\u0438\u0447\u0438\u0438"},"schema":{"@context":"https:\/\/schema.org","@graph":[{"@type":"WebPage","@id":"https:\/\/veenus.ee\/en\/toode\/cloneboy-dildo-komplekt-koopia-vormimiseks-oma-peenisest\/","url":"https:\/\/veenus.ee\/en\/toode\/cloneboy-dildo-komplekt-koopia-vormimiseks-oma-peenisest\/","name":"Cloneboy - Dildo komplekt koopia vormimiseks oma peenisest | Veenus","isPartOf":{"@id":"https:\/\/veenus.ee\/#website"},"primaryImageOfPage":{"@id":"https:\/\/veenus.ee\/en\/toode\/cloneboy-dildo-komplekt-koopia-vormimiseks-oma-peenisest\/#primaryimage"},"image":{"@id":"https:\/\/veenus.ee\/en\/toode\/cloneboy-dildo-komplekt-koopia-vormimiseks-oma-peenisest\/#primaryimage"},"thumbnailUrl":"https:\/\/veenus.ee\/wp-content\/uploads\/2022\/01\/cloneboy_dildo_01.jpg","datePublished":"2022-01-19T19:27:00+00:00","dateModified":"2022-06-16T13:04:42+00:00","breadcrumb":{"@id":"https:\/\/veenus.ee\/en\/toode\/cloneboy-dildo-komplekt-koopia-vormimiseks-oma-peenisest\/#breadcrumb"},"inLanguage":"ru-RU","potentialAction":[{"@type":"ReadAction","target":["https:\/\/veenus.ee\/en\/toode\/cloneboy-dildo-komplekt-koopia-vormimiseks-oma-peenisest\/"]}]},{"@type":"ImageObject","inLanguage":"ru-RU","@id":"https:\/\/veenus.ee\/en\/toode\/cloneboy-dildo-komplekt-koopia-vormimiseks-oma-peenisest\/#primaryimage","url":"https:\/\/veenus.ee\/wp-content\/uploads\/2022\/01\/cloneboy_dildo_01.jpg","contentUrl":"https:\/\/veenus.ee\/wp-content\/uploads\/2022\/01\/cloneboy_dildo_01.jpg","width":1000,"height":1000},{"@type":"BreadcrumbList","@id":"https:\/\/veenus.ee\/en\/toode\/cloneboy-dildo-komplekt-koopia-vormimiseks-oma-peenisest\/#breadcrumb","itemListElement":[{"@type":"ListItem","position":1,"name":"Home","item":"https:\/\/veenus.ee\/"},{"@type":"ListItem","position":2,"name":"pood","item":"https:\/\/veenus.ee\/pood\/"},{"@type":"ListItem","position":3,"name":"Cloneboy &#8211; Dildo komplekt koopia vormimiseks oma peenisest"}]},{"@type":"WebSite","@id":"https:\/\/veenus.ee\/#website","url":"https:\/\/veenus.ee\/","name":"Veenus","description":"(Eesti) Veenus, erootikakaubad, sekstooted","publisher":{"@id":"https:\/\/veenus.ee\/#organization"},"potentialAction":[{"@type":"SearchAction","target":{"@type":"EntryPoint","urlTemplate":"https:\/\/veenus.ee\/?s={search_term_string}"},"query-input":{"@type":"PropertyValueSpecification","valueRequired":true,"valueName":"search_term_string"}}],"inLanguage":"ru-RU"},{"@type":"Organization","@id":"https:\/\/veenus.ee\/#organization","name":"Veenus","url":"https:\/\/veenus.ee\/","logo":{"@type":"ImageObject","inLanguage":"ru-RU","@id":"https:\/\/veenus.ee\/#\/schema\/logo\/image\/","url":"https:\/\/veenus.ee\/wp-content\/uploads\/2021\/12\/logo.png","contentUrl":"https:\/\/veenus.ee\/wp-content\/uploads\/2021\/12\/logo.png","width":119,"height":70,"caption":"Veenus"},"image":{"@id":"https:\/\/veenus.ee\/#\/schema\/logo\/image\/"}}]},"product_price_amount":"30.95","product_price_currency":"EUR","og_availability":"instock","product_availability":"instock","product_retailer_item_id":"8717953006301","product_condition":"new"},"_links":{"self":[{"href":"https:\/\/veenus.ee\/ru\/wp-json\/wp\/v2\/product\/11373","targetHints":{"allow":["GET"]}}],"collection":[{"href":"https:\/\/veenus.ee\/ru\/wp-json\/wp\/v2\/product"}],"about":[{"href":"https:\/\/veenus.ee\/ru\/wp-json\/wp\/v2\/types\/product"}],"replies":[{"embeddable":true,"href":"https:\/\/veenus.ee\/ru\/wp-json\/wp\/v2\/comments?post=11373"}],"wp:featuredmedia":[{"embeddable":true,"href":"https:\/\/veenus.ee\/ru\/wp-json\/wp\/v2\/media\/11374"}],"wp:attachment":[{"href":"https:\/\/veenus.ee\/ru\/wp-json\/wp\/v2\/media?parent=11373"}],"wp:term":[{"taxonomy":"product_brand","embeddable":true,"href":"https:\/\/veenus.ee\/ru\/wp-json\/wp\/v2\/product_brand?post=11373"},{"taxonomy":"product_cat","embeddable":true,"href":"https:\/\/veenus.ee\/ru\/wp-json\/wp\/v2\/product_cat?post=11373"},{"taxonomy":"product_tag","embeddable":true,"href":"https:\/\/veenus.ee\/ru\/wp-json\/wp\/v2\/product_tag?post=11373"}],"curies":[{"name":"wp","href":"https:\/\/api.w.org\/{rel}","templated":true}]}}