{"id":11350,"date":"2022-01-17T23:00:49","date_gmt":"2022-01-17T21:00:49","guid":{"rendered":"https:\/\/veenus.ee\/?post_type=product&#038;p=11350"},"modified":"2022-01-17T23:07:36","modified_gmt":"2022-01-17T21:07:36","slug":"tenga-easy-beat-egg-6-color-package-variety-mens-portable-pleasure-device-6-pac","status":"publish","type":"product","link":"https:\/\/veenus.ee\/ru\/toode\/tenga-easy-beat-egg-6-color-package-variety-mens-portable-pleasure-device-6-pac\/","title":{"rendered":"Tenga Easy Beat EGG 6-Color Package Variety Mens Portable Pleasure Device 6-Pac"},"content":{"rendered":"<p>Tenga Eggs are discreet, easy to carry case, super-stretchable elastomer expands drastically for a snug fit regardless of your size<\/p>\n<p>Advanced one-size-fits-all, easy-to-use disposable male masturbator<\/p>\n<p>6 different varieties each with different internal structures for a variety of great experiences<\/p>\n<p>The 6 colors variety pack includes wavy, clicker, spider, twister, stepper, and silky, for a new experience every night<\/p>\n<p>Water-based lubricant lotion included in each egg; one-use only<\/p>\n<p>Made in Japan<\/p>\n","protected":false},"excerpt":{"rendered":"<p>Tenga egg 6-pack Easy Beat<\/p>\n<p>T\u00e4iustatud \u00fchem\u00f5\u00f5tmeline k\u00f5igile, lihtne kasutada \u00fchekordselt kasutatav meesmassturbaator<\/p>\n","protected":false},"featured_media":11352,"comment_status":"closed","ping_status":"closed","template":"","meta":[],"product_brand":[],"product_cat":[84,72,160],"product_tag":[],"class_list":{"0":"post-11350","1":"product","2":"type-product","3":"status-publish","4":"has-post-thumbnail","6":"product_cat-masturbators-for-men","7":"product_cat-for-men","8":"product_cat-tenga","9":"pa_brand-tenga","11":"first","12":"instock","13":"taxable","14":"shipping-taxable","15":"purchasable","16":"product-type-simple"},"yoast_head":"<!-- This site is optimized with the Yoast SEO Premium plugin v26.0 (Yoast SEO v27.3) - https:\/\/yoast.com\/product\/yoast-seo-premium-wordpress\/ -->\n<title>Tenga Easy Beat EGG 6-Color Package Variety Mens Portable Pleasure Device 6-Pac | Veenus<\/title>\n<meta name=\"robots\" content=\"index, follow, max-snippet:-1, max-image-preview:large, max-video-preview:-1\" \/>\n<link rel=\"canonical\" href=\"https:\/\/veenus.ee\/ru\/toode\/tenga-easy-beat-egg-6-color-package-variety-mens-portable-pleasure-device-6-pac\/\" \/>\n<meta property=\"og:locale\" content=\"ru_RU\" \/>\n<meta property=\"og:type\" content=\"article\" \/>\n<meta property=\"og:title\" content=\"Tenga Easy Beat EGG 6-Color Package Variety Mens Portable Pleasure Device 6-Pac\" \/>\n<meta property=\"og:description\" content=\"Tenga egg 6-pack Easy Beat  T\u00e4iustatud \u00fchem\u00f5\u00f5tmeline k\u00f5igile, lihtne kasutada \u00fchekordselt kasutatav meesmassturbaator\" \/>\n<meta property=\"og:url\" content=\"https:\/\/veenus.ee\/en\/toode\/tenga-easy-beat-egg-6-color-package-variety-mens-portable-pleasure-device-6-pac\/\" \/>\n<meta property=\"og:site_name\" content=\"Veenus\" \/>\n<meta property=\"article:modified_time\" content=\"2022-01-17T21:07:36+00:00\" \/>\n<meta property=\"og:image\" content=\"https:\/\/veenus.ee\/wp-content\/uploads\/2022\/01\/EGG-VP6_1_-1_1024x1024.webp\" \/>\n\t<meta property=\"og:image:width\" content=\"721\" \/>\n\t<meta property=\"og:image:height\" content=\"1024\" \/>\n\t<meta property=\"og:image:type\" content=\"image\/webp\" \/>\n<meta name=\"twitter:card\" content=\"summary_large_image\" \/>\n<meta name=\"twitter:label1\" content=\"\u0426\u0435\u043d\u0430\" \/>\n\t<meta name=\"twitter:data1\" content=\"47.00&euro;\" \/>\n\t<meta name=\"twitter:label2\" content=\"\u0414\u043e\u0441\u0442\u0443\u043f\u043d\u043e\u0441\u0442\u044c\" \/>\n\t<meta name=\"twitter:data2\" content=\"\u0412 \u043d\u0430\u043b\u0438\u0447\u0438\u0438\" \/>\n<script type=\"application\/ld+json\" class=\"yoast-schema-graph\">{\"@context\":\"https:\\\/\\\/schema.org\",\"@graph\":[{\"@type\":\"WebPage\",\"@id\":\"https:\\\/\\\/veenus.ee\\\/en\\\/toode\\\/tenga-easy-beat-egg-6-color-package-variety-mens-portable-pleasure-device-6-pac\\\/\",\"url\":\"https:\\\/\\\/veenus.ee\\\/en\\\/toode\\\/tenga-easy-beat-egg-6-color-package-variety-mens-portable-pleasure-device-6-pac\\\/\",\"name\":\"Tenga Easy Beat EGG 6-Color Package Variety Mens Portable Pleasure Device 6-Pac | Veenus\",\"isPartOf\":{\"@id\":\"https:\\\/\\\/veenus.ee\\\/#website\"},\"primaryImageOfPage\":{\"@id\":\"https:\\\/\\\/veenus.ee\\\/en\\\/toode\\\/tenga-easy-beat-egg-6-color-package-variety-mens-portable-pleasure-device-6-pac\\\/#primaryimage\"},\"image\":{\"@id\":\"https:\\\/\\\/veenus.ee\\\/en\\\/toode\\\/tenga-easy-beat-egg-6-color-package-variety-mens-portable-pleasure-device-6-pac\\\/#primaryimage\"},\"thumbnailUrl\":\"https:\\\/\\\/veenus.ee\\\/wp-content\\\/uploads\\\/2022\\\/01\\\/EGG-VP6_1_-1_1024x1024.webp\",\"datePublished\":\"2022-01-17T21:00:49+00:00\",\"dateModified\":\"2022-01-17T21:07:36+00:00\",\"breadcrumb\":{\"@id\":\"https:\\\/\\\/veenus.ee\\\/en\\\/toode\\\/tenga-easy-beat-egg-6-color-package-variety-mens-portable-pleasure-device-6-pac\\\/#breadcrumb\"},\"inLanguage\":\"ru-RU\",\"potentialAction\":[{\"@type\":\"ReadAction\",\"target\":[\"https:\\\/\\\/veenus.ee\\\/en\\\/toode\\\/tenga-easy-beat-egg-6-color-package-variety-mens-portable-pleasure-device-6-pac\\\/\"]}]},{\"@type\":\"ImageObject\",\"inLanguage\":\"ru-RU\",\"@id\":\"https:\\\/\\\/veenus.ee\\\/en\\\/toode\\\/tenga-easy-beat-egg-6-color-package-variety-mens-portable-pleasure-device-6-pac\\\/#primaryimage\",\"url\":\"https:\\\/\\\/veenus.ee\\\/wp-content\\\/uploads\\\/2022\\\/01\\\/EGG-VP6_1_-1_1024x1024.webp\",\"contentUrl\":\"https:\\\/\\\/veenus.ee\\\/wp-content\\\/uploads\\\/2022\\\/01\\\/EGG-VP6_1_-1_1024x1024.webp\",\"width\":721,\"height\":1024},{\"@type\":\"BreadcrumbList\",\"@id\":\"https:\\\/\\\/veenus.ee\\\/en\\\/toode\\\/tenga-easy-beat-egg-6-color-package-variety-mens-portable-pleasure-device-6-pac\\\/#breadcrumb\",\"itemListElement\":[{\"@type\":\"ListItem\",\"position\":1,\"name\":\"Home\",\"item\":\"https:\\\/\\\/veenus.ee\\\/\"},{\"@type\":\"ListItem\",\"position\":2,\"name\":\"pood\",\"item\":\"https:\\\/\\\/veenus.ee\\\/pood\\\/\"},{\"@type\":\"ListItem\",\"position\":3,\"name\":\"Tenga Easy Beat EGG 6-Color Package Variety Mens Portable Pleasure Device 6-Pac\"}]},{\"@type\":\"WebSite\",\"@id\":\"https:\\\/\\\/veenus.ee\\\/#website\",\"url\":\"https:\\\/\\\/veenus.ee\\\/\",\"name\":\"Veenus\",\"description\":\"(Eesti) Veenus, erootikakaubad, sekstooted\",\"publisher\":{\"@id\":\"https:\\\/\\\/veenus.ee\\\/#organization\"},\"potentialAction\":[{\"@type\":\"SearchAction\",\"target\":{\"@type\":\"EntryPoint\",\"urlTemplate\":\"https:\\\/\\\/veenus.ee\\\/?s={search_term_string}\"},\"query-input\":{\"@type\":\"PropertyValueSpecification\",\"valueRequired\":true,\"valueName\":\"search_term_string\"}}],\"inLanguage\":\"ru-RU\"},{\"@type\":\"Organization\",\"@id\":\"https:\\\/\\\/veenus.ee\\\/#organization\",\"name\":\"Veenus\",\"url\":\"https:\\\/\\\/veenus.ee\\\/\",\"logo\":{\"@type\":\"ImageObject\",\"inLanguage\":\"ru-RU\",\"@id\":\"https:\\\/\\\/veenus.ee\\\/#\\\/schema\\\/logo\\\/image\\\/\",\"url\":\"https:\\\/\\\/veenus.ee\\\/wp-content\\\/uploads\\\/2021\\\/12\\\/logo.png\",\"contentUrl\":\"https:\\\/\\\/veenus.ee\\\/wp-content\\\/uploads\\\/2021\\\/12\\\/logo.png\",\"width\":119,\"height\":70,\"caption\":\"Veenus\"},\"image\":{\"@id\":\"https:\\\/\\\/veenus.ee\\\/#\\\/schema\\\/logo\\\/image\\\/\"}}]}<\/script>\n<meta property=\"product:price:amount\" content=\"47.00\" \/>\n<meta property=\"product:price:currency\" content=\"EUR\" \/>\n<meta property=\"og:availability\" content=\"instock\" \/>\n<meta property=\"product:availability\" content=\"instock\" \/>\n<meta property=\"product:condition\" content=\"new\" \/>\n<!-- \/ Yoast SEO Premium plugin. -->","yoast_head_json":{"title":"Tenga Easy Beat EGG 6-Color Package Variety Mens Portable Pleasure Device 6-Pac | Veenus","robots":{"index":"index","follow":"follow","max-snippet":"max-snippet:-1","max-image-preview":"max-image-preview:large","max-video-preview":"max-video-preview:-1"},"canonical":"https:\/\/veenus.ee\/ru\/toode\/tenga-easy-beat-egg-6-color-package-variety-mens-portable-pleasure-device-6-pac\/","og_locale":"ru_RU","og_type":"article","og_title":"Tenga Easy Beat EGG 6-Color Package Variety Mens Portable Pleasure Device 6-Pac","og_description":"Tenga egg 6-pack Easy Beat  T\u00e4iustatud \u00fchem\u00f5\u00f5tmeline k\u00f5igile, lihtne kasutada \u00fchekordselt kasutatav meesmassturbaator","og_url":"https:\/\/veenus.ee\/en\/toode\/tenga-easy-beat-egg-6-color-package-variety-mens-portable-pleasure-device-6-pac\/","og_site_name":"Veenus","article_modified_time":"2022-01-17T21:07:36+00:00","og_image":[{"width":721,"height":1024,"url":"https:\/\/veenus.ee\/wp-content\/uploads\/2022\/01\/EGG-VP6_1_-1_1024x1024.webp","type":"image\/webp"}],"twitter_card":"summary_large_image","twitter_misc":{"\u0426\u0435\u043d\u0430":"47.00&euro;","\u0414\u043e\u0441\u0442\u0443\u043f\u043d\u043e\u0441\u0442\u044c":"\u0412 \u043d\u0430\u043b\u0438\u0447\u0438\u0438"},"schema":{"@context":"https:\/\/schema.org","@graph":[{"@type":"WebPage","@id":"https:\/\/veenus.ee\/en\/toode\/tenga-easy-beat-egg-6-color-package-variety-mens-portable-pleasure-device-6-pac\/","url":"https:\/\/veenus.ee\/en\/toode\/tenga-easy-beat-egg-6-color-package-variety-mens-portable-pleasure-device-6-pac\/","name":"Tenga Easy Beat EGG 6-Color Package Variety Mens Portable Pleasure Device 6-Pac | Veenus","isPartOf":{"@id":"https:\/\/veenus.ee\/#website"},"primaryImageOfPage":{"@id":"https:\/\/veenus.ee\/en\/toode\/tenga-easy-beat-egg-6-color-package-variety-mens-portable-pleasure-device-6-pac\/#primaryimage"},"image":{"@id":"https:\/\/veenus.ee\/en\/toode\/tenga-easy-beat-egg-6-color-package-variety-mens-portable-pleasure-device-6-pac\/#primaryimage"},"thumbnailUrl":"https:\/\/veenus.ee\/wp-content\/uploads\/2022\/01\/EGG-VP6_1_-1_1024x1024.webp","datePublished":"2022-01-17T21:00:49+00:00","dateModified":"2022-01-17T21:07:36+00:00","breadcrumb":{"@id":"https:\/\/veenus.ee\/en\/toode\/tenga-easy-beat-egg-6-color-package-variety-mens-portable-pleasure-device-6-pac\/#breadcrumb"},"inLanguage":"ru-RU","potentialAction":[{"@type":"ReadAction","target":["https:\/\/veenus.ee\/en\/toode\/tenga-easy-beat-egg-6-color-package-variety-mens-portable-pleasure-device-6-pac\/"]}]},{"@type":"ImageObject","inLanguage":"ru-RU","@id":"https:\/\/veenus.ee\/en\/toode\/tenga-easy-beat-egg-6-color-package-variety-mens-portable-pleasure-device-6-pac\/#primaryimage","url":"https:\/\/veenus.ee\/wp-content\/uploads\/2022\/01\/EGG-VP6_1_-1_1024x1024.webp","contentUrl":"https:\/\/veenus.ee\/wp-content\/uploads\/2022\/01\/EGG-VP6_1_-1_1024x1024.webp","width":721,"height":1024},{"@type":"BreadcrumbList","@id":"https:\/\/veenus.ee\/en\/toode\/tenga-easy-beat-egg-6-color-package-variety-mens-portable-pleasure-device-6-pac\/#breadcrumb","itemListElement":[{"@type":"ListItem","position":1,"name":"Home","item":"https:\/\/veenus.ee\/"},{"@type":"ListItem","position":2,"name":"pood","item":"https:\/\/veenus.ee\/pood\/"},{"@type":"ListItem","position":3,"name":"Tenga Easy Beat EGG 6-Color Package Variety Mens Portable Pleasure Device 6-Pac"}]},{"@type":"WebSite","@id":"https:\/\/veenus.ee\/#website","url":"https:\/\/veenus.ee\/","name":"Veenus","description":"(Eesti) Veenus, erootikakaubad, sekstooted","publisher":{"@id":"https:\/\/veenus.ee\/#organization"},"potentialAction":[{"@type":"SearchAction","target":{"@type":"EntryPoint","urlTemplate":"https:\/\/veenus.ee\/?s={search_term_string}"},"query-input":{"@type":"PropertyValueSpecification","valueRequired":true,"valueName":"search_term_string"}}],"inLanguage":"ru-RU"},{"@type":"Organization","@id":"https:\/\/veenus.ee\/#organization","name":"Veenus","url":"https:\/\/veenus.ee\/","logo":{"@type":"ImageObject","inLanguage":"ru-RU","@id":"https:\/\/veenus.ee\/#\/schema\/logo\/image\/","url":"https:\/\/veenus.ee\/wp-content\/uploads\/2021\/12\/logo.png","contentUrl":"https:\/\/veenus.ee\/wp-content\/uploads\/2021\/12\/logo.png","width":119,"height":70,"caption":"Veenus"},"image":{"@id":"https:\/\/veenus.ee\/#\/schema\/logo\/image\/"}}]},"product_price_amount":"47.00","product_price_currency":"EUR","og_availability":"instock","product_availability":"instock","product_condition":"new"},"_links":{"self":[{"href":"https:\/\/veenus.ee\/ru\/wp-json\/wp\/v2\/product\/11350","targetHints":{"allow":["GET"]}}],"collection":[{"href":"https:\/\/veenus.ee\/ru\/wp-json\/wp\/v2\/product"}],"about":[{"href":"https:\/\/veenus.ee\/ru\/wp-json\/wp\/v2\/types\/product"}],"replies":[{"embeddable":true,"href":"https:\/\/veenus.ee\/ru\/wp-json\/wp\/v2\/comments?post=11350"}],"wp:featuredmedia":[{"embeddable":true,"href":"https:\/\/veenus.ee\/ru\/wp-json\/wp\/v2\/media\/11352"}],"wp:attachment":[{"href":"https:\/\/veenus.ee\/ru\/wp-json\/wp\/v2\/media?parent=11350"}],"wp:term":[{"taxonomy":"product_brand","embeddable":true,"href":"https:\/\/veenus.ee\/ru\/wp-json\/wp\/v2\/product_brand?post=11350"},{"taxonomy":"product_cat","embeddable":true,"href":"https:\/\/veenus.ee\/ru\/wp-json\/wp\/v2\/product_cat?post=11350"},{"taxonomy":"product_tag","embeddable":true,"href":"https:\/\/veenus.ee\/ru\/wp-json\/wp\/v2\/product_tag?post=11350"}],"curies":[{"name":"wp","href":"https:\/\/api.w.org\/{rel}","templated":true}]}}