{"id":11189,"date":"2022-01-14T12:57:17","date_gmt":"2022-01-14T10:57:17","guid":{"rendered":"https:\/\/veenus.ee\/?post_type=product&#038;p=11189"},"modified":"2022-05-06T05:29:57","modified_gmt":"2022-05-06T02:29:57","slug":"egzo-wow-originaalne-orgaaniline-libesti","status":"publish","type":"product","link":"https:\/\/veenus.ee\/ru\/toode\/egzo-wow-originaalne-orgaaniline-libesti\/","title":{"rendered":"Egzo &#8212; WOW Originaalne orgaaniline libesti"},"content":{"rendered":"<p>EGZO WOW on orgaaniline lubrikandil vaginaal seksiks.<br \/>\nWOW m\u00e4\u00e4rdeaine kasutamise peamine eesm\u00e4rk on v\u00e4ltida intiimtoimingu ajal h\u00f5\u00f5rumist, valulikke ja ebamugavaid tundeid, v\u00e4hendades allergiliste reaktsioonide ohtu kondoomidele v\u00f5i dildodele.<br \/>\nEGZO-m\u00e4\u00e4rded annavad pikantsust ja romantilist intiimsust, pikendades oluliselt intiimse kohtingu kestvust, aidates m\u00f5lemal partneril saada samaaegselt orgasmini, pikendades meeste erektsiooni ja l\u00fchendades eelm\u00e4ngu naiste jaoks.<\/p>\n<p>Koostisosad: Water, Glycerin, Hydroxyethylcellulose, Phenoxyethanol, Ethylhexlglycerin, Imidazolidinyl Urea, PEG-40 Hydrogenated Castor Oil, Propylene Glycol, Apartame, Vitamin E, fragnance, Aloe Vera.<\/p>\n","protected":false},"excerpt":{"rendered":"<p>Originaalne orgaaniline vaginaal libesti seksuaalvahekorra niisutamiseks.<br \/>\nPikendab meestel erektsiooni ja seksuaalvahekorra kestust.<\/p>\n","protected":false},"featured_media":11192,"comment_status":"open","ping_status":"closed","template":"","meta":[],"product_brand":[],"product_cat":[104,75,200],"product_tag":[],"class_list":{"0":"post-11189","1":"product","2":"type-product","3":"status-publish","4":"has-post-thumbnail","6":"product_cat-lubricants","7":"product_cat-drugstore","8":"product_cat-universal-lubricants","9":"pa_brand-egzo","11":"first","12":"instock","13":"taxable","14":"shipping-taxable","15":"purchasable","16":"product-type-variable"},"yoast_head":"<!-- This site is optimized with the Yoast SEO Premium plugin v26.0 (Yoast SEO v27.4) - https:\/\/yoast.com\/product\/yoast-seo-premium-wordpress\/ -->\n<title>Egzo - WOW Originaalne orgaaniline libesti | Veenus<\/title>\n<meta name=\"robots\" content=\"index, follow, max-snippet:-1, max-image-preview:large, max-video-preview:-1\" \/>\n<link rel=\"canonical\" href=\"https:\/\/veenus.ee\/ru\/toode\/egzo-wow-originaalne-orgaaniline-libesti\/\" \/>\n<meta property=\"og:locale\" content=\"ru_RU\" \/>\n<meta property=\"og:type\" content=\"article\" \/>\n<meta property=\"og:title\" content=\"Egzo - WOW Originaalne orgaaniline libesti\" \/>\n<meta property=\"og:description\" content=\"Originaalne orgaaniline vaginaal libesti seksuaalvahekorra niisutamiseks. Pikendab meestel erektsiooni ja seksuaalvahekorra kestust.\" \/>\n<meta property=\"og:url\" content=\"https:\/\/veenus.ee\/en\/toode\/egzo-wow-originaalne-orgaaniline-libesti\/\" \/>\n<meta property=\"og:site_name\" content=\"Veenus\" \/>\n<meta property=\"article:modified_time\" content=\"2022-05-06T02:29:57+00:00\" \/>\n<meta property=\"og:image\" content=\"https:\/\/veenus.ee\/wp-content\/uploads\/2022\/01\/s-l1600-1.jpg\" \/>\n\t<meta property=\"og:image:width\" content=\"500\" \/>\n\t<meta property=\"og:image:height\" content=\"450\" \/>\n\t<meta property=\"og:image:type\" content=\"image\/jpeg\" \/>\n<meta name=\"twitter:card\" content=\"summary_large_image\" \/>\n<meta name=\"twitter:label1\" content=\"\u0414\u043e\u0441\u0442\u0443\u043f\u043d\u043e\u0441\u0442\u044c\" \/>\n\t<meta name=\"twitter:data1\" content=\"\u0412 \u043d\u0430\u043b\u0438\u0447\u0438\u0438\" \/>\n<script type=\"application\/ld+json\" class=\"yoast-schema-graph\">{\"@context\":\"https:\\\/\\\/schema.org\",\"@graph\":[{\"@type\":\"WebPage\",\"@id\":\"https:\\\/\\\/veenus.ee\\\/en\\\/toode\\\/egzo-wow-originaalne-orgaaniline-libesti\\\/\",\"url\":\"https:\\\/\\\/veenus.ee\\\/en\\\/toode\\\/egzo-wow-originaalne-orgaaniline-libesti\\\/\",\"name\":\"Egzo - WOW Originaalne orgaaniline libesti | Veenus\",\"isPartOf\":{\"@id\":\"https:\\\/\\\/veenus.ee\\\/#website\"},\"primaryImageOfPage\":{\"@id\":\"https:\\\/\\\/veenus.ee\\\/en\\\/toode\\\/egzo-wow-originaalne-orgaaniline-libesti\\\/#primaryimage\"},\"image\":{\"@id\":\"https:\\\/\\\/veenus.ee\\\/en\\\/toode\\\/egzo-wow-originaalne-orgaaniline-libesti\\\/#primaryimage\"},\"thumbnailUrl\":\"https:\\\/\\\/veenus.ee\\\/wp-content\\\/uploads\\\/2022\\\/01\\\/s-l1600-1.jpg\",\"datePublished\":\"2022-01-14T10:57:17+00:00\",\"dateModified\":\"2022-05-06T02:29:57+00:00\",\"breadcrumb\":{\"@id\":\"https:\\\/\\\/veenus.ee\\\/en\\\/toode\\\/egzo-wow-originaalne-orgaaniline-libesti\\\/#breadcrumb\"},\"inLanguage\":\"ru-RU\",\"potentialAction\":[{\"@type\":\"ReadAction\",\"target\":[\"https:\\\/\\\/veenus.ee\\\/en\\\/toode\\\/egzo-wow-originaalne-orgaaniline-libesti\\\/\"]}]},{\"@type\":\"ImageObject\",\"inLanguage\":\"ru-RU\",\"@id\":\"https:\\\/\\\/veenus.ee\\\/en\\\/toode\\\/egzo-wow-originaalne-orgaaniline-libesti\\\/#primaryimage\",\"url\":\"https:\\\/\\\/veenus.ee\\\/wp-content\\\/uploads\\\/2022\\\/01\\\/s-l1600-1.jpg\",\"contentUrl\":\"https:\\\/\\\/veenus.ee\\\/wp-content\\\/uploads\\\/2022\\\/01\\\/s-l1600-1.jpg\",\"width\":500,\"height\":450},{\"@type\":\"BreadcrumbList\",\"@id\":\"https:\\\/\\\/veenus.ee\\\/en\\\/toode\\\/egzo-wow-originaalne-orgaaniline-libesti\\\/#breadcrumb\",\"itemListElement\":[{\"@type\":\"ListItem\",\"position\":1,\"name\":\"Home\",\"item\":\"https:\\\/\\\/veenus.ee\\\/\"},{\"@type\":\"ListItem\",\"position\":2,\"name\":\"pood\",\"item\":\"https:\\\/\\\/veenus.ee\\\/pood\\\/\"},{\"@type\":\"ListItem\",\"position\":3,\"name\":\"Egzo &#8211; WOW Originaalne orgaaniline libesti\"}]},{\"@type\":\"WebSite\",\"@id\":\"https:\\\/\\\/veenus.ee\\\/#website\",\"url\":\"https:\\\/\\\/veenus.ee\\\/\",\"name\":\"Veenus\",\"description\":\"(Eesti) Veenus, erootikakaubad, sekstooted\",\"publisher\":{\"@id\":\"https:\\\/\\\/veenus.ee\\\/#organization\"},\"potentialAction\":[{\"@type\":\"SearchAction\",\"target\":{\"@type\":\"EntryPoint\",\"urlTemplate\":\"https:\\\/\\\/veenus.ee\\\/?s={search_term_string}\"},\"query-input\":{\"@type\":\"PropertyValueSpecification\",\"valueRequired\":true,\"valueName\":\"search_term_string\"}}],\"inLanguage\":\"ru-RU\"},{\"@type\":\"Organization\",\"@id\":\"https:\\\/\\\/veenus.ee\\\/#organization\",\"name\":\"Veenus\",\"url\":\"https:\\\/\\\/veenus.ee\\\/\",\"logo\":{\"@type\":\"ImageObject\",\"inLanguage\":\"ru-RU\",\"@id\":\"https:\\\/\\\/veenus.ee\\\/#\\\/schema\\\/logo\\\/image\\\/\",\"url\":\"https:\\\/\\\/veenus.ee\\\/wp-content\\\/uploads\\\/2021\\\/12\\\/logo.png\",\"contentUrl\":\"https:\\\/\\\/veenus.ee\\\/wp-content\\\/uploads\\\/2021\\\/12\\\/logo.png\",\"width\":119,\"height\":70,\"caption\":\"Veenus\"},\"image\":{\"@id\":\"https:\\\/\\\/veenus.ee\\\/#\\\/schema\\\/logo\\\/image\\\/\"}}]}<\/script>\n<meta property=\"og:availability\" content=\"instock\" \/>\n<meta property=\"product:availability\" content=\"instock\" \/>\n<meta property=\"product:retailer_item_id\" content=\"5094028010054\" \/>\n<meta property=\"product:condition\" content=\"new\" \/>\n<!-- \/ Yoast SEO Premium plugin. -->","yoast_head_json":{"title":"Egzo - WOW Originaalne orgaaniline libesti | Veenus","robots":{"index":"index","follow":"follow","max-snippet":"max-snippet:-1","max-image-preview":"max-image-preview:large","max-video-preview":"max-video-preview:-1"},"canonical":"https:\/\/veenus.ee\/ru\/toode\/egzo-wow-originaalne-orgaaniline-libesti\/","og_locale":"ru_RU","og_type":"article","og_title":"Egzo - WOW Originaalne orgaaniline libesti","og_description":"Originaalne orgaaniline vaginaal libesti seksuaalvahekorra niisutamiseks. Pikendab meestel erektsiooni ja seksuaalvahekorra kestust.","og_url":"https:\/\/veenus.ee\/en\/toode\/egzo-wow-originaalne-orgaaniline-libesti\/","og_site_name":"Veenus","article_modified_time":"2022-05-06T02:29:57+00:00","og_image":[{"width":500,"height":450,"url":"https:\/\/veenus.ee\/wp-content\/uploads\/2022\/01\/s-l1600-1.jpg","type":"image\/jpeg"}],"twitter_card":"summary_large_image","twitter_misc":{"\u0414\u043e\u0441\u0442\u0443\u043f\u043d\u043e\u0441\u0442\u044c":"\u0412 \u043d\u0430\u043b\u0438\u0447\u0438\u0438"},"schema":{"@context":"https:\/\/schema.org","@graph":[{"@type":"WebPage","@id":"https:\/\/veenus.ee\/en\/toode\/egzo-wow-originaalne-orgaaniline-libesti\/","url":"https:\/\/veenus.ee\/en\/toode\/egzo-wow-originaalne-orgaaniline-libesti\/","name":"Egzo - WOW Originaalne orgaaniline libesti | Veenus","isPartOf":{"@id":"https:\/\/veenus.ee\/#website"},"primaryImageOfPage":{"@id":"https:\/\/veenus.ee\/en\/toode\/egzo-wow-originaalne-orgaaniline-libesti\/#primaryimage"},"image":{"@id":"https:\/\/veenus.ee\/en\/toode\/egzo-wow-originaalne-orgaaniline-libesti\/#primaryimage"},"thumbnailUrl":"https:\/\/veenus.ee\/wp-content\/uploads\/2022\/01\/s-l1600-1.jpg","datePublished":"2022-01-14T10:57:17+00:00","dateModified":"2022-05-06T02:29:57+00:00","breadcrumb":{"@id":"https:\/\/veenus.ee\/en\/toode\/egzo-wow-originaalne-orgaaniline-libesti\/#breadcrumb"},"inLanguage":"ru-RU","potentialAction":[{"@type":"ReadAction","target":["https:\/\/veenus.ee\/en\/toode\/egzo-wow-originaalne-orgaaniline-libesti\/"]}]},{"@type":"ImageObject","inLanguage":"ru-RU","@id":"https:\/\/veenus.ee\/en\/toode\/egzo-wow-originaalne-orgaaniline-libesti\/#primaryimage","url":"https:\/\/veenus.ee\/wp-content\/uploads\/2022\/01\/s-l1600-1.jpg","contentUrl":"https:\/\/veenus.ee\/wp-content\/uploads\/2022\/01\/s-l1600-1.jpg","width":500,"height":450},{"@type":"BreadcrumbList","@id":"https:\/\/veenus.ee\/en\/toode\/egzo-wow-originaalne-orgaaniline-libesti\/#breadcrumb","itemListElement":[{"@type":"ListItem","position":1,"name":"Home","item":"https:\/\/veenus.ee\/"},{"@type":"ListItem","position":2,"name":"pood","item":"https:\/\/veenus.ee\/pood\/"},{"@type":"ListItem","position":3,"name":"Egzo &#8211; WOW Originaalne orgaaniline libesti"}]},{"@type":"WebSite","@id":"https:\/\/veenus.ee\/#website","url":"https:\/\/veenus.ee\/","name":"Veenus","description":"(Eesti) Veenus, erootikakaubad, sekstooted","publisher":{"@id":"https:\/\/veenus.ee\/#organization"},"potentialAction":[{"@type":"SearchAction","target":{"@type":"EntryPoint","urlTemplate":"https:\/\/veenus.ee\/?s={search_term_string}"},"query-input":{"@type":"PropertyValueSpecification","valueRequired":true,"valueName":"search_term_string"}}],"inLanguage":"ru-RU"},{"@type":"Organization","@id":"https:\/\/veenus.ee\/#organization","name":"Veenus","url":"https:\/\/veenus.ee\/","logo":{"@type":"ImageObject","inLanguage":"ru-RU","@id":"https:\/\/veenus.ee\/#\/schema\/logo\/image\/","url":"https:\/\/veenus.ee\/wp-content\/uploads\/2021\/12\/logo.png","contentUrl":"https:\/\/veenus.ee\/wp-content\/uploads\/2021\/12\/logo.png","width":119,"height":70,"caption":"Veenus"},"image":{"@id":"https:\/\/veenus.ee\/#\/schema\/logo\/image\/"}}]},"og_availability":"instock","product_availability":"instock","product_retailer_item_id":"5094028010054","product_condition":"new"},"_links":{"self":[{"href":"https:\/\/veenus.ee\/ru\/wp-json\/wp\/v2\/product\/11189","targetHints":{"allow":["GET"]}}],"collection":[{"href":"https:\/\/veenus.ee\/ru\/wp-json\/wp\/v2\/product"}],"about":[{"href":"https:\/\/veenus.ee\/ru\/wp-json\/wp\/v2\/types\/product"}],"replies":[{"embeddable":true,"href":"https:\/\/veenus.ee\/ru\/wp-json\/wp\/v2\/comments?post=11189"}],"wp:featuredmedia":[{"embeddable":true,"href":"https:\/\/veenus.ee\/ru\/wp-json\/wp\/v2\/media\/11192"}],"wp:attachment":[{"href":"https:\/\/veenus.ee\/ru\/wp-json\/wp\/v2\/media?parent=11189"}],"wp:term":[{"taxonomy":"product_brand","embeddable":true,"href":"https:\/\/veenus.ee\/ru\/wp-json\/wp\/v2\/product_brand?post=11189"},{"taxonomy":"product_cat","embeddable":true,"href":"https:\/\/veenus.ee\/ru\/wp-json\/wp\/v2\/product_cat?post=11189"},{"taxonomy":"product_tag","embeddable":true,"href":"https:\/\/veenus.ee\/ru\/wp-json\/wp\/v2\/product_tag?post=11189"}],"curies":[{"name":"wp","href":"https:\/\/api.w.org\/{rel}","templated":true}]}}