{"id":10836,"date":"2022-01-12T15:44:17","date_gmt":"2022-01-12T13:44:17","guid":{"rendered":"https:\/\/veenus.ee\/?post_type=product&#038;p=10836"},"modified":"2024-05-02T11:11:06","modified_gmt":"2024-05-02T08:11:06","slug":"viamax-organic-glide-70-ml","status":"publish","type":"product","link":"https:\/\/veenus.ee\/ru\/toode\/viamax-organic-glide-70-ml\/","title":{"rendered":"Viamax &#8212; Organic Glide looduslik libesti 70 ml"},"content":{"rendered":"<div class=\"std\">\n<p>Viamax &#8212; Organic Glide on 100% naturaalne libesti, mis on p\u00e4rineb iidetest Kreeka ja Egiptuse teadmistest emakesest loodusest. Loodusel on tervendavad ja niisutavad omadused. Organic Glide ei sisalda gl\u00fctseriini, petrooleumi, s\u00e4ilitusaineid ja kemikaale. See libesti kombineerib luksuslikud taimev\u00f5ided nagu sheav\u00f5i kakaov\u00f5iga, et tagada pikatoimeline siidine libisemine. See ei kuiva ning ei j\u00e4ta kleepuvaks. Mugavas pumbatavas pudelis, mis v\u00e4listab voodilinade m\u00e4\u00e4rdumise pudeli juhuslikust pikalikukkumisest.<\/p>\n<p>Hoolikalt valitud koostisained loovad toote, mis tagab kerge penetratsiooni minimaalse tundetuks muutmisega. Samal ajal rahustab nahka ning intiimpiirkonda optimaalse tervise ja vitaalsuse jaoks. Viamaxi Organic Glide on arstide ja g\u00fcnekoloogide poolt soovitatud libesti, mida peetakse hetkel k\u00f5ige keerulisemaks libestiks turul!<\/p>\n<p>Uus t\u00e4iendatud valem on lelus\u00f5bralik, kuid pole m\u00f5eldud kasutamaks lateksist kondoomidega.Parendab libisemist rahustava efektiga. 100% naturaalsetest koostisainetest. Loodud FDA sertifitseeritud hoones. Lelus\u00f5bralik. T\u00e4na meid hiljem!<\/p>\n<p>Koostisained: Sunflower Seed Oil (Helianthus annuus), Canola Oil, Sesame Seed Oil (Sesamum indicum), Shea Butter (Butyrosperum parkii), Cocoa Seed Butter (Theobroma cacao), Beeswax, Aloe barbadensis Leaf Extract, Tocopheryl Acetate.<\/p>\n<\/div>\n","protected":false},"excerpt":{"rendered":"<p>Ei sisalda gl\u00fctseriini, petrooleumi, s\u00e4ilitusaineid ja kemikaale<br \/>\nSisaldab sheav\u00f5i kakaov\u00f5iga<br \/>\nEi kuiva ning ei j\u00e4ta kleepuvaks<br \/>\nRahustab nahka ning intiimpiirkonda<br \/>\nOptimaalse tervise ja vitaalsuse jaoks<br \/>\nArstide ja g\u00fcnekoloogide poolt soovitatud<br \/>\nEi sobi lateks kondoomidega<br \/>\n100% naturaalsetest koostisainetest<br \/>\nLoodud FDA sertifitseeritud hoones<\/p>\n","protected":false},"featured_media":11228,"comment_status":"open","ping_status":"closed","template":"","meta":[],"product_brand":[],"product_cat":[104,204,75],"product_tag":[],"class_list":{"0":"post-10836","1":"product","2":"type-product","3":"status-publish","4":"has-post-thumbnail","6":"product_cat-lubricants","7":"product_cat-eco-quality-lubricants","8":"product_cat-drugstore","9":"pa_brand-viamax","11":"first","12":"outofstock","13":"taxable","14":"shipping-taxable","15":"purchasable","16":"product-type-simple"},"yoast_head":"<!-- This site is optimized with the Yoast SEO Premium plugin v26.0 (Yoast SEO v27.3) - https:\/\/yoast.com\/product\/yoast-seo-premium-wordpress\/ -->\n<title>Viamax - Organic Glide looduslik libesti 70 ml | Veenus<\/title>\n<meta name=\"robots\" content=\"index, follow, max-snippet:-1, max-image-preview:large, max-video-preview:-1\" \/>\n<link rel=\"canonical\" href=\"https:\/\/veenus.ee\/ru\/toode\/viamax-organic-glide-70-ml\/\" \/>\n<meta property=\"og:locale\" content=\"ru_RU\" \/>\n<meta property=\"og:type\" content=\"article\" \/>\n<meta property=\"og:title\" content=\"Viamax - Organic Glide looduslik libesti 70 ml\" \/>\n<meta property=\"og:description\" content=\"Ei sisalda gl\u00fctseriini, petrooleumi, s\u00e4ilitusaineid ja kemikaale Sisaldab sheav\u00f5i kakaov\u00f5iga Ei kuiva ning ei j\u00e4ta kleepuvaks Rahustab nahka ning intiimpiirkonda Optimaalse tervise ja vitaalsuse jaoks Arstide ja g\u00fcnekoloogide poolt soovitatud Ei sobi lateks kondoomidega 100% naturaalsetest koostisainetest Loodud FDA sertifitseeritud hoones\" \/>\n<meta property=\"og:url\" content=\"https:\/\/veenus.ee\/en\/toode\/viamax-organic-glide-70-ml\/\" \/>\n<meta property=\"og:site_name\" content=\"Veenus\" \/>\n<meta property=\"article:modified_time\" content=\"2024-05-02T08:11:06+00:00\" \/>\n<meta property=\"og:image\" content=\"https:\/\/veenus.ee\/wp-content\/uploads\/2022\/01\/vm_organic_02.jpg\" \/>\n\t<meta property=\"og:image:width\" content=\"1000\" \/>\n\t<meta property=\"og:image:height\" content=\"1000\" \/>\n\t<meta property=\"og:image:type\" content=\"image\/jpeg\" \/>\n<meta name=\"twitter:card\" content=\"summary_large_image\" \/>\n<meta name=\"twitter:label1\" content=\"\u0426\u0435\u043d\u0430\" \/>\n\t<meta name=\"twitter:data1\" content=\"22.60&euro;\" \/>\n\t<meta name=\"twitter:label2\" content=\"\u0414\u043e\u0441\u0442\u0443\u043f\u043d\u043e\u0441\u0442\u044c\" \/>\n\t<meta name=\"twitter:data2\" content=\"\u0420\u0430\u0441\u043f\u0440\u043e\u0434\u0430\u043d\u043e\" \/>\n<script type=\"application\/ld+json\" class=\"yoast-schema-graph\">{\"@context\":\"https:\\\/\\\/schema.org\",\"@graph\":[{\"@type\":\"WebPage\",\"@id\":\"https:\\\/\\\/veenus.ee\\\/en\\\/toode\\\/viamax-organic-glide-70-ml\\\/\",\"url\":\"https:\\\/\\\/veenus.ee\\\/en\\\/toode\\\/viamax-organic-glide-70-ml\\\/\",\"name\":\"Viamax - Organic Glide looduslik libesti 70 ml | Veenus\",\"isPartOf\":{\"@id\":\"https:\\\/\\\/veenus.ee\\\/#website\"},\"primaryImageOfPage\":{\"@id\":\"https:\\\/\\\/veenus.ee\\\/en\\\/toode\\\/viamax-organic-glide-70-ml\\\/#primaryimage\"},\"image\":{\"@id\":\"https:\\\/\\\/veenus.ee\\\/en\\\/toode\\\/viamax-organic-glide-70-ml\\\/#primaryimage\"},\"thumbnailUrl\":\"https:\\\/\\\/veenus.ee\\\/wp-content\\\/uploads\\\/2022\\\/01\\\/vm_organic_02.jpg\",\"datePublished\":\"2022-01-12T13:44:17+00:00\",\"dateModified\":\"2024-05-02T08:11:06+00:00\",\"breadcrumb\":{\"@id\":\"https:\\\/\\\/veenus.ee\\\/en\\\/toode\\\/viamax-organic-glide-70-ml\\\/#breadcrumb\"},\"inLanguage\":\"ru-RU\",\"potentialAction\":[{\"@type\":\"ReadAction\",\"target\":[\"https:\\\/\\\/veenus.ee\\\/en\\\/toode\\\/viamax-organic-glide-70-ml\\\/\"]}]},{\"@type\":\"ImageObject\",\"inLanguage\":\"ru-RU\",\"@id\":\"https:\\\/\\\/veenus.ee\\\/en\\\/toode\\\/viamax-organic-glide-70-ml\\\/#primaryimage\",\"url\":\"https:\\\/\\\/veenus.ee\\\/wp-content\\\/uploads\\\/2022\\\/01\\\/vm_organic_02.jpg\",\"contentUrl\":\"https:\\\/\\\/veenus.ee\\\/wp-content\\\/uploads\\\/2022\\\/01\\\/vm_organic_02.jpg\",\"width\":1000,\"height\":1000},{\"@type\":\"BreadcrumbList\",\"@id\":\"https:\\\/\\\/veenus.ee\\\/en\\\/toode\\\/viamax-organic-glide-70-ml\\\/#breadcrumb\",\"itemListElement\":[{\"@type\":\"ListItem\",\"position\":1,\"name\":\"Home\",\"item\":\"https:\\\/\\\/veenus.ee\\\/\"},{\"@type\":\"ListItem\",\"position\":2,\"name\":\"pood\",\"item\":\"https:\\\/\\\/veenus.ee\\\/pood\\\/\"},{\"@type\":\"ListItem\",\"position\":3,\"name\":\"Viamax &#8211; Organic Glide looduslik libesti 70 ml\"}]},{\"@type\":\"WebSite\",\"@id\":\"https:\\\/\\\/veenus.ee\\\/#website\",\"url\":\"https:\\\/\\\/veenus.ee\\\/\",\"name\":\"Veenus\",\"description\":\"(Eesti) Veenus, erootikakaubad, sekstooted\",\"publisher\":{\"@id\":\"https:\\\/\\\/veenus.ee\\\/#organization\"},\"potentialAction\":[{\"@type\":\"SearchAction\",\"target\":{\"@type\":\"EntryPoint\",\"urlTemplate\":\"https:\\\/\\\/veenus.ee\\\/?s={search_term_string}\"},\"query-input\":{\"@type\":\"PropertyValueSpecification\",\"valueRequired\":true,\"valueName\":\"search_term_string\"}}],\"inLanguage\":\"ru-RU\"},{\"@type\":\"Organization\",\"@id\":\"https:\\\/\\\/veenus.ee\\\/#organization\",\"name\":\"Veenus\",\"url\":\"https:\\\/\\\/veenus.ee\\\/\",\"logo\":{\"@type\":\"ImageObject\",\"inLanguage\":\"ru-RU\",\"@id\":\"https:\\\/\\\/veenus.ee\\\/#\\\/schema\\\/logo\\\/image\\\/\",\"url\":\"https:\\\/\\\/veenus.ee\\\/wp-content\\\/uploads\\\/2021\\\/12\\\/logo.png\",\"contentUrl\":\"https:\\\/\\\/veenus.ee\\\/wp-content\\\/uploads\\\/2021\\\/12\\\/logo.png\",\"width\":119,\"height\":70,\"caption\":\"Veenus\"},\"image\":{\"@id\":\"https:\\\/\\\/veenus.ee\\\/#\\\/schema\\\/logo\\\/image\\\/\"}}]}<\/script>\n<meta property=\"product:price:amount\" content=\"22.60\" \/>\n<meta property=\"product:price:currency\" content=\"EUR\" \/>\n<meta property=\"og:availability\" content=\"out of stock\" \/>\n<meta property=\"product:availability\" content=\"out of stock\" \/>\n<meta property=\"product:retailer_item_id\" content=\"4742902010683\" \/>\n<meta property=\"product:condition\" content=\"new\" \/>\n<!-- \/ Yoast SEO Premium plugin. -->","yoast_head_json":{"title":"Viamax - Organic Glide looduslik libesti 70 ml | Veenus","robots":{"index":"index","follow":"follow","max-snippet":"max-snippet:-1","max-image-preview":"max-image-preview:large","max-video-preview":"max-video-preview:-1"},"canonical":"https:\/\/veenus.ee\/ru\/toode\/viamax-organic-glide-70-ml\/","og_locale":"ru_RU","og_type":"article","og_title":"Viamax - Organic Glide looduslik libesti 70 ml","og_description":"Ei sisalda gl\u00fctseriini, petrooleumi, s\u00e4ilitusaineid ja kemikaale Sisaldab sheav\u00f5i kakaov\u00f5iga Ei kuiva ning ei j\u00e4ta kleepuvaks Rahustab nahka ning intiimpiirkonda Optimaalse tervise ja vitaalsuse jaoks Arstide ja g\u00fcnekoloogide poolt soovitatud Ei sobi lateks kondoomidega 100% naturaalsetest koostisainetest Loodud FDA sertifitseeritud hoones","og_url":"https:\/\/veenus.ee\/en\/toode\/viamax-organic-glide-70-ml\/","og_site_name":"Veenus","article_modified_time":"2024-05-02T08:11:06+00:00","og_image":[{"width":1000,"height":1000,"url":"https:\/\/veenus.ee\/wp-content\/uploads\/2022\/01\/vm_organic_02.jpg","type":"image\/jpeg"}],"twitter_card":"summary_large_image","twitter_misc":{"\u0426\u0435\u043d\u0430":"22.60&euro;","\u0414\u043e\u0441\u0442\u0443\u043f\u043d\u043e\u0441\u0442\u044c":"\u0420\u0430\u0441\u043f\u0440\u043e\u0434\u0430\u043d\u043e"},"schema":{"@context":"https:\/\/schema.org","@graph":[{"@type":"WebPage","@id":"https:\/\/veenus.ee\/en\/toode\/viamax-organic-glide-70-ml\/","url":"https:\/\/veenus.ee\/en\/toode\/viamax-organic-glide-70-ml\/","name":"Viamax - Organic Glide looduslik libesti 70 ml | Veenus","isPartOf":{"@id":"https:\/\/veenus.ee\/#website"},"primaryImageOfPage":{"@id":"https:\/\/veenus.ee\/en\/toode\/viamax-organic-glide-70-ml\/#primaryimage"},"image":{"@id":"https:\/\/veenus.ee\/en\/toode\/viamax-organic-glide-70-ml\/#primaryimage"},"thumbnailUrl":"https:\/\/veenus.ee\/wp-content\/uploads\/2022\/01\/vm_organic_02.jpg","datePublished":"2022-01-12T13:44:17+00:00","dateModified":"2024-05-02T08:11:06+00:00","breadcrumb":{"@id":"https:\/\/veenus.ee\/en\/toode\/viamax-organic-glide-70-ml\/#breadcrumb"},"inLanguage":"ru-RU","potentialAction":[{"@type":"ReadAction","target":["https:\/\/veenus.ee\/en\/toode\/viamax-organic-glide-70-ml\/"]}]},{"@type":"ImageObject","inLanguage":"ru-RU","@id":"https:\/\/veenus.ee\/en\/toode\/viamax-organic-glide-70-ml\/#primaryimage","url":"https:\/\/veenus.ee\/wp-content\/uploads\/2022\/01\/vm_organic_02.jpg","contentUrl":"https:\/\/veenus.ee\/wp-content\/uploads\/2022\/01\/vm_organic_02.jpg","width":1000,"height":1000},{"@type":"BreadcrumbList","@id":"https:\/\/veenus.ee\/en\/toode\/viamax-organic-glide-70-ml\/#breadcrumb","itemListElement":[{"@type":"ListItem","position":1,"name":"Home","item":"https:\/\/veenus.ee\/"},{"@type":"ListItem","position":2,"name":"pood","item":"https:\/\/veenus.ee\/pood\/"},{"@type":"ListItem","position":3,"name":"Viamax &#8211; Organic Glide looduslik libesti 70 ml"}]},{"@type":"WebSite","@id":"https:\/\/veenus.ee\/#website","url":"https:\/\/veenus.ee\/","name":"Veenus","description":"(Eesti) Veenus, erootikakaubad, sekstooted","publisher":{"@id":"https:\/\/veenus.ee\/#organization"},"potentialAction":[{"@type":"SearchAction","target":{"@type":"EntryPoint","urlTemplate":"https:\/\/veenus.ee\/?s={search_term_string}"},"query-input":{"@type":"PropertyValueSpecification","valueRequired":true,"valueName":"search_term_string"}}],"inLanguage":"ru-RU"},{"@type":"Organization","@id":"https:\/\/veenus.ee\/#organization","name":"Veenus","url":"https:\/\/veenus.ee\/","logo":{"@type":"ImageObject","inLanguage":"ru-RU","@id":"https:\/\/veenus.ee\/#\/schema\/logo\/image\/","url":"https:\/\/veenus.ee\/wp-content\/uploads\/2021\/12\/logo.png","contentUrl":"https:\/\/veenus.ee\/wp-content\/uploads\/2021\/12\/logo.png","width":119,"height":70,"caption":"Veenus"},"image":{"@id":"https:\/\/veenus.ee\/#\/schema\/logo\/image\/"}}]},"product_price_amount":"22.60","product_price_currency":"EUR","og_availability":"out of stock","product_availability":"out of stock","product_retailer_item_id":"4742902010683","product_condition":"new"},"_links":{"self":[{"href":"https:\/\/veenus.ee\/ru\/wp-json\/wp\/v2\/product\/10836","targetHints":{"allow":["GET"]}}],"collection":[{"href":"https:\/\/veenus.ee\/ru\/wp-json\/wp\/v2\/product"}],"about":[{"href":"https:\/\/veenus.ee\/ru\/wp-json\/wp\/v2\/types\/product"}],"replies":[{"embeddable":true,"href":"https:\/\/veenus.ee\/ru\/wp-json\/wp\/v2\/comments?post=10836"}],"wp:featuredmedia":[{"embeddable":true,"href":"https:\/\/veenus.ee\/ru\/wp-json\/wp\/v2\/media\/11228"}],"wp:attachment":[{"href":"https:\/\/veenus.ee\/ru\/wp-json\/wp\/v2\/media?parent=10836"}],"wp:term":[{"taxonomy":"product_brand","embeddable":true,"href":"https:\/\/veenus.ee\/ru\/wp-json\/wp\/v2\/product_brand?post=10836"},{"taxonomy":"product_cat","embeddable":true,"href":"https:\/\/veenus.ee\/ru\/wp-json\/wp\/v2\/product_cat?post=10836"},{"taxonomy":"product_tag","embeddable":true,"href":"https:\/\/veenus.ee\/ru\/wp-json\/wp\/v2\/product_tag?post=10836"}],"curies":[{"name":"wp","href":"https:\/\/api.w.org\/{rel}","templated":true}]}}