{"id":10662,"date":"2022-01-12T15:43:36","date_gmt":"2022-01-12T13:43:36","guid":{"rendered":"https:\/\/veenus.ee\/?post_type=product&#038;p=10662"},"modified":"2022-12-24T20:30:37","modified_gmt":"2022-12-24T18:30:37","slug":"tenga-egg-wavy","status":"publish","type":"product","link":"https:\/\/veenus.ee\/ru\/toode\/tenga-egg-wavy\/","title":{"rendered":"Tenga Egg Masturbaator"},"content":{"rendered":"<div class=\"std\">\n<p>Naudi k\u00f5ige v\u00f5imsamat orgasmi, mida sa iial endale oma k\u00e4tega pakkuda suudad. See v\u00e4ike munake venib kogu peenise ulatuses ja rohkemgi ning pakub uskumatult intensiivset naudingut. Lihtsalt vala kaasasolev libesti munakese sisse ja torka oma peenis sellesse \u00f5ndsasse libedasse avausse, mis on seespoolt kaetud omap\u00e4rase ja unikaalse struktuuriga. Sobib absoluutselt \u00fcksk\u00f5ik mis suuruses peenisele. Venib kuni 30 cm pikkuses ja 20 cm laiuses! Lisalibesti j\u00e4rele pole \u00fcldse mingit t\u00e4iendavat vajadust.<\/p>\n<p>Munake on pakendatud k\u00f5vast plastikust munakoore sisse, mis peale paberi seest &#171;lahti koorimist&#187; avaneb kui Kinder Surprise \u00fcllatusmuna. Munakese seest v\u00f5ib leida pakendi koos libestiga \u00fcheks kasutuskorraks. See on t\u00e4iskasvanud meeste \u00fcllatusmuna, mis sobib ideaalselt \u00fcllatusmomendiga kingituseks ja l\u00f6\u00f6b laineid igal s\u00fcnnip\u00e4eval.<\/p>\n<p>Tootja garanteerib \u00fchekordse kasutuse, kasutades kondoomi pikendate masturbaatori eluiga ja v\u00f5ite seda korduvalt kasutada, lisades vajadusel libestit! Samas on v\u00f5imalik munake peale kasutamist p\u00f6\u00f6rata tagurpidi ja ohtra kohuse jooksva veega puhastada, v\u00f5imaldades seda ilma kondoomita mitmeid ja mitmeid kordi kasutada.<\/p>\n<\/div>\n","protected":false},"excerpt":{"rendered":"<p>\u00dcliveniv ja \u00fclitihe mastrubaator<br \/>\nSobib igat m\u00f5\u00f5tu peenisele<br \/>\n\u00dclipehme silikoon<br \/>\nReaalne tunnetus<br \/>\nSisaldab libestit<\/p>\n","protected":false},"featured_media":11288,"comment_status":"open","ping_status":"closed","template":"","meta":[],"product_brand":[],"product_cat":[84,72,160],"product_tag":[],"class_list":{"0":"post-10662","1":"product","2":"type-product","3":"status-publish","4":"has-post-thumbnail","6":"product_cat-masturbators-for-men","7":"product_cat-for-men","8":"product_cat-tenga","9":"pa_brand-tenga","11":"first","12":"instock","13":"featured","14":"taxable","15":"shipping-taxable","16":"purchasable","17":"product-type-variable"},"yoast_head":"<!-- This site is optimized with the Yoast SEO Premium plugin v26.0 (Yoast SEO v27.3) - https:\/\/yoast.com\/product\/yoast-seo-premium-wordpress\/ -->\n<title>Tenga Egg Masturbaator | Veenus<\/title>\n<meta name=\"robots\" content=\"index, follow, max-snippet:-1, max-image-preview:large, max-video-preview:-1\" \/>\n<link rel=\"canonical\" href=\"https:\/\/veenus.ee\/ru\/toode\/tenga-egg-wavy\/\" \/>\n<meta property=\"og:locale\" content=\"ru_RU\" \/>\n<meta property=\"og:type\" content=\"article\" \/>\n<meta property=\"og:title\" content=\"Tenga Egg Masturbaator\" \/>\n<meta property=\"og:description\" content=\"\u00dcliveniv ja \u00fclitihe mastrubaator Sobib igat m\u00f5\u00f5tu peenisele \u00dclipehme silikoon Reaalne tunnetus Sisaldab libestit\" \/>\n<meta property=\"og:url\" content=\"https:\/\/veenus.ee\/ru\/toode\/tenga-egg-wavy\/\" \/>\n<meta property=\"og:site_name\" content=\"Veenus\" \/>\n<meta property=\"article:modified_time\" content=\"2022-12-24T18:30:37+00:00\" \/>\n<meta property=\"og:image\" content=\"https:\/\/veenus.ee\/wp-content\/uploads\/2022\/01\/EGG-VP6_1_-4_1024x1024.jpg\" \/>\n\t<meta property=\"og:image:width\" content=\"1000\" \/>\n\t<meta property=\"og:image:height\" content=\"1000\" \/>\n\t<meta property=\"og:image:type\" content=\"image\/jpeg\" \/>\n<meta name=\"twitter:card\" content=\"summary_large_image\" \/>\n<meta name=\"twitter:label1\" content=\"\u0414\u043e\u0441\u0442\u0443\u043f\u043d\u043e\u0441\u0442\u044c\" \/>\n\t<meta name=\"twitter:data1\" content=\"\u0412 \u043d\u0430\u043b\u0438\u0447\u0438\u0438\" \/>\n<script type=\"application\/ld+json\" class=\"yoast-schema-graph\">{\"@context\":\"https:\\\/\\\/schema.org\",\"@graph\":[{\"@type\":\"WebPage\",\"@id\":\"https:\\\/\\\/veenus.ee\\\/ru\\\/toode\\\/tenga-egg-wavy\\\/\",\"url\":\"https:\\\/\\\/veenus.ee\\\/ru\\\/toode\\\/tenga-egg-wavy\\\/\",\"name\":\"Tenga Egg Masturbaator | Veenus\",\"isPartOf\":{\"@id\":\"https:\\\/\\\/veenus.ee\\\/#website\"},\"primaryImageOfPage\":{\"@id\":\"https:\\\/\\\/veenus.ee\\\/ru\\\/toode\\\/tenga-egg-wavy\\\/#primaryimage\"},\"image\":{\"@id\":\"https:\\\/\\\/veenus.ee\\\/ru\\\/toode\\\/tenga-egg-wavy\\\/#primaryimage\"},\"thumbnailUrl\":\"https:\\\/\\\/veenus.ee\\\/wp-content\\\/uploads\\\/2022\\\/01\\\/EGG-VP6_1_-4_1024x1024.jpg\",\"datePublished\":\"2022-01-12T13:43:36+00:00\",\"dateModified\":\"2022-12-24T18:30:37+00:00\",\"breadcrumb\":{\"@id\":\"https:\\\/\\\/veenus.ee\\\/ru\\\/toode\\\/tenga-egg-wavy\\\/#breadcrumb\"},\"inLanguage\":\"ru-RU\",\"potentialAction\":[{\"@type\":\"ReadAction\",\"target\":[\"https:\\\/\\\/veenus.ee\\\/ru\\\/toode\\\/tenga-egg-wavy\\\/\"]}]},{\"@type\":\"ImageObject\",\"inLanguage\":\"ru-RU\",\"@id\":\"https:\\\/\\\/veenus.ee\\\/ru\\\/toode\\\/tenga-egg-wavy\\\/#primaryimage\",\"url\":\"https:\\\/\\\/veenus.ee\\\/wp-content\\\/uploads\\\/2022\\\/01\\\/EGG-VP6_1_-4_1024x1024.jpg\",\"contentUrl\":\"https:\\\/\\\/veenus.ee\\\/wp-content\\\/uploads\\\/2022\\\/01\\\/EGG-VP6_1_-4_1024x1024.jpg\",\"width\":1000,\"height\":1000},{\"@type\":\"BreadcrumbList\",\"@id\":\"https:\\\/\\\/veenus.ee\\\/ru\\\/toode\\\/tenga-egg-wavy\\\/#breadcrumb\",\"itemListElement\":[{\"@type\":\"ListItem\",\"position\":1,\"name\":\"Home\",\"item\":\"https:\\\/\\\/veenus.ee\\\/\"},{\"@type\":\"ListItem\",\"position\":2,\"name\":\"pood\",\"item\":\"https:\\\/\\\/veenus.ee\\\/pood\\\/\"},{\"@type\":\"ListItem\",\"position\":3,\"name\":\"Tenga Egg Masturbaator\"}]},{\"@type\":\"WebSite\",\"@id\":\"https:\\\/\\\/veenus.ee\\\/#website\",\"url\":\"https:\\\/\\\/veenus.ee\\\/\",\"name\":\"Veenus\",\"description\":\"(Eesti) Veenus, erootikakaubad, sekstooted\",\"publisher\":{\"@id\":\"https:\\\/\\\/veenus.ee\\\/#organization\"},\"potentialAction\":[{\"@type\":\"SearchAction\",\"target\":{\"@type\":\"EntryPoint\",\"urlTemplate\":\"https:\\\/\\\/veenus.ee\\\/?s={search_term_string}\"},\"query-input\":{\"@type\":\"PropertyValueSpecification\",\"valueRequired\":true,\"valueName\":\"search_term_string\"}}],\"inLanguage\":\"ru-RU\"},{\"@type\":\"Organization\",\"@id\":\"https:\\\/\\\/veenus.ee\\\/#organization\",\"name\":\"Veenus\",\"url\":\"https:\\\/\\\/veenus.ee\\\/\",\"logo\":{\"@type\":\"ImageObject\",\"inLanguage\":\"ru-RU\",\"@id\":\"https:\\\/\\\/veenus.ee\\\/#\\\/schema\\\/logo\\\/image\\\/\",\"url\":\"https:\\\/\\\/veenus.ee\\\/wp-content\\\/uploads\\\/2021\\\/12\\\/logo.png\",\"contentUrl\":\"https:\\\/\\\/veenus.ee\\\/wp-content\\\/uploads\\\/2021\\\/12\\\/logo.png\",\"width\":119,\"height\":70,\"caption\":\"Veenus\"},\"image\":{\"@id\":\"https:\\\/\\\/veenus.ee\\\/#\\\/schema\\\/logo\\\/image\\\/\"}}]}<\/script>\n<meta property=\"og:availability\" content=\"instock\" \/>\n<meta property=\"product:availability\" content=\"instock\" \/>\n<meta property=\"product:condition\" content=\"new\" \/>\n<!-- \/ Yoast SEO Premium plugin. -->","yoast_head_json":{"title":"Tenga Egg Masturbaator | Veenus","robots":{"index":"index","follow":"follow","max-snippet":"max-snippet:-1","max-image-preview":"max-image-preview:large","max-video-preview":"max-video-preview:-1"},"canonical":"https:\/\/veenus.ee\/ru\/toode\/tenga-egg-wavy\/","og_locale":"ru_RU","og_type":"article","og_title":"Tenga Egg Masturbaator","og_description":"\u00dcliveniv ja \u00fclitihe mastrubaator Sobib igat m\u00f5\u00f5tu peenisele \u00dclipehme silikoon Reaalne tunnetus Sisaldab libestit","og_url":"https:\/\/veenus.ee\/ru\/toode\/tenga-egg-wavy\/","og_site_name":"Veenus","article_modified_time":"2022-12-24T18:30:37+00:00","og_image":[{"width":1000,"height":1000,"url":"https:\/\/veenus.ee\/wp-content\/uploads\/2022\/01\/EGG-VP6_1_-4_1024x1024.jpg","type":"image\/jpeg"}],"twitter_card":"summary_large_image","twitter_misc":{"\u0414\u043e\u0441\u0442\u0443\u043f\u043d\u043e\u0441\u0442\u044c":"\u0412 \u043d\u0430\u043b\u0438\u0447\u0438\u0438"},"schema":{"@context":"https:\/\/schema.org","@graph":[{"@type":"WebPage","@id":"https:\/\/veenus.ee\/ru\/toode\/tenga-egg-wavy\/","url":"https:\/\/veenus.ee\/ru\/toode\/tenga-egg-wavy\/","name":"Tenga Egg Masturbaator | Veenus","isPartOf":{"@id":"https:\/\/veenus.ee\/#website"},"primaryImageOfPage":{"@id":"https:\/\/veenus.ee\/ru\/toode\/tenga-egg-wavy\/#primaryimage"},"image":{"@id":"https:\/\/veenus.ee\/ru\/toode\/tenga-egg-wavy\/#primaryimage"},"thumbnailUrl":"https:\/\/veenus.ee\/wp-content\/uploads\/2022\/01\/EGG-VP6_1_-4_1024x1024.jpg","datePublished":"2022-01-12T13:43:36+00:00","dateModified":"2022-12-24T18:30:37+00:00","breadcrumb":{"@id":"https:\/\/veenus.ee\/ru\/toode\/tenga-egg-wavy\/#breadcrumb"},"inLanguage":"ru-RU","potentialAction":[{"@type":"ReadAction","target":["https:\/\/veenus.ee\/ru\/toode\/tenga-egg-wavy\/"]}]},{"@type":"ImageObject","inLanguage":"ru-RU","@id":"https:\/\/veenus.ee\/ru\/toode\/tenga-egg-wavy\/#primaryimage","url":"https:\/\/veenus.ee\/wp-content\/uploads\/2022\/01\/EGG-VP6_1_-4_1024x1024.jpg","contentUrl":"https:\/\/veenus.ee\/wp-content\/uploads\/2022\/01\/EGG-VP6_1_-4_1024x1024.jpg","width":1000,"height":1000},{"@type":"BreadcrumbList","@id":"https:\/\/veenus.ee\/ru\/toode\/tenga-egg-wavy\/#breadcrumb","itemListElement":[{"@type":"ListItem","position":1,"name":"Home","item":"https:\/\/veenus.ee\/"},{"@type":"ListItem","position":2,"name":"pood","item":"https:\/\/veenus.ee\/pood\/"},{"@type":"ListItem","position":3,"name":"Tenga Egg Masturbaator"}]},{"@type":"WebSite","@id":"https:\/\/veenus.ee\/#website","url":"https:\/\/veenus.ee\/","name":"Veenus","description":"(Eesti) Veenus, erootikakaubad, sekstooted","publisher":{"@id":"https:\/\/veenus.ee\/#organization"},"potentialAction":[{"@type":"SearchAction","target":{"@type":"EntryPoint","urlTemplate":"https:\/\/veenus.ee\/?s={search_term_string}"},"query-input":{"@type":"PropertyValueSpecification","valueRequired":true,"valueName":"search_term_string"}}],"inLanguage":"ru-RU"},{"@type":"Organization","@id":"https:\/\/veenus.ee\/#organization","name":"Veenus","url":"https:\/\/veenus.ee\/","logo":{"@type":"ImageObject","inLanguage":"ru-RU","@id":"https:\/\/veenus.ee\/#\/schema\/logo\/image\/","url":"https:\/\/veenus.ee\/wp-content\/uploads\/2021\/12\/logo.png","contentUrl":"https:\/\/veenus.ee\/wp-content\/uploads\/2021\/12\/logo.png","width":119,"height":70,"caption":"Veenus"},"image":{"@id":"https:\/\/veenus.ee\/#\/schema\/logo\/image\/"}}]},"og_availability":"instock","product_availability":"instock","product_condition":"new"},"_links":{"self":[{"href":"https:\/\/veenus.ee\/ru\/wp-json\/wp\/v2\/product\/10662","targetHints":{"allow":["GET"]}}],"collection":[{"href":"https:\/\/veenus.ee\/ru\/wp-json\/wp\/v2\/product"}],"about":[{"href":"https:\/\/veenus.ee\/ru\/wp-json\/wp\/v2\/types\/product"}],"replies":[{"embeddable":true,"href":"https:\/\/veenus.ee\/ru\/wp-json\/wp\/v2\/comments?post=10662"}],"wp:featuredmedia":[{"embeddable":true,"href":"https:\/\/veenus.ee\/ru\/wp-json\/wp\/v2\/media\/11288"}],"wp:attachment":[{"href":"https:\/\/veenus.ee\/ru\/wp-json\/wp\/v2\/media?parent=10662"}],"wp:term":[{"taxonomy":"product_brand","embeddable":true,"href":"https:\/\/veenus.ee\/ru\/wp-json\/wp\/v2\/product_brand?post=10662"},{"taxonomy":"product_cat","embeddable":true,"href":"https:\/\/veenus.ee\/ru\/wp-json\/wp\/v2\/product_cat?post=10662"},{"taxonomy":"product_tag","embeddable":true,"href":"https:\/\/veenus.ee\/ru\/wp-json\/wp\/v2\/product_tag?post=10662"}],"curies":[{"name":"wp","href":"https:\/\/api.w.org\/{rel}","templated":true}]}}