{"id":10461,"date":"2022-01-12T15:42:51","date_gmt":"2022-01-12T13:42:51","guid":{"rendered":"https:\/\/veenus.ee\/?post_type=product&#038;p=10461"},"modified":"2022-05-21T20:19:32","modified_gmt":"2022-05-21T17:19:32","slug":"fleshlight-pink-lady-vortex","status":"publish","type":"product","link":"https:\/\/veenus.ee\/ru\/toode\/fleshlight-pink-lady-vortex\/","title":{"rendered":"Fleshlight &#8212; Pink Lady Vortex"},"content":{"rendered":"<p><\/p>\n<table class=\"table-data-sheet\">\n<tbody>\n<tr class=\"odd\">\n<td>Diameter (cm)<\/td>\n<td>1,3<\/td>\n<\/tr>\n<tr class=\"even\">\n<td>Length (cm)<\/td>\n<td>25,4<\/td>\n<\/tr>\n<tr class=\"odd\">\n<td>Product group<\/td>\n<td>vagina<\/td>\n<\/tr>\n<tr class=\"even\">\n<td>Color<\/td>\n<td>Flesh<\/td>\n<\/tr>\n<tr class=\"odd\">\n<td>Material<\/td>\n<td>Superskin<\/td>\n<\/tr>\n<tr class=\"even\">\n<td>Special feature<\/td>\n<td>waterproof<\/td>\n<\/tr>\n<\/tbody>\n<\/table>\n<p><\/p>","protected":false},"excerpt":{"rendered":"<p>Elul\u00e4hedane koopia p\u00e4ris t\u00fcdruku vagiinast<br \/>\nVagiinakanal kaetud spiraalsete kurdudega<br \/>\nK\u00e4ep\u00e4rane kasutada<br \/>\nLihtne hooldada<br \/>\nKaasas libestuskreem<\/p>\n","protected":false},"featured_media":11888,"comment_status":"open","ping_status":"closed","template":"","meta":[],"product_brand":[],"product_cat":[84,72,159],"product_tag":[],"class_list":{"0":"post-10461","1":"product","2":"type-product","3":"status-publish","4":"has-post-thumbnail","6":"product_cat-masturbators-for-men","7":"product_cat-for-men","8":"product_cat-fleshlight","9":"pa_brand-fleshlight","11":"first","12":"outofstock","13":"taxable","14":"shipping-taxable","15":"purchasable","16":"product-type-simple"},"yoast_head":"<!-- This site is optimized with the Yoast SEO Premium plugin v26.0 (Yoast SEO v27.3) - https:\/\/yoast.com\/product\/yoast-seo-premium-wordpress\/ -->\n<title>Fleshlight - Pink Lady Vortex | Veenus<\/title>\n<meta name=\"robots\" content=\"index, follow, max-snippet:-1, max-image-preview:large, max-video-preview:-1\" \/>\n<link rel=\"canonical\" href=\"https:\/\/veenus.ee\/ru\/toode\/fleshlight-pink-lady-vortex\/\" \/>\n<meta property=\"og:locale\" content=\"ru_RU\" \/>\n<meta property=\"og:type\" content=\"article\" \/>\n<meta property=\"og:title\" content=\"Fleshlight - Pink Lady Vortex\" \/>\n<meta property=\"og:description\" content=\"Elul\u00e4hedane koopia p\u00e4ris t\u00fcdruku vagiinast Vagiinakanal kaetud spiraalsete kurdudega K\u00e4ep\u00e4rane kasutada Lihtne hooldada Kaasas libestuskreem\" \/>\n<meta property=\"og:url\" content=\"https:\/\/veenus.ee\/en\/toode\/fleshlight-pink-lady-vortex\/\" \/>\n<meta property=\"og:site_name\" content=\"Veenus\" \/>\n<meta property=\"article:modified_time\" content=\"2022-05-21T17:19:32+00:00\" \/>\n<meta property=\"og:image\" content=\"https:\/\/veenus.ee\/wp-content\/uploads\/2022\/01\/fl_vortex_01.jpg\" \/>\n\t<meta property=\"og:image:width\" content=\"1000\" \/>\n\t<meta property=\"og:image:height\" content=\"1000\" \/>\n\t<meta property=\"og:image:type\" content=\"image\/jpeg\" \/>\n<meta name=\"twitter:card\" content=\"summary_large_image\" \/>\n<meta name=\"twitter:label1\" content=\"\u0426\u0435\u043d\u0430\" \/>\n\t<meta name=\"twitter:data1\" content=\"67.95&euro;\" \/>\n\t<meta name=\"twitter:label2\" content=\"\u0414\u043e\u0441\u0442\u0443\u043f\u043d\u043e\u0441\u0442\u044c\" \/>\n\t<meta name=\"twitter:data2\" content=\"\u0420\u0430\u0441\u043f\u0440\u043e\u0434\u0430\u043d\u043e\" \/>\n<script type=\"application\/ld+json\" class=\"yoast-schema-graph\">{\"@context\":\"https:\\\/\\\/schema.org\",\"@graph\":[{\"@type\":\"WebPage\",\"@id\":\"https:\\\/\\\/veenus.ee\\\/en\\\/toode\\\/fleshlight-pink-lady-vortex\\\/\",\"url\":\"https:\\\/\\\/veenus.ee\\\/en\\\/toode\\\/fleshlight-pink-lady-vortex\\\/\",\"name\":\"Fleshlight - Pink Lady Vortex | Veenus\",\"isPartOf\":{\"@id\":\"https:\\\/\\\/veenus.ee\\\/#website\"},\"primaryImageOfPage\":{\"@id\":\"https:\\\/\\\/veenus.ee\\\/en\\\/toode\\\/fleshlight-pink-lady-vortex\\\/#primaryimage\"},\"image\":{\"@id\":\"https:\\\/\\\/veenus.ee\\\/en\\\/toode\\\/fleshlight-pink-lady-vortex\\\/#primaryimage\"},\"thumbnailUrl\":\"https:\\\/\\\/veenus.ee\\\/wp-content\\\/uploads\\\/2022\\\/01\\\/fl_vortex_01.jpg\",\"datePublished\":\"2022-01-12T13:42:51+00:00\",\"dateModified\":\"2022-05-21T17:19:32+00:00\",\"breadcrumb\":{\"@id\":\"https:\\\/\\\/veenus.ee\\\/en\\\/toode\\\/fleshlight-pink-lady-vortex\\\/#breadcrumb\"},\"inLanguage\":\"ru-RU\",\"potentialAction\":[{\"@type\":\"ReadAction\",\"target\":[\"https:\\\/\\\/veenus.ee\\\/en\\\/toode\\\/fleshlight-pink-lady-vortex\\\/\"]}]},{\"@type\":\"ImageObject\",\"inLanguage\":\"ru-RU\",\"@id\":\"https:\\\/\\\/veenus.ee\\\/en\\\/toode\\\/fleshlight-pink-lady-vortex\\\/#primaryimage\",\"url\":\"https:\\\/\\\/veenus.ee\\\/wp-content\\\/uploads\\\/2022\\\/01\\\/fl_vortex_01.jpg\",\"contentUrl\":\"https:\\\/\\\/veenus.ee\\\/wp-content\\\/uploads\\\/2022\\\/01\\\/fl_vortex_01.jpg\",\"width\":1000,\"height\":1000},{\"@type\":\"BreadcrumbList\",\"@id\":\"https:\\\/\\\/veenus.ee\\\/en\\\/toode\\\/fleshlight-pink-lady-vortex\\\/#breadcrumb\",\"itemListElement\":[{\"@type\":\"ListItem\",\"position\":1,\"name\":\"Home\",\"item\":\"https:\\\/\\\/veenus.ee\\\/\"},{\"@type\":\"ListItem\",\"position\":2,\"name\":\"pood\",\"item\":\"https:\\\/\\\/veenus.ee\\\/pood\\\/\"},{\"@type\":\"ListItem\",\"position\":3,\"name\":\"Fleshlight &#8211; Pink Lady Vortex\"}]},{\"@type\":\"WebSite\",\"@id\":\"https:\\\/\\\/veenus.ee\\\/#website\",\"url\":\"https:\\\/\\\/veenus.ee\\\/\",\"name\":\"Veenus\",\"description\":\"(Eesti) Veenus, erootikakaubad, sekstooted\",\"publisher\":{\"@id\":\"https:\\\/\\\/veenus.ee\\\/#organization\"},\"potentialAction\":[{\"@type\":\"SearchAction\",\"target\":{\"@type\":\"EntryPoint\",\"urlTemplate\":\"https:\\\/\\\/veenus.ee\\\/?s={search_term_string}\"},\"query-input\":{\"@type\":\"PropertyValueSpecification\",\"valueRequired\":true,\"valueName\":\"search_term_string\"}}],\"inLanguage\":\"ru-RU\"},{\"@type\":\"Organization\",\"@id\":\"https:\\\/\\\/veenus.ee\\\/#organization\",\"name\":\"Veenus\",\"url\":\"https:\\\/\\\/veenus.ee\\\/\",\"logo\":{\"@type\":\"ImageObject\",\"inLanguage\":\"ru-RU\",\"@id\":\"https:\\\/\\\/veenus.ee\\\/#\\\/schema\\\/logo\\\/image\\\/\",\"url\":\"https:\\\/\\\/veenus.ee\\\/wp-content\\\/uploads\\\/2021\\\/12\\\/logo.png\",\"contentUrl\":\"https:\\\/\\\/veenus.ee\\\/wp-content\\\/uploads\\\/2021\\\/12\\\/logo.png\",\"width\":119,\"height\":70,\"caption\":\"Veenus\"},\"image\":{\"@id\":\"https:\\\/\\\/veenus.ee\\\/#\\\/schema\\\/logo\\\/image\\\/\"}}]}<\/script>\n<meta property=\"product:price:amount\" content=\"67.95\" \/>\n<meta property=\"product:price:currency\" content=\"EUR\" \/>\n<meta property=\"og:availability\" content=\"out of stock\" \/>\n<meta property=\"product:availability\" content=\"out of stock\" \/>\n<meta property=\"product:retailer_item_id\" content=\"810476017644\" \/>\n<meta property=\"product:condition\" content=\"new\" \/>\n<!-- \/ Yoast SEO Premium plugin. -->","yoast_head_json":{"title":"Fleshlight - Pink Lady Vortex | Veenus","robots":{"index":"index","follow":"follow","max-snippet":"max-snippet:-1","max-image-preview":"max-image-preview:large","max-video-preview":"max-video-preview:-1"},"canonical":"https:\/\/veenus.ee\/ru\/toode\/fleshlight-pink-lady-vortex\/","og_locale":"ru_RU","og_type":"article","og_title":"Fleshlight - Pink Lady Vortex","og_description":"Elul\u00e4hedane koopia p\u00e4ris t\u00fcdruku vagiinast Vagiinakanal kaetud spiraalsete kurdudega K\u00e4ep\u00e4rane kasutada Lihtne hooldada Kaasas libestuskreem","og_url":"https:\/\/veenus.ee\/en\/toode\/fleshlight-pink-lady-vortex\/","og_site_name":"Veenus","article_modified_time":"2022-05-21T17:19:32+00:00","og_image":[{"width":1000,"height":1000,"url":"https:\/\/veenus.ee\/wp-content\/uploads\/2022\/01\/fl_vortex_01.jpg","type":"image\/jpeg"}],"twitter_card":"summary_large_image","twitter_misc":{"\u0426\u0435\u043d\u0430":"67.95&euro;","\u0414\u043e\u0441\u0442\u0443\u043f\u043d\u043e\u0441\u0442\u044c":"\u0420\u0430\u0441\u043f\u0440\u043e\u0434\u0430\u043d\u043e"},"schema":{"@context":"https:\/\/schema.org","@graph":[{"@type":"WebPage","@id":"https:\/\/veenus.ee\/en\/toode\/fleshlight-pink-lady-vortex\/","url":"https:\/\/veenus.ee\/en\/toode\/fleshlight-pink-lady-vortex\/","name":"Fleshlight - Pink Lady Vortex | Veenus","isPartOf":{"@id":"https:\/\/veenus.ee\/#website"},"primaryImageOfPage":{"@id":"https:\/\/veenus.ee\/en\/toode\/fleshlight-pink-lady-vortex\/#primaryimage"},"image":{"@id":"https:\/\/veenus.ee\/en\/toode\/fleshlight-pink-lady-vortex\/#primaryimage"},"thumbnailUrl":"https:\/\/veenus.ee\/wp-content\/uploads\/2022\/01\/fl_vortex_01.jpg","datePublished":"2022-01-12T13:42:51+00:00","dateModified":"2022-05-21T17:19:32+00:00","breadcrumb":{"@id":"https:\/\/veenus.ee\/en\/toode\/fleshlight-pink-lady-vortex\/#breadcrumb"},"inLanguage":"ru-RU","potentialAction":[{"@type":"ReadAction","target":["https:\/\/veenus.ee\/en\/toode\/fleshlight-pink-lady-vortex\/"]}]},{"@type":"ImageObject","inLanguage":"ru-RU","@id":"https:\/\/veenus.ee\/en\/toode\/fleshlight-pink-lady-vortex\/#primaryimage","url":"https:\/\/veenus.ee\/wp-content\/uploads\/2022\/01\/fl_vortex_01.jpg","contentUrl":"https:\/\/veenus.ee\/wp-content\/uploads\/2022\/01\/fl_vortex_01.jpg","width":1000,"height":1000},{"@type":"BreadcrumbList","@id":"https:\/\/veenus.ee\/en\/toode\/fleshlight-pink-lady-vortex\/#breadcrumb","itemListElement":[{"@type":"ListItem","position":1,"name":"Home","item":"https:\/\/veenus.ee\/"},{"@type":"ListItem","position":2,"name":"pood","item":"https:\/\/veenus.ee\/pood\/"},{"@type":"ListItem","position":3,"name":"Fleshlight &#8211; Pink Lady Vortex"}]},{"@type":"WebSite","@id":"https:\/\/veenus.ee\/#website","url":"https:\/\/veenus.ee\/","name":"Veenus","description":"(Eesti) Veenus, erootikakaubad, sekstooted","publisher":{"@id":"https:\/\/veenus.ee\/#organization"},"potentialAction":[{"@type":"SearchAction","target":{"@type":"EntryPoint","urlTemplate":"https:\/\/veenus.ee\/?s={search_term_string}"},"query-input":{"@type":"PropertyValueSpecification","valueRequired":true,"valueName":"search_term_string"}}],"inLanguage":"ru-RU"},{"@type":"Organization","@id":"https:\/\/veenus.ee\/#organization","name":"Veenus","url":"https:\/\/veenus.ee\/","logo":{"@type":"ImageObject","inLanguage":"ru-RU","@id":"https:\/\/veenus.ee\/#\/schema\/logo\/image\/","url":"https:\/\/veenus.ee\/wp-content\/uploads\/2021\/12\/logo.png","contentUrl":"https:\/\/veenus.ee\/wp-content\/uploads\/2021\/12\/logo.png","width":119,"height":70,"caption":"Veenus"},"image":{"@id":"https:\/\/veenus.ee\/#\/schema\/logo\/image\/"}}]},"product_price_amount":"67.95","product_price_currency":"EUR","og_availability":"out of stock","product_availability":"out of stock","product_retailer_item_id":"810476017644","product_condition":"new"},"_links":{"self":[{"href":"https:\/\/veenus.ee\/ru\/wp-json\/wp\/v2\/product\/10461","targetHints":{"allow":["GET"]}}],"collection":[{"href":"https:\/\/veenus.ee\/ru\/wp-json\/wp\/v2\/product"}],"about":[{"href":"https:\/\/veenus.ee\/ru\/wp-json\/wp\/v2\/types\/product"}],"replies":[{"embeddable":true,"href":"https:\/\/veenus.ee\/ru\/wp-json\/wp\/v2\/comments?post=10461"}],"wp:featuredmedia":[{"embeddable":true,"href":"https:\/\/veenus.ee\/ru\/wp-json\/wp\/v2\/media\/11888"}],"wp:attachment":[{"href":"https:\/\/veenus.ee\/ru\/wp-json\/wp\/v2\/media?parent=10461"}],"wp:term":[{"taxonomy":"product_brand","embeddable":true,"href":"https:\/\/veenus.ee\/ru\/wp-json\/wp\/v2\/product_brand?post=10461"},{"taxonomy":"product_cat","embeddable":true,"href":"https:\/\/veenus.ee\/ru\/wp-json\/wp\/v2\/product_cat?post=10461"},{"taxonomy":"product_tag","embeddable":true,"href":"https:\/\/veenus.ee\/ru\/wp-json\/wp\/v2\/product_tag?post=10461"}],"curies":[{"name":"wp","href":"https:\/\/api.w.org\/{rel}","templated":true}]}}