{"id":8974,"date":"2022-01-12T15:37:59","date_gmt":"2022-01-12T13:37:59","guid":{"rendered":"https:\/\/veenus.ee\/?post_type=product&#038;p=8974"},"modified":"2025-09-29T19:28:19","modified_gmt":"2025-09-29T16:28:19","slug":"joydrops-2in1-sensual-massage-lubricant-gel-125ml","status":"publish","type":"product","link":"https:\/\/veenus.ee\/en\/toode\/joydrops-2in1-sensual-massage-lubricant-gel-125ml\/","title":{"rendered":"JoyDrops 2in1 Sensual Massage Lubricant Gel 125ml"},"content":{"rendered":"<p>JoyDrops 2in1 Sensual Massage Lubricant Gel on universaalne vitamiin-E sisaldusega libestusgeel. Sobib kasutamiseks k\u00f5ikides kehapiirkondades, v\u00f5ib kasutada massazhi\u00f5lina v\u00f5i libestusvahendina koos kondoomiga. Sobib vaginaalseks, anaalseks ja oraalseks seksiks. Vee baasil, ei sisalda spermitsiidi, lahustub vees ja ei j\u00e4ta plekke.<\/p>\n","protected":false},"excerpt":{"rendered":"<p>2in1 Sensual Massasi geel ja libesti 125ml<\/p>\n<p>Sisaldab E-vitamiini<br \/>\nL\u00f5hnatu<br \/>\nEi kleepu<br \/>\nEi j\u00e4ta plekke<br \/>\nSobib k\u00f5ikide vahekordade korra<\/p>\n","protected":false},"featured_media":11567,"comment_status":"open","ping_status":"closed","template":"","meta":[],"product_brand":[],"product_cat":[104,103,75,200],"product_tag":[],"class_list":{"0":"post-8974","1":"product","2":"type-product","3":"status-publish","4":"has-post-thumbnail","6":"product_cat-lubricants","7":"product_cat-massaaz-seksapteek","8":"product_cat-drugstore","9":"product_cat-universal-lubricants","10":"pa_brand-joy-drops","12":"first","13":"instock","14":"taxable","15":"shipping-taxable","16":"purchasable","17":"product-type-simple"},"yoast_head":"<!-- This site is optimized with the Yoast SEO Premium plugin v26.0 (Yoast SEO v27.3) - https:\/\/yoast.com\/product\/yoast-seo-premium-wordpress\/ -->\n<title>JoyDrops 2in1 Sensual Massage Lubricant Gel 125ml | Veenus<\/title>\n<meta name=\"description\" content=\"JoyDrops 2in1 Sensual Massage Lubricant Gel 125ml\" \/>\n<meta name=\"robots\" content=\"index, follow, max-snippet:-1, max-image-preview:large, max-video-preview:-1\" \/>\n<link rel=\"canonical\" href=\"https:\/\/veenus.ee\/en\/toode\/joydrops-2in1-sensual-massage-lubricant-gel-125ml\/\" \/>\n<meta property=\"og:locale\" content=\"en_US\" \/>\n<meta property=\"og:type\" content=\"article\" \/>\n<meta property=\"og:title\" content=\"JoyDrops 2in1 Sensual Massage Lubricant Gel 125ml\" \/>\n<meta property=\"og:description\" content=\"JoyDrops 2in1 Sensual Massage Lubricant Gel 125ml\" \/>\n<meta property=\"og:url\" content=\"https:\/\/veenus.ee\/toode\/joydrops-2in1-sensual-massage-lubricant-gel-125ml\/\" \/>\n<meta property=\"og:site_name\" content=\"Veenus\" \/>\n<meta property=\"article:modified_time\" content=\"2025-09-29T16:28:19+00:00\" \/>\n<meta property=\"og:image\" content=\"https:\/\/veenus.ee\/wp-content\/uploads\/2022\/01\/2-in-1-sensual-massage-lubricant-gel-125ml-2.jpg\" \/>\n\t<meta property=\"og:image:width\" content=\"800\" \/>\n\t<meta property=\"og:image:height\" content=\"800\" \/>\n\t<meta property=\"og:image:type\" content=\"image\/jpeg\" \/>\n<meta name=\"twitter:card\" content=\"summary_large_image\" \/>\n<meta name=\"twitter:label1\" content=\"Price\" \/>\n\t<meta name=\"twitter:data1\" content=\"10.95&euro;\" \/>\n\t<meta name=\"twitter:label2\" content=\"Availability\" \/>\n\t<meta name=\"twitter:data2\" content=\"In stock\" \/>\n<script type=\"application\/ld+json\" class=\"yoast-schema-graph\">{\"@context\":\"https:\\\/\\\/schema.org\",\"@graph\":[{\"@type\":\"WebPage\",\"@id\":\"https:\\\/\\\/veenus.ee\\\/toode\\\/joydrops-2in1-sensual-massage-lubricant-gel-125ml\\\/\",\"url\":\"https:\\\/\\\/veenus.ee\\\/toode\\\/joydrops-2in1-sensual-massage-lubricant-gel-125ml\\\/\",\"name\":\"JoyDrops 2in1 Sensual Massage Lubricant Gel 125ml | Veenus\",\"isPartOf\":{\"@id\":\"https:\\\/\\\/veenus.ee\\\/#website\"},\"primaryImageOfPage\":{\"@id\":\"https:\\\/\\\/veenus.ee\\\/toode\\\/joydrops-2in1-sensual-massage-lubricant-gel-125ml\\\/#primaryimage\"},\"image\":{\"@id\":\"https:\\\/\\\/veenus.ee\\\/toode\\\/joydrops-2in1-sensual-massage-lubricant-gel-125ml\\\/#primaryimage\"},\"thumbnailUrl\":\"https:\\\/\\\/veenus.ee\\\/wp-content\\\/uploads\\\/2022\\\/01\\\/2-in-1-sensual-massage-lubricant-gel-125ml-2.jpg\",\"datePublished\":\"2022-01-12T13:37:59+00:00\",\"dateModified\":\"2025-09-29T16:28:19+00:00\",\"description\":\"JoyDrops 2in1 Sensual Massage Lubricant Gel 125ml\",\"breadcrumb\":{\"@id\":\"https:\\\/\\\/veenus.ee\\\/toode\\\/joydrops-2in1-sensual-massage-lubricant-gel-125ml\\\/#breadcrumb\"},\"inLanguage\":\"en-US\",\"potentialAction\":[{\"@type\":\"ReadAction\",\"target\":[\"https:\\\/\\\/veenus.ee\\\/toode\\\/joydrops-2in1-sensual-massage-lubricant-gel-125ml\\\/\"]}]},{\"@type\":\"ImageObject\",\"inLanguage\":\"en-US\",\"@id\":\"https:\\\/\\\/veenus.ee\\\/toode\\\/joydrops-2in1-sensual-massage-lubricant-gel-125ml\\\/#primaryimage\",\"url\":\"https:\\\/\\\/veenus.ee\\\/wp-content\\\/uploads\\\/2022\\\/01\\\/2-in-1-sensual-massage-lubricant-gel-125ml-2.jpg\",\"contentUrl\":\"https:\\\/\\\/veenus.ee\\\/wp-content\\\/uploads\\\/2022\\\/01\\\/2-in-1-sensual-massage-lubricant-gel-125ml-2.jpg\",\"width\":800,\"height\":800},{\"@type\":\"BreadcrumbList\",\"@id\":\"https:\\\/\\\/veenus.ee\\\/toode\\\/joydrops-2in1-sensual-massage-lubricant-gel-125ml\\\/#breadcrumb\",\"itemListElement\":[{\"@type\":\"ListItem\",\"position\":1,\"name\":\"Home\",\"item\":\"https:\\\/\\\/veenus.ee\\\/\"},{\"@type\":\"ListItem\",\"position\":2,\"name\":\"pood\",\"item\":\"https:\\\/\\\/veenus.ee\\\/pood\\\/\"},{\"@type\":\"ListItem\",\"position\":3,\"name\":\"JoyDrops 2in1 Sensual Massage Lubricant Gel 125ml\"}]},{\"@type\":\"WebSite\",\"@id\":\"https:\\\/\\\/veenus.ee\\\/#website\",\"url\":\"https:\\\/\\\/veenus.ee\\\/\",\"name\":\"Veenus\",\"description\":\"(Eesti) Veenus, erootikakaubad, sekstooted\",\"publisher\":{\"@id\":\"https:\\\/\\\/veenus.ee\\\/#organization\"},\"potentialAction\":[{\"@type\":\"SearchAction\",\"target\":{\"@type\":\"EntryPoint\",\"urlTemplate\":\"https:\\\/\\\/veenus.ee\\\/?s={search_term_string}\"},\"query-input\":{\"@type\":\"PropertyValueSpecification\",\"valueRequired\":true,\"valueName\":\"search_term_string\"}}],\"inLanguage\":\"en-US\"},{\"@type\":\"Organization\",\"@id\":\"https:\\\/\\\/veenus.ee\\\/#organization\",\"name\":\"Veenus\",\"url\":\"https:\\\/\\\/veenus.ee\\\/\",\"logo\":{\"@type\":\"ImageObject\",\"inLanguage\":\"en-US\",\"@id\":\"https:\\\/\\\/veenus.ee\\\/#\\\/schema\\\/logo\\\/image\\\/\",\"url\":\"https:\\\/\\\/veenus.ee\\\/wp-content\\\/uploads\\\/2021\\\/12\\\/logo.png\",\"contentUrl\":\"https:\\\/\\\/veenus.ee\\\/wp-content\\\/uploads\\\/2021\\\/12\\\/logo.png\",\"width\":119,\"height\":70,\"caption\":\"Veenus\"},\"image\":{\"@id\":\"https:\\\/\\\/veenus.ee\\\/#\\\/schema\\\/logo\\\/image\\\/\"}}]}<\/script>\n<meta property=\"product:price:amount\" content=\"10.95\" \/>\n<meta property=\"product:price:currency\" content=\"EUR\" \/>\n<meta property=\"og:availability\" content=\"instock\" \/>\n<meta property=\"product:availability\" content=\"instock\" \/>\n<meta property=\"product:retailer_item_id\" content=\"8698712453430\" \/>\n<meta property=\"product:condition\" content=\"new\" \/>\n<!-- \/ Yoast SEO Premium plugin. -->","yoast_head_json":{"title":"JoyDrops 2in1 Sensual Massage Lubricant Gel 125ml | Veenus","description":"JoyDrops 2in1 Sensual Massage Lubricant Gel 125ml","robots":{"index":"index","follow":"follow","max-snippet":"max-snippet:-1","max-image-preview":"max-image-preview:large","max-video-preview":"max-video-preview:-1"},"canonical":"https:\/\/veenus.ee\/en\/toode\/joydrops-2in1-sensual-massage-lubricant-gel-125ml\/","og_locale":"en_US","og_type":"article","og_title":"JoyDrops 2in1 Sensual Massage Lubricant Gel 125ml","og_description":"JoyDrops 2in1 Sensual Massage Lubricant Gel 125ml","og_url":"https:\/\/veenus.ee\/toode\/joydrops-2in1-sensual-massage-lubricant-gel-125ml\/","og_site_name":"Veenus","article_modified_time":"2025-09-29T16:28:19+00:00","og_image":[{"width":800,"height":800,"url":"https:\/\/veenus.ee\/wp-content\/uploads\/2022\/01\/2-in-1-sensual-massage-lubricant-gel-125ml-2.jpg","type":"image\/jpeg"}],"twitter_card":"summary_large_image","twitter_misc":{"Price":"10.95&euro;","Availability":"In stock"},"schema":{"@context":"https:\/\/schema.org","@graph":[{"@type":"WebPage","@id":"https:\/\/veenus.ee\/toode\/joydrops-2in1-sensual-massage-lubricant-gel-125ml\/","url":"https:\/\/veenus.ee\/toode\/joydrops-2in1-sensual-massage-lubricant-gel-125ml\/","name":"JoyDrops 2in1 Sensual Massage Lubricant Gel 125ml | Veenus","isPartOf":{"@id":"https:\/\/veenus.ee\/#website"},"primaryImageOfPage":{"@id":"https:\/\/veenus.ee\/toode\/joydrops-2in1-sensual-massage-lubricant-gel-125ml\/#primaryimage"},"image":{"@id":"https:\/\/veenus.ee\/toode\/joydrops-2in1-sensual-massage-lubricant-gel-125ml\/#primaryimage"},"thumbnailUrl":"https:\/\/veenus.ee\/wp-content\/uploads\/2022\/01\/2-in-1-sensual-massage-lubricant-gel-125ml-2.jpg","datePublished":"2022-01-12T13:37:59+00:00","dateModified":"2025-09-29T16:28:19+00:00","description":"JoyDrops 2in1 Sensual Massage Lubricant Gel 125ml","breadcrumb":{"@id":"https:\/\/veenus.ee\/toode\/joydrops-2in1-sensual-massage-lubricant-gel-125ml\/#breadcrumb"},"inLanguage":"en-US","potentialAction":[{"@type":"ReadAction","target":["https:\/\/veenus.ee\/toode\/joydrops-2in1-sensual-massage-lubricant-gel-125ml\/"]}]},{"@type":"ImageObject","inLanguage":"en-US","@id":"https:\/\/veenus.ee\/toode\/joydrops-2in1-sensual-massage-lubricant-gel-125ml\/#primaryimage","url":"https:\/\/veenus.ee\/wp-content\/uploads\/2022\/01\/2-in-1-sensual-massage-lubricant-gel-125ml-2.jpg","contentUrl":"https:\/\/veenus.ee\/wp-content\/uploads\/2022\/01\/2-in-1-sensual-massage-lubricant-gel-125ml-2.jpg","width":800,"height":800},{"@type":"BreadcrumbList","@id":"https:\/\/veenus.ee\/toode\/joydrops-2in1-sensual-massage-lubricant-gel-125ml\/#breadcrumb","itemListElement":[{"@type":"ListItem","position":1,"name":"Home","item":"https:\/\/veenus.ee\/"},{"@type":"ListItem","position":2,"name":"pood","item":"https:\/\/veenus.ee\/pood\/"},{"@type":"ListItem","position":3,"name":"JoyDrops 2in1 Sensual Massage Lubricant Gel 125ml"}]},{"@type":"WebSite","@id":"https:\/\/veenus.ee\/#website","url":"https:\/\/veenus.ee\/","name":"Veenus","description":"(Eesti) Veenus, erootikakaubad, sekstooted","publisher":{"@id":"https:\/\/veenus.ee\/#organization"},"potentialAction":[{"@type":"SearchAction","target":{"@type":"EntryPoint","urlTemplate":"https:\/\/veenus.ee\/?s={search_term_string}"},"query-input":{"@type":"PropertyValueSpecification","valueRequired":true,"valueName":"search_term_string"}}],"inLanguage":"en-US"},{"@type":"Organization","@id":"https:\/\/veenus.ee\/#organization","name":"Veenus","url":"https:\/\/veenus.ee\/","logo":{"@type":"ImageObject","inLanguage":"en-US","@id":"https:\/\/veenus.ee\/#\/schema\/logo\/image\/","url":"https:\/\/veenus.ee\/wp-content\/uploads\/2021\/12\/logo.png","contentUrl":"https:\/\/veenus.ee\/wp-content\/uploads\/2021\/12\/logo.png","width":119,"height":70,"caption":"Veenus"},"image":{"@id":"https:\/\/veenus.ee\/#\/schema\/logo\/image\/"}}]},"product_price_amount":"10.95","product_price_currency":"EUR","og_availability":"instock","product_availability":"instock","product_retailer_item_id":"8698712453430","product_condition":"new"},"_links":{"self":[{"href":"https:\/\/veenus.ee\/en\/wp-json\/wp\/v2\/product\/8974","targetHints":{"allow":["GET"]}}],"collection":[{"href":"https:\/\/veenus.ee\/en\/wp-json\/wp\/v2\/product"}],"about":[{"href":"https:\/\/veenus.ee\/en\/wp-json\/wp\/v2\/types\/product"}],"replies":[{"embeddable":true,"href":"https:\/\/veenus.ee\/en\/wp-json\/wp\/v2\/comments?post=8974"}],"wp:featuredmedia":[{"embeddable":true,"href":"https:\/\/veenus.ee\/en\/wp-json\/wp\/v2\/media\/11567"}],"wp:attachment":[{"href":"https:\/\/veenus.ee\/en\/wp-json\/wp\/v2\/media?parent=8974"}],"wp:term":[{"taxonomy":"product_brand","embeddable":true,"href":"https:\/\/veenus.ee\/en\/wp-json\/wp\/v2\/product_brand?post=8974"},{"taxonomy":"product_cat","embeddable":true,"href":"https:\/\/veenus.ee\/en\/wp-json\/wp\/v2\/product_cat?post=8974"},{"taxonomy":"product_tag","embeddable":true,"href":"https:\/\/veenus.ee\/en\/wp-json\/wp\/v2\/product_tag?post=8974"}],"curies":[{"name":"wp","href":"https:\/\/api.w.org\/{rel}","templated":true}]}}