{"id":8584,"date":"2022-01-12T15:36:55","date_gmt":"2022-01-12T13:36:55","guid":{"rendered":"https:\/\/veenus.ee\/?post_type=product&#038;p=8584"},"modified":"2022-06-16T16:05:30","modified_gmt":"2022-06-16T13:05:30","slug":"cloneboy-vibrator","status":"publish","type":"product","link":"https:\/\/veenus.ee\/en\/toode\/cloneboy-vibrator\/","title":{"rendered":"Cloneboy &#8211; Vibrator komplekt koopia vormimiseks oma peenisest"},"content":{"rendered":"<p>Klooni oma peenisest originaalne vibreeriv koopia! Koopia toob esile k\u00f5ige pisemadki detailid sinu meheuhkusest. Komplektis on k\u00f5ik vajalik, loomaks kodus valmistatud vibraatorit. Selleks on sul vaja segada spetsiaalne pulber veega, sisestada oma erekteerunud peenis vedelasse segusse ja hoida kuni segu tahenemiseni, valada seej\u00e4rel kummisegu tekkinud \u00f5\u00f5nusesse ja 24 tunni p\u00e4rast imetleda isetehtud dildot. Luba oma partneril nautida korraga kahte Sind v\u00f5i usalda see talle \u00fcksikuteks \u00f5htuteks, et meenutada sind, kui sa viibid eemal! Lihtne ja j\u00e4rgitav instruktsioon on tootega kaasas. Samuti kaks kotti segupulbrit, juhuks kui esimene kord l\u00e4heb midagi valesti v\u00f5i soovid kinkida teise koopia veel oma salaarmukesele. T\u00f6\u00f6tab \u00fche AA t\u00fc\u00fcpi patareiga, mis ei ole tootele lisatud.<\/p>\n","protected":false},"excerpt":{"rendered":"<p>Loo oma peenisest koopia<br \/>\nK\u00f5ik vajalik komplektis<br \/>\nSuurep\u00e4rane kinkimiseks oma kallimale<\/p>\n","protected":false},"featured_media":11371,"comment_status":"open","ping_status":"closed","template":"","meta":[],"product_brand":[],"product_cat":[76,113,77,95,116],"product_tag":[],"class_list":{"0":"post-8584","1":"product","2":"type-product","3":"status-publish","4":"has-post-thumbnail","6":"product_cat-gift-idea","7":"product_cat-as-a-gift","8":"product_cat-vibrators-for-women","9":"product_cat-vibrators-for-couples","10":"product_cat-vibrating-dildos","11":"pa_brand-cloneboy","13":"first","14":"instock","15":"taxable","16":"shipping-taxable","17":"purchasable","18":"product-type-simple"},"yoast_head":"<!-- This site is optimized with the Yoast SEO Premium plugin v26.0 (Yoast SEO v27.4) - https:\/\/yoast.com\/product\/yoast-seo-premium-wordpress\/ -->\n<title>Cloneboy - Vibrator komplekt koopia vormimiseks oma peenisest | Veenus<\/title>\n<meta name=\"robots\" content=\"index, follow, max-snippet:-1, max-image-preview:large, max-video-preview:-1\" \/>\n<link rel=\"canonical\" href=\"https:\/\/veenus.ee\/en\/toode\/cloneboy-vibrator\/\" \/>\n<meta property=\"og:locale\" content=\"en_US\" \/>\n<meta property=\"og:type\" content=\"article\" \/>\n<meta property=\"og:title\" content=\"Cloneboy - Vibrator komplekt koopia vormimiseks oma peenisest\" \/>\n<meta property=\"og:description\" content=\"Loo oma peenisest koopia K\u00f5ik vajalik komplektis Suurep\u00e4rane kinkimiseks oma kallimale\" \/>\n<meta property=\"og:url\" content=\"https:\/\/veenus.ee\/en\/toode\/cloneboy-vibrator\/\" \/>\n<meta property=\"og:site_name\" content=\"Veenus\" \/>\n<meta property=\"article:modified_time\" content=\"2022-06-16T13:05:30+00:00\" \/>\n<meta property=\"og:image\" content=\"https:\/\/veenus.ee\/wp-content\/uploads\/2022\/01\/cloneboy-vibrator-kit.jpg\" \/>\n\t<meta property=\"og:image:width\" content=\"800\" \/>\n\t<meta property=\"og:image:height\" content=\"800\" \/>\n\t<meta property=\"og:image:type\" content=\"image\/jpeg\" \/>\n<meta name=\"twitter:card\" content=\"summary_large_image\" \/>\n<meta name=\"twitter:label1\" content=\"Price\" \/>\n\t<meta name=\"twitter:data1\" content=\"35.95&euro;\" \/>\n\t<meta name=\"twitter:label2\" content=\"Availability\" \/>\n\t<meta name=\"twitter:data2\" content=\"In stock\" \/>\n<script type=\"application\/ld+json\" class=\"yoast-schema-graph\">{\"@context\":\"https:\\\/\\\/schema.org\",\"@graph\":[{\"@type\":\"WebPage\",\"@id\":\"https:\\\/\\\/veenus.ee\\\/en\\\/toode\\\/cloneboy-vibrator\\\/\",\"url\":\"https:\\\/\\\/veenus.ee\\\/en\\\/toode\\\/cloneboy-vibrator\\\/\",\"name\":\"Cloneboy - Vibrator komplekt koopia vormimiseks oma peenisest | Veenus\",\"isPartOf\":{\"@id\":\"https:\\\/\\\/veenus.ee\\\/#website\"},\"primaryImageOfPage\":{\"@id\":\"https:\\\/\\\/veenus.ee\\\/en\\\/toode\\\/cloneboy-vibrator\\\/#primaryimage\"},\"image\":{\"@id\":\"https:\\\/\\\/veenus.ee\\\/en\\\/toode\\\/cloneboy-vibrator\\\/#primaryimage\"},\"thumbnailUrl\":\"https:\\\/\\\/veenus.ee\\\/wp-content\\\/uploads\\\/2022\\\/01\\\/cloneboy-vibrator-kit.jpg\",\"datePublished\":\"2022-01-12T13:36:55+00:00\",\"dateModified\":\"2022-06-16T13:05:30+00:00\",\"breadcrumb\":{\"@id\":\"https:\\\/\\\/veenus.ee\\\/en\\\/toode\\\/cloneboy-vibrator\\\/#breadcrumb\"},\"inLanguage\":\"en-US\",\"potentialAction\":[{\"@type\":\"ReadAction\",\"target\":[\"https:\\\/\\\/veenus.ee\\\/en\\\/toode\\\/cloneboy-vibrator\\\/\"]}]},{\"@type\":\"ImageObject\",\"inLanguage\":\"en-US\",\"@id\":\"https:\\\/\\\/veenus.ee\\\/en\\\/toode\\\/cloneboy-vibrator\\\/#primaryimage\",\"url\":\"https:\\\/\\\/veenus.ee\\\/wp-content\\\/uploads\\\/2022\\\/01\\\/cloneboy-vibrator-kit.jpg\",\"contentUrl\":\"https:\\\/\\\/veenus.ee\\\/wp-content\\\/uploads\\\/2022\\\/01\\\/cloneboy-vibrator-kit.jpg\",\"width\":800,\"height\":800},{\"@type\":\"BreadcrumbList\",\"@id\":\"https:\\\/\\\/veenus.ee\\\/en\\\/toode\\\/cloneboy-vibrator\\\/#breadcrumb\",\"itemListElement\":[{\"@type\":\"ListItem\",\"position\":1,\"name\":\"Home\",\"item\":\"https:\\\/\\\/veenus.ee\\\/\"},{\"@type\":\"ListItem\",\"position\":2,\"name\":\"pood\",\"item\":\"https:\\\/\\\/veenus.ee\\\/pood\\\/\"},{\"@type\":\"ListItem\",\"position\":3,\"name\":\"Cloneboy &#8211; Vibrator komplekt koopia vormimiseks oma peenisest\"}]},{\"@type\":\"WebSite\",\"@id\":\"https:\\\/\\\/veenus.ee\\\/#website\",\"url\":\"https:\\\/\\\/veenus.ee\\\/\",\"name\":\"Veenus\",\"description\":\"(Eesti) Veenus, erootikakaubad, sekstooted\",\"publisher\":{\"@id\":\"https:\\\/\\\/veenus.ee\\\/#organization\"},\"potentialAction\":[{\"@type\":\"SearchAction\",\"target\":{\"@type\":\"EntryPoint\",\"urlTemplate\":\"https:\\\/\\\/veenus.ee\\\/?s={search_term_string}\"},\"query-input\":{\"@type\":\"PropertyValueSpecification\",\"valueRequired\":true,\"valueName\":\"search_term_string\"}}],\"inLanguage\":\"en-US\"},{\"@type\":\"Organization\",\"@id\":\"https:\\\/\\\/veenus.ee\\\/#organization\",\"name\":\"Veenus\",\"url\":\"https:\\\/\\\/veenus.ee\\\/\",\"logo\":{\"@type\":\"ImageObject\",\"inLanguage\":\"en-US\",\"@id\":\"https:\\\/\\\/veenus.ee\\\/#\\\/schema\\\/logo\\\/image\\\/\",\"url\":\"https:\\\/\\\/veenus.ee\\\/wp-content\\\/uploads\\\/2021\\\/12\\\/logo.png\",\"contentUrl\":\"https:\\\/\\\/veenus.ee\\\/wp-content\\\/uploads\\\/2021\\\/12\\\/logo.png\",\"width\":119,\"height\":70,\"caption\":\"Veenus\"},\"image\":{\"@id\":\"https:\\\/\\\/veenus.ee\\\/#\\\/schema\\\/logo\\\/image\\\/\"}}]}<\/script>\n<meta property=\"product:price:amount\" content=\"35.95\" \/>\n<meta property=\"product:price:currency\" content=\"EUR\" \/>\n<meta property=\"og:availability\" content=\"instock\" \/>\n<meta property=\"product:availability\" content=\"instock\" \/>\n<meta property=\"product:retailer_item_id\" content=\"8717953006325\" \/>\n<meta property=\"product:condition\" content=\"new\" \/>\n<!-- \/ Yoast SEO Premium plugin. -->","yoast_head_json":{"title":"Cloneboy - Vibrator komplekt koopia vormimiseks oma peenisest | Veenus","robots":{"index":"index","follow":"follow","max-snippet":"max-snippet:-1","max-image-preview":"max-image-preview:large","max-video-preview":"max-video-preview:-1"},"canonical":"https:\/\/veenus.ee\/en\/toode\/cloneboy-vibrator\/","og_locale":"en_US","og_type":"article","og_title":"Cloneboy - Vibrator komplekt koopia vormimiseks oma peenisest","og_description":"Loo oma peenisest koopia K\u00f5ik vajalik komplektis Suurep\u00e4rane kinkimiseks oma kallimale","og_url":"https:\/\/veenus.ee\/en\/toode\/cloneboy-vibrator\/","og_site_name":"Veenus","article_modified_time":"2022-06-16T13:05:30+00:00","og_image":[{"width":800,"height":800,"url":"https:\/\/veenus.ee\/wp-content\/uploads\/2022\/01\/cloneboy-vibrator-kit.jpg","type":"image\/jpeg"}],"twitter_card":"summary_large_image","twitter_misc":{"Price":"35.95&euro;","Availability":"In stock"},"schema":{"@context":"https:\/\/schema.org","@graph":[{"@type":"WebPage","@id":"https:\/\/veenus.ee\/en\/toode\/cloneboy-vibrator\/","url":"https:\/\/veenus.ee\/en\/toode\/cloneboy-vibrator\/","name":"Cloneboy - Vibrator komplekt koopia vormimiseks oma peenisest | Veenus","isPartOf":{"@id":"https:\/\/veenus.ee\/#website"},"primaryImageOfPage":{"@id":"https:\/\/veenus.ee\/en\/toode\/cloneboy-vibrator\/#primaryimage"},"image":{"@id":"https:\/\/veenus.ee\/en\/toode\/cloneboy-vibrator\/#primaryimage"},"thumbnailUrl":"https:\/\/veenus.ee\/wp-content\/uploads\/2022\/01\/cloneboy-vibrator-kit.jpg","datePublished":"2022-01-12T13:36:55+00:00","dateModified":"2022-06-16T13:05:30+00:00","breadcrumb":{"@id":"https:\/\/veenus.ee\/en\/toode\/cloneboy-vibrator\/#breadcrumb"},"inLanguage":"en-US","potentialAction":[{"@type":"ReadAction","target":["https:\/\/veenus.ee\/en\/toode\/cloneboy-vibrator\/"]}]},{"@type":"ImageObject","inLanguage":"en-US","@id":"https:\/\/veenus.ee\/en\/toode\/cloneboy-vibrator\/#primaryimage","url":"https:\/\/veenus.ee\/wp-content\/uploads\/2022\/01\/cloneboy-vibrator-kit.jpg","contentUrl":"https:\/\/veenus.ee\/wp-content\/uploads\/2022\/01\/cloneboy-vibrator-kit.jpg","width":800,"height":800},{"@type":"BreadcrumbList","@id":"https:\/\/veenus.ee\/en\/toode\/cloneboy-vibrator\/#breadcrumb","itemListElement":[{"@type":"ListItem","position":1,"name":"Home","item":"https:\/\/veenus.ee\/"},{"@type":"ListItem","position":2,"name":"pood","item":"https:\/\/veenus.ee\/pood\/"},{"@type":"ListItem","position":3,"name":"Cloneboy &#8211; Vibrator komplekt koopia vormimiseks oma peenisest"}]},{"@type":"WebSite","@id":"https:\/\/veenus.ee\/#website","url":"https:\/\/veenus.ee\/","name":"Veenus","description":"(Eesti) Veenus, erootikakaubad, sekstooted","publisher":{"@id":"https:\/\/veenus.ee\/#organization"},"potentialAction":[{"@type":"SearchAction","target":{"@type":"EntryPoint","urlTemplate":"https:\/\/veenus.ee\/?s={search_term_string}"},"query-input":{"@type":"PropertyValueSpecification","valueRequired":true,"valueName":"search_term_string"}}],"inLanguage":"en-US"},{"@type":"Organization","@id":"https:\/\/veenus.ee\/#organization","name":"Veenus","url":"https:\/\/veenus.ee\/","logo":{"@type":"ImageObject","inLanguage":"en-US","@id":"https:\/\/veenus.ee\/#\/schema\/logo\/image\/","url":"https:\/\/veenus.ee\/wp-content\/uploads\/2021\/12\/logo.png","contentUrl":"https:\/\/veenus.ee\/wp-content\/uploads\/2021\/12\/logo.png","width":119,"height":70,"caption":"Veenus"},"image":{"@id":"https:\/\/veenus.ee\/#\/schema\/logo\/image\/"}}]},"product_price_amount":"35.95","product_price_currency":"EUR","og_availability":"instock","product_availability":"instock","product_retailer_item_id":"8717953006325","product_condition":"new"},"_links":{"self":[{"href":"https:\/\/veenus.ee\/en\/wp-json\/wp\/v2\/product\/8584","targetHints":{"allow":["GET"]}}],"collection":[{"href":"https:\/\/veenus.ee\/en\/wp-json\/wp\/v2\/product"}],"about":[{"href":"https:\/\/veenus.ee\/en\/wp-json\/wp\/v2\/types\/product"}],"replies":[{"embeddable":true,"href":"https:\/\/veenus.ee\/en\/wp-json\/wp\/v2\/comments?post=8584"}],"wp:featuredmedia":[{"embeddable":true,"href":"https:\/\/veenus.ee\/en\/wp-json\/wp\/v2\/media\/11371"}],"wp:attachment":[{"href":"https:\/\/veenus.ee\/en\/wp-json\/wp\/v2\/media?parent=8584"}],"wp:term":[{"taxonomy":"product_brand","embeddable":true,"href":"https:\/\/veenus.ee\/en\/wp-json\/wp\/v2\/product_brand?post=8584"},{"taxonomy":"product_cat","embeddable":true,"href":"https:\/\/veenus.ee\/en\/wp-json\/wp\/v2\/product_cat?post=8584"},{"taxonomy":"product_tag","embeddable":true,"href":"https:\/\/veenus.ee\/en\/wp-json\/wp\/v2\/product_tag?post=8584"}],"curies":[{"name":"wp","href":"https:\/\/api.w.org\/{rel}","templated":true}]}}