{"id":8254,"date":"2022-01-12T15:36:03","date_gmt":"2022-01-12T13:36:03","guid":{"rendered":"https:\/\/veenus.ee\/?post_type=product&#038;p=8254"},"modified":"2023-03-08T22:26:05","modified_gmt":"2023-03-08T20:26:05","slug":"yesforlov-comfort-and-performance-anal-lubricant-100ml","status":"publish","type":"product","link":"https:\/\/veenus.ee\/en\/toode\/yesforlov-comfort-and-performance-anal-lubricant-100ml\/","title":{"rendered":"YESforLOV &#8211; Comfort and Performance Anal Lubricant 100ml"},"content":{"rendered":"<p>Comfort and Performance Anal Lubricant on vee baasil anaallibesti. V\u00e4hesest kogusest piisab kauakestvaks niisutuseks, ei kleebi, vaid j\u00e4tab nahale siidise jume. Sisaldab jojoba lehe ekstrakti, mis tagab kergelt tuimestava toime valututeks anaalm\u00e4ngudeks ja muudab selle elastsemaks, v\u00e4ltimaks marrastuste ja irritatsioonide tekkimist. Rasva- ja \u00f5livaba, ei m\u00e4\u00e4ri riideid ja sobib kasutamiseks koos kondoomide ja abivahenditega, dermatoloogiliselt testitud.<\/p>\n","protected":false},"excerpt":{"rendered":"<p>Muudab anaalvahekorra nauditavaks<br \/>\nKindlustab kauakestva niisutuse<br \/>\nTuimestava toimega valu v\u00e4ltimiseks<br \/>\nL\u00f5dvestab anaalpiirkonda<br \/>\nVee baasil<\/p>\n","protected":false},"featured_media":11260,"comment_status":"open","ping_status":"closed","template":"","meta":[],"product_brand":[],"product_cat":[199,104,75],"product_tag":[],"class_list":{"0":"post-8254","1":"product","2":"type-product","3":"status-publish","4":"has-post-thumbnail","6":"product_cat-anal-lubricants","7":"product_cat-lubricants","8":"product_cat-drugstore","9":"pa_brand-yesforlove","11":"first","12":"instock","13":"taxable","14":"shipping-taxable","15":"purchasable","16":"product-type-simple"},"yoast_head":"<!-- This site is optimized with the Yoast SEO Premium plugin v26.0 (Yoast SEO v27.3) - https:\/\/yoast.com\/product\/yoast-seo-premium-wordpress\/ -->\n<title>YESforLOV - Comfort and Performance Anal Lubricant 100ml | Veenus<\/title>\n<meta name=\"robots\" content=\"index, follow, max-snippet:-1, max-image-preview:large, max-video-preview:-1\" \/>\n<link rel=\"canonical\" href=\"https:\/\/veenus.ee\/en\/toode\/yesforlov-comfort-and-performance-anal-lubricant-100ml\/\" \/>\n<meta property=\"og:locale\" content=\"en_US\" \/>\n<meta property=\"og:type\" content=\"article\" \/>\n<meta property=\"og:title\" content=\"YESforLOV - Comfort and Performance Anal Lubricant 100ml\" \/>\n<meta property=\"og:description\" content=\"Muudab anaalvahekorra nauditavaks Kindlustab kauakestva niisutuse Tuimestava toimega valu v\u00e4ltimiseks L\u00f5dvestab anaalpiirkonda Vee baasil\" \/>\n<meta property=\"og:url\" content=\"https:\/\/veenus.ee\/en\/toode\/yesforlov-comfort-and-performance-anal-lubricant-100ml\/\" \/>\n<meta property=\"og:site_name\" content=\"Veenus\" \/>\n<meta property=\"article:modified_time\" content=\"2023-03-08T20:26:05+00:00\" \/>\n<meta property=\"og:image\" content=\"https:\/\/veenus.ee\/wp-content\/uploads\/2022\/01\/y4l_lubricant_anal_01.jpg\" \/>\n\t<meta property=\"og:image:width\" content=\"800\" \/>\n\t<meta property=\"og:image:height\" content=\"800\" \/>\n\t<meta property=\"og:image:type\" content=\"image\/jpeg\" \/>\n<meta name=\"twitter:card\" content=\"summary_large_image\" \/>\n<meta name=\"twitter:label1\" content=\"Price\" \/>\n\t<meta name=\"twitter:data1\" content=\"24.90&euro;\" \/>\n\t<meta name=\"twitter:label2\" content=\"Availability\" \/>\n\t<meta name=\"twitter:data2\" content=\"In stock\" \/>\n<script type=\"application\/ld+json\" class=\"yoast-schema-graph\">{\"@context\":\"https:\\\/\\\/schema.org\",\"@graph\":[{\"@type\":\"WebPage\",\"@id\":\"https:\\\/\\\/veenus.ee\\\/en\\\/toode\\\/yesforlov-comfort-and-performance-anal-lubricant-100ml\\\/\",\"url\":\"https:\\\/\\\/veenus.ee\\\/en\\\/toode\\\/yesforlov-comfort-and-performance-anal-lubricant-100ml\\\/\",\"name\":\"YESforLOV - Comfort and Performance Anal Lubricant 100ml | Veenus\",\"isPartOf\":{\"@id\":\"https:\\\/\\\/veenus.ee\\\/#website\"},\"primaryImageOfPage\":{\"@id\":\"https:\\\/\\\/veenus.ee\\\/en\\\/toode\\\/yesforlov-comfort-and-performance-anal-lubricant-100ml\\\/#primaryimage\"},\"image\":{\"@id\":\"https:\\\/\\\/veenus.ee\\\/en\\\/toode\\\/yesforlov-comfort-and-performance-anal-lubricant-100ml\\\/#primaryimage\"},\"thumbnailUrl\":\"https:\\\/\\\/veenus.ee\\\/wp-content\\\/uploads\\\/2022\\\/01\\\/y4l_lubricant_anal_01.jpg\",\"datePublished\":\"2022-01-12T13:36:03+00:00\",\"dateModified\":\"2023-03-08T20:26:05+00:00\",\"breadcrumb\":{\"@id\":\"https:\\\/\\\/veenus.ee\\\/en\\\/toode\\\/yesforlov-comfort-and-performance-anal-lubricant-100ml\\\/#breadcrumb\"},\"inLanguage\":\"en-US\",\"potentialAction\":[{\"@type\":\"ReadAction\",\"target\":[\"https:\\\/\\\/veenus.ee\\\/en\\\/toode\\\/yesforlov-comfort-and-performance-anal-lubricant-100ml\\\/\"]}]},{\"@type\":\"ImageObject\",\"inLanguage\":\"en-US\",\"@id\":\"https:\\\/\\\/veenus.ee\\\/en\\\/toode\\\/yesforlov-comfort-and-performance-anal-lubricant-100ml\\\/#primaryimage\",\"url\":\"https:\\\/\\\/veenus.ee\\\/wp-content\\\/uploads\\\/2022\\\/01\\\/y4l_lubricant_anal_01.jpg\",\"contentUrl\":\"https:\\\/\\\/veenus.ee\\\/wp-content\\\/uploads\\\/2022\\\/01\\\/y4l_lubricant_anal_01.jpg\",\"width\":800,\"height\":800},{\"@type\":\"BreadcrumbList\",\"@id\":\"https:\\\/\\\/veenus.ee\\\/en\\\/toode\\\/yesforlov-comfort-and-performance-anal-lubricant-100ml\\\/#breadcrumb\",\"itemListElement\":[{\"@type\":\"ListItem\",\"position\":1,\"name\":\"Home\",\"item\":\"https:\\\/\\\/veenus.ee\\\/\"},{\"@type\":\"ListItem\",\"position\":2,\"name\":\"pood\",\"item\":\"https:\\\/\\\/veenus.ee\\\/pood\\\/\"},{\"@type\":\"ListItem\",\"position\":3,\"name\":\"YESforLOV &#8211; Comfort and Performance Anal Lubricant 100ml\"}]},{\"@type\":\"WebSite\",\"@id\":\"https:\\\/\\\/veenus.ee\\\/#website\",\"url\":\"https:\\\/\\\/veenus.ee\\\/\",\"name\":\"Veenus\",\"description\":\"(Eesti) Veenus, erootikakaubad, sekstooted\",\"publisher\":{\"@id\":\"https:\\\/\\\/veenus.ee\\\/#organization\"},\"potentialAction\":[{\"@type\":\"SearchAction\",\"target\":{\"@type\":\"EntryPoint\",\"urlTemplate\":\"https:\\\/\\\/veenus.ee\\\/?s={search_term_string}\"},\"query-input\":{\"@type\":\"PropertyValueSpecification\",\"valueRequired\":true,\"valueName\":\"search_term_string\"}}],\"inLanguage\":\"en-US\"},{\"@type\":\"Organization\",\"@id\":\"https:\\\/\\\/veenus.ee\\\/#organization\",\"name\":\"Veenus\",\"url\":\"https:\\\/\\\/veenus.ee\\\/\",\"logo\":{\"@type\":\"ImageObject\",\"inLanguage\":\"en-US\",\"@id\":\"https:\\\/\\\/veenus.ee\\\/#\\\/schema\\\/logo\\\/image\\\/\",\"url\":\"https:\\\/\\\/veenus.ee\\\/wp-content\\\/uploads\\\/2021\\\/12\\\/logo.png\",\"contentUrl\":\"https:\\\/\\\/veenus.ee\\\/wp-content\\\/uploads\\\/2021\\\/12\\\/logo.png\",\"width\":119,\"height\":70,\"caption\":\"Veenus\"},\"image\":{\"@id\":\"https:\\\/\\\/veenus.ee\\\/#\\\/schema\\\/logo\\\/image\\\/\"}}]}<\/script>\n<meta property=\"product:price:amount\" content=\"24.90\" \/>\n<meta property=\"product:price:currency\" content=\"EUR\" \/>\n<meta property=\"og:availability\" content=\"instock\" \/>\n<meta property=\"product:availability\" content=\"instock\" \/>\n<meta property=\"product:retailer_item_id\" content=\"3700444604525\" \/>\n<meta property=\"product:condition\" content=\"new\" \/>\n<!-- \/ Yoast SEO Premium plugin. -->","yoast_head_json":{"title":"YESforLOV - Comfort and Performance Anal Lubricant 100ml | Veenus","robots":{"index":"index","follow":"follow","max-snippet":"max-snippet:-1","max-image-preview":"max-image-preview:large","max-video-preview":"max-video-preview:-1"},"canonical":"https:\/\/veenus.ee\/en\/toode\/yesforlov-comfort-and-performance-anal-lubricant-100ml\/","og_locale":"en_US","og_type":"article","og_title":"YESforLOV - Comfort and Performance Anal Lubricant 100ml","og_description":"Muudab anaalvahekorra nauditavaks Kindlustab kauakestva niisutuse Tuimestava toimega valu v\u00e4ltimiseks L\u00f5dvestab anaalpiirkonda Vee baasil","og_url":"https:\/\/veenus.ee\/en\/toode\/yesforlov-comfort-and-performance-anal-lubricant-100ml\/","og_site_name":"Veenus","article_modified_time":"2023-03-08T20:26:05+00:00","og_image":[{"width":800,"height":800,"url":"https:\/\/veenus.ee\/wp-content\/uploads\/2022\/01\/y4l_lubricant_anal_01.jpg","type":"image\/jpeg"}],"twitter_card":"summary_large_image","twitter_misc":{"Price":"24.90&euro;","Availability":"In stock"},"schema":{"@context":"https:\/\/schema.org","@graph":[{"@type":"WebPage","@id":"https:\/\/veenus.ee\/en\/toode\/yesforlov-comfort-and-performance-anal-lubricant-100ml\/","url":"https:\/\/veenus.ee\/en\/toode\/yesforlov-comfort-and-performance-anal-lubricant-100ml\/","name":"YESforLOV - Comfort and Performance Anal Lubricant 100ml | Veenus","isPartOf":{"@id":"https:\/\/veenus.ee\/#website"},"primaryImageOfPage":{"@id":"https:\/\/veenus.ee\/en\/toode\/yesforlov-comfort-and-performance-anal-lubricant-100ml\/#primaryimage"},"image":{"@id":"https:\/\/veenus.ee\/en\/toode\/yesforlov-comfort-and-performance-anal-lubricant-100ml\/#primaryimage"},"thumbnailUrl":"https:\/\/veenus.ee\/wp-content\/uploads\/2022\/01\/y4l_lubricant_anal_01.jpg","datePublished":"2022-01-12T13:36:03+00:00","dateModified":"2023-03-08T20:26:05+00:00","breadcrumb":{"@id":"https:\/\/veenus.ee\/en\/toode\/yesforlov-comfort-and-performance-anal-lubricant-100ml\/#breadcrumb"},"inLanguage":"en-US","potentialAction":[{"@type":"ReadAction","target":["https:\/\/veenus.ee\/en\/toode\/yesforlov-comfort-and-performance-anal-lubricant-100ml\/"]}]},{"@type":"ImageObject","inLanguage":"en-US","@id":"https:\/\/veenus.ee\/en\/toode\/yesforlov-comfort-and-performance-anal-lubricant-100ml\/#primaryimage","url":"https:\/\/veenus.ee\/wp-content\/uploads\/2022\/01\/y4l_lubricant_anal_01.jpg","contentUrl":"https:\/\/veenus.ee\/wp-content\/uploads\/2022\/01\/y4l_lubricant_anal_01.jpg","width":800,"height":800},{"@type":"BreadcrumbList","@id":"https:\/\/veenus.ee\/en\/toode\/yesforlov-comfort-and-performance-anal-lubricant-100ml\/#breadcrumb","itemListElement":[{"@type":"ListItem","position":1,"name":"Home","item":"https:\/\/veenus.ee\/"},{"@type":"ListItem","position":2,"name":"pood","item":"https:\/\/veenus.ee\/pood\/"},{"@type":"ListItem","position":3,"name":"YESforLOV &#8211; Comfort and Performance Anal Lubricant 100ml"}]},{"@type":"WebSite","@id":"https:\/\/veenus.ee\/#website","url":"https:\/\/veenus.ee\/","name":"Veenus","description":"(Eesti) Veenus, erootikakaubad, sekstooted","publisher":{"@id":"https:\/\/veenus.ee\/#organization"},"potentialAction":[{"@type":"SearchAction","target":{"@type":"EntryPoint","urlTemplate":"https:\/\/veenus.ee\/?s={search_term_string}"},"query-input":{"@type":"PropertyValueSpecification","valueRequired":true,"valueName":"search_term_string"}}],"inLanguage":"en-US"},{"@type":"Organization","@id":"https:\/\/veenus.ee\/#organization","name":"Veenus","url":"https:\/\/veenus.ee\/","logo":{"@type":"ImageObject","inLanguage":"en-US","@id":"https:\/\/veenus.ee\/#\/schema\/logo\/image\/","url":"https:\/\/veenus.ee\/wp-content\/uploads\/2021\/12\/logo.png","contentUrl":"https:\/\/veenus.ee\/wp-content\/uploads\/2021\/12\/logo.png","width":119,"height":70,"caption":"Veenus"},"image":{"@id":"https:\/\/veenus.ee\/#\/schema\/logo\/image\/"}}]},"product_price_amount":"24.90","product_price_currency":"EUR","og_availability":"instock","product_availability":"instock","product_retailer_item_id":"3700444604525","product_condition":"new"},"_links":{"self":[{"href":"https:\/\/veenus.ee\/en\/wp-json\/wp\/v2\/product\/8254","targetHints":{"allow":["GET"]}}],"collection":[{"href":"https:\/\/veenus.ee\/en\/wp-json\/wp\/v2\/product"}],"about":[{"href":"https:\/\/veenus.ee\/en\/wp-json\/wp\/v2\/types\/product"}],"replies":[{"embeddable":true,"href":"https:\/\/veenus.ee\/en\/wp-json\/wp\/v2\/comments?post=8254"}],"wp:featuredmedia":[{"embeddable":true,"href":"https:\/\/veenus.ee\/en\/wp-json\/wp\/v2\/media\/11260"}],"wp:attachment":[{"href":"https:\/\/veenus.ee\/en\/wp-json\/wp\/v2\/media?parent=8254"}],"wp:term":[{"taxonomy":"product_brand","embeddable":true,"href":"https:\/\/veenus.ee\/en\/wp-json\/wp\/v2\/product_brand?post=8254"},{"taxonomy":"product_cat","embeddable":true,"href":"https:\/\/veenus.ee\/en\/wp-json\/wp\/v2\/product_cat?post=8254"},{"taxonomy":"product_tag","embeddable":true,"href":"https:\/\/veenus.ee\/en\/wp-json\/wp\/v2\/product_tag?post=8254"}],"curies":[{"name":"wp","href":"https:\/\/api.w.org\/{rel}","templated":true}]}}