{"id":7941,"date":"2022-01-12T15:35:16","date_gmt":"2022-01-12T13:35:16","guid":{"rendered":"https:\/\/veenus.ee\/?post_type=product&#038;p=7941"},"modified":"2022-01-18T00:27:41","modified_gmt":"2022-01-17T22:27:41","slug":"fun-toys-gvibe-mini-blue","status":"publish","type":"product","link":"https:\/\/veenus.ee\/en\/toode\/fun-toys-gvibe-mini-blue\/","title":{"rendered":"Fun Toys &#8211; Gvibe MINI vibraator"},"content":{"rendered":"<div class=\"std\">\n<p>Gvibe MINI on inspireeritud paljude naiste soovidest, kes soovisid proovida algset Gvibe, kuid nad olid hirmunud selle suuruse p\u00e4rast. Sellep\u00e4rast otsustasime lisada FunToys&#8217;e perekonda uue m\u00e4nguasja. Gvibe MINI loodi natuke v\u00e4iksemate m\u00f5\u00f5tmetega, s\u00e4ilitades k\u00f5ik algse m\u00e4nguasja funktsioonid ja omadused, ning see on n\u00fc\u00fcd osa meie kollektsioonist.<\/p>\n<p>Gvibe MINI abil saate nautida:<\/p>\n<ul>\n<li>Kahe tundliku tsooni samaaegne stimuleerimine &#8211; G-punkti ja tupe- samal ajal stimuleerides ka tupe sissep\u00e4\u00e4su.<\/li>\n<li>Kahe painduva silikoonist otsiku t\u00f5ttu on selle kuju kergesti kohanev naise anatoomiaga (tupe suurus).<\/li>\n<li>See loob terviklikkuse tunde ilma sissep\u00e4\u00e4su venitamata.<\/li>\n<\/ul>\n<p><strong>Omadused<\/strong><\/p>\n<ul>\n<li>Selle kuju kohandub enamiku anatoomidega.<\/li>\n<li>Mootorite asukoht v\u00f5imaldab meestel masseerida ka oma eesn\u00e4\u00e4ret.<\/li>\n<li>Ergonoomiline disain.<\/li>\n<li>Kaks v\u00f5imsat, kuid vaikset mootorit.<\/li>\n<li>Kuus vibratsioonire\u017eiimi, mille intensiivsus on muutlik &#8211; alates kergetest v\u00e4rinadest kuni intensiivse vibratsioonini.<\/li>\n<li>Puutetundlikud juhtnupud.<\/li>\n<li>Valmistatud preemium klassi h\u00fcpoallergeenilisest meditsiinilisest silikoonist.<\/li>\n<li>L\u00f5hnatu materjal.<\/li>\n<li>100% veekindel.<\/li>\n<li>Kuni 4 tundi t\u00f6\u00f6aega \u00fche aku laadimisega.<\/li>\n<li>Suurus: 4,13 x 0,79 tolli (10,5 x 2 cm).<\/li>\n<li>1-aastane garantii.<\/li>\n<li>Reisilukk (vajutage ON ja hoidke seda all 2 sekundit).<\/li>\n<\/ul>\n<\/div>\n","protected":false},"excerpt":{"rendered":"<p>Kuju kohandub naise anatoomiaga.<br \/>\nMootorite asukoht v\u00f5imaldab meestel masseerida ka oma eesn\u00e4\u00e4ret.<br \/>\nErgonoomiline disain.<br \/>\nKaks v\u00f5imsat, kuid vaikset mootorit.<br \/>\nKuus vibratsioonire\u017eiimi, mille intensiivsus on muutlik &#8211; alates kergetest v\u00e4rinadest kuni intensiivse vibratsioonini.<br \/>\nPuutetundlikud juhtnupud.<br \/>\nValmistatud h\u00fcpoallergeenilisest meditsiinilisest silikoonist.<br \/>\n100% veekindel.<\/p>\n","protected":false},"featured_media":11364,"comment_status":"open","ping_status":"closed","template":"","meta":[],"product_brand":[],"product_cat":[171,121,118,71,87,126,77],"product_tag":[],"class_list":{"0":"post-7941","1":"product","2":"type-product","3":"status-publish","4":"has-post-thumbnail","6":"product_cat-anal-vibrators","7":"product_cat-design-vibrators","8":"product_cat-g-spot-vibrators","9":"product_cat-for-women","10":"product_cat-prostate-stimulators","11":"product_cat-double-vibrators","12":"product_cat-vibrators-for-women","13":"pa_brand-fun-toys","15":"first","16":"instock","17":"taxable","18":"shipping-taxable","19":"purchasable","20":"product-type-variable"},"yoast_head":"<!-- This site is optimized with the Yoast SEO Premium plugin v26.0 (Yoast SEO v27.3) - https:\/\/yoast.com\/product\/yoast-seo-premium-wordpress\/ -->\n<title>Fun Toys - Gvibe MINI vibraator | Veenus<\/title>\n<meta name=\"robots\" content=\"index, follow, max-snippet:-1, max-image-preview:large, max-video-preview:-1\" \/>\n<link rel=\"canonical\" href=\"https:\/\/veenus.ee\/en\/toode\/fun-toys-gvibe-mini-blue\/\" \/>\n<meta property=\"og:locale\" content=\"en_US\" \/>\n<meta property=\"og:type\" content=\"article\" \/>\n<meta property=\"og:title\" content=\"Fun Toys - Gvibe MINI vibraator\" \/>\n<meta property=\"og:description\" content=\"Kuju kohandub naise anatoomiaga. Mootorite asukoht v\u00f5imaldab meestel masseerida ka oma eesn\u00e4\u00e4ret. Ergonoomiline disain. Kaks v\u00f5imsat, kuid vaikset mootorit. Kuus vibratsioonire\u017eiimi, mille intensiivsus on muutlik - alates kergetest v\u00e4rinadest kuni intensiivse vibratsioonini. Puutetundlikud juhtnupud. Valmistatud h\u00fcpoallergeenilisest meditsiinilisest silikoonist. 100% veekindel.\" \/>\n<meta property=\"og:url\" content=\"https:\/\/veenus.ee\/en\/toode\/fun-toys-gvibe-mini-blue\/\" \/>\n<meta property=\"og:site_name\" content=\"Veenus\" \/>\n<meta property=\"article:modified_time\" content=\"2022-01-17T22:27:41+00:00\" \/>\n<meta property=\"og:image\" content=\"https:\/\/veenus.ee\/wp-content\/uploads\/2022\/01\/G-Vibe_Mini5__68808.1586816402.jpg\" \/>\n\t<meta property=\"og:image:width\" content=\"1280\" \/>\n\t<meta property=\"og:image:height\" content=\"1280\" \/>\n\t<meta property=\"og:image:type\" content=\"image\/jpeg\" \/>\n<meta name=\"twitter:card\" content=\"summary_large_image\" \/>\n<meta name=\"twitter:label1\" content=\"Availability\" \/>\n\t<meta name=\"twitter:data1\" content=\"In stock\" \/>\n<script type=\"application\/ld+json\" class=\"yoast-schema-graph\">{\"@context\":\"https:\\\/\\\/schema.org\",\"@graph\":[{\"@type\":\"WebPage\",\"@id\":\"https:\\\/\\\/veenus.ee\\\/en\\\/toode\\\/fun-toys-gvibe-mini-blue\\\/\",\"url\":\"https:\\\/\\\/veenus.ee\\\/en\\\/toode\\\/fun-toys-gvibe-mini-blue\\\/\",\"name\":\"Fun Toys - Gvibe MINI vibraator | Veenus\",\"isPartOf\":{\"@id\":\"https:\\\/\\\/veenus.ee\\\/#website\"},\"primaryImageOfPage\":{\"@id\":\"https:\\\/\\\/veenus.ee\\\/en\\\/toode\\\/fun-toys-gvibe-mini-blue\\\/#primaryimage\"},\"image\":{\"@id\":\"https:\\\/\\\/veenus.ee\\\/en\\\/toode\\\/fun-toys-gvibe-mini-blue\\\/#primaryimage\"},\"thumbnailUrl\":\"https:\\\/\\\/veenus.ee\\\/wp-content\\\/uploads\\\/2022\\\/01\\\/G-Vibe_Mini5__68808.1586816402.jpg\",\"datePublished\":\"2022-01-12T13:35:16+00:00\",\"dateModified\":\"2022-01-17T22:27:41+00:00\",\"breadcrumb\":{\"@id\":\"https:\\\/\\\/veenus.ee\\\/en\\\/toode\\\/fun-toys-gvibe-mini-blue\\\/#breadcrumb\"},\"inLanguage\":\"en-US\",\"potentialAction\":[{\"@type\":\"ReadAction\",\"target\":[\"https:\\\/\\\/veenus.ee\\\/en\\\/toode\\\/fun-toys-gvibe-mini-blue\\\/\"]}]},{\"@type\":\"ImageObject\",\"inLanguage\":\"en-US\",\"@id\":\"https:\\\/\\\/veenus.ee\\\/en\\\/toode\\\/fun-toys-gvibe-mini-blue\\\/#primaryimage\",\"url\":\"https:\\\/\\\/veenus.ee\\\/wp-content\\\/uploads\\\/2022\\\/01\\\/G-Vibe_Mini5__68808.1586816402.jpg\",\"contentUrl\":\"https:\\\/\\\/veenus.ee\\\/wp-content\\\/uploads\\\/2022\\\/01\\\/G-Vibe_Mini5__68808.1586816402.jpg\",\"width\":1280,\"height\":1280},{\"@type\":\"BreadcrumbList\",\"@id\":\"https:\\\/\\\/veenus.ee\\\/en\\\/toode\\\/fun-toys-gvibe-mini-blue\\\/#breadcrumb\",\"itemListElement\":[{\"@type\":\"ListItem\",\"position\":1,\"name\":\"Home\",\"item\":\"https:\\\/\\\/veenus.ee\\\/\"},{\"@type\":\"ListItem\",\"position\":2,\"name\":\"pood\",\"item\":\"https:\\\/\\\/veenus.ee\\\/pood\\\/\"},{\"@type\":\"ListItem\",\"position\":3,\"name\":\"Fun Toys &#8211; Gvibe MINI vibraator\"}]},{\"@type\":\"WebSite\",\"@id\":\"https:\\\/\\\/veenus.ee\\\/#website\",\"url\":\"https:\\\/\\\/veenus.ee\\\/\",\"name\":\"Veenus\",\"description\":\"(Eesti) Veenus, erootikakaubad, sekstooted\",\"publisher\":{\"@id\":\"https:\\\/\\\/veenus.ee\\\/#organization\"},\"potentialAction\":[{\"@type\":\"SearchAction\",\"target\":{\"@type\":\"EntryPoint\",\"urlTemplate\":\"https:\\\/\\\/veenus.ee\\\/?s={search_term_string}\"},\"query-input\":{\"@type\":\"PropertyValueSpecification\",\"valueRequired\":true,\"valueName\":\"search_term_string\"}}],\"inLanguage\":\"en-US\"},{\"@type\":\"Organization\",\"@id\":\"https:\\\/\\\/veenus.ee\\\/#organization\",\"name\":\"Veenus\",\"url\":\"https:\\\/\\\/veenus.ee\\\/\",\"logo\":{\"@type\":\"ImageObject\",\"inLanguage\":\"en-US\",\"@id\":\"https:\\\/\\\/veenus.ee\\\/#\\\/schema\\\/logo\\\/image\\\/\",\"url\":\"https:\\\/\\\/veenus.ee\\\/wp-content\\\/uploads\\\/2021\\\/12\\\/logo.png\",\"contentUrl\":\"https:\\\/\\\/veenus.ee\\\/wp-content\\\/uploads\\\/2021\\\/12\\\/logo.png\",\"width\":119,\"height\":70,\"caption\":\"Veenus\"},\"image\":{\"@id\":\"https:\\\/\\\/veenus.ee\\\/#\\\/schema\\\/logo\\\/image\\\/\"}}]}<\/script>\n<meta property=\"og:availability\" content=\"instock\" \/>\n<meta property=\"product:availability\" content=\"instock\" \/>\n<meta property=\"product:retailer_item_id\" content=\"GVIBE00016\" \/>\n<meta property=\"product:condition\" content=\"new\" \/>\n<!-- \/ Yoast SEO Premium plugin. -->","yoast_head_json":{"title":"Fun Toys - Gvibe MINI vibraator | Veenus","robots":{"index":"index","follow":"follow","max-snippet":"max-snippet:-1","max-image-preview":"max-image-preview:large","max-video-preview":"max-video-preview:-1"},"canonical":"https:\/\/veenus.ee\/en\/toode\/fun-toys-gvibe-mini-blue\/","og_locale":"en_US","og_type":"article","og_title":"Fun Toys - Gvibe MINI vibraator","og_description":"Kuju kohandub naise anatoomiaga. Mootorite asukoht v\u00f5imaldab meestel masseerida ka oma eesn\u00e4\u00e4ret. Ergonoomiline disain. Kaks v\u00f5imsat, kuid vaikset mootorit. Kuus vibratsioonire\u017eiimi, mille intensiivsus on muutlik - alates kergetest v\u00e4rinadest kuni intensiivse vibratsioonini. Puutetundlikud juhtnupud. Valmistatud h\u00fcpoallergeenilisest meditsiinilisest silikoonist. 100% veekindel.","og_url":"https:\/\/veenus.ee\/en\/toode\/fun-toys-gvibe-mini-blue\/","og_site_name":"Veenus","article_modified_time":"2022-01-17T22:27:41+00:00","og_image":[{"width":1280,"height":1280,"url":"https:\/\/veenus.ee\/wp-content\/uploads\/2022\/01\/G-Vibe_Mini5__68808.1586816402.jpg","type":"image\/jpeg"}],"twitter_card":"summary_large_image","twitter_misc":{"Availability":"In stock"},"schema":{"@context":"https:\/\/schema.org","@graph":[{"@type":"WebPage","@id":"https:\/\/veenus.ee\/en\/toode\/fun-toys-gvibe-mini-blue\/","url":"https:\/\/veenus.ee\/en\/toode\/fun-toys-gvibe-mini-blue\/","name":"Fun Toys - Gvibe MINI vibraator | Veenus","isPartOf":{"@id":"https:\/\/veenus.ee\/#website"},"primaryImageOfPage":{"@id":"https:\/\/veenus.ee\/en\/toode\/fun-toys-gvibe-mini-blue\/#primaryimage"},"image":{"@id":"https:\/\/veenus.ee\/en\/toode\/fun-toys-gvibe-mini-blue\/#primaryimage"},"thumbnailUrl":"https:\/\/veenus.ee\/wp-content\/uploads\/2022\/01\/G-Vibe_Mini5__68808.1586816402.jpg","datePublished":"2022-01-12T13:35:16+00:00","dateModified":"2022-01-17T22:27:41+00:00","breadcrumb":{"@id":"https:\/\/veenus.ee\/en\/toode\/fun-toys-gvibe-mini-blue\/#breadcrumb"},"inLanguage":"en-US","potentialAction":[{"@type":"ReadAction","target":["https:\/\/veenus.ee\/en\/toode\/fun-toys-gvibe-mini-blue\/"]}]},{"@type":"ImageObject","inLanguage":"en-US","@id":"https:\/\/veenus.ee\/en\/toode\/fun-toys-gvibe-mini-blue\/#primaryimage","url":"https:\/\/veenus.ee\/wp-content\/uploads\/2022\/01\/G-Vibe_Mini5__68808.1586816402.jpg","contentUrl":"https:\/\/veenus.ee\/wp-content\/uploads\/2022\/01\/G-Vibe_Mini5__68808.1586816402.jpg","width":1280,"height":1280},{"@type":"BreadcrumbList","@id":"https:\/\/veenus.ee\/en\/toode\/fun-toys-gvibe-mini-blue\/#breadcrumb","itemListElement":[{"@type":"ListItem","position":1,"name":"Home","item":"https:\/\/veenus.ee\/"},{"@type":"ListItem","position":2,"name":"pood","item":"https:\/\/veenus.ee\/pood\/"},{"@type":"ListItem","position":3,"name":"Fun Toys &#8211; Gvibe MINI vibraator"}]},{"@type":"WebSite","@id":"https:\/\/veenus.ee\/#website","url":"https:\/\/veenus.ee\/","name":"Veenus","description":"(Eesti) Veenus, erootikakaubad, sekstooted","publisher":{"@id":"https:\/\/veenus.ee\/#organization"},"potentialAction":[{"@type":"SearchAction","target":{"@type":"EntryPoint","urlTemplate":"https:\/\/veenus.ee\/?s={search_term_string}"},"query-input":{"@type":"PropertyValueSpecification","valueRequired":true,"valueName":"search_term_string"}}],"inLanguage":"en-US"},{"@type":"Organization","@id":"https:\/\/veenus.ee\/#organization","name":"Veenus","url":"https:\/\/veenus.ee\/","logo":{"@type":"ImageObject","inLanguage":"en-US","@id":"https:\/\/veenus.ee\/#\/schema\/logo\/image\/","url":"https:\/\/veenus.ee\/wp-content\/uploads\/2021\/12\/logo.png","contentUrl":"https:\/\/veenus.ee\/wp-content\/uploads\/2021\/12\/logo.png","width":119,"height":70,"caption":"Veenus"},"image":{"@id":"https:\/\/veenus.ee\/#\/schema\/logo\/image\/"}}]},"og_availability":"instock","product_availability":"instock","product_retailer_item_id":"GVIBE00016","product_condition":"new"},"_links":{"self":[{"href":"https:\/\/veenus.ee\/en\/wp-json\/wp\/v2\/product\/7941","targetHints":{"allow":["GET"]}}],"collection":[{"href":"https:\/\/veenus.ee\/en\/wp-json\/wp\/v2\/product"}],"about":[{"href":"https:\/\/veenus.ee\/en\/wp-json\/wp\/v2\/types\/product"}],"replies":[{"embeddable":true,"href":"https:\/\/veenus.ee\/en\/wp-json\/wp\/v2\/comments?post=7941"}],"wp:featuredmedia":[{"embeddable":true,"href":"https:\/\/veenus.ee\/en\/wp-json\/wp\/v2\/media\/11364"}],"wp:attachment":[{"href":"https:\/\/veenus.ee\/en\/wp-json\/wp\/v2\/media?parent=7941"}],"wp:term":[{"taxonomy":"product_brand","embeddable":true,"href":"https:\/\/veenus.ee\/en\/wp-json\/wp\/v2\/product_brand?post=7941"},{"taxonomy":"product_cat","embeddable":true,"href":"https:\/\/veenus.ee\/en\/wp-json\/wp\/v2\/product_cat?post=7941"},{"taxonomy":"product_tag","embeddable":true,"href":"https:\/\/veenus.ee\/en\/wp-json\/wp\/v2\/product_tag?post=7941"}],"curies":[{"name":"wp","href":"https:\/\/api.w.org\/{rel}","templated":true}]}}