{"id":7937,"date":"2022-01-12T15:35:15","date_gmt":"2022-01-12T13:35:15","guid":{"rendered":"https:\/\/veenus.ee\/?post_type=product&#038;p=7937"},"modified":"2025-01-08T11:07:02","modified_gmt":"2025-01-08T09:07:02","slug":"egzo-yes-100ml-organic-warming-lubricant","status":"publish","type":"product","link":"https:\/\/veenus.ee\/en\/toode\/egzo-yes-100ml-organic-warming-lubricant\/","title":{"rendered":"Egzo &#8211; YES soojeneva toimega orgaaniline libesti"},"content":{"rendered":"<p>EGZO YES lubrikandil on soojendav toime.<br \/>\nYES m\u00e4\u00e4rdeaine kasutamise peamine eesm\u00e4rk on v\u00e4ltida intiimtoimingu ajal h\u00f5\u00f5rumist, valulikke ja ebamugavaid tundeid, v\u00e4hendades allergiliste reaktsioonide ohtu kondoomidele v\u00f5i dildodele.<br \/>\nEGZO-m\u00e4\u00e4rded annavad pikantsust ja romantilist intiimsust, pikendades oluliselt intiimse kohtingu kestvust, aidates m\u00f5lemal partneril saada samaaegselt orgasmini, pikendades meeste erektsiooni ja l\u00fchendades eelm\u00e4ngu naiste jaoks.<\/p>\n","protected":false},"excerpt":{"rendered":"<p>Soojenev libesti seksuaalvahekorra pikendamiseks<br \/>\nPeamine eesm\u00e4rk on v\u00e4ltida intiimtoimingu ajal h\u00f5\u00f5rumist, valulikke ja ebamugavaid tundeid<br \/>\nV\u00e4hendab allergiliste reaktsioonide ohtu kondoomidele v\u00f5i dildodele<br \/>\nSobib igasuguseks vahekorraks<br \/>\nPikendab meestel erektsiooni ja seksuaalvahekorra kestust.<\/p>\n","protected":false},"featured_media":11182,"comment_status":"open","ping_status":"closed","template":"","meta":[],"product_brand":[],"product_cat":[110,104,75,220,219,203],"product_tag":[],"class_list":{"0":"post-7937","1":"product","2":"type-product","3":"status-publish","4":"has-post-thumbnail","6":"product_cat-gels-creams","7":"product_cat-lubricants","8":"product_cat-drugstore","9":"product_cat-stimuleerivad-geelid-meestele-geelid-kreemid","10":"product_cat-stimuleerivad-geelid-naistele-geelid-kreemid","11":"product_cat-stimulating-lubricants","12":"pa_brand-egzo","14":"first","15":"instock","16":"taxable","17":"shipping-taxable","18":"purchasable","19":"product-type-variable"},"yoast_head":"<!-- This site is optimized with the Yoast SEO Premium plugin v26.0 (Yoast SEO v27.3) - https:\/\/yoast.com\/product\/yoast-seo-premium-wordpress\/ -->\n<title>Egzo - YES soojeneva toimega orgaaniline libesti | Veenus<\/title>\n<meta name=\"robots\" content=\"index, follow, max-snippet:-1, max-image-preview:large, max-video-preview:-1\" \/>\n<link rel=\"canonical\" href=\"https:\/\/veenus.ee\/en\/toode\/egzo-yes-100ml-organic-warming-lubricant\/\" \/>\n<meta property=\"og:locale\" content=\"en_US\" \/>\n<meta property=\"og:type\" content=\"article\" \/>\n<meta property=\"og:title\" content=\"Egzo - YES soojeneva toimega orgaaniline libesti\" \/>\n<meta property=\"og:description\" content=\"Soojenev libesti seksuaalvahekorra pikendamiseks Peamine eesm\u00e4rk on v\u00e4ltida intiimtoimingu ajal h\u00f5\u00f5rumist, valulikke ja ebamugavaid tundeid V\u00e4hendab allergiliste reaktsioonide ohtu kondoomidele v\u00f5i dildodele Sobib igasuguseks vahekorraks Pikendab meestel erektsiooni ja seksuaalvahekorra kestust.\" \/>\n<meta property=\"og:url\" content=\"https:\/\/veenus.ee\/en\/toode\/egzo-yes-100ml-organic-warming-lubricant\/\" \/>\n<meta property=\"og:site_name\" content=\"Veenus\" \/>\n<meta property=\"article:modified_time\" content=\"2025-01-08T09:07:02+00:00\" \/>\n<meta property=\"og:image\" content=\"https:\/\/veenus.ee\/wp-content\/uploads\/2022\/01\/egzo-yes-lube-50ml.jpg\" \/>\n\t<meta property=\"og:image:width\" content=\"350\" \/>\n\t<meta property=\"og:image:height\" content=\"350\" \/>\n\t<meta property=\"og:image:type\" content=\"image\/jpeg\" \/>\n<meta name=\"twitter:card\" content=\"summary_large_image\" \/>\n<meta name=\"twitter:label1\" content=\"Availability\" \/>\n\t<meta name=\"twitter:data1\" content=\"In stock\" \/>\n<script type=\"application\/ld+json\" class=\"yoast-schema-graph\">{\"@context\":\"https:\\\/\\\/schema.org\",\"@graph\":[{\"@type\":\"WebPage\",\"@id\":\"https:\\\/\\\/veenus.ee\\\/en\\\/toode\\\/egzo-yes-100ml-organic-warming-lubricant\\\/\",\"url\":\"https:\\\/\\\/veenus.ee\\\/en\\\/toode\\\/egzo-yes-100ml-organic-warming-lubricant\\\/\",\"name\":\"Egzo - YES soojeneva toimega orgaaniline libesti | Veenus\",\"isPartOf\":{\"@id\":\"https:\\\/\\\/veenus.ee\\\/#website\"},\"primaryImageOfPage\":{\"@id\":\"https:\\\/\\\/veenus.ee\\\/en\\\/toode\\\/egzo-yes-100ml-organic-warming-lubricant\\\/#primaryimage\"},\"image\":{\"@id\":\"https:\\\/\\\/veenus.ee\\\/en\\\/toode\\\/egzo-yes-100ml-organic-warming-lubricant\\\/#primaryimage\"},\"thumbnailUrl\":\"https:\\\/\\\/veenus.ee\\\/wp-content\\\/uploads\\\/2022\\\/01\\\/egzo-yes-lube-50ml.jpg\",\"datePublished\":\"2022-01-12T13:35:15+00:00\",\"dateModified\":\"2025-01-08T09:07:02+00:00\",\"breadcrumb\":{\"@id\":\"https:\\\/\\\/veenus.ee\\\/en\\\/toode\\\/egzo-yes-100ml-organic-warming-lubricant\\\/#breadcrumb\"},\"inLanguage\":\"en-US\",\"potentialAction\":[{\"@type\":\"ReadAction\",\"target\":[\"https:\\\/\\\/veenus.ee\\\/en\\\/toode\\\/egzo-yes-100ml-organic-warming-lubricant\\\/\"]}]},{\"@type\":\"ImageObject\",\"inLanguage\":\"en-US\",\"@id\":\"https:\\\/\\\/veenus.ee\\\/en\\\/toode\\\/egzo-yes-100ml-organic-warming-lubricant\\\/#primaryimage\",\"url\":\"https:\\\/\\\/veenus.ee\\\/wp-content\\\/uploads\\\/2022\\\/01\\\/egzo-yes-lube-50ml.jpg\",\"contentUrl\":\"https:\\\/\\\/veenus.ee\\\/wp-content\\\/uploads\\\/2022\\\/01\\\/egzo-yes-lube-50ml.jpg\",\"width\":350,\"height\":350},{\"@type\":\"BreadcrumbList\",\"@id\":\"https:\\\/\\\/veenus.ee\\\/en\\\/toode\\\/egzo-yes-100ml-organic-warming-lubricant\\\/#breadcrumb\",\"itemListElement\":[{\"@type\":\"ListItem\",\"position\":1,\"name\":\"Home\",\"item\":\"https:\\\/\\\/veenus.ee\\\/\"},{\"@type\":\"ListItem\",\"position\":2,\"name\":\"pood\",\"item\":\"https:\\\/\\\/veenus.ee\\\/pood\\\/\"},{\"@type\":\"ListItem\",\"position\":3,\"name\":\"Egzo &#8211; YES soojeneva toimega orgaaniline libesti\"}]},{\"@type\":\"WebSite\",\"@id\":\"https:\\\/\\\/veenus.ee\\\/#website\",\"url\":\"https:\\\/\\\/veenus.ee\\\/\",\"name\":\"Veenus\",\"description\":\"(Eesti) Veenus, erootikakaubad, sekstooted\",\"publisher\":{\"@id\":\"https:\\\/\\\/veenus.ee\\\/#organization\"},\"potentialAction\":[{\"@type\":\"SearchAction\",\"target\":{\"@type\":\"EntryPoint\",\"urlTemplate\":\"https:\\\/\\\/veenus.ee\\\/?s={search_term_string}\"},\"query-input\":{\"@type\":\"PropertyValueSpecification\",\"valueRequired\":true,\"valueName\":\"search_term_string\"}}],\"inLanguage\":\"en-US\"},{\"@type\":\"Organization\",\"@id\":\"https:\\\/\\\/veenus.ee\\\/#organization\",\"name\":\"Veenus\",\"url\":\"https:\\\/\\\/veenus.ee\\\/\",\"logo\":{\"@type\":\"ImageObject\",\"inLanguage\":\"en-US\",\"@id\":\"https:\\\/\\\/veenus.ee\\\/#\\\/schema\\\/logo\\\/image\\\/\",\"url\":\"https:\\\/\\\/veenus.ee\\\/wp-content\\\/uploads\\\/2021\\\/12\\\/logo.png\",\"contentUrl\":\"https:\\\/\\\/veenus.ee\\\/wp-content\\\/uploads\\\/2021\\\/12\\\/logo.png\",\"width\":119,\"height\":70,\"caption\":\"Veenus\"},\"image\":{\"@id\":\"https:\\\/\\\/veenus.ee\\\/#\\\/schema\\\/logo\\\/image\\\/\"}}]}<\/script>\n<meta property=\"og:availability\" content=\"instock\" \/>\n<meta property=\"product:availability\" content=\"instock\" \/>\n<meta property=\"product:retailer_item_id\" content=\"5094028010078\" \/>\n<meta property=\"product:condition\" content=\"new\" \/>\n<!-- \/ Yoast SEO Premium plugin. -->","yoast_head_json":{"title":"Egzo - YES soojeneva toimega orgaaniline libesti | Veenus","robots":{"index":"index","follow":"follow","max-snippet":"max-snippet:-1","max-image-preview":"max-image-preview:large","max-video-preview":"max-video-preview:-1"},"canonical":"https:\/\/veenus.ee\/en\/toode\/egzo-yes-100ml-organic-warming-lubricant\/","og_locale":"en_US","og_type":"article","og_title":"Egzo - YES soojeneva toimega orgaaniline libesti","og_description":"Soojenev libesti seksuaalvahekorra pikendamiseks Peamine eesm\u00e4rk on v\u00e4ltida intiimtoimingu ajal h\u00f5\u00f5rumist, valulikke ja ebamugavaid tundeid V\u00e4hendab allergiliste reaktsioonide ohtu kondoomidele v\u00f5i dildodele Sobib igasuguseks vahekorraks Pikendab meestel erektsiooni ja seksuaalvahekorra kestust.","og_url":"https:\/\/veenus.ee\/en\/toode\/egzo-yes-100ml-organic-warming-lubricant\/","og_site_name":"Veenus","article_modified_time":"2025-01-08T09:07:02+00:00","og_image":[{"width":350,"height":350,"url":"https:\/\/veenus.ee\/wp-content\/uploads\/2022\/01\/egzo-yes-lube-50ml.jpg","type":"image\/jpeg"}],"twitter_card":"summary_large_image","twitter_misc":{"Availability":"In stock"},"schema":{"@context":"https:\/\/schema.org","@graph":[{"@type":"WebPage","@id":"https:\/\/veenus.ee\/en\/toode\/egzo-yes-100ml-organic-warming-lubricant\/","url":"https:\/\/veenus.ee\/en\/toode\/egzo-yes-100ml-organic-warming-lubricant\/","name":"Egzo - YES soojeneva toimega orgaaniline libesti | Veenus","isPartOf":{"@id":"https:\/\/veenus.ee\/#website"},"primaryImageOfPage":{"@id":"https:\/\/veenus.ee\/en\/toode\/egzo-yes-100ml-organic-warming-lubricant\/#primaryimage"},"image":{"@id":"https:\/\/veenus.ee\/en\/toode\/egzo-yes-100ml-organic-warming-lubricant\/#primaryimage"},"thumbnailUrl":"https:\/\/veenus.ee\/wp-content\/uploads\/2022\/01\/egzo-yes-lube-50ml.jpg","datePublished":"2022-01-12T13:35:15+00:00","dateModified":"2025-01-08T09:07:02+00:00","breadcrumb":{"@id":"https:\/\/veenus.ee\/en\/toode\/egzo-yes-100ml-organic-warming-lubricant\/#breadcrumb"},"inLanguage":"en-US","potentialAction":[{"@type":"ReadAction","target":["https:\/\/veenus.ee\/en\/toode\/egzo-yes-100ml-organic-warming-lubricant\/"]}]},{"@type":"ImageObject","inLanguage":"en-US","@id":"https:\/\/veenus.ee\/en\/toode\/egzo-yes-100ml-organic-warming-lubricant\/#primaryimage","url":"https:\/\/veenus.ee\/wp-content\/uploads\/2022\/01\/egzo-yes-lube-50ml.jpg","contentUrl":"https:\/\/veenus.ee\/wp-content\/uploads\/2022\/01\/egzo-yes-lube-50ml.jpg","width":350,"height":350},{"@type":"BreadcrumbList","@id":"https:\/\/veenus.ee\/en\/toode\/egzo-yes-100ml-organic-warming-lubricant\/#breadcrumb","itemListElement":[{"@type":"ListItem","position":1,"name":"Home","item":"https:\/\/veenus.ee\/"},{"@type":"ListItem","position":2,"name":"pood","item":"https:\/\/veenus.ee\/pood\/"},{"@type":"ListItem","position":3,"name":"Egzo &#8211; YES soojeneva toimega orgaaniline libesti"}]},{"@type":"WebSite","@id":"https:\/\/veenus.ee\/#website","url":"https:\/\/veenus.ee\/","name":"Veenus","description":"(Eesti) Veenus, erootikakaubad, sekstooted","publisher":{"@id":"https:\/\/veenus.ee\/#organization"},"potentialAction":[{"@type":"SearchAction","target":{"@type":"EntryPoint","urlTemplate":"https:\/\/veenus.ee\/?s={search_term_string}"},"query-input":{"@type":"PropertyValueSpecification","valueRequired":true,"valueName":"search_term_string"}}],"inLanguage":"en-US"},{"@type":"Organization","@id":"https:\/\/veenus.ee\/#organization","name":"Veenus","url":"https:\/\/veenus.ee\/","logo":{"@type":"ImageObject","inLanguage":"en-US","@id":"https:\/\/veenus.ee\/#\/schema\/logo\/image\/","url":"https:\/\/veenus.ee\/wp-content\/uploads\/2021\/12\/logo.png","contentUrl":"https:\/\/veenus.ee\/wp-content\/uploads\/2021\/12\/logo.png","width":119,"height":70,"caption":"Veenus"},"image":{"@id":"https:\/\/veenus.ee\/#\/schema\/logo\/image\/"}}]},"og_availability":"instock","product_availability":"instock","product_retailer_item_id":"5094028010078","product_condition":"new"},"_links":{"self":[{"href":"https:\/\/veenus.ee\/en\/wp-json\/wp\/v2\/product\/7937","targetHints":{"allow":["GET"]}}],"collection":[{"href":"https:\/\/veenus.ee\/en\/wp-json\/wp\/v2\/product"}],"about":[{"href":"https:\/\/veenus.ee\/en\/wp-json\/wp\/v2\/types\/product"}],"replies":[{"embeddable":true,"href":"https:\/\/veenus.ee\/en\/wp-json\/wp\/v2\/comments?post=7937"}],"wp:featuredmedia":[{"embeddable":true,"href":"https:\/\/veenus.ee\/en\/wp-json\/wp\/v2\/media\/11182"}],"wp:attachment":[{"href":"https:\/\/veenus.ee\/en\/wp-json\/wp\/v2\/media?parent=7937"}],"wp:term":[{"taxonomy":"product_brand","embeddable":true,"href":"https:\/\/veenus.ee\/en\/wp-json\/wp\/v2\/product_brand?post=7937"},{"taxonomy":"product_cat","embeddable":true,"href":"https:\/\/veenus.ee\/en\/wp-json\/wp\/v2\/product_cat?post=7937"},{"taxonomy":"product_tag","embeddable":true,"href":"https:\/\/veenus.ee\/en\/wp-json\/wp\/v2\/product_tag?post=7937"}],"curies":[{"name":"wp","href":"https:\/\/api.w.org\/{rel}","templated":true}]}}