{"id":12831,"date":"2024-02-03T19:39:05","date_gmt":"2024-02-03T17:39:05","guid":{"rendered":"https:\/\/veenus.ee\/?post_type=product&#038;p=12831"},"modified":"2024-02-03T19:56:39","modified_gmt":"2024-02-03T17:56:39","slug":"pretty-love-webb-purple","status":"publish","type":"product","link":"https:\/\/veenus.ee\/en\/toode\/pretty-love-webb-purple\/","title":{"rendered":"Pretty Love Webb Purple"},"content":{"rendered":"<p>This sleek design massager will satisfy your deepest desires and make all your rabbit fantasies a reality. This rabbit has dual motors so you can control where you prefer the most pleasure and have different motions going at once. Designed to awaken your fantasies and satisfy your mind, body and soul this pretty purple rabbit is perfect for solo play. Why not bring it into your love life and introduce your partner into the fun of sex toy bedroom fun. You&#8217;ll never want to go back. With 12 vibes in both the clit-stim and the shaft, you&#8217;re set for hours of explosive orgasms. Build the intensity slowly and make your way to the stronger settings for a night of pleasurable ecstasy. -12 functions of vibration, double motors, USB rechargeable,waterproof,silicone<\/p>","protected":false},"excerpt":{"rendered":"<p>Crazy II\u00a0on \u00fcliv\u00f5imekas j\u00e4nkuvibraator kvaliteetsete ja soodsate Pretty Love vibraatorite sarjast. See sametiselt pehme pealispinnaga armsa v\u00e4limusega vibraator kombineerib endas ootamatult intensiivseid vibratsioone ja\u00a0lainelist vart, mis soojeneb 45\u00baC, kui vajutada spetsiaalsele nupule!<\/p>\n","protected":false},"featured_media":12832,"comment_status":"closed","ping_status":"closed","template":"","meta":[],"product_brand":[],"product_cat":[114,71,77],"product_tag":[],"class_list":{"0":"post-12831","1":"product","2":"type-product","3":"status-publish","4":"has-post-thumbnail","6":"product_cat-rabbit-vibrators","7":"product_cat-for-women","8":"product_cat-vibrators-for-women","9":"pa_brand-pretty-love","11":"first","12":"instock","13":"taxable","14":"shipping-taxable","15":"purchasable","16":"product-type-simple"},"yoast_head":"<!-- This site is optimized with the Yoast SEO Premium plugin v26.0 (Yoast SEO v27.3) - https:\/\/yoast.com\/product\/yoast-seo-premium-wordpress\/ -->\n<title>Pretty Love Webb Purple | Veenus<\/title>\n<meta name=\"description\" content=\"Pretty Love Webb Purple\" \/>\n<meta name=\"robots\" content=\"index, follow, max-snippet:-1, max-image-preview:large, max-video-preview:-1\" \/>\n<link rel=\"canonical\" href=\"https:\/\/veenus.ee\/en\/toode\/pretty-love-webb-purple\/\" \/>\n<meta property=\"og:locale\" content=\"en_US\" \/>\n<meta property=\"og:type\" content=\"article\" \/>\n<meta property=\"og:title\" content=\"Pretty Love Webb Purple\" \/>\n<meta property=\"og:description\" content=\"Pretty Love Webb Purple\" \/>\n<meta property=\"og:url\" content=\"https:\/\/veenus.ee\/en\/toode\/pretty-love-webb-purple\/\" \/>\n<meta property=\"og:site_name\" content=\"Veenus\" \/>\n<meta property=\"article:modified_time\" content=\"2024-02-03T17:56:39+00:00\" \/>\n<meta property=\"og:image\" content=\"https:\/\/veenus.ee\/wp-content\/uploads\/2024\/02\/30835_1000x1000.jpg\" \/>\n\t<meta property=\"og:image:width\" content=\"1000\" \/>\n\t<meta property=\"og:image:height\" content=\"1000\" \/>\n\t<meta property=\"og:image:type\" content=\"image\/jpeg\" \/>\n<meta name=\"twitter:card\" content=\"summary_large_image\" \/>\n<meta name=\"twitter:label1\" content=\"Price\" \/>\n\t<meta name=\"twitter:data1\" content=\"43.80&euro;\" \/>\n\t<meta name=\"twitter:label2\" content=\"Availability\" \/>\n\t<meta name=\"twitter:data2\" content=\"In stock\" \/>\n<script type=\"application\/ld+json\" class=\"yoast-schema-graph\">{\"@context\":\"https:\\\/\\\/schema.org\",\"@graph\":[{\"@type\":\"WebPage\",\"@id\":\"https:\\\/\\\/veenus.ee\\\/en\\\/toode\\\/pretty-love-webb-purple\\\/\",\"url\":\"https:\\\/\\\/veenus.ee\\\/en\\\/toode\\\/pretty-love-webb-purple\\\/\",\"name\":\"Pretty Love Webb Purple | Veenus\",\"isPartOf\":{\"@id\":\"https:\\\/\\\/veenus.ee\\\/#website\"},\"primaryImageOfPage\":{\"@id\":\"https:\\\/\\\/veenus.ee\\\/en\\\/toode\\\/pretty-love-webb-purple\\\/#primaryimage\"},\"image\":{\"@id\":\"https:\\\/\\\/veenus.ee\\\/en\\\/toode\\\/pretty-love-webb-purple\\\/#primaryimage\"},\"thumbnailUrl\":\"https:\\\/\\\/veenus.ee\\\/wp-content\\\/uploads\\\/2024\\\/02\\\/30835_1000x1000.jpg\",\"datePublished\":\"2024-02-03T17:39:05+00:00\",\"dateModified\":\"2024-02-03T17:56:39+00:00\",\"description\":\"Pretty Love Webb Purple\",\"breadcrumb\":{\"@id\":\"https:\\\/\\\/veenus.ee\\\/en\\\/toode\\\/pretty-love-webb-purple\\\/#breadcrumb\"},\"inLanguage\":\"en-US\",\"potentialAction\":[{\"@type\":\"ReadAction\",\"target\":[\"https:\\\/\\\/veenus.ee\\\/en\\\/toode\\\/pretty-love-webb-purple\\\/\"]}]},{\"@type\":\"ImageObject\",\"inLanguage\":\"en-US\",\"@id\":\"https:\\\/\\\/veenus.ee\\\/en\\\/toode\\\/pretty-love-webb-purple\\\/#primaryimage\",\"url\":\"https:\\\/\\\/veenus.ee\\\/wp-content\\\/uploads\\\/2024\\\/02\\\/30835_1000x1000.jpg\",\"contentUrl\":\"https:\\\/\\\/veenus.ee\\\/wp-content\\\/uploads\\\/2024\\\/02\\\/30835_1000x1000.jpg\",\"width\":1000,\"height\":1000},{\"@type\":\"BreadcrumbList\",\"@id\":\"https:\\\/\\\/veenus.ee\\\/en\\\/toode\\\/pretty-love-webb-purple\\\/#breadcrumb\",\"itemListElement\":[{\"@type\":\"ListItem\",\"position\":1,\"name\":\"Home\",\"item\":\"https:\\\/\\\/veenus.ee\\\/\"},{\"@type\":\"ListItem\",\"position\":2,\"name\":\"pood\",\"item\":\"https:\\\/\\\/veenus.ee\\\/pood\\\/\"},{\"@type\":\"ListItem\",\"position\":3,\"name\":\"Pretty Love Webb Purple\"}]},{\"@type\":\"WebSite\",\"@id\":\"https:\\\/\\\/veenus.ee\\\/#website\",\"url\":\"https:\\\/\\\/veenus.ee\\\/\",\"name\":\"Veenus\",\"description\":\"(Eesti) Veenus, erootikakaubad, sekstooted\",\"publisher\":{\"@id\":\"https:\\\/\\\/veenus.ee\\\/#organization\"},\"potentialAction\":[{\"@type\":\"SearchAction\",\"target\":{\"@type\":\"EntryPoint\",\"urlTemplate\":\"https:\\\/\\\/veenus.ee\\\/?s={search_term_string}\"},\"query-input\":{\"@type\":\"PropertyValueSpecification\",\"valueRequired\":true,\"valueName\":\"search_term_string\"}}],\"inLanguage\":\"en-US\"},{\"@type\":\"Organization\",\"@id\":\"https:\\\/\\\/veenus.ee\\\/#organization\",\"name\":\"Veenus\",\"url\":\"https:\\\/\\\/veenus.ee\\\/\",\"logo\":{\"@type\":\"ImageObject\",\"inLanguage\":\"en-US\",\"@id\":\"https:\\\/\\\/veenus.ee\\\/#\\\/schema\\\/logo\\\/image\\\/\",\"url\":\"https:\\\/\\\/veenus.ee\\\/wp-content\\\/uploads\\\/2021\\\/12\\\/logo.png\",\"contentUrl\":\"https:\\\/\\\/veenus.ee\\\/wp-content\\\/uploads\\\/2021\\\/12\\\/logo.png\",\"width\":119,\"height\":70,\"caption\":\"Veenus\"},\"image\":{\"@id\":\"https:\\\/\\\/veenus.ee\\\/#\\\/schema\\\/logo\\\/image\\\/\"}}]}<\/script>\n<meta property=\"product:price:amount\" content=\"43.80\" \/>\n<meta property=\"product:price:currency\" content=\"EUR\" \/>\n<meta property=\"og:availability\" content=\"instock\" \/>\n<meta property=\"product:availability\" content=\"instock\" \/>\n<meta property=\"product:retailer_item_id\" content=\"6959532317084\" \/>\n<meta property=\"product:condition\" content=\"new\" \/>\n<!-- \/ Yoast SEO Premium plugin. -->","yoast_head_json":{"title":"Pretty Love Webb Purple | Veenus","description":"Pretty Love Webb Purple","robots":{"index":"index","follow":"follow","max-snippet":"max-snippet:-1","max-image-preview":"max-image-preview:large","max-video-preview":"max-video-preview:-1"},"canonical":"https:\/\/veenus.ee\/en\/toode\/pretty-love-webb-purple\/","og_locale":"en_US","og_type":"article","og_title":"Pretty Love Webb Purple","og_description":"Pretty Love Webb Purple","og_url":"https:\/\/veenus.ee\/en\/toode\/pretty-love-webb-purple\/","og_site_name":"Veenus","article_modified_time":"2024-02-03T17:56:39+00:00","og_image":[{"width":1000,"height":1000,"url":"https:\/\/veenus.ee\/wp-content\/uploads\/2024\/02\/30835_1000x1000.jpg","type":"image\/jpeg"}],"twitter_card":"summary_large_image","twitter_misc":{"Price":"43.80&euro;","Availability":"In stock"},"schema":{"@context":"https:\/\/schema.org","@graph":[{"@type":"WebPage","@id":"https:\/\/veenus.ee\/en\/toode\/pretty-love-webb-purple\/","url":"https:\/\/veenus.ee\/en\/toode\/pretty-love-webb-purple\/","name":"Pretty Love Webb Purple | Veenus","isPartOf":{"@id":"https:\/\/veenus.ee\/#website"},"primaryImageOfPage":{"@id":"https:\/\/veenus.ee\/en\/toode\/pretty-love-webb-purple\/#primaryimage"},"image":{"@id":"https:\/\/veenus.ee\/en\/toode\/pretty-love-webb-purple\/#primaryimage"},"thumbnailUrl":"https:\/\/veenus.ee\/wp-content\/uploads\/2024\/02\/30835_1000x1000.jpg","datePublished":"2024-02-03T17:39:05+00:00","dateModified":"2024-02-03T17:56:39+00:00","description":"Pretty Love Webb Purple","breadcrumb":{"@id":"https:\/\/veenus.ee\/en\/toode\/pretty-love-webb-purple\/#breadcrumb"},"inLanguage":"en-US","potentialAction":[{"@type":"ReadAction","target":["https:\/\/veenus.ee\/en\/toode\/pretty-love-webb-purple\/"]}]},{"@type":"ImageObject","inLanguage":"en-US","@id":"https:\/\/veenus.ee\/en\/toode\/pretty-love-webb-purple\/#primaryimage","url":"https:\/\/veenus.ee\/wp-content\/uploads\/2024\/02\/30835_1000x1000.jpg","contentUrl":"https:\/\/veenus.ee\/wp-content\/uploads\/2024\/02\/30835_1000x1000.jpg","width":1000,"height":1000},{"@type":"BreadcrumbList","@id":"https:\/\/veenus.ee\/en\/toode\/pretty-love-webb-purple\/#breadcrumb","itemListElement":[{"@type":"ListItem","position":1,"name":"Home","item":"https:\/\/veenus.ee\/"},{"@type":"ListItem","position":2,"name":"pood","item":"https:\/\/veenus.ee\/pood\/"},{"@type":"ListItem","position":3,"name":"Pretty Love Webb Purple"}]},{"@type":"WebSite","@id":"https:\/\/veenus.ee\/#website","url":"https:\/\/veenus.ee\/","name":"Veenus","description":"(Eesti) Veenus, erootikakaubad, sekstooted","publisher":{"@id":"https:\/\/veenus.ee\/#organization"},"potentialAction":[{"@type":"SearchAction","target":{"@type":"EntryPoint","urlTemplate":"https:\/\/veenus.ee\/?s={search_term_string}"},"query-input":{"@type":"PropertyValueSpecification","valueRequired":true,"valueName":"search_term_string"}}],"inLanguage":"en-US"},{"@type":"Organization","@id":"https:\/\/veenus.ee\/#organization","name":"Veenus","url":"https:\/\/veenus.ee\/","logo":{"@type":"ImageObject","inLanguage":"en-US","@id":"https:\/\/veenus.ee\/#\/schema\/logo\/image\/","url":"https:\/\/veenus.ee\/wp-content\/uploads\/2021\/12\/logo.png","contentUrl":"https:\/\/veenus.ee\/wp-content\/uploads\/2021\/12\/logo.png","width":119,"height":70,"caption":"Veenus"},"image":{"@id":"https:\/\/veenus.ee\/#\/schema\/logo\/image\/"}}]},"product_price_amount":"43.80","product_price_currency":"EUR","og_availability":"instock","product_availability":"instock","product_retailer_item_id":"6959532317084","product_condition":"new"},"_links":{"self":[{"href":"https:\/\/veenus.ee\/en\/wp-json\/wp\/v2\/product\/12831","targetHints":{"allow":["GET"]}}],"collection":[{"href":"https:\/\/veenus.ee\/en\/wp-json\/wp\/v2\/product"}],"about":[{"href":"https:\/\/veenus.ee\/en\/wp-json\/wp\/v2\/types\/product"}],"replies":[{"embeddable":true,"href":"https:\/\/veenus.ee\/en\/wp-json\/wp\/v2\/comments?post=12831"}],"wp:featuredmedia":[{"embeddable":true,"href":"https:\/\/veenus.ee\/en\/wp-json\/wp\/v2\/media\/12832"}],"wp:attachment":[{"href":"https:\/\/veenus.ee\/en\/wp-json\/wp\/v2\/media?parent=12831"}],"wp:term":[{"taxonomy":"product_brand","embeddable":true,"href":"https:\/\/veenus.ee\/en\/wp-json\/wp\/v2\/product_brand?post=12831"},{"taxonomy":"product_cat","embeddable":true,"href":"https:\/\/veenus.ee\/en\/wp-json\/wp\/v2\/product_cat?post=12831"},{"taxonomy":"product_tag","embeddable":true,"href":"https:\/\/veenus.ee\/en\/wp-json\/wp\/v2\/product_tag?post=12831"}],"curies":[{"name":"wp","href":"https:\/\/api.w.org\/{rel}","templated":true}]}}