{"id":12115,"date":"2022-06-16T15:50:25","date_gmt":"2022-06-16T12:50:25","guid":{"rendered":"https:\/\/veenus.ee\/?post_type=product&#038;p=12115"},"modified":"2022-12-10T14:19:39","modified_gmt":"2022-12-10T12:19:39","slug":"8-5-real-extreme-dildo-vibreeriv","status":"publish","type":"product","link":"https:\/\/veenus.ee\/en\/toode\/8-5-real-extreme-dildo-vibreeriv\/","title":{"rendered":"8.5&#8243; Real Extreme Dildo +vibra"},"content":{"rendered":"<p><\/p>\n<div>Love Toy&#8217;s Real Extreme Large 8.5 Inch Dildo 3 speed Vibrating\u00a0is a large sex toy that offers a firm-yet-flexible\u00a0length of pleasure with the bonus of a bulbous\u00a0head, a thick veiny shaft and squeezable balls.Take full advantage of the sucker base for\u00a0exciting hands-free play.<\/div>\n<div>Ideal for anyone who enjoys a realistic texture\u00a0combined with a larger-than-average length and\u00a0girth, this skin-safe rubber dildo boasts an array of\u00a0pleasing features.<\/div>\n<div>Attach it to a hard, flat surface of your choice, coat its\u00a0length in water-based lubricant and slide onto it,\u00a0angling it to stimulate your erogenous zones for\u00a0incredible pleasure.<\/div>\n<div><\/div>\n<div>\n<table class=\"table-data-sheet\">\n<tbody>\n<tr class=\"odd\">\n<td>Diameter (cm)<\/td>\n<td>3,6<\/td>\n<\/tr>\n<tr class=\"even\">\n<td>Battery<\/td>\n<td>3 x AA<\/td>\n<\/tr>\n<tr class=\"odd\">\n<td>Length (cm)<\/td>\n<td>22<\/td>\n<\/tr>\n<tr class=\"even\">\n<td>Color<\/td>\n<td>Flesh<\/td>\n<\/tr>\n<tr class=\"odd\">\n<td>Material<\/td>\n<td>PVC<\/td>\n<\/tr>\n<tr class=\"even\">\n<td>Special feature<\/td>\n<td>with remote control, waterproof, with suction cap, with testicle<\/td>\n<\/tr>\n<\/tbody>\n<\/table>\n<\/div>\n<div><\/div>\n<div><\/div>\n<p><\/p>","protected":false},"excerpt":{"rendered":"<p>Love Toy&#8217;s Real Extreme Large 8.5 Inch Dildo 3 speed Vibrating\u00a0is a large sex toy<\/p>\n","protected":false},"featured_media":12116,"comment_status":"closed","ping_status":"closed","template":"","meta":[],"product_brand":[],"product_cat":[71,77,116],"product_tag":[],"class_list":{"0":"post-12115","1":"product","2":"type-product","3":"status-publish","4":"has-post-thumbnail","6":"product_cat-for-women","7":"product_cat-vibrators-for-women","8":"product_cat-vibrating-dildos","9":"pa_brand-lovetoy","11":"first","12":"instock","13":"taxable","14":"shipping-taxable","15":"purchasable","16":"product-type-simple"},"yoast_head":"<!-- This site is optimized with the Yoast SEO Premium plugin v26.0 (Yoast SEO v27.4) - https:\/\/yoast.com\/product\/yoast-seo-premium-wordpress\/ -->\n<title>8.5&quot; Real Extreme Dildo +vibra | Veenus<\/title>\n<meta name=\"description\" content=\"Real Extreme Dildo Mehe peenise v\u00e4limuse ja m\u00f5\u00f5tmetega, loomulikult sooneline, pehmest ja m\u00f5nusalt painduvast materjalist sujuvalt reguleeritav vibraator\" \/>\n<meta name=\"robots\" content=\"index, follow, max-snippet:-1, max-image-preview:large, max-video-preview:-1\" \/>\n<link rel=\"canonical\" href=\"https:\/\/veenus.ee\/en\/toode\/8-5-real-extreme-dildo-vibreeriv\/\" \/>\n<meta property=\"og:locale\" content=\"en_US\" \/>\n<meta property=\"og:type\" content=\"article\" \/>\n<meta property=\"og:title\" content=\"8.5&quot; Real Extreme Dildo +vibra\" \/>\n<meta property=\"og:description\" content=\"Real Extreme Dildo Mehe peenise v\u00e4limuse ja m\u00f5\u00f5tmetega, loomulikult sooneline, pehmest ja m\u00f5nusalt painduvast materjalist sujuvalt reguleeritav vibraator\" \/>\n<meta property=\"og:url\" content=\"https:\/\/veenus.ee\/ru\/toode\/8-5-real-extreme-dildo-vibreeriv\/\" \/>\n<meta property=\"og:site_name\" content=\"Veenus\" \/>\n<meta property=\"article:modified_time\" content=\"2022-12-10T12:19:39+00:00\" \/>\n<meta property=\"og:image\" content=\"https:\/\/veenus.ee\/wp-content\/uploads\/2022\/06\/85-real-extreme-dildo.jpg\" \/>\n\t<meta property=\"og:image:width\" content=\"800\" \/>\n\t<meta property=\"og:image:height\" content=\"800\" \/>\n\t<meta property=\"og:image:type\" content=\"image\/jpeg\" \/>\n<meta name=\"twitter:card\" content=\"summary_large_image\" \/>\n<meta name=\"twitter:label1\" content=\"Price\" \/>\n\t<meta name=\"twitter:data1\" content=\"32.52&euro;\" \/>\n\t<meta name=\"twitter:label2\" content=\"Availability\" \/>\n\t<meta name=\"twitter:data2\" content=\"In stock\" \/>\n<script type=\"application\/ld+json\" class=\"yoast-schema-graph\">{\"@context\":\"https:\\\/\\\/schema.org\",\"@graph\":[{\"@type\":\"WebPage\",\"@id\":\"https:\\\/\\\/veenus.ee\\\/ru\\\/toode\\\/8-5-real-extreme-dildo-vibreeriv\\\/\",\"url\":\"https:\\\/\\\/veenus.ee\\\/ru\\\/toode\\\/8-5-real-extreme-dildo-vibreeriv\\\/\",\"name\":\"8.5\\\" Real Extreme Dildo +vibra | Veenus\",\"isPartOf\":{\"@id\":\"https:\\\/\\\/veenus.ee\\\/#website\"},\"primaryImageOfPage\":{\"@id\":\"https:\\\/\\\/veenus.ee\\\/ru\\\/toode\\\/8-5-real-extreme-dildo-vibreeriv\\\/#primaryimage\"},\"image\":{\"@id\":\"https:\\\/\\\/veenus.ee\\\/ru\\\/toode\\\/8-5-real-extreme-dildo-vibreeriv\\\/#primaryimage\"},\"thumbnailUrl\":\"https:\\\/\\\/veenus.ee\\\/wp-content\\\/uploads\\\/2022\\\/06\\\/85-real-extreme-dildo.jpg\",\"datePublished\":\"2022-06-16T12:50:25+00:00\",\"dateModified\":\"2022-12-10T12:19:39+00:00\",\"description\":\"Real Extreme Dildo Mehe peenise v\u00e4limuse ja m\u00f5\u00f5tmetega, loomulikult sooneline, pehmest ja m\u00f5nusalt painduvast materjalist sujuvalt reguleeritav vibraator\",\"breadcrumb\":{\"@id\":\"https:\\\/\\\/veenus.ee\\\/ru\\\/toode\\\/8-5-real-extreme-dildo-vibreeriv\\\/#breadcrumb\"},\"inLanguage\":\"en-US\",\"potentialAction\":[{\"@type\":\"ReadAction\",\"target\":[\"https:\\\/\\\/veenus.ee\\\/ru\\\/toode\\\/8-5-real-extreme-dildo-vibreeriv\\\/\"]}]},{\"@type\":\"ImageObject\",\"inLanguage\":\"en-US\",\"@id\":\"https:\\\/\\\/veenus.ee\\\/ru\\\/toode\\\/8-5-real-extreme-dildo-vibreeriv\\\/#primaryimage\",\"url\":\"https:\\\/\\\/veenus.ee\\\/wp-content\\\/uploads\\\/2022\\\/06\\\/85-real-extreme-dildo.jpg\",\"contentUrl\":\"https:\\\/\\\/veenus.ee\\\/wp-content\\\/uploads\\\/2022\\\/06\\\/85-real-extreme-dildo.jpg\",\"width\":800,\"height\":800},{\"@type\":\"BreadcrumbList\",\"@id\":\"https:\\\/\\\/veenus.ee\\\/ru\\\/toode\\\/8-5-real-extreme-dildo-vibreeriv\\\/#breadcrumb\",\"itemListElement\":[{\"@type\":\"ListItem\",\"position\":1,\"name\":\"Home\",\"item\":\"https:\\\/\\\/veenus.ee\\\/\"},{\"@type\":\"ListItem\",\"position\":2,\"name\":\"pood\",\"item\":\"https:\\\/\\\/veenus.ee\\\/pood\\\/\"},{\"@type\":\"ListItem\",\"position\":3,\"name\":\"8.5&#8243; Real Extreme Dildo +vibra\"}]},{\"@type\":\"WebSite\",\"@id\":\"https:\\\/\\\/veenus.ee\\\/#website\",\"url\":\"https:\\\/\\\/veenus.ee\\\/\",\"name\":\"Veenus\",\"description\":\"(Eesti) Veenus, erootikakaubad, sekstooted\",\"publisher\":{\"@id\":\"https:\\\/\\\/veenus.ee\\\/#organization\"},\"potentialAction\":[{\"@type\":\"SearchAction\",\"target\":{\"@type\":\"EntryPoint\",\"urlTemplate\":\"https:\\\/\\\/veenus.ee\\\/?s={search_term_string}\"},\"query-input\":{\"@type\":\"PropertyValueSpecification\",\"valueRequired\":true,\"valueName\":\"search_term_string\"}}],\"inLanguage\":\"en-US\"},{\"@type\":\"Organization\",\"@id\":\"https:\\\/\\\/veenus.ee\\\/#organization\",\"name\":\"Veenus\",\"url\":\"https:\\\/\\\/veenus.ee\\\/\",\"logo\":{\"@type\":\"ImageObject\",\"inLanguage\":\"en-US\",\"@id\":\"https:\\\/\\\/veenus.ee\\\/#\\\/schema\\\/logo\\\/image\\\/\",\"url\":\"https:\\\/\\\/veenus.ee\\\/wp-content\\\/uploads\\\/2021\\\/12\\\/logo.png\",\"contentUrl\":\"https:\\\/\\\/veenus.ee\\\/wp-content\\\/uploads\\\/2021\\\/12\\\/logo.png\",\"width\":119,\"height\":70,\"caption\":\"Veenus\"},\"image\":{\"@id\":\"https:\\\/\\\/veenus.ee\\\/#\\\/schema\\\/logo\\\/image\\\/\"}}]}<\/script>\n<meta property=\"product:price:amount\" content=\"32.52\" \/>\n<meta property=\"product:price:currency\" content=\"EUR\" \/>\n<meta property=\"og:availability\" content=\"instock\" \/>\n<meta property=\"product:availability\" content=\"instock\" \/>\n<meta property=\"product:retailer_item_id\" content=\"6970260901949\" \/>\n<meta property=\"product:condition\" content=\"new\" \/>\n<!-- \/ Yoast SEO Premium plugin. -->","yoast_head_json":{"title":"8.5\" Real Extreme Dildo +vibra | Veenus","description":"Real Extreme Dildo Mehe peenise v\u00e4limuse ja m\u00f5\u00f5tmetega, loomulikult sooneline, pehmest ja m\u00f5nusalt painduvast materjalist sujuvalt reguleeritav vibraator","robots":{"index":"index","follow":"follow","max-snippet":"max-snippet:-1","max-image-preview":"max-image-preview:large","max-video-preview":"max-video-preview:-1"},"canonical":"https:\/\/veenus.ee\/en\/toode\/8-5-real-extreme-dildo-vibreeriv\/","og_locale":"en_US","og_type":"article","og_title":"8.5\" Real Extreme Dildo +vibra","og_description":"Real Extreme Dildo Mehe peenise v\u00e4limuse ja m\u00f5\u00f5tmetega, loomulikult sooneline, pehmest ja m\u00f5nusalt painduvast materjalist sujuvalt reguleeritav vibraator","og_url":"https:\/\/veenus.ee\/ru\/toode\/8-5-real-extreme-dildo-vibreeriv\/","og_site_name":"Veenus","article_modified_time":"2022-12-10T12:19:39+00:00","og_image":[{"width":800,"height":800,"url":"https:\/\/veenus.ee\/wp-content\/uploads\/2022\/06\/85-real-extreme-dildo.jpg","type":"image\/jpeg"}],"twitter_card":"summary_large_image","twitter_misc":{"Price":"32.52&euro;","Availability":"In stock"},"schema":{"@context":"https:\/\/schema.org","@graph":[{"@type":"WebPage","@id":"https:\/\/veenus.ee\/ru\/toode\/8-5-real-extreme-dildo-vibreeriv\/","url":"https:\/\/veenus.ee\/ru\/toode\/8-5-real-extreme-dildo-vibreeriv\/","name":"8.5\" Real Extreme Dildo +vibra | Veenus","isPartOf":{"@id":"https:\/\/veenus.ee\/#website"},"primaryImageOfPage":{"@id":"https:\/\/veenus.ee\/ru\/toode\/8-5-real-extreme-dildo-vibreeriv\/#primaryimage"},"image":{"@id":"https:\/\/veenus.ee\/ru\/toode\/8-5-real-extreme-dildo-vibreeriv\/#primaryimage"},"thumbnailUrl":"https:\/\/veenus.ee\/wp-content\/uploads\/2022\/06\/85-real-extreme-dildo.jpg","datePublished":"2022-06-16T12:50:25+00:00","dateModified":"2022-12-10T12:19:39+00:00","description":"Real Extreme Dildo Mehe peenise v\u00e4limuse ja m\u00f5\u00f5tmetega, loomulikult sooneline, pehmest ja m\u00f5nusalt painduvast materjalist sujuvalt reguleeritav vibraator","breadcrumb":{"@id":"https:\/\/veenus.ee\/ru\/toode\/8-5-real-extreme-dildo-vibreeriv\/#breadcrumb"},"inLanguage":"en-US","potentialAction":[{"@type":"ReadAction","target":["https:\/\/veenus.ee\/ru\/toode\/8-5-real-extreme-dildo-vibreeriv\/"]}]},{"@type":"ImageObject","inLanguage":"en-US","@id":"https:\/\/veenus.ee\/ru\/toode\/8-5-real-extreme-dildo-vibreeriv\/#primaryimage","url":"https:\/\/veenus.ee\/wp-content\/uploads\/2022\/06\/85-real-extreme-dildo.jpg","contentUrl":"https:\/\/veenus.ee\/wp-content\/uploads\/2022\/06\/85-real-extreme-dildo.jpg","width":800,"height":800},{"@type":"BreadcrumbList","@id":"https:\/\/veenus.ee\/ru\/toode\/8-5-real-extreme-dildo-vibreeriv\/#breadcrumb","itemListElement":[{"@type":"ListItem","position":1,"name":"Home","item":"https:\/\/veenus.ee\/"},{"@type":"ListItem","position":2,"name":"pood","item":"https:\/\/veenus.ee\/pood\/"},{"@type":"ListItem","position":3,"name":"8.5&#8243; Real Extreme Dildo +vibra"}]},{"@type":"WebSite","@id":"https:\/\/veenus.ee\/#website","url":"https:\/\/veenus.ee\/","name":"Veenus","description":"(Eesti) Veenus, erootikakaubad, sekstooted","publisher":{"@id":"https:\/\/veenus.ee\/#organization"},"potentialAction":[{"@type":"SearchAction","target":{"@type":"EntryPoint","urlTemplate":"https:\/\/veenus.ee\/?s={search_term_string}"},"query-input":{"@type":"PropertyValueSpecification","valueRequired":true,"valueName":"search_term_string"}}],"inLanguage":"en-US"},{"@type":"Organization","@id":"https:\/\/veenus.ee\/#organization","name":"Veenus","url":"https:\/\/veenus.ee\/","logo":{"@type":"ImageObject","inLanguage":"en-US","@id":"https:\/\/veenus.ee\/#\/schema\/logo\/image\/","url":"https:\/\/veenus.ee\/wp-content\/uploads\/2021\/12\/logo.png","contentUrl":"https:\/\/veenus.ee\/wp-content\/uploads\/2021\/12\/logo.png","width":119,"height":70,"caption":"Veenus"},"image":{"@id":"https:\/\/veenus.ee\/#\/schema\/logo\/image\/"}}]},"product_price_amount":"32.52","product_price_currency":"EUR","og_availability":"instock","product_availability":"instock","product_retailer_item_id":"6970260901949","product_condition":"new"},"_links":{"self":[{"href":"https:\/\/veenus.ee\/en\/wp-json\/wp\/v2\/product\/12115","targetHints":{"allow":["GET"]}}],"collection":[{"href":"https:\/\/veenus.ee\/en\/wp-json\/wp\/v2\/product"}],"about":[{"href":"https:\/\/veenus.ee\/en\/wp-json\/wp\/v2\/types\/product"}],"replies":[{"embeddable":true,"href":"https:\/\/veenus.ee\/en\/wp-json\/wp\/v2\/comments?post=12115"}],"wp:featuredmedia":[{"embeddable":true,"href":"https:\/\/veenus.ee\/en\/wp-json\/wp\/v2\/media\/12116"}],"wp:attachment":[{"href":"https:\/\/veenus.ee\/en\/wp-json\/wp\/v2\/media?parent=12115"}],"wp:term":[{"taxonomy":"product_brand","embeddable":true,"href":"https:\/\/veenus.ee\/en\/wp-json\/wp\/v2\/product_brand?post=12115"},{"taxonomy":"product_cat","embeddable":true,"href":"https:\/\/veenus.ee\/en\/wp-json\/wp\/v2\/product_cat?post=12115"},{"taxonomy":"product_tag","embeddable":true,"href":"https:\/\/veenus.ee\/en\/wp-json\/wp\/v2\/product_tag?post=12115"}],"curies":[{"name":"wp","href":"https:\/\/api.w.org\/{rel}","templated":true}]}}