{"id":11161,"date":"2022-01-13T11:31:16","date_gmt":"2022-01-13T09:31:16","guid":{"rendered":"https:\/\/veenus.ee\/?post_type=product&#038;p=11161"},"modified":"2025-03-08T00:52:28","modified_gmt":"2025-03-07T22:52:28","slug":"waterglide-natural-feeling-naturaalne-libesti-300ml","status":"publish","type":"product","link":"https:\/\/veenus.ee\/en\/toode\/waterglide-natural-feeling-naturaalne-libesti-300ml\/","title":{"rendered":"Waterglide Natural Feeling naturaalne libesti 300ml"},"content":{"rendered":"<p>WATERGLIDE NATURAL FEELING lubrikant on valmistatud vee baasil. Geel on ilma parf\u00fc\u00fcmide, rasva ja maitseta siidise konsistentsi ja pikaajalise m\u00e4\u00e4rdeaine toimega. WATERGLIDE NATURAL FEELING on tasakaalustatud pH, on dermatoloogiliselt ja kliiniliselt testitud. See geel on ka suurep\u00e4rane valik, kui kasutatakse erootilisi m\u00e4nguasju, ei kahjusta lateks kondoome ja sobib ka suukaudseks seksiks.<\/p>\n","protected":false},"excerpt":{"rendered":"<p>Siidiselt pehme.<br \/>\nKondoomi s\u00f5bralik.<br \/>\nVee baasil.<br \/>\nEi j\u00e4ta plekke.<\/p>\n","protected":false},"featured_media":11140,"comment_status":"closed","ping_status":"closed","template":"","meta":[],"product_brand":[],"product_cat":[104,75,201,200],"product_tag":[],"class_list":{"0":"post-11161","1":"product","2":"type-product","3":"status-publish","4":"has-post-thumbnail","6":"product_cat-lubricants","7":"product_cat-drugstore","8":"product_cat-silicone-based-lubricants","9":"product_cat-universal-lubricants","10":"pa_brand-water-glide","12":"first","13":"outofstock","14":"taxable","15":"shipping-taxable","16":"purchasable","17":"product-type-simple"},"yoast_head":"<!-- This site is optimized with the Yoast SEO Premium plugin v26.0 (Yoast SEO v27.4) - https:\/\/yoast.com\/product\/yoast-seo-premium-wordpress\/ -->\n<title>Waterglide Natural Feeling naturaalne libesti 300ml | Veenus<\/title>\n<meta name=\"description\" content=\"Waterglide Natural Feeling naturaalne libesti 300ml\" \/>\n<meta name=\"robots\" content=\"index, follow, max-snippet:-1, max-image-preview:large, max-video-preview:-1\" \/>\n<link rel=\"canonical\" href=\"https:\/\/veenus.ee\/en\/toode\/waterglide-natural-feeling-naturaalne-libesti-300ml\/\" \/>\n<meta property=\"og:locale\" content=\"en_US\" \/>\n<meta property=\"og:type\" content=\"article\" \/>\n<meta property=\"og:title\" content=\"Waterglide Natural Feeling naturaalne libesti 300ml\" \/>\n<meta property=\"og:description\" content=\"Waterglide Natural Feeling naturaalne libesti 300ml\" \/>\n<meta property=\"og:url\" content=\"https:\/\/veenus.ee\/en\/toode\/waterglide-natural-feeling-naturaalne-libesti-300ml\/\" \/>\n<meta property=\"og:site_name\" content=\"Veenus\" \/>\n<meta property=\"article:modified_time\" content=\"2025-03-07T22:52:28+00:00\" \/>\n<meta property=\"og:image\" content=\"https:\/\/veenus.ee\/wp-content\/uploads\/2022\/01\/waterglide-300-ml-natural-feeling.jpg\" \/>\n\t<meta property=\"og:image:width\" content=\"458\" \/>\n\t<meta property=\"og:image:height\" content=\"458\" \/>\n\t<meta property=\"og:image:type\" content=\"image\/jpeg\" \/>\n<meta name=\"twitter:card\" content=\"summary_large_image\" \/>\n<meta name=\"twitter:label1\" content=\"Price\" \/>\n\t<meta name=\"twitter:data1\" content=\"10.95&euro;\" \/>\n\t<meta name=\"twitter:label2\" content=\"Availability\" \/>\n\t<meta name=\"twitter:data2\" content=\"Out of stock\" \/>\n<script type=\"application\/ld+json\" class=\"yoast-schema-graph\">{\"@context\":\"https:\\\/\\\/schema.org\",\"@graph\":[{\"@type\":\"WebPage\",\"@id\":\"https:\\\/\\\/veenus.ee\\\/en\\\/toode\\\/waterglide-natural-feeling-naturaalne-libesti-300ml\\\/\",\"url\":\"https:\\\/\\\/veenus.ee\\\/en\\\/toode\\\/waterglide-natural-feeling-naturaalne-libesti-300ml\\\/\",\"name\":\"Waterglide Natural Feeling naturaalne libesti 300ml | Veenus\",\"isPartOf\":{\"@id\":\"https:\\\/\\\/veenus.ee\\\/#website\"},\"primaryImageOfPage\":{\"@id\":\"https:\\\/\\\/veenus.ee\\\/en\\\/toode\\\/waterglide-natural-feeling-naturaalne-libesti-300ml\\\/#primaryimage\"},\"image\":{\"@id\":\"https:\\\/\\\/veenus.ee\\\/en\\\/toode\\\/waterglide-natural-feeling-naturaalne-libesti-300ml\\\/#primaryimage\"},\"thumbnailUrl\":\"https:\\\/\\\/veenus.ee\\\/wp-content\\\/uploads\\\/2022\\\/01\\\/waterglide-300-ml-natural-feeling.jpg\",\"datePublished\":\"2022-01-13T09:31:16+00:00\",\"dateModified\":\"2025-03-07T22:52:28+00:00\",\"description\":\"Waterglide Natural Feeling naturaalne libesti 300ml\",\"breadcrumb\":{\"@id\":\"https:\\\/\\\/veenus.ee\\\/en\\\/toode\\\/waterglide-natural-feeling-naturaalne-libesti-300ml\\\/#breadcrumb\"},\"inLanguage\":\"en-US\",\"potentialAction\":[{\"@type\":\"ReadAction\",\"target\":[\"https:\\\/\\\/veenus.ee\\\/en\\\/toode\\\/waterglide-natural-feeling-naturaalne-libesti-300ml\\\/\"]}]},{\"@type\":\"ImageObject\",\"inLanguage\":\"en-US\",\"@id\":\"https:\\\/\\\/veenus.ee\\\/en\\\/toode\\\/waterglide-natural-feeling-naturaalne-libesti-300ml\\\/#primaryimage\",\"url\":\"https:\\\/\\\/veenus.ee\\\/wp-content\\\/uploads\\\/2022\\\/01\\\/waterglide-300-ml-natural-feeling.jpg\",\"contentUrl\":\"https:\\\/\\\/veenus.ee\\\/wp-content\\\/uploads\\\/2022\\\/01\\\/waterglide-300-ml-natural-feeling.jpg\",\"width\":458,\"height\":458},{\"@type\":\"BreadcrumbList\",\"@id\":\"https:\\\/\\\/veenus.ee\\\/en\\\/toode\\\/waterglide-natural-feeling-naturaalne-libesti-300ml\\\/#breadcrumb\",\"itemListElement\":[{\"@type\":\"ListItem\",\"position\":1,\"name\":\"Home\",\"item\":\"https:\\\/\\\/veenus.ee\\\/\"},{\"@type\":\"ListItem\",\"position\":2,\"name\":\"pood\",\"item\":\"https:\\\/\\\/veenus.ee\\\/pood\\\/\"},{\"@type\":\"ListItem\",\"position\":3,\"name\":\"Waterglide Natural Feeling naturaalne libesti 300ml\"}]},{\"@type\":\"WebSite\",\"@id\":\"https:\\\/\\\/veenus.ee\\\/#website\",\"url\":\"https:\\\/\\\/veenus.ee\\\/\",\"name\":\"Veenus\",\"description\":\"(Eesti) Veenus, erootikakaubad, sekstooted\",\"publisher\":{\"@id\":\"https:\\\/\\\/veenus.ee\\\/#organization\"},\"potentialAction\":[{\"@type\":\"SearchAction\",\"target\":{\"@type\":\"EntryPoint\",\"urlTemplate\":\"https:\\\/\\\/veenus.ee\\\/?s={search_term_string}\"},\"query-input\":{\"@type\":\"PropertyValueSpecification\",\"valueRequired\":true,\"valueName\":\"search_term_string\"}}],\"inLanguage\":\"en-US\"},{\"@type\":\"Organization\",\"@id\":\"https:\\\/\\\/veenus.ee\\\/#organization\",\"name\":\"Veenus\",\"url\":\"https:\\\/\\\/veenus.ee\\\/\",\"logo\":{\"@type\":\"ImageObject\",\"inLanguage\":\"en-US\",\"@id\":\"https:\\\/\\\/veenus.ee\\\/#\\\/schema\\\/logo\\\/image\\\/\",\"url\":\"https:\\\/\\\/veenus.ee\\\/wp-content\\\/uploads\\\/2021\\\/12\\\/logo.png\",\"contentUrl\":\"https:\\\/\\\/veenus.ee\\\/wp-content\\\/uploads\\\/2021\\\/12\\\/logo.png\",\"width\":119,\"height\":70,\"caption\":\"Veenus\"},\"image\":{\"@id\":\"https:\\\/\\\/veenus.ee\\\/#\\\/schema\\\/logo\\\/image\\\/\"}}]}<\/script>\n<meta property=\"product:price:amount\" content=\"10.95\" \/>\n<meta property=\"product:price:currency\" content=\"EUR\" \/>\n<meta property=\"og:availability\" content=\"out of stock\" \/>\n<meta property=\"product:availability\" content=\"out of stock\" \/>\n<meta property=\"product:retailer_item_id\" content=\"4019514305156\" \/>\n<meta property=\"product:condition\" content=\"new\" \/>\n<!-- \/ Yoast SEO Premium plugin. -->","yoast_head_json":{"title":"Waterglide Natural Feeling naturaalne libesti 300ml | Veenus","description":"Waterglide Natural Feeling naturaalne libesti 300ml","robots":{"index":"index","follow":"follow","max-snippet":"max-snippet:-1","max-image-preview":"max-image-preview:large","max-video-preview":"max-video-preview:-1"},"canonical":"https:\/\/veenus.ee\/en\/toode\/waterglide-natural-feeling-naturaalne-libesti-300ml\/","og_locale":"en_US","og_type":"article","og_title":"Waterglide Natural Feeling naturaalne libesti 300ml","og_description":"Waterglide Natural Feeling naturaalne libesti 300ml","og_url":"https:\/\/veenus.ee\/en\/toode\/waterglide-natural-feeling-naturaalne-libesti-300ml\/","og_site_name":"Veenus","article_modified_time":"2025-03-07T22:52:28+00:00","og_image":[{"width":458,"height":458,"url":"https:\/\/veenus.ee\/wp-content\/uploads\/2022\/01\/waterglide-300-ml-natural-feeling.jpg","type":"image\/jpeg"}],"twitter_card":"summary_large_image","twitter_misc":{"Price":"10.95&euro;","Availability":"Out of stock"},"schema":{"@context":"https:\/\/schema.org","@graph":[{"@type":"WebPage","@id":"https:\/\/veenus.ee\/en\/toode\/waterglide-natural-feeling-naturaalne-libesti-300ml\/","url":"https:\/\/veenus.ee\/en\/toode\/waterglide-natural-feeling-naturaalne-libesti-300ml\/","name":"Waterglide Natural Feeling naturaalne libesti 300ml | Veenus","isPartOf":{"@id":"https:\/\/veenus.ee\/#website"},"primaryImageOfPage":{"@id":"https:\/\/veenus.ee\/en\/toode\/waterglide-natural-feeling-naturaalne-libesti-300ml\/#primaryimage"},"image":{"@id":"https:\/\/veenus.ee\/en\/toode\/waterglide-natural-feeling-naturaalne-libesti-300ml\/#primaryimage"},"thumbnailUrl":"https:\/\/veenus.ee\/wp-content\/uploads\/2022\/01\/waterglide-300-ml-natural-feeling.jpg","datePublished":"2022-01-13T09:31:16+00:00","dateModified":"2025-03-07T22:52:28+00:00","description":"Waterglide Natural Feeling naturaalne libesti 300ml","breadcrumb":{"@id":"https:\/\/veenus.ee\/en\/toode\/waterglide-natural-feeling-naturaalne-libesti-300ml\/#breadcrumb"},"inLanguage":"en-US","potentialAction":[{"@type":"ReadAction","target":["https:\/\/veenus.ee\/en\/toode\/waterglide-natural-feeling-naturaalne-libesti-300ml\/"]}]},{"@type":"ImageObject","inLanguage":"en-US","@id":"https:\/\/veenus.ee\/en\/toode\/waterglide-natural-feeling-naturaalne-libesti-300ml\/#primaryimage","url":"https:\/\/veenus.ee\/wp-content\/uploads\/2022\/01\/waterglide-300-ml-natural-feeling.jpg","contentUrl":"https:\/\/veenus.ee\/wp-content\/uploads\/2022\/01\/waterglide-300-ml-natural-feeling.jpg","width":458,"height":458},{"@type":"BreadcrumbList","@id":"https:\/\/veenus.ee\/en\/toode\/waterglide-natural-feeling-naturaalne-libesti-300ml\/#breadcrumb","itemListElement":[{"@type":"ListItem","position":1,"name":"Home","item":"https:\/\/veenus.ee\/"},{"@type":"ListItem","position":2,"name":"pood","item":"https:\/\/veenus.ee\/pood\/"},{"@type":"ListItem","position":3,"name":"Waterglide Natural Feeling naturaalne libesti 300ml"}]},{"@type":"WebSite","@id":"https:\/\/veenus.ee\/#website","url":"https:\/\/veenus.ee\/","name":"Veenus","description":"(Eesti) Veenus, erootikakaubad, sekstooted","publisher":{"@id":"https:\/\/veenus.ee\/#organization"},"potentialAction":[{"@type":"SearchAction","target":{"@type":"EntryPoint","urlTemplate":"https:\/\/veenus.ee\/?s={search_term_string}"},"query-input":{"@type":"PropertyValueSpecification","valueRequired":true,"valueName":"search_term_string"}}],"inLanguage":"en-US"},{"@type":"Organization","@id":"https:\/\/veenus.ee\/#organization","name":"Veenus","url":"https:\/\/veenus.ee\/","logo":{"@type":"ImageObject","inLanguage":"en-US","@id":"https:\/\/veenus.ee\/#\/schema\/logo\/image\/","url":"https:\/\/veenus.ee\/wp-content\/uploads\/2021\/12\/logo.png","contentUrl":"https:\/\/veenus.ee\/wp-content\/uploads\/2021\/12\/logo.png","width":119,"height":70,"caption":"Veenus"},"image":{"@id":"https:\/\/veenus.ee\/#\/schema\/logo\/image\/"}}]},"product_price_amount":"10.95","product_price_currency":"EUR","og_availability":"out of stock","product_availability":"out of stock","product_retailer_item_id":"4019514305156","product_condition":"new"},"_links":{"self":[{"href":"https:\/\/veenus.ee\/en\/wp-json\/wp\/v2\/product\/11161","targetHints":{"allow":["GET"]}}],"collection":[{"href":"https:\/\/veenus.ee\/en\/wp-json\/wp\/v2\/product"}],"about":[{"href":"https:\/\/veenus.ee\/en\/wp-json\/wp\/v2\/types\/product"}],"replies":[{"embeddable":true,"href":"https:\/\/veenus.ee\/en\/wp-json\/wp\/v2\/comments?post=11161"}],"wp:featuredmedia":[{"embeddable":true,"href":"https:\/\/veenus.ee\/en\/wp-json\/wp\/v2\/media\/11140"}],"wp:attachment":[{"href":"https:\/\/veenus.ee\/en\/wp-json\/wp\/v2\/media?parent=11161"}],"wp:term":[{"taxonomy":"product_brand","embeddable":true,"href":"https:\/\/veenus.ee\/en\/wp-json\/wp\/v2\/product_brand?post=11161"},{"taxonomy":"product_cat","embeddable":true,"href":"https:\/\/veenus.ee\/en\/wp-json\/wp\/v2\/product_cat?post=11161"},{"taxonomy":"product_tag","embeddable":true,"href":"https:\/\/veenus.ee\/en\/wp-json\/wp\/v2\/product_tag?post=11161"}],"curies":[{"name":"wp","href":"https:\/\/api.w.org\/{rel}","templated":true}]}}