{"id":11152,"date":"2022-01-13T10:13:39","date_gmt":"2022-01-13T08:13:39","guid":{"rendered":"https:\/\/veenus.ee\/?post_type=product&#038;p=11152"},"modified":"2024-01-02T19:37:14","modified_gmt":"2024-01-02T17:37:14","slug":"shunga-aphrodisiac-oils-raspberry-feeling-100ml","status":"publish","type":"product","link":"https:\/\/veenus.ee\/en\/toode\/shunga-aphrodisiac-oils-raspberry-feeling-100ml\/","title":{"rendered":"Shunga Aphrodisiac Oils Raspberry Feeling 100ML"},"content":{"rendered":"<p>Soojendava efektiga armu\u00f5li, mis sisaldab afrodisiaakumi. Toodet v\u00f5ib kasutada nii parf\u00fc\u00fcmina, kui ka tavalise massaazi\u00f5lina, seda eriti suguelundite piirkonnas. Seal parandab ta verevarustust ning lisab soovitud aroomi.<\/p>\n<p>See on seksuaalselt stimuleeriv toode Garden of Edo mahetoodete sarjast. See \u00f5li sisaldab hoolikalt valitud ja sertifitseeritud orgaanilisi koostisosi. \u00c4rritage seksuaalseid kirgi. Keha j\u00e4\u00e4b\u00a0libe, pehme ja elastne. Sobib tundlikule kehanahale ja oraalseksi ajal. Mahutavus: 100 ml.<\/p>\n<p><strong>Kasutamine:\u00a0<\/strong>Valage paar tilka partneri(te) erogeensetele tsoonidele ja masseerige kirglikult.<\/p>\n","protected":false},"excerpt":{"rendered":"<p>Soojeneva effektiga aromaatne massaazi\u00f5li. Vaarika aroomiga.<\/p>\n<p>100ml<\/p>\n","protected":false},"featured_media":11023,"comment_status":"closed","ping_status":"closed","template":"","meta":[],"product_brand":[],"product_cat":[90,103,198,176,73,75],"product_tag":[],"class_list":{"0":"post-11152","1":"product","2":"type-product","3":"status-publish","4":"has-post-thumbnail","6":"product_cat-massage","7":"product_cat-massaaz-seksapteek","8":"product_cat-massaaziolid-massaaz-seksapteek","9":"product_cat-massage-oils","10":"product_cat-for-couples","11":"product_cat-drugstore","12":"pa_brand-shunga","14":"first","15":"instock","16":"taxable","17":"shipping-taxable","18":"purchasable","19":"product-type-simple"},"yoast_head":"<!-- This site is optimized with the Yoast SEO Premium plugin v26.0 (Yoast SEO v27.3) - https:\/\/yoast.com\/product\/yoast-seo-premium-wordpress\/ -->\n<title>Shunga Aphrodisiac Oils Raspberry Feeling 100ML | Veenus<\/title>\n<meta name=\"description\" content=\"Shunga Aphrodisiac Oils Raspberry Feeling 100ML\" \/>\n<meta name=\"robots\" content=\"index, follow, max-snippet:-1, max-image-preview:large, max-video-preview:-1\" \/>\n<link rel=\"canonical\" href=\"https:\/\/veenus.ee\/en\/toode\/shunga-aphrodisiac-oils-raspberry-feeling-100ml\/\" \/>\n<meta property=\"og:locale\" content=\"en_US\" \/>\n<meta property=\"og:type\" content=\"article\" \/>\n<meta property=\"og:title\" content=\"Shunga Aphrodisiac Oils Raspberry Feeling 100ML\" \/>\n<meta property=\"og:description\" content=\"Shunga Aphrodisiac Oils Raspberry Feeling 100ML\" \/>\n<meta property=\"og:url\" content=\"https:\/\/veenus.ee\/en\/toode\/shunga-aphrodisiac-oils-raspberry-feeling-100ml\/\" \/>\n<meta property=\"og:site_name\" content=\"Veenus\" \/>\n<meta property=\"article:modified_time\" content=\"2024-01-02T17:37:14+00:00\" \/>\n<meta property=\"og:image\" content=\"https:\/\/veenus.ee\/wp-content\/uploads\/2022\/01\/aphrodisiac-oils-raspberry-feeling-2.jpg\" \/>\n\t<meta property=\"og:image:width\" content=\"800\" \/>\n\t<meta property=\"og:image:height\" content=\"800\" \/>\n\t<meta property=\"og:image:type\" content=\"image\/jpeg\" \/>\n<meta name=\"twitter:card\" content=\"summary_large_image\" \/>\n<meta name=\"twitter:label1\" content=\"Price\" \/>\n\t<meta name=\"twitter:data1\" content=\"21.95&euro;\" \/>\n\t<meta name=\"twitter:label2\" content=\"Availability\" \/>\n\t<meta name=\"twitter:data2\" content=\"In stock\" \/>\n<script type=\"application\/ld+json\" class=\"yoast-schema-graph\">{\"@context\":\"https:\\\/\\\/schema.org\",\"@graph\":[{\"@type\":\"WebPage\",\"@id\":\"https:\\\/\\\/veenus.ee\\\/en\\\/toode\\\/shunga-aphrodisiac-oils-raspberry-feeling-100ml\\\/\",\"url\":\"https:\\\/\\\/veenus.ee\\\/en\\\/toode\\\/shunga-aphrodisiac-oils-raspberry-feeling-100ml\\\/\",\"name\":\"Shunga Aphrodisiac Oils Raspberry Feeling 100ML | Veenus\",\"isPartOf\":{\"@id\":\"https:\\\/\\\/veenus.ee\\\/#website\"},\"primaryImageOfPage\":{\"@id\":\"https:\\\/\\\/veenus.ee\\\/en\\\/toode\\\/shunga-aphrodisiac-oils-raspberry-feeling-100ml\\\/#primaryimage\"},\"image\":{\"@id\":\"https:\\\/\\\/veenus.ee\\\/en\\\/toode\\\/shunga-aphrodisiac-oils-raspberry-feeling-100ml\\\/#primaryimage\"},\"thumbnailUrl\":\"https:\\\/\\\/veenus.ee\\\/wp-content\\\/uploads\\\/2022\\\/01\\\/aphrodisiac-oils-raspberry-feeling-2.jpg\",\"datePublished\":\"2022-01-13T08:13:39+00:00\",\"dateModified\":\"2024-01-02T17:37:14+00:00\",\"description\":\"Shunga Aphrodisiac Oils Raspberry Feeling 100ML\",\"breadcrumb\":{\"@id\":\"https:\\\/\\\/veenus.ee\\\/en\\\/toode\\\/shunga-aphrodisiac-oils-raspberry-feeling-100ml\\\/#breadcrumb\"},\"inLanguage\":\"en-US\",\"potentialAction\":[{\"@type\":\"ReadAction\",\"target\":[\"https:\\\/\\\/veenus.ee\\\/en\\\/toode\\\/shunga-aphrodisiac-oils-raspberry-feeling-100ml\\\/\"]}]},{\"@type\":\"ImageObject\",\"inLanguage\":\"en-US\",\"@id\":\"https:\\\/\\\/veenus.ee\\\/en\\\/toode\\\/shunga-aphrodisiac-oils-raspberry-feeling-100ml\\\/#primaryimage\",\"url\":\"https:\\\/\\\/veenus.ee\\\/wp-content\\\/uploads\\\/2022\\\/01\\\/aphrodisiac-oils-raspberry-feeling-2.jpg\",\"contentUrl\":\"https:\\\/\\\/veenus.ee\\\/wp-content\\\/uploads\\\/2022\\\/01\\\/aphrodisiac-oils-raspberry-feeling-2.jpg\",\"width\":800,\"height\":800},{\"@type\":\"BreadcrumbList\",\"@id\":\"https:\\\/\\\/veenus.ee\\\/en\\\/toode\\\/shunga-aphrodisiac-oils-raspberry-feeling-100ml\\\/#breadcrumb\",\"itemListElement\":[{\"@type\":\"ListItem\",\"position\":1,\"name\":\"Home\",\"item\":\"https:\\\/\\\/veenus.ee\\\/\"},{\"@type\":\"ListItem\",\"position\":2,\"name\":\"pood\",\"item\":\"https:\\\/\\\/veenus.ee\\\/pood\\\/\"},{\"@type\":\"ListItem\",\"position\":3,\"name\":\"Shunga Aphrodisiac Oils Raspberry Feeling 100ML\"}]},{\"@type\":\"WebSite\",\"@id\":\"https:\\\/\\\/veenus.ee\\\/#website\",\"url\":\"https:\\\/\\\/veenus.ee\\\/\",\"name\":\"Veenus\",\"description\":\"(Eesti) Veenus, erootikakaubad, sekstooted\",\"publisher\":{\"@id\":\"https:\\\/\\\/veenus.ee\\\/#organization\"},\"potentialAction\":[{\"@type\":\"SearchAction\",\"target\":{\"@type\":\"EntryPoint\",\"urlTemplate\":\"https:\\\/\\\/veenus.ee\\\/?s={search_term_string}\"},\"query-input\":{\"@type\":\"PropertyValueSpecification\",\"valueRequired\":true,\"valueName\":\"search_term_string\"}}],\"inLanguage\":\"en-US\"},{\"@type\":\"Organization\",\"@id\":\"https:\\\/\\\/veenus.ee\\\/#organization\",\"name\":\"Veenus\",\"url\":\"https:\\\/\\\/veenus.ee\\\/\",\"logo\":{\"@type\":\"ImageObject\",\"inLanguage\":\"en-US\",\"@id\":\"https:\\\/\\\/veenus.ee\\\/#\\\/schema\\\/logo\\\/image\\\/\",\"url\":\"https:\\\/\\\/veenus.ee\\\/wp-content\\\/uploads\\\/2021\\\/12\\\/logo.png\",\"contentUrl\":\"https:\\\/\\\/veenus.ee\\\/wp-content\\\/uploads\\\/2021\\\/12\\\/logo.png\",\"width\":119,\"height\":70,\"caption\":\"Veenus\"},\"image\":{\"@id\":\"https:\\\/\\\/veenus.ee\\\/#\\\/schema\\\/logo\\\/image\\\/\"}}]}<\/script>\n<meta property=\"product:price:amount\" content=\"21.95\" \/>\n<meta property=\"product:price:currency\" content=\"EUR\" \/>\n<meta property=\"og:availability\" content=\"instock\" \/>\n<meta property=\"product:availability\" content=\"instock\" \/>\n<meta property=\"product:retailer_item_id\" content=\"697309022019\" \/>\n<meta property=\"product:condition\" content=\"new\" \/>\n<!-- \/ Yoast SEO Premium plugin. -->","yoast_head_json":{"title":"Shunga Aphrodisiac Oils Raspberry Feeling 100ML | Veenus","description":"Shunga Aphrodisiac Oils Raspberry Feeling 100ML","robots":{"index":"index","follow":"follow","max-snippet":"max-snippet:-1","max-image-preview":"max-image-preview:large","max-video-preview":"max-video-preview:-1"},"canonical":"https:\/\/veenus.ee\/en\/toode\/shunga-aphrodisiac-oils-raspberry-feeling-100ml\/","og_locale":"en_US","og_type":"article","og_title":"Shunga Aphrodisiac Oils Raspberry Feeling 100ML","og_description":"Shunga Aphrodisiac Oils Raspberry Feeling 100ML","og_url":"https:\/\/veenus.ee\/en\/toode\/shunga-aphrodisiac-oils-raspberry-feeling-100ml\/","og_site_name":"Veenus","article_modified_time":"2024-01-02T17:37:14+00:00","og_image":[{"width":800,"height":800,"url":"https:\/\/veenus.ee\/wp-content\/uploads\/2022\/01\/aphrodisiac-oils-raspberry-feeling-2.jpg","type":"image\/jpeg"}],"twitter_card":"summary_large_image","twitter_misc":{"Price":"21.95&euro;","Availability":"In stock"},"schema":{"@context":"https:\/\/schema.org","@graph":[{"@type":"WebPage","@id":"https:\/\/veenus.ee\/en\/toode\/shunga-aphrodisiac-oils-raspberry-feeling-100ml\/","url":"https:\/\/veenus.ee\/en\/toode\/shunga-aphrodisiac-oils-raspberry-feeling-100ml\/","name":"Shunga Aphrodisiac Oils Raspberry Feeling 100ML | Veenus","isPartOf":{"@id":"https:\/\/veenus.ee\/#website"},"primaryImageOfPage":{"@id":"https:\/\/veenus.ee\/en\/toode\/shunga-aphrodisiac-oils-raspberry-feeling-100ml\/#primaryimage"},"image":{"@id":"https:\/\/veenus.ee\/en\/toode\/shunga-aphrodisiac-oils-raspberry-feeling-100ml\/#primaryimage"},"thumbnailUrl":"https:\/\/veenus.ee\/wp-content\/uploads\/2022\/01\/aphrodisiac-oils-raspberry-feeling-2.jpg","datePublished":"2022-01-13T08:13:39+00:00","dateModified":"2024-01-02T17:37:14+00:00","description":"Shunga Aphrodisiac Oils Raspberry Feeling 100ML","breadcrumb":{"@id":"https:\/\/veenus.ee\/en\/toode\/shunga-aphrodisiac-oils-raspberry-feeling-100ml\/#breadcrumb"},"inLanguage":"en-US","potentialAction":[{"@type":"ReadAction","target":["https:\/\/veenus.ee\/en\/toode\/shunga-aphrodisiac-oils-raspberry-feeling-100ml\/"]}]},{"@type":"ImageObject","inLanguage":"en-US","@id":"https:\/\/veenus.ee\/en\/toode\/shunga-aphrodisiac-oils-raspberry-feeling-100ml\/#primaryimage","url":"https:\/\/veenus.ee\/wp-content\/uploads\/2022\/01\/aphrodisiac-oils-raspberry-feeling-2.jpg","contentUrl":"https:\/\/veenus.ee\/wp-content\/uploads\/2022\/01\/aphrodisiac-oils-raspberry-feeling-2.jpg","width":800,"height":800},{"@type":"BreadcrumbList","@id":"https:\/\/veenus.ee\/en\/toode\/shunga-aphrodisiac-oils-raspberry-feeling-100ml\/#breadcrumb","itemListElement":[{"@type":"ListItem","position":1,"name":"Home","item":"https:\/\/veenus.ee\/"},{"@type":"ListItem","position":2,"name":"pood","item":"https:\/\/veenus.ee\/pood\/"},{"@type":"ListItem","position":3,"name":"Shunga Aphrodisiac Oils Raspberry Feeling 100ML"}]},{"@type":"WebSite","@id":"https:\/\/veenus.ee\/#website","url":"https:\/\/veenus.ee\/","name":"Veenus","description":"(Eesti) Veenus, erootikakaubad, sekstooted","publisher":{"@id":"https:\/\/veenus.ee\/#organization"},"potentialAction":[{"@type":"SearchAction","target":{"@type":"EntryPoint","urlTemplate":"https:\/\/veenus.ee\/?s={search_term_string}"},"query-input":{"@type":"PropertyValueSpecification","valueRequired":true,"valueName":"search_term_string"}}],"inLanguage":"en-US"},{"@type":"Organization","@id":"https:\/\/veenus.ee\/#organization","name":"Veenus","url":"https:\/\/veenus.ee\/","logo":{"@type":"ImageObject","inLanguage":"en-US","@id":"https:\/\/veenus.ee\/#\/schema\/logo\/image\/","url":"https:\/\/veenus.ee\/wp-content\/uploads\/2021\/12\/logo.png","contentUrl":"https:\/\/veenus.ee\/wp-content\/uploads\/2021\/12\/logo.png","width":119,"height":70,"caption":"Veenus"},"image":{"@id":"https:\/\/veenus.ee\/#\/schema\/logo\/image\/"}}]},"product_price_amount":"21.95","product_price_currency":"EUR","og_availability":"instock","product_availability":"instock","product_retailer_item_id":"697309022019","product_condition":"new"},"_links":{"self":[{"href":"https:\/\/veenus.ee\/en\/wp-json\/wp\/v2\/product\/11152","targetHints":{"allow":["GET"]}}],"collection":[{"href":"https:\/\/veenus.ee\/en\/wp-json\/wp\/v2\/product"}],"about":[{"href":"https:\/\/veenus.ee\/en\/wp-json\/wp\/v2\/types\/product"}],"replies":[{"embeddable":true,"href":"https:\/\/veenus.ee\/en\/wp-json\/wp\/v2\/comments?post=11152"}],"wp:featuredmedia":[{"embeddable":true,"href":"https:\/\/veenus.ee\/en\/wp-json\/wp\/v2\/media\/11023"}],"wp:attachment":[{"href":"https:\/\/veenus.ee\/en\/wp-json\/wp\/v2\/media?parent=11152"}],"wp:term":[{"taxonomy":"product_brand","embeddable":true,"href":"https:\/\/veenus.ee\/en\/wp-json\/wp\/v2\/product_brand?post=11152"},{"taxonomy":"product_cat","embeddable":true,"href":"https:\/\/veenus.ee\/en\/wp-json\/wp\/v2\/product_cat?post=11152"},{"taxonomy":"product_tag","embeddable":true,"href":"https:\/\/veenus.ee\/en\/wp-json\/wp\/v2\/product_tag?post=11152"}],"curies":[{"name":"wp","href":"https:\/\/api.w.org\/{rel}","templated":true}]}}