{"id":10830,"date":"2022-01-12T15:44:17","date_gmt":"2022-01-12T13:44:17","guid":{"rendered":"https:\/\/veenus.ee\/?post_type=product&#038;p=10830"},"modified":"2025-11-18T21:00:43","modified_gmt":"2025-11-18T19:00:43","slug":"tenga-egg-lotion-50ml","status":"publish","type":"product","link":"https:\/\/veenus.ee\/en\/toode\/tenga-egg-lotion-50ml\/","title":{"rendered":"TENGA Egg Lotion 50ml libestuskreem masturbaatoritele"},"content":{"rendered":"<p>See Tenga Egg m\u00e4\u00e4rdeaine on spetsiaalselt valmistatud Tenga egg masturbatoritele . Munad teevad su kogemuse \u00fcksi v\u00f5i oma partneriga veelgi p\u00f5nevamaks ja rahuldustpakkuvamaks. Tenga munad on \u00fchekordseks kasutamiseks, kuid selle tootega saate neid kasutada rohkem kui \u00fcks kord.<\/p>\n","protected":false},"excerpt":{"rendered":"<p>Meeldivalt libe ja v\u00e4hekleepuv<br \/>\nPikalt kestev toime<br \/>\nEi sisalda kunstlikke v\u00e4rv- ja l\u00f5hnaaineid<br \/>\nIdeaalne Tenga masturbaatoritele<\/p>\n","protected":false},"featured_media":11317,"comment_status":"open","ping_status":"closed","template":"","meta":[],"product_brand":[],"product_cat":[104,205,75],"product_tag":[],"class_list":{"0":"post-10830","1":"product","2":"type-product","3":"status-publish","4":"has-post-thumbnail","6":"product_cat-lubricants","7":"product_cat-mastrubator-lubricants","8":"product_cat-drugstore","9":"pa_brand-tenga","11":"first","12":"instock","13":"taxable","14":"shipping-taxable","15":"purchasable","16":"product-type-simple"},"yoast_head":"<!-- This site is optimized with the Yoast SEO Premium plugin v26.0 (Yoast SEO v27.4) - https:\/\/yoast.com\/product\/yoast-seo-premium-wordpress\/ -->\n<title>TENGA Egg Lotion 50ml libestuskreem masturbaatoritele | Veenus<\/title>\n<meta name=\"robots\" content=\"index, follow, max-snippet:-1, max-image-preview:large, max-video-preview:-1\" \/>\n<link rel=\"canonical\" href=\"https:\/\/veenus.ee\/en\/toode\/tenga-egg-lotion-50ml\/\" \/>\n<meta property=\"og:locale\" content=\"en_US\" \/>\n<meta property=\"og:type\" content=\"article\" \/>\n<meta property=\"og:title\" content=\"TENGA Egg Lotion 50ml libestuskreem masturbaatoritele\" \/>\n<meta property=\"og:description\" content=\"Meeldivalt libe ja v\u00e4hekleepuv Pikalt kestev toime Ei sisalda kunstlikke v\u00e4rv- ja l\u00f5hnaaineid Ideaalne Tenga masturbaatoritele\" \/>\n<meta property=\"og:url\" content=\"https:\/\/veenus.ee\/toode\/tenga-egg-lotion-50ml\/\" \/>\n<meta property=\"og:site_name\" content=\"Veenus\" \/>\n<meta property=\"article:modified_time\" content=\"2025-11-18T19:00:43+00:00\" \/>\n<meta property=\"og:image\" content=\"https:\/\/veenus.ee\/wp-content\/uploads\/2022\/01\/egg-lotion.jpg\" \/>\n\t<meta property=\"og:image:width\" content=\"800\" \/>\n\t<meta property=\"og:image:height\" content=\"800\" \/>\n\t<meta property=\"og:image:type\" content=\"image\/jpeg\" \/>\n<meta name=\"twitter:card\" content=\"summary_large_image\" \/>\n<meta name=\"twitter:label1\" content=\"Price\" \/>\n\t<meta name=\"twitter:data1\" content=\"9.00&euro;\" \/>\n\t<meta name=\"twitter:label2\" content=\"Availability\" \/>\n\t<meta name=\"twitter:data2\" content=\"In stock\" \/>\n<script type=\"application\/ld+json\" class=\"yoast-schema-graph\">{\"@context\":\"https:\\\/\\\/schema.org\",\"@graph\":[{\"@type\":\"WebPage\",\"@id\":\"https:\\\/\\\/veenus.ee\\\/toode\\\/tenga-egg-lotion-50ml\\\/\",\"url\":\"https:\\\/\\\/veenus.ee\\\/toode\\\/tenga-egg-lotion-50ml\\\/\",\"name\":\"TENGA Egg Lotion 50ml libestuskreem masturbaatoritele | Veenus\",\"isPartOf\":{\"@id\":\"https:\\\/\\\/veenus.ee\\\/#website\"},\"primaryImageOfPage\":{\"@id\":\"https:\\\/\\\/veenus.ee\\\/toode\\\/tenga-egg-lotion-50ml\\\/#primaryimage\"},\"image\":{\"@id\":\"https:\\\/\\\/veenus.ee\\\/toode\\\/tenga-egg-lotion-50ml\\\/#primaryimage\"},\"thumbnailUrl\":\"https:\\\/\\\/veenus.ee\\\/wp-content\\\/uploads\\\/2022\\\/01\\\/egg-lotion.jpg\",\"datePublished\":\"2022-01-12T13:44:17+00:00\",\"dateModified\":\"2025-11-18T19:00:43+00:00\",\"breadcrumb\":{\"@id\":\"https:\\\/\\\/veenus.ee\\\/toode\\\/tenga-egg-lotion-50ml\\\/#breadcrumb\"},\"inLanguage\":\"en-US\",\"potentialAction\":[{\"@type\":\"ReadAction\",\"target\":[\"https:\\\/\\\/veenus.ee\\\/toode\\\/tenga-egg-lotion-50ml\\\/\"]}]},{\"@type\":\"ImageObject\",\"inLanguage\":\"en-US\",\"@id\":\"https:\\\/\\\/veenus.ee\\\/toode\\\/tenga-egg-lotion-50ml\\\/#primaryimage\",\"url\":\"https:\\\/\\\/veenus.ee\\\/wp-content\\\/uploads\\\/2022\\\/01\\\/egg-lotion.jpg\",\"contentUrl\":\"https:\\\/\\\/veenus.ee\\\/wp-content\\\/uploads\\\/2022\\\/01\\\/egg-lotion.jpg\",\"width\":800,\"height\":800},{\"@type\":\"BreadcrumbList\",\"@id\":\"https:\\\/\\\/veenus.ee\\\/toode\\\/tenga-egg-lotion-50ml\\\/#breadcrumb\",\"itemListElement\":[{\"@type\":\"ListItem\",\"position\":1,\"name\":\"Home\",\"item\":\"https:\\\/\\\/veenus.ee\\\/\"},{\"@type\":\"ListItem\",\"position\":2,\"name\":\"pood\",\"item\":\"https:\\\/\\\/veenus.ee\\\/pood\\\/\"},{\"@type\":\"ListItem\",\"position\":3,\"name\":\"TENGA Egg Lotion 50ml libestuskreem masturbaatoritele\"}]},{\"@type\":\"WebSite\",\"@id\":\"https:\\\/\\\/veenus.ee\\\/#website\",\"url\":\"https:\\\/\\\/veenus.ee\\\/\",\"name\":\"Veenus\",\"description\":\"(Eesti) Veenus, erootikakaubad, sekstooted\",\"publisher\":{\"@id\":\"https:\\\/\\\/veenus.ee\\\/#organization\"},\"potentialAction\":[{\"@type\":\"SearchAction\",\"target\":{\"@type\":\"EntryPoint\",\"urlTemplate\":\"https:\\\/\\\/veenus.ee\\\/?s={search_term_string}\"},\"query-input\":{\"@type\":\"PropertyValueSpecification\",\"valueRequired\":true,\"valueName\":\"search_term_string\"}}],\"inLanguage\":\"en-US\"},{\"@type\":\"Organization\",\"@id\":\"https:\\\/\\\/veenus.ee\\\/#organization\",\"name\":\"Veenus\",\"url\":\"https:\\\/\\\/veenus.ee\\\/\",\"logo\":{\"@type\":\"ImageObject\",\"inLanguage\":\"en-US\",\"@id\":\"https:\\\/\\\/veenus.ee\\\/#\\\/schema\\\/logo\\\/image\\\/\",\"url\":\"https:\\\/\\\/veenus.ee\\\/wp-content\\\/uploads\\\/2021\\\/12\\\/logo.png\",\"contentUrl\":\"https:\\\/\\\/veenus.ee\\\/wp-content\\\/uploads\\\/2021\\\/12\\\/logo.png\",\"width\":119,\"height\":70,\"caption\":\"Veenus\"},\"image\":{\"@id\":\"https:\\\/\\\/veenus.ee\\\/#\\\/schema\\\/logo\\\/image\\\/\"}}]}<\/script>\n<meta property=\"product:price:amount\" content=\"9.00\" \/>\n<meta property=\"product:price:currency\" content=\"EUR\" \/>\n<meta property=\"og:availability\" content=\"instock\" \/>\n<meta property=\"product:availability\" content=\"instock\" \/>\n<meta property=\"product:retailer_item_id\" content=\"4560220550762\" \/>\n<meta property=\"product:condition\" content=\"new\" \/>\n<!-- \/ Yoast SEO Premium plugin. -->","yoast_head_json":{"title":"TENGA Egg Lotion 50ml libestuskreem masturbaatoritele | Veenus","robots":{"index":"index","follow":"follow","max-snippet":"max-snippet:-1","max-image-preview":"max-image-preview:large","max-video-preview":"max-video-preview:-1"},"canonical":"https:\/\/veenus.ee\/en\/toode\/tenga-egg-lotion-50ml\/","og_locale":"en_US","og_type":"article","og_title":"TENGA Egg Lotion 50ml libestuskreem masturbaatoritele","og_description":"Meeldivalt libe ja v\u00e4hekleepuv Pikalt kestev toime Ei sisalda kunstlikke v\u00e4rv- ja l\u00f5hnaaineid Ideaalne Tenga masturbaatoritele","og_url":"https:\/\/veenus.ee\/toode\/tenga-egg-lotion-50ml\/","og_site_name":"Veenus","article_modified_time":"2025-11-18T19:00:43+00:00","og_image":[{"width":800,"height":800,"url":"https:\/\/veenus.ee\/wp-content\/uploads\/2022\/01\/egg-lotion.jpg","type":"image\/jpeg"}],"twitter_card":"summary_large_image","twitter_misc":{"Price":"9.00&euro;","Availability":"In stock"},"schema":{"@context":"https:\/\/schema.org","@graph":[{"@type":"WebPage","@id":"https:\/\/veenus.ee\/toode\/tenga-egg-lotion-50ml\/","url":"https:\/\/veenus.ee\/toode\/tenga-egg-lotion-50ml\/","name":"TENGA Egg Lotion 50ml libestuskreem masturbaatoritele | Veenus","isPartOf":{"@id":"https:\/\/veenus.ee\/#website"},"primaryImageOfPage":{"@id":"https:\/\/veenus.ee\/toode\/tenga-egg-lotion-50ml\/#primaryimage"},"image":{"@id":"https:\/\/veenus.ee\/toode\/tenga-egg-lotion-50ml\/#primaryimage"},"thumbnailUrl":"https:\/\/veenus.ee\/wp-content\/uploads\/2022\/01\/egg-lotion.jpg","datePublished":"2022-01-12T13:44:17+00:00","dateModified":"2025-11-18T19:00:43+00:00","breadcrumb":{"@id":"https:\/\/veenus.ee\/toode\/tenga-egg-lotion-50ml\/#breadcrumb"},"inLanguage":"en-US","potentialAction":[{"@type":"ReadAction","target":["https:\/\/veenus.ee\/toode\/tenga-egg-lotion-50ml\/"]}]},{"@type":"ImageObject","inLanguage":"en-US","@id":"https:\/\/veenus.ee\/toode\/tenga-egg-lotion-50ml\/#primaryimage","url":"https:\/\/veenus.ee\/wp-content\/uploads\/2022\/01\/egg-lotion.jpg","contentUrl":"https:\/\/veenus.ee\/wp-content\/uploads\/2022\/01\/egg-lotion.jpg","width":800,"height":800},{"@type":"BreadcrumbList","@id":"https:\/\/veenus.ee\/toode\/tenga-egg-lotion-50ml\/#breadcrumb","itemListElement":[{"@type":"ListItem","position":1,"name":"Home","item":"https:\/\/veenus.ee\/"},{"@type":"ListItem","position":2,"name":"pood","item":"https:\/\/veenus.ee\/pood\/"},{"@type":"ListItem","position":3,"name":"TENGA Egg Lotion 50ml libestuskreem masturbaatoritele"}]},{"@type":"WebSite","@id":"https:\/\/veenus.ee\/#website","url":"https:\/\/veenus.ee\/","name":"Veenus","description":"(Eesti) Veenus, erootikakaubad, sekstooted","publisher":{"@id":"https:\/\/veenus.ee\/#organization"},"potentialAction":[{"@type":"SearchAction","target":{"@type":"EntryPoint","urlTemplate":"https:\/\/veenus.ee\/?s={search_term_string}"},"query-input":{"@type":"PropertyValueSpecification","valueRequired":true,"valueName":"search_term_string"}}],"inLanguage":"en-US"},{"@type":"Organization","@id":"https:\/\/veenus.ee\/#organization","name":"Veenus","url":"https:\/\/veenus.ee\/","logo":{"@type":"ImageObject","inLanguage":"en-US","@id":"https:\/\/veenus.ee\/#\/schema\/logo\/image\/","url":"https:\/\/veenus.ee\/wp-content\/uploads\/2021\/12\/logo.png","contentUrl":"https:\/\/veenus.ee\/wp-content\/uploads\/2021\/12\/logo.png","width":119,"height":70,"caption":"Veenus"},"image":{"@id":"https:\/\/veenus.ee\/#\/schema\/logo\/image\/"}}]},"product_price_amount":"9.00","product_price_currency":"EUR","og_availability":"instock","product_availability":"instock","product_retailer_item_id":"4560220550762","product_condition":"new"},"_links":{"self":[{"href":"https:\/\/veenus.ee\/en\/wp-json\/wp\/v2\/product\/10830","targetHints":{"allow":["GET"]}}],"collection":[{"href":"https:\/\/veenus.ee\/en\/wp-json\/wp\/v2\/product"}],"about":[{"href":"https:\/\/veenus.ee\/en\/wp-json\/wp\/v2\/types\/product"}],"replies":[{"embeddable":true,"href":"https:\/\/veenus.ee\/en\/wp-json\/wp\/v2\/comments?post=10830"}],"wp:featuredmedia":[{"embeddable":true,"href":"https:\/\/veenus.ee\/en\/wp-json\/wp\/v2\/media\/11317"}],"wp:attachment":[{"href":"https:\/\/veenus.ee\/en\/wp-json\/wp\/v2\/media?parent=10830"}],"wp:term":[{"taxonomy":"product_brand","embeddable":true,"href":"https:\/\/veenus.ee\/en\/wp-json\/wp\/v2\/product_brand?post=10830"},{"taxonomy":"product_cat","embeddable":true,"href":"https:\/\/veenus.ee\/en\/wp-json\/wp\/v2\/product_cat?post=10830"},{"taxonomy":"product_tag","embeddable":true,"href":"https:\/\/veenus.ee\/en\/wp-json\/wp\/v2\/product_tag?post=10830"}],"curies":[{"name":"wp","href":"https:\/\/api.w.org\/{rel}","templated":true}]}}