{"id":10671,"date":"2022-01-12T15:43:37","date_gmt":"2022-01-12T13:43:37","guid":{"rendered":"https:\/\/veenus.ee\/?post_type=product&#038;p=10671"},"modified":"2022-01-16T22:17:33","modified_gmt":"2022-01-16T20:17:33","slug":"tenga-double-hole-cup","status":"publish","type":"product","link":"https:\/\/veenus.ee\/en\/toode\/tenga-double-hole-cup\/","title":{"rendered":"Tenga Double Hole Cup"},"content":{"rendered":"<div class=\"std\">\n<p>Tenga Double Hole Cup on kahe kanaliga masturbaator, mis peaks imiteerima nn. &#8220;threesome&#8221; asendit, kus korraga on kaks peenist t\u00fcdruku sees. \u00dcks ots imiteerib t\u00fcdruku vagiinat ja pole nii tihe kui teine ots, mis imiteerib t\u00fcdruku aanust. Vagiinakanal sisaldab 73 pehmet silikoonmummut, aanuse kanal 63 mummut. See on vaid kasutaja valida, kuidas ta m\u00f5lemat otsa kasutab. Sisaldab rohkes koguses libestit, seega pole selle j\u00e4rele t\u00e4iendavat vajadust.<\/p>\n<p>Tenga on jaapani meeste seas populaarseim &#8220;\u00fchemehe&#8221; vahend uskumatu intensiivsusega orgasmi saavutamiseks. See masturbaator on \u00fchekordseks kasutamiseks, pakub samas aga k\u00f5ige realistlikumat tunnetust, mida \u00fckski teine masturbaator pakkuda suudaks. Kasutades kondoomi pikendate masturbaatori eluiga ja v\u00f5ite seda korduvalt kasutada, lisades vajadusel libestit!<\/p>\n<\/div>\n","protected":false},"excerpt":{"rendered":"<p>Vaakum masturbaator tuubi sees.<br \/>\nLiivakella kuju kindlustab veelgi tihedama elamuse.<br \/>\nMasturbaator sisaldab rohkes koguses libestit.<br \/>\nKorduvalt kasutatav, lisades vajadusel libestit!<\/p>\n","protected":false},"featured_media":11341,"comment_status":"open","ping_status":"closed","template":"","meta":[],"product_brand":[],"product_cat":[84,72,160],"product_tag":[],"class_list":{"0":"post-10671","1":"product","2":"type-product","3":"status-publish","4":"has-post-thumbnail","6":"product_cat-masturbators-for-men","7":"product_cat-for-men","8":"product_cat-tenga","10":"first","11":"instock","12":"taxable","13":"shipping-taxable","14":"purchasable","15":"product-type-simple"},"yoast_head":"<!-- This site is optimized with the Yoast SEO Premium plugin v26.0 (Yoast SEO v27.3) - https:\/\/yoast.com\/product\/yoast-seo-premium-wordpress\/ -->\n<title>Tenga Double Hole Cup | Veenus<\/title>\n<meta name=\"robots\" content=\"index, follow, max-snippet:-1, max-image-preview:large, max-video-preview:-1\" \/>\n<link rel=\"canonical\" href=\"https:\/\/veenus.ee\/en\/toode\/tenga-double-hole-cup\/\" \/>\n<meta property=\"og:locale\" content=\"en_US\" \/>\n<meta property=\"og:type\" content=\"article\" \/>\n<meta property=\"og:title\" content=\"Tenga Double Hole Cup\" \/>\n<meta property=\"og:description\" content=\"Vaakum masturbaator tuubi sees. Liivakella kuju kindlustab veelgi tihedama elamuse. Masturbaator sisaldab rohkes koguses libestit. Korduvalt kasutatav, lisades vajadusel libestit!\" \/>\n<meta property=\"og:url\" content=\"https:\/\/veenus.ee\/en\/toode\/tenga-double-hole-cup\/\" \/>\n<meta property=\"og:site_name\" content=\"Veenus\" \/>\n<meta property=\"article:modified_time\" content=\"2022-01-16T20:17:33+00:00\" \/>\n<meta property=\"og:image\" content=\"https:\/\/veenus.ee\/wp-content\/uploads\/2022\/01\/tenga_double_hole_cup_02.jpg\" \/>\n\t<meta property=\"og:image:width\" content=\"1000\" \/>\n\t<meta property=\"og:image:height\" content=\"1000\" \/>\n\t<meta property=\"og:image:type\" content=\"image\/jpeg\" \/>\n<meta name=\"twitter:card\" content=\"summary_large_image\" \/>\n<meta name=\"twitter:label1\" content=\"Price\" \/>\n\t<meta name=\"twitter:data1\" content=\"17.95&euro;\" \/>\n\t<meta name=\"twitter:label2\" content=\"Availability\" \/>\n\t<meta name=\"twitter:data2\" content=\"In stock\" \/>\n<script type=\"application\/ld+json\" class=\"yoast-schema-graph\">{\"@context\":\"https:\\\/\\\/schema.org\",\"@graph\":[{\"@type\":\"WebPage\",\"@id\":\"https:\\\/\\\/veenus.ee\\\/en\\\/toode\\\/tenga-double-hole-cup\\\/\",\"url\":\"https:\\\/\\\/veenus.ee\\\/en\\\/toode\\\/tenga-double-hole-cup\\\/\",\"name\":\"Tenga Double Hole Cup | Veenus\",\"isPartOf\":{\"@id\":\"https:\\\/\\\/veenus.ee\\\/#website\"},\"primaryImageOfPage\":{\"@id\":\"https:\\\/\\\/veenus.ee\\\/en\\\/toode\\\/tenga-double-hole-cup\\\/#primaryimage\"},\"image\":{\"@id\":\"https:\\\/\\\/veenus.ee\\\/en\\\/toode\\\/tenga-double-hole-cup\\\/#primaryimage\"},\"thumbnailUrl\":\"https:\\\/\\\/veenus.ee\\\/wp-content\\\/uploads\\\/2022\\\/01\\\/tenga_double_hole_cup_02.jpg\",\"datePublished\":\"2022-01-12T13:43:37+00:00\",\"dateModified\":\"2022-01-16T20:17:33+00:00\",\"breadcrumb\":{\"@id\":\"https:\\\/\\\/veenus.ee\\\/en\\\/toode\\\/tenga-double-hole-cup\\\/#breadcrumb\"},\"inLanguage\":\"en-US\",\"potentialAction\":[{\"@type\":\"ReadAction\",\"target\":[\"https:\\\/\\\/veenus.ee\\\/en\\\/toode\\\/tenga-double-hole-cup\\\/\"]}]},{\"@type\":\"ImageObject\",\"inLanguage\":\"en-US\",\"@id\":\"https:\\\/\\\/veenus.ee\\\/en\\\/toode\\\/tenga-double-hole-cup\\\/#primaryimage\",\"url\":\"https:\\\/\\\/veenus.ee\\\/wp-content\\\/uploads\\\/2022\\\/01\\\/tenga_double_hole_cup_02.jpg\",\"contentUrl\":\"https:\\\/\\\/veenus.ee\\\/wp-content\\\/uploads\\\/2022\\\/01\\\/tenga_double_hole_cup_02.jpg\",\"width\":1000,\"height\":1000},{\"@type\":\"BreadcrumbList\",\"@id\":\"https:\\\/\\\/veenus.ee\\\/en\\\/toode\\\/tenga-double-hole-cup\\\/#breadcrumb\",\"itemListElement\":[{\"@type\":\"ListItem\",\"position\":1,\"name\":\"Home\",\"item\":\"https:\\\/\\\/veenus.ee\\\/\"},{\"@type\":\"ListItem\",\"position\":2,\"name\":\"pood\",\"item\":\"https:\\\/\\\/veenus.ee\\\/pood\\\/\"},{\"@type\":\"ListItem\",\"position\":3,\"name\":\"Tenga Double Hole Cup\"}]},{\"@type\":\"WebSite\",\"@id\":\"https:\\\/\\\/veenus.ee\\\/#website\",\"url\":\"https:\\\/\\\/veenus.ee\\\/\",\"name\":\"Veenus\",\"description\":\"(Eesti) Veenus, erootikakaubad, sekstooted\",\"publisher\":{\"@id\":\"https:\\\/\\\/veenus.ee\\\/#organization\"},\"potentialAction\":[{\"@type\":\"SearchAction\",\"target\":{\"@type\":\"EntryPoint\",\"urlTemplate\":\"https:\\\/\\\/veenus.ee\\\/?s={search_term_string}\"},\"query-input\":{\"@type\":\"PropertyValueSpecification\",\"valueRequired\":true,\"valueName\":\"search_term_string\"}}],\"inLanguage\":\"en-US\"},{\"@type\":\"Organization\",\"@id\":\"https:\\\/\\\/veenus.ee\\\/#organization\",\"name\":\"Veenus\",\"url\":\"https:\\\/\\\/veenus.ee\\\/\",\"logo\":{\"@type\":\"ImageObject\",\"inLanguage\":\"en-US\",\"@id\":\"https:\\\/\\\/veenus.ee\\\/#\\\/schema\\\/logo\\\/image\\\/\",\"url\":\"https:\\\/\\\/veenus.ee\\\/wp-content\\\/uploads\\\/2021\\\/12\\\/logo.png\",\"contentUrl\":\"https:\\\/\\\/veenus.ee\\\/wp-content\\\/uploads\\\/2021\\\/12\\\/logo.png\",\"width\":119,\"height\":70,\"caption\":\"Veenus\"},\"image\":{\"@id\":\"https:\\\/\\\/veenus.ee\\\/#\\\/schema\\\/logo\\\/image\\\/\"}}]}<\/script>\n<meta property=\"product:price:amount\" content=\"17.95\" \/>\n<meta property=\"product:price:currency\" content=\"EUR\" \/>\n<meta property=\"og:availability\" content=\"instock\" \/>\n<meta property=\"product:availability\" content=\"instock\" \/>\n<meta property=\"product:retailer_item_id\" content=\"4560220550205\" \/>\n<meta property=\"product:condition\" content=\"new\" \/>\n<!-- \/ Yoast SEO Premium plugin. -->","yoast_head_json":{"title":"Tenga Double Hole Cup | Veenus","robots":{"index":"index","follow":"follow","max-snippet":"max-snippet:-1","max-image-preview":"max-image-preview:large","max-video-preview":"max-video-preview:-1"},"canonical":"https:\/\/veenus.ee\/en\/toode\/tenga-double-hole-cup\/","og_locale":"en_US","og_type":"article","og_title":"Tenga Double Hole Cup","og_description":"Vaakum masturbaator tuubi sees. Liivakella kuju kindlustab veelgi tihedama elamuse. Masturbaator sisaldab rohkes koguses libestit. Korduvalt kasutatav, lisades vajadusel libestit!","og_url":"https:\/\/veenus.ee\/en\/toode\/tenga-double-hole-cup\/","og_site_name":"Veenus","article_modified_time":"2022-01-16T20:17:33+00:00","og_image":[{"width":1000,"height":1000,"url":"https:\/\/veenus.ee\/wp-content\/uploads\/2022\/01\/tenga_double_hole_cup_02.jpg","type":"image\/jpeg"}],"twitter_card":"summary_large_image","twitter_misc":{"Price":"17.95&euro;","Availability":"In stock"},"schema":{"@context":"https:\/\/schema.org","@graph":[{"@type":"WebPage","@id":"https:\/\/veenus.ee\/en\/toode\/tenga-double-hole-cup\/","url":"https:\/\/veenus.ee\/en\/toode\/tenga-double-hole-cup\/","name":"Tenga Double Hole Cup | Veenus","isPartOf":{"@id":"https:\/\/veenus.ee\/#website"},"primaryImageOfPage":{"@id":"https:\/\/veenus.ee\/en\/toode\/tenga-double-hole-cup\/#primaryimage"},"image":{"@id":"https:\/\/veenus.ee\/en\/toode\/tenga-double-hole-cup\/#primaryimage"},"thumbnailUrl":"https:\/\/veenus.ee\/wp-content\/uploads\/2022\/01\/tenga_double_hole_cup_02.jpg","datePublished":"2022-01-12T13:43:37+00:00","dateModified":"2022-01-16T20:17:33+00:00","breadcrumb":{"@id":"https:\/\/veenus.ee\/en\/toode\/tenga-double-hole-cup\/#breadcrumb"},"inLanguage":"en-US","potentialAction":[{"@type":"ReadAction","target":["https:\/\/veenus.ee\/en\/toode\/tenga-double-hole-cup\/"]}]},{"@type":"ImageObject","inLanguage":"en-US","@id":"https:\/\/veenus.ee\/en\/toode\/tenga-double-hole-cup\/#primaryimage","url":"https:\/\/veenus.ee\/wp-content\/uploads\/2022\/01\/tenga_double_hole_cup_02.jpg","contentUrl":"https:\/\/veenus.ee\/wp-content\/uploads\/2022\/01\/tenga_double_hole_cup_02.jpg","width":1000,"height":1000},{"@type":"BreadcrumbList","@id":"https:\/\/veenus.ee\/en\/toode\/tenga-double-hole-cup\/#breadcrumb","itemListElement":[{"@type":"ListItem","position":1,"name":"Home","item":"https:\/\/veenus.ee\/"},{"@type":"ListItem","position":2,"name":"pood","item":"https:\/\/veenus.ee\/pood\/"},{"@type":"ListItem","position":3,"name":"Tenga Double Hole Cup"}]},{"@type":"WebSite","@id":"https:\/\/veenus.ee\/#website","url":"https:\/\/veenus.ee\/","name":"Veenus","description":"(Eesti) Veenus, erootikakaubad, sekstooted","publisher":{"@id":"https:\/\/veenus.ee\/#organization"},"potentialAction":[{"@type":"SearchAction","target":{"@type":"EntryPoint","urlTemplate":"https:\/\/veenus.ee\/?s={search_term_string}"},"query-input":{"@type":"PropertyValueSpecification","valueRequired":true,"valueName":"search_term_string"}}],"inLanguage":"en-US"},{"@type":"Organization","@id":"https:\/\/veenus.ee\/#organization","name":"Veenus","url":"https:\/\/veenus.ee\/","logo":{"@type":"ImageObject","inLanguage":"en-US","@id":"https:\/\/veenus.ee\/#\/schema\/logo\/image\/","url":"https:\/\/veenus.ee\/wp-content\/uploads\/2021\/12\/logo.png","contentUrl":"https:\/\/veenus.ee\/wp-content\/uploads\/2021\/12\/logo.png","width":119,"height":70,"caption":"Veenus"},"image":{"@id":"https:\/\/veenus.ee\/#\/schema\/logo\/image\/"}}]},"product_price_amount":"17.95","product_price_currency":"EUR","og_availability":"instock","product_availability":"instock","product_retailer_item_id":"4560220550205","product_condition":"new"},"_links":{"self":[{"href":"https:\/\/veenus.ee\/en\/wp-json\/wp\/v2\/product\/10671","targetHints":{"allow":["GET"]}}],"collection":[{"href":"https:\/\/veenus.ee\/en\/wp-json\/wp\/v2\/product"}],"about":[{"href":"https:\/\/veenus.ee\/en\/wp-json\/wp\/v2\/types\/product"}],"replies":[{"embeddable":true,"href":"https:\/\/veenus.ee\/en\/wp-json\/wp\/v2\/comments?post=10671"}],"wp:featuredmedia":[{"embeddable":true,"href":"https:\/\/veenus.ee\/en\/wp-json\/wp\/v2\/media\/11341"}],"wp:attachment":[{"href":"https:\/\/veenus.ee\/en\/wp-json\/wp\/v2\/media?parent=10671"}],"wp:term":[{"taxonomy":"product_brand","embeddable":true,"href":"https:\/\/veenus.ee\/en\/wp-json\/wp\/v2\/product_brand?post=10671"},{"taxonomy":"product_cat","embeddable":true,"href":"https:\/\/veenus.ee\/en\/wp-json\/wp\/v2\/product_cat?post=10671"},{"taxonomy":"product_tag","embeddable":true,"href":"https:\/\/veenus.ee\/en\/wp-json\/wp\/v2\/product_tag?post=10671"}],"curies":[{"name":"wp","href":"https:\/\/api.w.org\/{rel}","templated":true}]}}