{"id":7707,"date":"2022-01-07T17:10:50","date_gmt":"2022-01-07T15:10:50","guid":{"rendered":"https:\/\/veenus.ee\/?page_id=7707"},"modified":"2022-01-07T17:10:50","modified_gmt":"2022-01-07T15:10:50","slug":"14-paevane-raha-tagasi-garantii","status":"publish","type":"page","link":"https:\/\/veenus.ee\/en\/14-paevane-raha-tagasi-garantii\/","title":{"rendered":"14 p\u00e4evane raha tagasi garantii"},"content":{"rendered":"<p>Kuna e-poes on enamus intiimtooted on tervisekaitse ja h\u00fcgeeni turvalisuse p\u00f5hjustel tagastus v\u00f5imalik ainult originaalpakendis ja avamata tootele.<\/p>\n<p>14-p\u00e4evane tagastus\u00f5igus ei laiene sekspesu kategooria toodetele,<\/p>\n<p>Tagastamisega seotud kulud tasub klient.<\/p>\n","protected":false},"excerpt":{"rendered":"<p>Kuna e-poes on enamus intiimtooted on tervisekaitse ja h\u00fcgeeni turvalisuse p\u00f5hjustel tagastus v\u00f5imalik ainult originaalpakendis ja avamata tootele. 14-p\u00e4evane tagastus\u00f5igus<\/p>\n","protected":false},"author":1,"featured_media":0,"parent":0,"menu_order":0,"comment_status":"closed","ping_status":"closed","template":"","meta":{"footnotes":""},"class_list":["post-7707","page","type-page","status-publish","hentry"],"yoast_head":"<!-- This site is optimized with the Yoast SEO Premium plugin v26.0 (Yoast SEO v27.3) - https:\/\/yoast.com\/product\/yoast-seo-premium-wordpress\/ -->\n<title>14 p\u00e4evane raha tagasi garantii | Veenus<\/title>\n<meta name=\"robots\" content=\"index, follow, max-snippet:-1, max-image-preview:large, max-video-preview:-1\" \/>\n<link rel=\"canonical\" href=\"https:\/\/veenus.ee\/en\/14-paevane-raha-tagasi-garantii\/\" \/>\n<meta property=\"og:locale\" content=\"en_US\" \/>\n<meta property=\"og:type\" content=\"article\" \/>\n<meta property=\"og:title\" content=\"14 p\u00e4evane raha tagasi garantii\" \/>\n<meta property=\"og:description\" content=\"Kuna e-poes on enamus intiimtooted on tervisekaitse ja h\u00fcgeeni turvalisuse p\u00f5hjustel tagastus v\u00f5imalik ainult originaalpakendis ja avamata tootele. 14-p\u00e4evane tagastus\u00f5igus\" \/>\n<meta property=\"og:url\" content=\"https:\/\/veenus.ee\/14-paevane-raha-tagasi-garantii\/\" \/>\n<meta property=\"og:site_name\" content=\"Veenus\" \/>\n<meta name=\"twitter:card\" content=\"summary_large_image\" \/>\n<script type=\"application\/ld+json\" class=\"yoast-schema-graph\">{\"@context\":\"https:\\\/\\\/schema.org\",\"@graph\":[{\"@type\":\"WebPage\",\"@id\":\"https:\\\/\\\/veenus.ee\\\/14-paevane-raha-tagasi-garantii\\\/\",\"url\":\"https:\\\/\\\/veenus.ee\\\/14-paevane-raha-tagasi-garantii\\\/\",\"name\":\"14 p\u00e4evane raha tagasi garantii | Veenus\",\"isPartOf\":{\"@id\":\"https:\\\/\\\/veenus.ee\\\/#website\"},\"datePublished\":\"2022-01-07T15:10:50+00:00\",\"breadcrumb\":{\"@id\":\"https:\\\/\\\/veenus.ee\\\/14-paevane-raha-tagasi-garantii\\\/#breadcrumb\"},\"inLanguage\":\"en-US\",\"potentialAction\":[{\"@type\":\"ReadAction\",\"target\":[\"https:\\\/\\\/veenus.ee\\\/14-paevane-raha-tagasi-garantii\\\/\"]}]},{\"@type\":\"BreadcrumbList\",\"@id\":\"https:\\\/\\\/veenus.ee\\\/14-paevane-raha-tagasi-garantii\\\/#breadcrumb\",\"itemListElement\":[{\"@type\":\"ListItem\",\"position\":1,\"name\":\"Home\",\"item\":\"https:\\\/\\\/veenus.ee\\\/\"},{\"@type\":\"ListItem\",\"position\":2,\"name\":\"14 p\u00e4evane raha tagasi garantii\"}]},{\"@type\":\"WebSite\",\"@id\":\"https:\\\/\\\/veenus.ee\\\/#website\",\"url\":\"https:\\\/\\\/veenus.ee\\\/\",\"name\":\"Veenus\",\"description\":\"(Eesti) Veenus, erootikakaubad, sekstooted\",\"publisher\":{\"@id\":\"https:\\\/\\\/veenus.ee\\\/#organization\"},\"potentialAction\":[{\"@type\":\"SearchAction\",\"target\":{\"@type\":\"EntryPoint\",\"urlTemplate\":\"https:\\\/\\\/veenus.ee\\\/?s={search_term_string}\"},\"query-input\":{\"@type\":\"PropertyValueSpecification\",\"valueRequired\":true,\"valueName\":\"search_term_string\"}}],\"inLanguage\":\"en-US\"},{\"@type\":\"Organization\",\"@id\":\"https:\\\/\\\/veenus.ee\\\/#organization\",\"name\":\"Veenus\",\"url\":\"https:\\\/\\\/veenus.ee\\\/\",\"logo\":{\"@type\":\"ImageObject\",\"inLanguage\":\"en-US\",\"@id\":\"https:\\\/\\\/veenus.ee\\\/#\\\/schema\\\/logo\\\/image\\\/\",\"url\":\"https:\\\/\\\/veenus.ee\\\/wp-content\\\/uploads\\\/2021\\\/12\\\/logo.png\",\"contentUrl\":\"https:\\\/\\\/veenus.ee\\\/wp-content\\\/uploads\\\/2021\\\/12\\\/logo.png\",\"width\":119,\"height\":70,\"caption\":\"Veenus\"},\"image\":{\"@id\":\"https:\\\/\\\/veenus.ee\\\/#\\\/schema\\\/logo\\\/image\\\/\"}}]}<\/script>\n<!-- \/ Yoast SEO Premium plugin. -->","yoast_head_json":{"title":"14 p\u00e4evane raha tagasi garantii | Veenus","robots":{"index":"index","follow":"follow","max-snippet":"max-snippet:-1","max-image-preview":"max-image-preview:large","max-video-preview":"max-video-preview:-1"},"canonical":"https:\/\/veenus.ee\/en\/14-paevane-raha-tagasi-garantii\/","og_locale":"en_US","og_type":"article","og_title":"14 p\u00e4evane raha tagasi garantii","og_description":"Kuna e-poes on enamus intiimtooted on tervisekaitse ja h\u00fcgeeni turvalisuse p\u00f5hjustel tagastus v\u00f5imalik ainult originaalpakendis ja avamata tootele. 14-p\u00e4evane tagastus\u00f5igus","og_url":"https:\/\/veenus.ee\/14-paevane-raha-tagasi-garantii\/","og_site_name":"Veenus","twitter_card":"summary_large_image","schema":{"@context":"https:\/\/schema.org","@graph":[{"@type":"WebPage","@id":"https:\/\/veenus.ee\/14-paevane-raha-tagasi-garantii\/","url":"https:\/\/veenus.ee\/14-paevane-raha-tagasi-garantii\/","name":"14 p\u00e4evane raha tagasi garantii | Veenus","isPartOf":{"@id":"https:\/\/veenus.ee\/#website"},"datePublished":"2022-01-07T15:10:50+00:00","breadcrumb":{"@id":"https:\/\/veenus.ee\/14-paevane-raha-tagasi-garantii\/#breadcrumb"},"inLanguage":"en-US","potentialAction":[{"@type":"ReadAction","target":["https:\/\/veenus.ee\/14-paevane-raha-tagasi-garantii\/"]}]},{"@type":"BreadcrumbList","@id":"https:\/\/veenus.ee\/14-paevane-raha-tagasi-garantii\/#breadcrumb","itemListElement":[{"@type":"ListItem","position":1,"name":"Home","item":"https:\/\/veenus.ee\/"},{"@type":"ListItem","position":2,"name":"14 p\u00e4evane raha tagasi garantii"}]},{"@type":"WebSite","@id":"https:\/\/veenus.ee\/#website","url":"https:\/\/veenus.ee\/","name":"Veenus","description":"(Eesti) Veenus, erootikakaubad, sekstooted","publisher":{"@id":"https:\/\/veenus.ee\/#organization"},"potentialAction":[{"@type":"SearchAction","target":{"@type":"EntryPoint","urlTemplate":"https:\/\/veenus.ee\/?s={search_term_string}"},"query-input":{"@type":"PropertyValueSpecification","valueRequired":true,"valueName":"search_term_string"}}],"inLanguage":"en-US"},{"@type":"Organization","@id":"https:\/\/veenus.ee\/#organization","name":"Veenus","url":"https:\/\/veenus.ee\/","logo":{"@type":"ImageObject","inLanguage":"en-US","@id":"https:\/\/veenus.ee\/#\/schema\/logo\/image\/","url":"https:\/\/veenus.ee\/wp-content\/uploads\/2021\/12\/logo.png","contentUrl":"https:\/\/veenus.ee\/wp-content\/uploads\/2021\/12\/logo.png","width":119,"height":70,"caption":"Veenus"},"image":{"@id":"https:\/\/veenus.ee\/#\/schema\/logo\/image\/"}}]}},"_links":{"self":[{"href":"https:\/\/veenus.ee\/en\/wp-json\/wp\/v2\/pages\/7707","targetHints":{"allow":["GET"]}}],"collection":[{"href":"https:\/\/veenus.ee\/en\/wp-json\/wp\/v2\/pages"}],"about":[{"href":"https:\/\/veenus.ee\/en\/wp-json\/wp\/v2\/types\/page"}],"author":[{"embeddable":true,"href":"https:\/\/veenus.ee\/en\/wp-json\/wp\/v2\/users\/1"}],"replies":[{"embeddable":true,"href":"https:\/\/veenus.ee\/en\/wp-json\/wp\/v2\/comments?post=7707"}],"version-history":[{"count":2,"href":"https:\/\/veenus.ee\/en\/wp-json\/wp\/v2\/pages\/7707\/revisions"}],"predecessor-version":[{"id":11776,"href":"https:\/\/veenus.ee\/en\/wp-json\/wp\/v2\/pages\/7707\/revisions\/11776"}],"wp:attachment":[{"href":"https:\/\/veenus.ee\/en\/wp-json\/wp\/v2\/media?parent=7707"}],"curies":[{"name":"wp","href":"https:\/\/api.w.org\/{rel}","templated":true}]}}