{"id":7670,"date":"2022-01-07T10:13:37","date_gmt":"2022-01-07T08:13:37","guid":{"rendered":"https:\/\/veenus.ee\/?page_id=7670"},"modified":"2022-01-28T16:17:51","modified_gmt":"2022-01-28T14:17:51","slug":"ostu-ja-tagastustingimused","status":"publish","type":"page","link":"https:\/\/veenus.ee\/en\/ostu-ja-tagastustingimused\/","title":{"rendered":"Ostu- ja tagastustingimused"},"content":{"rendered":"<p><strong>Saatmine ja kohaletoimetamine<\/strong><\/p>\n<p>Tellitud kaup saadetakse postipakiga vastavalt kliendi eelistusele kas siis kulleriga koju v\u00f5i l\u00e4himasse Omniva postkontorisse v\u00f5i SmartPosti v\u00f5i Post24 postkasti. Kaubad on l\u00e4bipaistmatus pakendis ja pakil puudub igasugune viide paki sisule v\u00f5i Veenuse Erootikapoele. Suuremad tellimused pakitakse tugevasse kartongkarpi, mis on \u00fclekleebitud tugeva eristusm\u00e4rkideta teibiga, v\u00e4iksemad tellimused pakitakse mull\u00fcmbrikutesse.<br \/>\nTellimused saadetakse teele igal t\u00f6\u00f6p\u00e4eval. Iga toote juures on m\u00e4rgitud \u00e4ra laoseis. Tarneaeg laosolevatel toodetel j\u00e4\u00e4b enamasti 1-3 t\u00f6\u00f6p\u00e4eva kanti alates arve tasumisest. Ettetellitavate kaupade tarnimiseks kulub aega keskmiselt 10 t\u00f6\u00f6p\u00e4eva. Kui tellimus sisaldab nii laosolevaid kui ka ettetellitavaid kaupu, siis v\u00f5etakse kliendiga esimesel v\u00f5imalusel kontakti ja t\u00e4psustatakse tarneaeg.<\/p>\n<p><strong>Maksmine ja hinnapoliitika<\/strong><\/p>\n<p>K\u00f5ik hinnad on m\u00e4rgitud eurodes. Maksmiseks on kolm eri moodust &#8211; reaalajas pangalingiga, offline panga\u00fclekandega ja krediitkaardiga. Valides makseviisiks pangalingi, saab vastava panga klient sooritada koheselt ostu sooritades maksta oma pangakontolt. Valides makseviisiks panga\u00fclekande peab klient tellimuse eest sooritama ettemaksu vastavalt esitatud arvele ja alles siis saadetakse tellitud postipakk kliendile. Peale ostu l\u00f5plikku kinnitamist kuvatakse kliendile ettemaksu arve, mille viimane saab tasuda kas siis oma pangakontole sisselogides ja makset internetis sooritades v\u00f5i pangakontoris 24 tunni jooksul peale ostu kinnitamist. Arve saadetakse ka kliendi e-mailile.<\/p>\n<p><strong>Tagastamine ja garantii<\/strong><\/p>\n<p>Toodet saab tagastada 14 p\u00e4eva jooksul alates tellimuse tegemisest.<br \/>\nToote tagastamiseks peab ostja saatma e-maili teel vastavasisulise avalduse ning tagastama m\u00fc\u00fcjale tellitud kauba. Avalduses tuleb \u00e4ra m\u00e4rkida tagastatava toote kood, ostja nimi ja panga arveldusarve number.<br \/>\nVeenuse Erootikapood tagastab ostjale kauba eest tasutud summad ostja pangaarvele esimesel v\u00f5imalusel, kuid mitte hiljem kui 15 p\u00e4eva jooksul alates kauba tagastamisest. Toote tagastamisel tasub tagastuse tasu klient..<br \/>\nToote saab tagastada ainult siis, kui toode on tagastades originaalpakendis ja avamata.<br \/>\nToote tagastus ei laiene intiimpesule h\u00fcgeeni ja tervise turvalisusest l\u00e4htudes.<br \/>\nVeenuse Erootikapoel on \u00f5igus tellimusest taganeda, kui tellitud kaupa ei ole v\u00f5imalik tarnida kauba l\u00f5ppemise t\u00f5ttu. Ostjale tagastatakse makstud summad. Soovi korral on v\u00f5imalik kaup asendada m\u00f5ne muu tootega.<br \/>\nKaupadele kehtib garantii seaduses etten\u00e4htud korras. Garantii korras vahetab Veenuse Erootikapood tasuta v\u00f5i tasu eest v\u00e4lja, parandab v\u00f5i tagab muul viisil asja vastavuse garantiis etten\u00e4htud tingimustele.<\/p>\n<p><strong>Turvalisus ja isikuandmete t\u00f6\u00f6tlemine<\/strong><\/p>\n<p>Veenuse Internetipoest ostmine on turvaline! Kliendi poolt registreerumisel antud andmeid ei avaldata kolmandatele isikutele ja neid kasutakse vaid tellimuse t\u00e4itmiseks.<br \/>\nTarbija annab Veenuse Internetipoes andmeid sisestades ning vastava kinnitusega \u00f5iguse koguda ja t\u00f6\u00f6delda Tarbija isikuandmeid (nimi, kontakttelefon, paki k\u00e4ttetoimetamise ja\/v\u00f5i kodune aadress, e-postiaadress) ning edastada logistikapartnerile isikuandmeid kauba kohaletoimetamiseks.<br \/>\nElektrooniliste isikuandmete kasutamine otsepostituseks toimub ainult siis, kui Tarbija on selle jaoks andnud eraldi n\u00f5usoleku.<br \/>\nKr\u00fcpteeritud andmeside pankadega ostude eest tasumisel tagab Tarbija personaalsete pangatunnuste turvalisuse ja neile puudub ka Veenuse Erootikapoel ligip\u00e4\u00e4s.<\/p>\n<p><strong>Tellimuste haldamine<\/strong><\/p>\n<p>Peale tellimuse esitamist saadetakse klindile automaatne e-kiri koos tellimuse andmetega. Samuti on sul v\u00f5imalik tutvuda oma tellimuste infoga logides sisse oma kontole.<\/p>","protected":false},"excerpt":{"rendered":"<p>Saatmine ja kohaletoimetamine Tellitud kaup saadetakse postipakiga vastavalt kliendi eelistusele kas siis kulleriga koju v\u00f5i l\u00e4himasse Omniva postkontorisse v\u00f5i SmartPosti<\/p>\n","protected":false},"author":1,"featured_media":0,"parent":0,"menu_order":0,"comment_status":"closed","ping_status":"closed","template":"","meta":{"footnotes":""},"class_list":["post-7670","page","type-page","status-publish","hentry"],"yoast_head":"<!-- This site is optimized with the Yoast SEO Premium plugin v26.0 (Yoast SEO v27.4) - https:\/\/yoast.com\/product\/yoast-seo-premium-wordpress\/ -->\n<title>Ostu- ja tagastustingimused | Veenus<\/title>\n<meta name=\"robots\" content=\"index, follow, max-snippet:-1, max-image-preview:large, max-video-preview:-1\" \/>\n<link rel=\"canonical\" href=\"https:\/\/veenus.ee\/en\/ostu-ja-tagastustingimused\/\" \/>\n<meta property=\"og:locale\" content=\"en_US\" \/>\n<meta property=\"og:type\" content=\"article\" \/>\n<meta property=\"og:title\" content=\"Ostu- ja tagastustingimused\" \/>\n<meta property=\"og:description\" content=\"Saatmine ja kohaletoimetamine Tellitud kaup saadetakse postipakiga vastavalt kliendi eelistusele kas siis kulleriga koju v\u00f5i l\u00e4himasse Omniva postkontorisse v\u00f5i SmartPosti\" \/>\n<meta property=\"og:url\" content=\"https:\/\/veenus.ee\/ostu-ja-tagastustingimused\/\" \/>\n<meta property=\"og:site_name\" content=\"Veenus\" \/>\n<meta property=\"article:modified_time\" content=\"2022-01-28T14:17:51+00:00\" \/>\n<meta name=\"twitter:card\" content=\"summary_large_image\" \/>\n<meta name=\"twitter:label1\" content=\"Est. reading time\" \/>\n\t<meta name=\"twitter:data1\" content=\"3 minutes\" \/>\n<script type=\"application\/ld+json\" class=\"yoast-schema-graph\">{\"@context\":\"https:\\\/\\\/schema.org\",\"@graph\":[{\"@type\":\"WebPage\",\"@id\":\"https:\\\/\\\/veenus.ee\\\/ostu-ja-tagastustingimused\\\/\",\"url\":\"https:\\\/\\\/veenus.ee\\\/ostu-ja-tagastustingimused\\\/\",\"name\":\"Ostu- ja tagastustingimused | Veenus\",\"isPartOf\":{\"@id\":\"https:\\\/\\\/veenus.ee\\\/#website\"},\"datePublished\":\"2022-01-07T08:13:37+00:00\",\"dateModified\":\"2022-01-28T14:17:51+00:00\",\"breadcrumb\":{\"@id\":\"https:\\\/\\\/veenus.ee\\\/ostu-ja-tagastustingimused\\\/#breadcrumb\"},\"inLanguage\":\"en-US\",\"potentialAction\":[{\"@type\":\"ReadAction\",\"target\":[\"https:\\\/\\\/veenus.ee\\\/ostu-ja-tagastustingimused\\\/\"]}]},{\"@type\":\"BreadcrumbList\",\"@id\":\"https:\\\/\\\/veenus.ee\\\/ostu-ja-tagastustingimused\\\/#breadcrumb\",\"itemListElement\":[{\"@type\":\"ListItem\",\"position\":1,\"name\":\"Home\",\"item\":\"https:\\\/\\\/veenus.ee\\\/\"},{\"@type\":\"ListItem\",\"position\":2,\"name\":\"Ostu- ja tagastustingimused\"}]},{\"@type\":\"WebSite\",\"@id\":\"https:\\\/\\\/veenus.ee\\\/#website\",\"url\":\"https:\\\/\\\/veenus.ee\\\/\",\"name\":\"Veenus\",\"description\":\"(Eesti) Veenus, erootikakaubad, sekstooted\",\"publisher\":{\"@id\":\"https:\\\/\\\/veenus.ee\\\/#organization\"},\"potentialAction\":[{\"@type\":\"SearchAction\",\"target\":{\"@type\":\"EntryPoint\",\"urlTemplate\":\"https:\\\/\\\/veenus.ee\\\/?s={search_term_string}\"},\"query-input\":{\"@type\":\"PropertyValueSpecification\",\"valueRequired\":true,\"valueName\":\"search_term_string\"}}],\"inLanguage\":\"en-US\"},{\"@type\":\"Organization\",\"@id\":\"https:\\\/\\\/veenus.ee\\\/#organization\",\"name\":\"Veenus\",\"url\":\"https:\\\/\\\/veenus.ee\\\/\",\"logo\":{\"@type\":\"ImageObject\",\"inLanguage\":\"en-US\",\"@id\":\"https:\\\/\\\/veenus.ee\\\/#\\\/schema\\\/logo\\\/image\\\/\",\"url\":\"https:\\\/\\\/veenus.ee\\\/wp-content\\\/uploads\\\/2021\\\/12\\\/logo.png\",\"contentUrl\":\"https:\\\/\\\/veenus.ee\\\/wp-content\\\/uploads\\\/2021\\\/12\\\/logo.png\",\"width\":119,\"height\":70,\"caption\":\"Veenus\"},\"image\":{\"@id\":\"https:\\\/\\\/veenus.ee\\\/#\\\/schema\\\/logo\\\/image\\\/\"}}]}<\/script>\n<!-- \/ Yoast SEO Premium plugin. -->","yoast_head_json":{"title":"Ostu- ja tagastustingimused | Veenus","robots":{"index":"index","follow":"follow","max-snippet":"max-snippet:-1","max-image-preview":"max-image-preview:large","max-video-preview":"max-video-preview:-1"},"canonical":"https:\/\/veenus.ee\/en\/ostu-ja-tagastustingimused\/","og_locale":"en_US","og_type":"article","og_title":"Ostu- ja tagastustingimused","og_description":"Saatmine ja kohaletoimetamine Tellitud kaup saadetakse postipakiga vastavalt kliendi eelistusele kas siis kulleriga koju v\u00f5i l\u00e4himasse Omniva postkontorisse v\u00f5i SmartPosti","og_url":"https:\/\/veenus.ee\/ostu-ja-tagastustingimused\/","og_site_name":"Veenus","article_modified_time":"2022-01-28T14:17:51+00:00","twitter_card":"summary_large_image","twitter_misc":{"Est. reading time":"3 minutes"},"schema":{"@context":"https:\/\/schema.org","@graph":[{"@type":"WebPage","@id":"https:\/\/veenus.ee\/ostu-ja-tagastustingimused\/","url":"https:\/\/veenus.ee\/ostu-ja-tagastustingimused\/","name":"Ostu- ja tagastustingimused | Veenus","isPartOf":{"@id":"https:\/\/veenus.ee\/#website"},"datePublished":"2022-01-07T08:13:37+00:00","dateModified":"2022-01-28T14:17:51+00:00","breadcrumb":{"@id":"https:\/\/veenus.ee\/ostu-ja-tagastustingimused\/#breadcrumb"},"inLanguage":"en-US","potentialAction":[{"@type":"ReadAction","target":["https:\/\/veenus.ee\/ostu-ja-tagastustingimused\/"]}]},{"@type":"BreadcrumbList","@id":"https:\/\/veenus.ee\/ostu-ja-tagastustingimused\/#breadcrumb","itemListElement":[{"@type":"ListItem","position":1,"name":"Home","item":"https:\/\/veenus.ee\/"},{"@type":"ListItem","position":2,"name":"Ostu- ja tagastustingimused"}]},{"@type":"WebSite","@id":"https:\/\/veenus.ee\/#website","url":"https:\/\/veenus.ee\/","name":"Veenus","description":"(Eesti) Veenus, erootikakaubad, sekstooted","publisher":{"@id":"https:\/\/veenus.ee\/#organization"},"potentialAction":[{"@type":"SearchAction","target":{"@type":"EntryPoint","urlTemplate":"https:\/\/veenus.ee\/?s={search_term_string}"},"query-input":{"@type":"PropertyValueSpecification","valueRequired":true,"valueName":"search_term_string"}}],"inLanguage":"en-US"},{"@type":"Organization","@id":"https:\/\/veenus.ee\/#organization","name":"Veenus","url":"https:\/\/veenus.ee\/","logo":{"@type":"ImageObject","inLanguage":"en-US","@id":"https:\/\/veenus.ee\/#\/schema\/logo\/image\/","url":"https:\/\/veenus.ee\/wp-content\/uploads\/2021\/12\/logo.png","contentUrl":"https:\/\/veenus.ee\/wp-content\/uploads\/2021\/12\/logo.png","width":119,"height":70,"caption":"Veenus"},"image":{"@id":"https:\/\/veenus.ee\/#\/schema\/logo\/image\/"}}]}},"_links":{"self":[{"href":"https:\/\/veenus.ee\/en\/wp-json\/wp\/v2\/pages\/7670","targetHints":{"allow":["GET"]}}],"collection":[{"href":"https:\/\/veenus.ee\/en\/wp-json\/wp\/v2\/pages"}],"about":[{"href":"https:\/\/veenus.ee\/en\/wp-json\/wp\/v2\/types\/page"}],"author":[{"embeddable":true,"href":"https:\/\/veenus.ee\/en\/wp-json\/wp\/v2\/users\/1"}],"replies":[{"embeddable":true,"href":"https:\/\/veenus.ee\/en\/wp-json\/wp\/v2\/comments?post=7670"}],"version-history":[{"count":6,"href":"https:\/\/veenus.ee\/en\/wp-json\/wp\/v2\/pages\/7670\/revisions"}],"predecessor-version":[{"id":11552,"href":"https:\/\/veenus.ee\/en\/wp-json\/wp\/v2\/pages\/7670\/revisions\/11552"}],"wp:attachment":[{"href":"https:\/\/veenus.ee\/en\/wp-json\/wp\/v2\/media?parent=7670"}],"curies":[{"name":"wp","href":"https:\/\/api.w.org\/{rel}","templated":true}]}}